{"id":121917,"date":"2016-05-24T15:20:11","date_gmt":"2016-05-24T15:20:11","guid":{"rendered":"https:\/\/henrik.www.ivinio.com\/?product=delas-cotes-du-rhone-saint-esprit-red"},"modified":"2022-03-13T12:03:58","modified_gmt":"2022-03-13T11:03:58","slug":"delas-cotes-du-rhone-saint-esprit-red","status":"publish","type":"product","link":"https:\/\/www.ivinio.com\/en\/product\/delas-cotes-du-rhone-saint-esprit-red\/","title":{"rendered":"Delas &#8211; C\u00f4tes-du-Rh\u00f4ne &#8211; Saint-Esprit &#8211; Red"},"content":{"rendered":"<p>Delas Saint-Esprit is a <a href=\"https:\/\/www.ivinio.com\/en\/product-category\/french-wines\/en-rhone-valley\/\">C\u00f4tes-du-Rh\u00f4ne<\/a> produced mainly from Syrah grapes, but also from\u00a0Grenache. The grapes are picked from their bunches after the harvest. Vinification is carried out in closed steel tanks for about fifteen days with daily pumping out of the must from the bottom of the tank onto the top of the &#8220;hat&#8221; (remontage). The fermentation temperature is controlled to between 28 and 30 \u00b0 C. After pressing, the malolactic fermentation is carried out in\u00a0steel tanks. The wine is naturally stabilized and stored for 8 months on \u00a0steel tanks before being bottled.<\/p>\n","protected":false},"excerpt":{"rendered":"<p>Delas Saint-Esprit is a value for money C\u00f4tes-du-Rh\u00f4ne made from Syrah and some Grenache. A full-bodied red wine with hints of red berries, violets and licorice. To pair with grilled meat, game or to the cheese tray.<\/p>\n","protected":false},"featured_media":121919,"comment_status":"open","ping_status":"closed","template":"","meta":{"_monsterinsights_skip_tracking":false,"_monsterinsights_sitenote_active":false,"_monsterinsights_sitenote_note":"","_monsterinsights_sitenote_category":0,"_uf_show_specific_survey":0,"_uf_disable_surveys":false},"product_brand":[],"product_cat":[36587,36620],"product_tag":[],"class_list":{"0":"post-121917","1":"product","2":"type-product","3":"status-publish","4":"has-post-thumbnail","6":"product_cat-french-wines","7":"product_cat-en-rhone-valley","8":"pa_alcohol-degree-14-en","9":"pa_classification-aop-cotes-du-rhone-en","10":"pa_color-red","11":"pa_country-france-en","12":"pa_grape-variety-grenache-en","13":"pa_grape-variety-syrah","14":"pa_region-rhone-valley","15":"pa_vintage-2019-en","16":"pa_volume-75-cl-en","18":"first","19":"instock","20":"taxable","21":"shipping-taxable","22":"purchasable","23":"product-type-simple"},"bundled_by":["121921"],"bundle_stock_status":"instock","bundle_stock_quantity":null,"bundle_virtual":false,"bundle_layout":"","bundle_add_to_cart_form_location":"","bundle_editable_in_cart":false,"bundle_sold_individually_context":"","bundle_item_grouping":"","bundle_min_size":"","bundle_max_size":"","bundle_price":[],"bundled_items":[],"bundle_sell_ids":[],"yoast_head":"<!-- This site is optimized with the Yoast SEO plugin v27.5 - https:\/\/yoast.com\/product\/yoast-seo-wordpress\/ -->\n<title>Buy wine online - buy c\u00f4tes-du-Rh\u00f4ne online - Wine shop online Ivinio.com<\/title>\n<meta name=\"description\" content=\"Delas Saint-Esprit is a value for money C\u00f4tes-du-Rh\u00f4ne made from Syrah and some Grenache. A full-bodied red wine with hints of red berries, violets and licorice. To pair with grilled meat, game or to the cheese platter.\" \/>\n<meta name=\"robots\" content=\"index, follow, max-snippet:-1, max-image-preview:large, max-video-preview:-1\" \/>\n<link rel=\"canonical\" href=\"https:\/\/www.ivinio.com\/en\/product\/delas-cotes-du-rhone-saint-esprit-red\/\" \/>\n<meta property=\"og:locale\" content=\"en_US\" \/>\n<meta property=\"og:type\" content=\"article\" \/>\n<meta property=\"og:title\" content=\"Buy wine online - buy c\u00f4tes-du-Rh\u00f4ne online - Wine shop online Ivinio.com\" \/>\n<meta property=\"og:description\" content=\"Delas Saint-Esprit is a value for money C\u00f4tes-du-Rh\u00f4ne made from Syrah and some Grenache. A full-bodied red wine with hints of red berries, violets and licorice. To pair with grilled meat, game or to the cheese platter.\" \/>\n<meta property=\"og:url\" content=\"https:\/\/www.ivinio.com\/en\/product\/delas-cotes-du-rhone-saint-esprit-red\/\" \/>\n<meta property=\"og:site_name\" content=\"IVINIO Wine Shop\" \/>\n<meta property=\"article:publisher\" content=\"https:\/\/www.facebook.com\/groups\/165217837022391\/?ref=bookmarks\" \/>\n<meta property=\"article:modified_time\" content=\"2022-03-13T11:03:58+00:00\" \/>\n<meta property=\"og:image\" content=\"https:\/\/www.ivinio.com\/wp-content\/uploads\/nc\/public\/modules\/file\/pictures\/7104.Delas-C-tes-du-Rh-ne-Saint-Esprit-IVINIO.jpg\" \/>\n\t<meta property=\"og:image:width\" content=\"500\" \/>\n\t<meta property=\"og:image:height\" content=\"500\" \/>\n\t<meta property=\"og:image:type\" content=\"image\/jpeg\" \/>\n<meta name=\"twitter:card\" content=\"summary_large_image\" \/>\n<meta name=\"twitter:label1\" content=\"Est. reading time\" \/>\n\t<meta name=\"twitter:data1\" content=\"1 minute\" \/>\n<script type=\"application\/ld+json\" class=\"yoast-schema-graph\">{\"@context\":\"https:\\\/\\\/schema.org\",\"@graph\":[{\"@type\":\"WebPage\",\"@id\":\"https:\\\/\\\/www.ivinio.com\\\/en\\\/product\\\/delas-cotes-du-rhone-saint-esprit-red\\\/\",\"url\":\"https:\\\/\\\/www.ivinio.com\\\/en\\\/product\\\/delas-cotes-du-rhone-saint-esprit-red\\\/\",\"name\":\"Buy wine online - buy c\u00f4tes-du-Rh\u00f4ne online - Wine shop online Ivinio.com\",\"isPartOf\":{\"@id\":\"https:\\\/\\\/www.ivinio.com\\\/en\\\/#website\"},\"primaryImageOfPage\":{\"@id\":\"https:\\\/\\\/www.ivinio.com\\\/en\\\/product\\\/delas-cotes-du-rhone-saint-esprit-red\\\/#primaryimage\"},\"image\":{\"@id\":\"https:\\\/\\\/www.ivinio.com\\\/en\\\/product\\\/delas-cotes-du-rhone-saint-esprit-red\\\/#primaryimage\"},\"thumbnailUrl\":\"https:\\\/\\\/www.ivinio.com\\\/wp-content\\\/uploads\\\/nc\\\/public\\\/modules\\\/file\\\/pictures\\\/7104.Delas-C-tes-du-Rh-ne-Saint-Esprit-IVINIO.jpg\",\"datePublished\":\"2016-05-24T15:20:11+00:00\",\"dateModified\":\"2022-03-13T11:03:58+00:00\",\"description\":\"Delas Saint-Esprit is a value for money C\u00f4tes-du-Rh\u00f4ne made from Syrah and some Grenache. A full-bodied red wine with hints of red berries, violets and licorice. To pair with grilled meat, game or to the cheese platter.\",\"breadcrumb\":{\"@id\":\"https:\\\/\\\/www.ivinio.com\\\/en\\\/product\\\/delas-cotes-du-rhone-saint-esprit-red\\\/#breadcrumb\"},\"inLanguage\":\"en-US\",\"potentialAction\":[{\"@type\":\"ReadAction\",\"target\":[\"https:\\\/\\\/www.ivinio.com\\\/en\\\/product\\\/delas-cotes-du-rhone-saint-esprit-red\\\/\"]}]},{\"@type\":\"ImageObject\",\"inLanguage\":\"en-US\",\"@id\":\"https:\\\/\\\/www.ivinio.com\\\/en\\\/product\\\/delas-cotes-du-rhone-saint-esprit-red\\\/#primaryimage\",\"url\":\"https:\\\/\\\/www.ivinio.com\\\/wp-content\\\/uploads\\\/nc\\\/public\\\/modules\\\/file\\\/pictures\\\/7104.Delas-C-tes-du-Rh-ne-Saint-Esprit-IVINIO.jpg\",\"contentUrl\":\"https:\\\/\\\/www.ivinio.com\\\/wp-content\\\/uploads\\\/nc\\\/public\\\/modules\\\/file\\\/pictures\\\/7104.Delas-C-tes-du-Rh-ne-Saint-Esprit-IVINIO.jpg\",\"width\":500,\"height\":500},{\"@type\":\"BreadcrumbList\",\"@id\":\"https:\\\/\\\/www.ivinio.com\\\/en\\\/product\\\/delas-cotes-du-rhone-saint-esprit-red\\\/#breadcrumb\",\"itemListElement\":[{\"@type\":\"ListItem\",\"position\":1,\"name\":\"Home\",\"item\":\"https:\\\/\\\/www.ivinio.com\\\/en\\\/\"},{\"@type\":\"ListItem\",\"position\":2,\"name\":\"Wine-shop\",\"item\":\"https:\\\/\\\/www.ivinio.com\\\/en\\\/wine-shop\\\/\"},{\"@type\":\"ListItem\",\"position\":3,\"name\":\"Delas &#8211; C\u00f4tes-du-Rh\u00f4ne &#8211; Saint-Esprit &#8211; Red\"}]},{\"@type\":\"WebSite\",\"@id\":\"https:\\\/\\\/www.ivinio.com\\\/en\\\/#website\",\"url\":\"https:\\\/\\\/www.ivinio.com\\\/en\\\/\",\"name\":\"IVINIO Wine Shop\",\"description\":\"French and Italian wines with delivery to your door\",\"publisher\":{\"@id\":\"https:\\\/\\\/www.ivinio.com\\\/en\\\/#organization\"},\"potentialAction\":[{\"@type\":\"SearchAction\",\"target\":{\"@type\":\"EntryPoint\",\"urlTemplate\":\"https:\\\/\\\/www.ivinio.com\\\/en\\\/?s={search_term_string}\"},\"query-input\":{\"@type\":\"PropertyValueSpecification\",\"valueRequired\":true,\"valueName\":\"search_term_string\"}}],\"inLanguage\":\"en-US\"},{\"@type\":\"Organization\",\"@id\":\"https:\\\/\\\/www.ivinio.com\\\/en\\\/#organization\",\"name\":\"IVINIO\",\"url\":\"https:\\\/\\\/www.ivinio.com\\\/en\\\/\",\"logo\":{\"@type\":\"ImageObject\",\"inLanguage\":\"en-US\",\"@id\":\"https:\\\/\\\/www.ivinio.com\\\/en\\\/#\\\/schema\\\/logo\\\/image\\\/\",\"url\":\"https:\\\/\\\/www.ivinio.com\\\/wp-content\\\/uploads\\\/2021\\\/01\\\/Logo-Ivinio-v2.jpg\",\"contentUrl\":\"https:\\\/\\\/www.ivinio.com\\\/wp-content\\\/uploads\\\/2021\\\/01\\\/Logo-Ivinio-v2.jpg\",\"width\":1194,\"height\":1194,\"caption\":\"IVINIO\"},\"image\":{\"@id\":\"https:\\\/\\\/www.ivinio.com\\\/en\\\/#\\\/schema\\\/logo\\\/image\\\/\"},\"sameAs\":[\"https:\\\/\\\/www.facebook.com\\\/groups\\\/165217837022391\\\/?ref=bookmarks\",\"https:\\\/\\\/www.instagram.com\\\/_ivinio_\\\/?hl=fr\"]}]}<\/script>\n<!-- \/ Yoast SEO plugin. -->","yoast_head_json":{"title":"Buy wine online - buy c\u00f4tes-du-Rh\u00f4ne online - Wine shop online Ivinio.com","description":"Delas Saint-Esprit is a value for money C\u00f4tes-du-Rh\u00f4ne made from Syrah and some Grenache. A full-bodied red wine with hints of red berries, violets and licorice. To pair with grilled meat, game or to the cheese platter.","robots":{"index":"index","follow":"follow","max-snippet":"max-snippet:-1","max-image-preview":"max-image-preview:large","max-video-preview":"max-video-preview:-1"},"canonical":"https:\/\/www.ivinio.com\/en\/product\/delas-cotes-du-rhone-saint-esprit-red\/","og_locale":"en_US","og_type":"article","og_title":"Buy wine online - buy c\u00f4tes-du-Rh\u00f4ne online - Wine shop online Ivinio.com","og_description":"Delas Saint-Esprit is a value for money C\u00f4tes-du-Rh\u00f4ne made from Syrah and some Grenache. A full-bodied red wine with hints of red berries, violets and licorice. To pair with grilled meat, game or to the cheese platter.","og_url":"https:\/\/www.ivinio.com\/en\/product\/delas-cotes-du-rhone-saint-esprit-red\/","og_site_name":"IVINIO Wine Shop","article_publisher":"https:\/\/www.facebook.com\/groups\/165217837022391\/?ref=bookmarks","article_modified_time":"2022-03-13T11:03:58+00:00","og_image":[{"width":500,"height":500,"url":"https:\/\/www.ivinio.com\/wp-content\/uploads\/nc\/public\/modules\/file\/pictures\/7104.Delas-C-tes-du-Rh-ne-Saint-Esprit-IVINIO.jpg","type":"image\/jpeg"}],"twitter_card":"summary_large_image","twitter_misc":{"Est. reading time":"1 minute"},"schema":{"@context":"https:\/\/schema.org","@graph":[{"@type":"WebPage","@id":"https:\/\/www.ivinio.com\/en\/product\/delas-cotes-du-rhone-saint-esprit-red\/","url":"https:\/\/www.ivinio.com\/en\/product\/delas-cotes-du-rhone-saint-esprit-red\/","name":"Buy wine online - buy c\u00f4tes-du-Rh\u00f4ne online - Wine shop online Ivinio.com","isPartOf":{"@id":"https:\/\/www.ivinio.com\/en\/#website"},"primaryImageOfPage":{"@id":"https:\/\/www.ivinio.com\/en\/product\/delas-cotes-du-rhone-saint-esprit-red\/#primaryimage"},"image":{"@id":"https:\/\/www.ivinio.com\/en\/product\/delas-cotes-du-rhone-saint-esprit-red\/#primaryimage"},"thumbnailUrl":"https:\/\/www.ivinio.com\/wp-content\/uploads\/nc\/public\/modules\/file\/pictures\/7104.Delas-C-tes-du-Rh-ne-Saint-Esprit-IVINIO.jpg","datePublished":"2016-05-24T15:20:11+00:00","dateModified":"2022-03-13T11:03:58+00:00","description":"Delas Saint-Esprit is a value for money C\u00f4tes-du-Rh\u00f4ne made from Syrah and some Grenache. A full-bodied red wine with hints of red berries, violets and licorice. To pair with grilled meat, game or to the cheese platter.","breadcrumb":{"@id":"https:\/\/www.ivinio.com\/en\/product\/delas-cotes-du-rhone-saint-esprit-red\/#breadcrumb"},"inLanguage":"en-US","potentialAction":[{"@type":"ReadAction","target":["https:\/\/www.ivinio.com\/en\/product\/delas-cotes-du-rhone-saint-esprit-red\/"]}]},{"@type":"ImageObject","inLanguage":"en-US","@id":"https:\/\/www.ivinio.com\/en\/product\/delas-cotes-du-rhone-saint-esprit-red\/#primaryimage","url":"https:\/\/www.ivinio.com\/wp-content\/uploads\/nc\/public\/modules\/file\/pictures\/7104.Delas-C-tes-du-Rh-ne-Saint-Esprit-IVINIO.jpg","contentUrl":"https:\/\/www.ivinio.com\/wp-content\/uploads\/nc\/public\/modules\/file\/pictures\/7104.Delas-C-tes-du-Rh-ne-Saint-Esprit-IVINIO.jpg","width":500,"height":500},{"@type":"BreadcrumbList","@id":"https:\/\/www.ivinio.com\/en\/product\/delas-cotes-du-rhone-saint-esprit-red\/#breadcrumb","itemListElement":[{"@type":"ListItem","position":1,"name":"Home","item":"https:\/\/www.ivinio.com\/en\/"},{"@type":"ListItem","position":2,"name":"Wine-shop","item":"https:\/\/www.ivinio.com\/en\/wine-shop\/"},{"@type":"ListItem","position":3,"name":"Delas &#8211; C\u00f4tes-du-Rh\u00f4ne &#8211; Saint-Esprit &#8211; Red"}]},{"@type":"WebSite","@id":"https:\/\/www.ivinio.com\/en\/#website","url":"https:\/\/www.ivinio.com\/en\/","name":"IVINIO Wine Shop","description":"French and Italian wines with delivery to your door","publisher":{"@id":"https:\/\/www.ivinio.com\/en\/#organization"},"potentialAction":[{"@type":"SearchAction","target":{"@type":"EntryPoint","urlTemplate":"https:\/\/www.ivinio.com\/en\/?s={search_term_string}"},"query-input":{"@type":"PropertyValueSpecification","valueRequired":true,"valueName":"search_term_string"}}],"inLanguage":"en-US"},{"@type":"Organization","@id":"https:\/\/www.ivinio.com\/en\/#organization","name":"IVINIO","url":"https:\/\/www.ivinio.com\/en\/","logo":{"@type":"ImageObject","inLanguage":"en-US","@id":"https:\/\/www.ivinio.com\/en\/#\/schema\/logo\/image\/","url":"https:\/\/www.ivinio.com\/wp-content\/uploads\/2021\/01\/Logo-Ivinio-v2.jpg","contentUrl":"https:\/\/www.ivinio.com\/wp-content\/uploads\/2021\/01\/Logo-Ivinio-v2.jpg","width":1194,"height":1194,"caption":"IVINIO"},"image":{"@id":"https:\/\/www.ivinio.com\/en\/#\/schema\/logo\/image\/"},"sameAs":["https:\/\/www.facebook.com\/groups\/165217837022391\/?ref=bookmarks","https:\/\/www.instagram.com\/_ivinio_\/?hl=fr"]}]}},"jetpack_sharing_enabled":true,"_links":{"self":[{"href":"https:\/\/www.ivinio.com\/en\/wp-json\/wp\/v2\/product\/121917","targetHints":{"allow":["GET"]}}],"collection":[{"href":"https:\/\/www.ivinio.com\/en\/wp-json\/wp\/v2\/product"}],"about":[{"href":"https:\/\/www.ivinio.com\/en\/wp-json\/wp\/v2\/types\/product"}],"replies":[{"embeddable":true,"href":"https:\/\/www.ivinio.com\/en\/wp-json\/wp\/v2\/comments?post=121917"}],"wp:featuredmedia":[{"embeddable":true,"href":"https:\/\/www.ivinio.com\/en\/wp-json\/wp\/v2\/media\/121919"}],"wp:attachment":[{"href":"https:\/\/www.ivinio.com\/en\/wp-json\/wp\/v2\/media?parent=121917"}],"wp:term":[{"taxonomy":"product_brand","embeddable":true,"href":"https:\/\/www.ivinio.com\/en\/wp-json\/wp\/v2\/product_brand?post=121917"},{"taxonomy":"product_cat","embeddable":true,"href":"https:\/\/www.ivinio.com\/en\/wp-json\/wp\/v2\/product_cat?post=121917"},{"taxonomy":"product_tag","embeddable":true,"href":"https:\/\/www.ivinio.com\/en\/wp-json\/wp\/v2\/product_tag?post=121917"}],"curies":[{"name":"wp","href":"https:\/\/api.w.org\/{rel}","templated":true}]}}