{"id":121858,"date":"2019-07-18T19:55:03","date_gmt":"2019-07-18T19:55:03","guid":{"rendered":"https:\/\/henrik.www.ivinio.com\/?product=angelo-negro-barbaresco-basarin-riserva-red"},"modified":"2022-03-11T09:59:13","modified_gmt":"2022-03-11T08:59:13","slug":"angelo-negro-barbaresco-basarin-riserva-red","status":"publish","type":"product","link":"https:\/\/www.ivinio.com\/en\/product\/angelo-negro-barbaresco-basarin-riserva-red\/","title":{"rendered":"Angelo Negro &#8211; Barbaresco &#8211; Basarin Riserva &#8211; Red"},"content":{"rendered":"<p>Angelo Negro Basarin is a Barbaresco Riserva produced from 100% Nebbiolo grapes grown in the Basarin zone of the municipality of Neive, 350 m above sea level. The harvest is done manually in baskets of 20 kg each. Classic wine making for at least 18-20 days. A total of 50\u00a0months storage on Slavonic oak barrels.<\/p>\n","protected":false},"excerpt":{"rendered":"<p>Basarin Riserva from Angelo Negro is an exclusive Barbaresco that has been stored in oak barrels for 50 months. Aromatic hints of roses, violets, small forest berries, spicy pepper and citrus. Silky and long aftertaste. To pair with a\u00a0roast with forest mushrooms.<\/p>\n","protected":false},"featured_media":121860,"comment_status":"open","ping_status":"closed","template":"","meta":{"_monsterinsights_skip_tracking":false,"_monsterinsights_sitenote_active":false,"_monsterinsights_sitenote_note":"","_monsterinsights_sitenote_category":0,"_uf_show_specific_survey":0,"_uf_disable_surveys":false},"product_brand":[],"product_cat":[36590,36599],"product_tag":[],"class_list":{"0":"post-121858","1":"product","2":"type-product","3":"status-publish","4":"has-post-thumbnail","6":"product_cat-italian-wines","7":"product_cat-en-piedmont","8":"pa_alcohol-degree-14-en","9":"pa_classification-docg-barbaresco-en","10":"pa_color-red","11":"pa_country-italy-en","12":"pa_grape-variety-nebbiolo-en","13":"pa_package-1x1-en","14":"pa_package-1x6-en","15":"pa_region-piedmont-en","16":"pa_storage-potential-more-than-10-years","17":"pa_vintage-2012-en","18":"pa_volume-75-cl-en","20":"first","21":"outofstock","22":"taxable","23":"shipping-taxable","24":"purchasable","25":"product-type-variable"},"bundled_by":[],"bundle_stock_status":"outofstock","bundle_stock_quantity":null,"bundle_virtual":false,"bundle_layout":"","bundle_add_to_cart_form_location":"","bundle_editable_in_cart":false,"bundle_sold_individually_context":"","bundle_item_grouping":"","bundle_min_size":"","bundle_max_size":"","bundle_price":[],"bundled_items":[],"bundle_sell_ids":[],"yoast_head":"<!-- This site is optimized with the Yoast SEO plugin v27.5 - https:\/\/yoast.com\/product\/yoast-seo-wordpress\/ -->\n<title>Buy barbaresco online - shop barbarescovin online - wine shop online www.ivinio.com<\/title>\n<meta name=\"description\" content=\"&quot;Basarin&quot; fr\u00e5n Angelo Negro \u00e4r en charmig Barbaresco med inslag av r\u00f6da b\u00e4r, kryddor och citrusfrukter. Mjuk, kryddig och mentolerad eftersmak. Att servera till en lammgryta.\" \/>\n<meta name=\"robots\" content=\"index, follow, max-snippet:-1, max-image-preview:large, max-video-preview:-1\" \/>\n<link rel=\"canonical\" href=\"https:\/\/www.ivinio.com\/en\/product\/angelo-negro-barbaresco-basarin-riserva-red\/\" \/>\n<meta property=\"og:locale\" content=\"en_US\" \/>\n<meta property=\"og:type\" content=\"article\" \/>\n<meta property=\"og:title\" content=\"Buy barbaresco online - shop barbarescovin online - wine shop online www.ivinio.com\" \/>\n<meta property=\"og:description\" content=\"&quot;Basarin&quot; fr\u00e5n Angelo Negro \u00e4r en charmig Barbaresco med inslag av r\u00f6da b\u00e4r, kryddor och citrusfrukter. Mjuk, kryddig och mentolerad eftersmak. Att servera till en lammgryta.\" \/>\n<meta property=\"og:url\" content=\"https:\/\/www.ivinio.com\/en\/product\/angelo-negro-barbaresco-basarin-riserva-red\/\" \/>\n<meta property=\"og:site_name\" content=\"IVINIO Wine Shop\" \/>\n<meta property=\"article:publisher\" content=\"https:\/\/www.facebook.com\/groups\/165217837022391\/?ref=bookmarks\" \/>\n<meta property=\"article:modified_time\" content=\"2022-03-11T08:59:13+00:00\" \/>\n<meta property=\"og:image\" content=\"https:\/\/www.ivinio.com\/wp-content\/uploads\/nc\/public\/modules\/file\/pictures\/7074.Angelo-negro-basarin-barbaresco-riserva-IVINIO.jpg\" \/>\n\t<meta property=\"og:image:width\" content=\"500\" \/>\n\t<meta property=\"og:image:height\" content=\"500\" \/>\n\t<meta property=\"og:image:type\" content=\"image\/jpeg\" \/>\n<meta name=\"twitter:card\" content=\"summary_large_image\" \/>\n<script type=\"application\/ld+json\" class=\"yoast-schema-graph\">{\"@context\":\"https:\\\/\\\/schema.org\",\"@graph\":[{\"@type\":\"WebPage\",\"@id\":\"https:\\\/\\\/www.ivinio.com\\\/en\\\/product\\\/angelo-negro-barbaresco-basarin-riserva-red\\\/\",\"url\":\"https:\\\/\\\/www.ivinio.com\\\/en\\\/product\\\/angelo-negro-barbaresco-basarin-riserva-red\\\/\",\"name\":\"Buy barbaresco online - shop barbarescovin online - wine shop online www.ivinio.com\",\"isPartOf\":{\"@id\":\"https:\\\/\\\/www.ivinio.com\\\/en\\\/#website\"},\"primaryImageOfPage\":{\"@id\":\"https:\\\/\\\/www.ivinio.com\\\/en\\\/product\\\/angelo-negro-barbaresco-basarin-riserva-red\\\/#primaryimage\"},\"image\":{\"@id\":\"https:\\\/\\\/www.ivinio.com\\\/en\\\/product\\\/angelo-negro-barbaresco-basarin-riserva-red\\\/#primaryimage\"},\"thumbnailUrl\":\"https:\\\/\\\/www.ivinio.com\\\/wp-content\\\/uploads\\\/nc\\\/public\\\/modules\\\/file\\\/pictures\\\/7074.Angelo-negro-basarin-barbaresco-riserva-IVINIO.jpg\",\"datePublished\":\"2019-07-18T19:55:03+00:00\",\"dateModified\":\"2022-03-11T08:59:13+00:00\",\"description\":\"\\\"Basarin\\\" fr\u00e5n Angelo Negro \u00e4r en charmig Barbaresco med inslag av r\u00f6da b\u00e4r, kryddor och citrusfrukter. Mjuk, kryddig och mentolerad eftersmak. Att servera till en lammgryta.\",\"breadcrumb\":{\"@id\":\"https:\\\/\\\/www.ivinio.com\\\/en\\\/product\\\/angelo-negro-barbaresco-basarin-riserva-red\\\/#breadcrumb\"},\"inLanguage\":\"en-US\",\"potentialAction\":[{\"@type\":\"ReadAction\",\"target\":[\"https:\\\/\\\/www.ivinio.com\\\/en\\\/product\\\/angelo-negro-barbaresco-basarin-riserva-red\\\/\"]}]},{\"@type\":\"ImageObject\",\"inLanguage\":\"en-US\",\"@id\":\"https:\\\/\\\/www.ivinio.com\\\/en\\\/product\\\/angelo-negro-barbaresco-basarin-riserva-red\\\/#primaryimage\",\"url\":\"https:\\\/\\\/www.ivinio.com\\\/wp-content\\\/uploads\\\/nc\\\/public\\\/modules\\\/file\\\/pictures\\\/7074.Angelo-negro-basarin-barbaresco-riserva-IVINIO.jpg\",\"contentUrl\":\"https:\\\/\\\/www.ivinio.com\\\/wp-content\\\/uploads\\\/nc\\\/public\\\/modules\\\/file\\\/pictures\\\/7074.Angelo-negro-basarin-barbaresco-riserva-IVINIO.jpg\",\"width\":500,\"height\":500},{\"@type\":\"BreadcrumbList\",\"@id\":\"https:\\\/\\\/www.ivinio.com\\\/en\\\/product\\\/angelo-negro-barbaresco-basarin-riserva-red\\\/#breadcrumb\",\"itemListElement\":[{\"@type\":\"ListItem\",\"position\":1,\"name\":\"Home\",\"item\":\"https:\\\/\\\/www.ivinio.com\\\/en\\\/\"},{\"@type\":\"ListItem\",\"position\":2,\"name\":\"Wine-shop\",\"item\":\"https:\\\/\\\/www.ivinio.com\\\/en\\\/wine-shop\\\/\"},{\"@type\":\"ListItem\",\"position\":3,\"name\":\"Angelo Negro &#8211; Barbaresco &#8211; Basarin Riserva &#8211; Red\"}]},{\"@type\":\"WebSite\",\"@id\":\"https:\\\/\\\/www.ivinio.com\\\/en\\\/#website\",\"url\":\"https:\\\/\\\/www.ivinio.com\\\/en\\\/\",\"name\":\"IVINIO Wine Shop\",\"description\":\"French and Italian wines with delivery to your door\",\"publisher\":{\"@id\":\"https:\\\/\\\/www.ivinio.com\\\/en\\\/#organization\"},\"potentialAction\":[{\"@type\":\"SearchAction\",\"target\":{\"@type\":\"EntryPoint\",\"urlTemplate\":\"https:\\\/\\\/www.ivinio.com\\\/en\\\/?s={search_term_string}\"},\"query-input\":{\"@type\":\"PropertyValueSpecification\",\"valueRequired\":true,\"valueName\":\"search_term_string\"}}],\"inLanguage\":\"en-US\"},{\"@type\":\"Organization\",\"@id\":\"https:\\\/\\\/www.ivinio.com\\\/en\\\/#organization\",\"name\":\"IVINIO\",\"url\":\"https:\\\/\\\/www.ivinio.com\\\/en\\\/\",\"logo\":{\"@type\":\"ImageObject\",\"inLanguage\":\"en-US\",\"@id\":\"https:\\\/\\\/www.ivinio.com\\\/en\\\/#\\\/schema\\\/logo\\\/image\\\/\",\"url\":\"https:\\\/\\\/www.ivinio.com\\\/wp-content\\\/uploads\\\/2021\\\/01\\\/Logo-Ivinio-v2.jpg\",\"contentUrl\":\"https:\\\/\\\/www.ivinio.com\\\/wp-content\\\/uploads\\\/2021\\\/01\\\/Logo-Ivinio-v2.jpg\",\"width\":1194,\"height\":1194,\"caption\":\"IVINIO\"},\"image\":{\"@id\":\"https:\\\/\\\/www.ivinio.com\\\/en\\\/#\\\/schema\\\/logo\\\/image\\\/\"},\"sameAs\":[\"https:\\\/\\\/www.facebook.com\\\/groups\\\/165217837022391\\\/?ref=bookmarks\",\"https:\\\/\\\/www.instagram.com\\\/_ivinio_\\\/?hl=fr\"]}]}<\/script>\n<!-- \/ Yoast SEO plugin. -->","yoast_head_json":{"title":"Buy barbaresco online - shop barbarescovin online - wine shop online www.ivinio.com","description":"\"Basarin\" fr\u00e5n Angelo Negro \u00e4r en charmig Barbaresco med inslag av r\u00f6da b\u00e4r, kryddor och citrusfrukter. Mjuk, kryddig och mentolerad eftersmak. Att servera till en lammgryta.","robots":{"index":"index","follow":"follow","max-snippet":"max-snippet:-1","max-image-preview":"max-image-preview:large","max-video-preview":"max-video-preview:-1"},"canonical":"https:\/\/www.ivinio.com\/en\/product\/angelo-negro-barbaresco-basarin-riserva-red\/","og_locale":"en_US","og_type":"article","og_title":"Buy barbaresco online - shop barbarescovin online - wine shop online www.ivinio.com","og_description":"\"Basarin\" fr\u00e5n Angelo Negro \u00e4r en charmig Barbaresco med inslag av r\u00f6da b\u00e4r, kryddor och citrusfrukter. Mjuk, kryddig och mentolerad eftersmak. Att servera till en lammgryta.","og_url":"https:\/\/www.ivinio.com\/en\/product\/angelo-negro-barbaresco-basarin-riserva-red\/","og_site_name":"IVINIO Wine Shop","article_publisher":"https:\/\/www.facebook.com\/groups\/165217837022391\/?ref=bookmarks","article_modified_time":"2022-03-11T08:59:13+00:00","og_image":[{"width":500,"height":500,"url":"https:\/\/www.ivinio.com\/wp-content\/uploads\/nc\/public\/modules\/file\/pictures\/7074.Angelo-negro-basarin-barbaresco-riserva-IVINIO.jpg","type":"image\/jpeg"}],"twitter_card":"summary_large_image","schema":{"@context":"https:\/\/schema.org","@graph":[{"@type":"WebPage","@id":"https:\/\/www.ivinio.com\/en\/product\/angelo-negro-barbaresco-basarin-riserva-red\/","url":"https:\/\/www.ivinio.com\/en\/product\/angelo-negro-barbaresco-basarin-riserva-red\/","name":"Buy barbaresco online - shop barbarescovin online - wine shop online www.ivinio.com","isPartOf":{"@id":"https:\/\/www.ivinio.com\/en\/#website"},"primaryImageOfPage":{"@id":"https:\/\/www.ivinio.com\/en\/product\/angelo-negro-barbaresco-basarin-riserva-red\/#primaryimage"},"image":{"@id":"https:\/\/www.ivinio.com\/en\/product\/angelo-negro-barbaresco-basarin-riserva-red\/#primaryimage"},"thumbnailUrl":"https:\/\/www.ivinio.com\/wp-content\/uploads\/nc\/public\/modules\/file\/pictures\/7074.Angelo-negro-basarin-barbaresco-riserva-IVINIO.jpg","datePublished":"2019-07-18T19:55:03+00:00","dateModified":"2022-03-11T08:59:13+00:00","description":"\"Basarin\" fr\u00e5n Angelo Negro \u00e4r en charmig Barbaresco med inslag av r\u00f6da b\u00e4r, kryddor och citrusfrukter. Mjuk, kryddig och mentolerad eftersmak. Att servera till en lammgryta.","breadcrumb":{"@id":"https:\/\/www.ivinio.com\/en\/product\/angelo-negro-barbaresco-basarin-riserva-red\/#breadcrumb"},"inLanguage":"en-US","potentialAction":[{"@type":"ReadAction","target":["https:\/\/www.ivinio.com\/en\/product\/angelo-negro-barbaresco-basarin-riserva-red\/"]}]},{"@type":"ImageObject","inLanguage":"en-US","@id":"https:\/\/www.ivinio.com\/en\/product\/angelo-negro-barbaresco-basarin-riserva-red\/#primaryimage","url":"https:\/\/www.ivinio.com\/wp-content\/uploads\/nc\/public\/modules\/file\/pictures\/7074.Angelo-negro-basarin-barbaresco-riserva-IVINIO.jpg","contentUrl":"https:\/\/www.ivinio.com\/wp-content\/uploads\/nc\/public\/modules\/file\/pictures\/7074.Angelo-negro-basarin-barbaresco-riserva-IVINIO.jpg","width":500,"height":500},{"@type":"BreadcrumbList","@id":"https:\/\/www.ivinio.com\/en\/product\/angelo-negro-barbaresco-basarin-riserva-red\/#breadcrumb","itemListElement":[{"@type":"ListItem","position":1,"name":"Home","item":"https:\/\/www.ivinio.com\/en\/"},{"@type":"ListItem","position":2,"name":"Wine-shop","item":"https:\/\/www.ivinio.com\/en\/wine-shop\/"},{"@type":"ListItem","position":3,"name":"Angelo Negro &#8211; Barbaresco &#8211; Basarin Riserva &#8211; Red"}]},{"@type":"WebSite","@id":"https:\/\/www.ivinio.com\/en\/#website","url":"https:\/\/www.ivinio.com\/en\/","name":"IVINIO Wine Shop","description":"French and Italian wines with delivery to your door","publisher":{"@id":"https:\/\/www.ivinio.com\/en\/#organization"},"potentialAction":[{"@type":"SearchAction","target":{"@type":"EntryPoint","urlTemplate":"https:\/\/www.ivinio.com\/en\/?s={search_term_string}"},"query-input":{"@type":"PropertyValueSpecification","valueRequired":true,"valueName":"search_term_string"}}],"inLanguage":"en-US"},{"@type":"Organization","@id":"https:\/\/www.ivinio.com\/en\/#organization","name":"IVINIO","url":"https:\/\/www.ivinio.com\/en\/","logo":{"@type":"ImageObject","inLanguage":"en-US","@id":"https:\/\/www.ivinio.com\/en\/#\/schema\/logo\/image\/","url":"https:\/\/www.ivinio.com\/wp-content\/uploads\/2021\/01\/Logo-Ivinio-v2.jpg","contentUrl":"https:\/\/www.ivinio.com\/wp-content\/uploads\/2021\/01\/Logo-Ivinio-v2.jpg","width":1194,"height":1194,"caption":"IVINIO"},"image":{"@id":"https:\/\/www.ivinio.com\/en\/#\/schema\/logo\/image\/"},"sameAs":["https:\/\/www.facebook.com\/groups\/165217837022391\/?ref=bookmarks","https:\/\/www.instagram.com\/_ivinio_\/?hl=fr"]}]}},"jetpack_sharing_enabled":true,"_links":{"self":[{"href":"https:\/\/www.ivinio.com\/en\/wp-json\/wp\/v2\/product\/121858","targetHints":{"allow":["GET"]}}],"collection":[{"href":"https:\/\/www.ivinio.com\/en\/wp-json\/wp\/v2\/product"}],"about":[{"href":"https:\/\/www.ivinio.com\/en\/wp-json\/wp\/v2\/types\/product"}],"replies":[{"embeddable":true,"href":"https:\/\/www.ivinio.com\/en\/wp-json\/wp\/v2\/comments?post=121858"}],"wp:featuredmedia":[{"embeddable":true,"href":"https:\/\/www.ivinio.com\/en\/wp-json\/wp\/v2\/media\/121860"}],"wp:attachment":[{"href":"https:\/\/www.ivinio.com\/en\/wp-json\/wp\/v2\/media?parent=121858"}],"wp:term":[{"taxonomy":"product_brand","embeddable":true,"href":"https:\/\/www.ivinio.com\/en\/wp-json\/wp\/v2\/product_brand?post=121858"},{"taxonomy":"product_cat","embeddable":true,"href":"https:\/\/www.ivinio.com\/en\/wp-json\/wp\/v2\/product_cat?post=121858"},{"taxonomy":"product_tag","embeddable":true,"href":"https:\/\/www.ivinio.com\/en\/wp-json\/wp\/v2\/product_tag?post=121858"}],"curies":[{"name":"wp","href":"https:\/\/api.w.org\/{rel}","templated":true}]}}