{"id":121800,"date":"2019-07-17T12:08:00","date_gmt":"2019-07-17T12:08:00","guid":{"rendered":"https:\/\/henrik.www.ivinio.com\/?product=berlucchi-61-rose-franciacorta"},"modified":"2024-03-28T19:12:31","modified_gmt":"2024-03-28T18:12:31","slug":"berlucchi-61-rose-franciacorta","status":"publish","type":"product","link":"https:\/\/www.ivinio.com\/en\/product\/berlucchi-61-rose-franciacorta\/","title":{"rendered":"Berlucchi &#8211; &#8217;61 Ros\u00e9 Franciacorta"},"content":{"rendered":"<p>Berlucchi &#8211; &#8217;61 Ros\u00e9 Franciacorta is produced from Pinot Noir (70%) and Chardonnay (30%), cultivated in the most suitable vineyards of Franciacorta&#8217;s 19 different municipalities. The grapes are harvested the second part of August. The grapes are then gently and progressively pressed and the must is fermented in steel tanks. The pinot noir grapes macerate with the skin (before the skin is separated from the must) a few hours to give color and aromas. In the springtime, the wine is bottled and the second fermentation starts. The wine is stored with the yeast residues for 24 months and then another 2 months after the degorging.<\/p>\n","protected":false},"excerpt":{"rendered":"<p>&#8217;61 Ros\u00e9 from Berlucchi is a round and fruity Franciacorta ros\u00e9, dosed 8g \/ L. To serve as an aperitif or preferably with\u00a0charcuterie and stored cheeses.<\/p>\n","protected":false},"featured_media":135116,"comment_status":"open","ping_status":"closed","template":"","meta":{"_monsterinsights_skip_tracking":false,"_monsterinsights_sitenote_active":false,"_monsterinsights_sitenote_note":"","_monsterinsights_sitenote_category":0,"_uf_show_specific_survey":0,"_uf_disable_surveys":false},"product_brand":[],"product_cat":[36590,36656],"product_tag":[],"class_list":{"0":"post-121800","1":"product","2":"type-product","3":"status-publish","4":"has-post-thumbnail","6":"product_cat-italian-wines","7":"product_cat-en-lombardy","8":"pa_alcohol-degree-12-en","9":"pa_classification-aop-franciacorta-en","10":"pa_color-sparkling-en","11":"pa_country-italy-en","12":"pa_grape-variety-chardonnay-en","13":"pa_grape-variety-pinot-noir","14":"pa_region-lombardy-en","15":"pa_storage-potential-3-years-en","16":"pa_volume-75-cl-en","18":"first","19":"instock","20":"taxable","21":"shipping-taxable","22":"purchasable","23":"product-type-simple"},"bundled_by":[],"bundle_stock_status":"instock","bundle_stock_quantity":null,"bundle_virtual":false,"bundle_layout":"","bundle_add_to_cart_form_location":"","bundle_editable_in_cart":false,"bundle_sold_individually_context":"","bundle_item_grouping":"","bundle_min_size":"","bundle_max_size":"","bundle_price":[],"bundled_items":[],"bundle_sell_ids":[],"yoast_head":"<!-- This site is optimized with the Yoast SEO plugin v27.5 - https:\/\/yoast.com\/product\/yoast-seo-wordpress\/ -->\n<title>Buy Berlucchi - &#039;61 Ros\u00e9 Franciacorta - IVINIO Wine Shop<\/title>\n<meta name=\"description\" content=\"Buy Berlucchi - &#039;61 Ros\u00e9 Franciacorta. A round and fruity Franciacorta ros\u00e9, dosed 8g \/ L. As an aperitif or with cured meat and cheeses.\" \/>\n<meta name=\"robots\" content=\"index, follow, max-snippet:-1, max-image-preview:large, max-video-preview:-1\" \/>\n<link rel=\"canonical\" href=\"https:\/\/www.ivinio.com\/en\/product\/berlucchi-61-rose-franciacorta\/\" \/>\n<meta property=\"og:locale\" content=\"en_US\" \/>\n<meta property=\"og:type\" content=\"article\" \/>\n<meta property=\"og:title\" content=\"Buy Berlucchi - &#039;61 Ros\u00e9 Franciacorta - IVINIO Wine Shop\" \/>\n<meta property=\"og:description\" content=\"Buy Berlucchi - &#039;61 Ros\u00e9 Franciacorta. A round and fruity Franciacorta ros\u00e9, dosed 8g \/ L. As an aperitif or with cured meat and cheeses.\" \/>\n<meta property=\"og:url\" content=\"https:\/\/www.ivinio.com\/en\/product\/berlucchi-61-rose-franciacorta\/\" \/>\n<meta property=\"og:site_name\" content=\"IVINIO Wine Shop\" \/>\n<meta property=\"article:publisher\" content=\"https:\/\/www.facebook.com\/groups\/165217837022391\/?ref=bookmarks\" \/>\n<meta property=\"article:modified_time\" content=\"2024-03-28T18:12:31+00:00\" \/>\n<meta property=\"og:image\" content=\"https:\/\/www.ivinio.com\/wp-content\/uploads\/2019\/07\/Berlucchi-61-rose-IVINIO-1.jpg\" \/>\n\t<meta property=\"og:image:width\" content=\"500\" \/>\n\t<meta property=\"og:image:height\" content=\"500\" \/>\n\t<meta property=\"og:image:type\" content=\"image\/jpeg\" \/>\n<meta name=\"twitter:card\" content=\"summary_large_image\" \/>\n<meta name=\"twitter:label1\" content=\"Est. reading time\" \/>\n\t<meta name=\"twitter:data1\" content=\"1 minute\" \/>\n<script type=\"application\/ld+json\" class=\"yoast-schema-graph\">{\"@context\":\"https:\\\/\\\/schema.org\",\"@graph\":[{\"@type\":\"WebPage\",\"@id\":\"https:\\\/\\\/www.ivinio.com\\\/en\\\/product\\\/berlucchi-61-rose-franciacorta\\\/\",\"url\":\"https:\\\/\\\/www.ivinio.com\\\/en\\\/product\\\/berlucchi-61-rose-franciacorta\\\/\",\"name\":\"Buy Berlucchi - '61 Ros\u00e9 Franciacorta - IVINIO Wine Shop\",\"isPartOf\":{\"@id\":\"https:\\\/\\\/www.ivinio.com\\\/en\\\/#website\"},\"primaryImageOfPage\":{\"@id\":\"https:\\\/\\\/www.ivinio.com\\\/en\\\/product\\\/berlucchi-61-rose-franciacorta\\\/#primaryimage\"},\"image\":{\"@id\":\"https:\\\/\\\/www.ivinio.com\\\/en\\\/product\\\/berlucchi-61-rose-franciacorta\\\/#primaryimage\"},\"thumbnailUrl\":\"https:\\\/\\\/www.ivinio.com\\\/wp-content\\\/uploads\\\/2019\\\/07\\\/Berlucchi-61-rose-IVINIO-1.jpg\",\"datePublished\":\"2019-07-17T12:08:00+00:00\",\"dateModified\":\"2024-03-28T18:12:31+00:00\",\"description\":\"Buy Berlucchi - '61 Ros\u00e9 Franciacorta. A round and fruity Franciacorta ros\u00e9, dosed 8g \\\/ L. As an aperitif or with cured meat and cheeses.\",\"breadcrumb\":{\"@id\":\"https:\\\/\\\/www.ivinio.com\\\/en\\\/product\\\/berlucchi-61-rose-franciacorta\\\/#breadcrumb\"},\"inLanguage\":\"en-US\",\"potentialAction\":[{\"@type\":\"ReadAction\",\"target\":[\"https:\\\/\\\/www.ivinio.com\\\/en\\\/product\\\/berlucchi-61-rose-franciacorta\\\/\"]}]},{\"@type\":\"ImageObject\",\"inLanguage\":\"en-US\",\"@id\":\"https:\\\/\\\/www.ivinio.com\\\/en\\\/product\\\/berlucchi-61-rose-franciacorta\\\/#primaryimage\",\"url\":\"https:\\\/\\\/www.ivinio.com\\\/wp-content\\\/uploads\\\/2019\\\/07\\\/Berlucchi-61-rose-IVINIO-1.jpg\",\"contentUrl\":\"https:\\\/\\\/www.ivinio.com\\\/wp-content\\\/uploads\\\/2019\\\/07\\\/Berlucchi-61-rose-IVINIO-1.jpg\",\"width\":500,\"height\":500},{\"@type\":\"BreadcrumbList\",\"@id\":\"https:\\\/\\\/www.ivinio.com\\\/en\\\/product\\\/berlucchi-61-rose-franciacorta\\\/#breadcrumb\",\"itemListElement\":[{\"@type\":\"ListItem\",\"position\":1,\"name\":\"Home\",\"item\":\"https:\\\/\\\/www.ivinio.com\\\/en\\\/\"},{\"@type\":\"ListItem\",\"position\":2,\"name\":\"Wine-shop\",\"item\":\"https:\\\/\\\/www.ivinio.com\\\/en\\\/wine-shop\\\/\"},{\"@type\":\"ListItem\",\"position\":3,\"name\":\"Berlucchi &#8211; &#8217;61 Ros\u00e9 Franciacorta\"}]},{\"@type\":\"WebSite\",\"@id\":\"https:\\\/\\\/www.ivinio.com\\\/en\\\/#website\",\"url\":\"https:\\\/\\\/www.ivinio.com\\\/en\\\/\",\"name\":\"IVINIO Wine Shop\",\"description\":\"French and Italian wines with delivery to your door\",\"publisher\":{\"@id\":\"https:\\\/\\\/www.ivinio.com\\\/en\\\/#organization\"},\"potentialAction\":[{\"@type\":\"SearchAction\",\"target\":{\"@type\":\"EntryPoint\",\"urlTemplate\":\"https:\\\/\\\/www.ivinio.com\\\/en\\\/?s={search_term_string}\"},\"query-input\":{\"@type\":\"PropertyValueSpecification\",\"valueRequired\":true,\"valueName\":\"search_term_string\"}}],\"inLanguage\":\"en-US\"},{\"@type\":\"Organization\",\"@id\":\"https:\\\/\\\/www.ivinio.com\\\/en\\\/#organization\",\"name\":\"IVINIO\",\"url\":\"https:\\\/\\\/www.ivinio.com\\\/en\\\/\",\"logo\":{\"@type\":\"ImageObject\",\"inLanguage\":\"en-US\",\"@id\":\"https:\\\/\\\/www.ivinio.com\\\/en\\\/#\\\/schema\\\/logo\\\/image\\\/\",\"url\":\"https:\\\/\\\/www.ivinio.com\\\/wp-content\\\/uploads\\\/2021\\\/01\\\/Logo-Ivinio-v2.jpg\",\"contentUrl\":\"https:\\\/\\\/www.ivinio.com\\\/wp-content\\\/uploads\\\/2021\\\/01\\\/Logo-Ivinio-v2.jpg\",\"width\":1194,\"height\":1194,\"caption\":\"IVINIO\"},\"image\":{\"@id\":\"https:\\\/\\\/www.ivinio.com\\\/en\\\/#\\\/schema\\\/logo\\\/image\\\/\"},\"sameAs\":[\"https:\\\/\\\/www.facebook.com\\\/groups\\\/165217837022391\\\/?ref=bookmarks\",\"https:\\\/\\\/www.instagram.com\\\/_ivinio_\\\/?hl=fr\"]}]}<\/script>\n<!-- \/ Yoast SEO plugin. -->","yoast_head_json":{"title":"Buy Berlucchi - '61 Ros\u00e9 Franciacorta - IVINIO Wine Shop","description":"Buy Berlucchi - '61 Ros\u00e9 Franciacorta. A round and fruity Franciacorta ros\u00e9, dosed 8g \/ L. As an aperitif or with cured meat and cheeses.","robots":{"index":"index","follow":"follow","max-snippet":"max-snippet:-1","max-image-preview":"max-image-preview:large","max-video-preview":"max-video-preview:-1"},"canonical":"https:\/\/www.ivinio.com\/en\/product\/berlucchi-61-rose-franciacorta\/","og_locale":"en_US","og_type":"article","og_title":"Buy Berlucchi - '61 Ros\u00e9 Franciacorta - IVINIO Wine Shop","og_description":"Buy Berlucchi - '61 Ros\u00e9 Franciacorta. A round and fruity Franciacorta ros\u00e9, dosed 8g \/ L. As an aperitif or with cured meat and cheeses.","og_url":"https:\/\/www.ivinio.com\/en\/product\/berlucchi-61-rose-franciacorta\/","og_site_name":"IVINIO Wine Shop","article_publisher":"https:\/\/www.facebook.com\/groups\/165217837022391\/?ref=bookmarks","article_modified_time":"2024-03-28T18:12:31+00:00","og_image":[{"width":500,"height":500,"url":"https:\/\/www.ivinio.com\/wp-content\/uploads\/2019\/07\/Berlucchi-61-rose-IVINIO-1.jpg","type":"image\/jpeg"}],"twitter_card":"summary_large_image","twitter_misc":{"Est. reading time":"1 minute"},"schema":{"@context":"https:\/\/schema.org","@graph":[{"@type":"WebPage","@id":"https:\/\/www.ivinio.com\/en\/product\/berlucchi-61-rose-franciacorta\/","url":"https:\/\/www.ivinio.com\/en\/product\/berlucchi-61-rose-franciacorta\/","name":"Buy Berlucchi - '61 Ros\u00e9 Franciacorta - IVINIO Wine Shop","isPartOf":{"@id":"https:\/\/www.ivinio.com\/en\/#website"},"primaryImageOfPage":{"@id":"https:\/\/www.ivinio.com\/en\/product\/berlucchi-61-rose-franciacorta\/#primaryimage"},"image":{"@id":"https:\/\/www.ivinio.com\/en\/product\/berlucchi-61-rose-franciacorta\/#primaryimage"},"thumbnailUrl":"https:\/\/www.ivinio.com\/wp-content\/uploads\/2019\/07\/Berlucchi-61-rose-IVINIO-1.jpg","datePublished":"2019-07-17T12:08:00+00:00","dateModified":"2024-03-28T18:12:31+00:00","description":"Buy Berlucchi - '61 Ros\u00e9 Franciacorta. A round and fruity Franciacorta ros\u00e9, dosed 8g \/ L. As an aperitif or with cured meat and cheeses.","breadcrumb":{"@id":"https:\/\/www.ivinio.com\/en\/product\/berlucchi-61-rose-franciacorta\/#breadcrumb"},"inLanguage":"en-US","potentialAction":[{"@type":"ReadAction","target":["https:\/\/www.ivinio.com\/en\/product\/berlucchi-61-rose-franciacorta\/"]}]},{"@type":"ImageObject","inLanguage":"en-US","@id":"https:\/\/www.ivinio.com\/en\/product\/berlucchi-61-rose-franciacorta\/#primaryimage","url":"https:\/\/www.ivinio.com\/wp-content\/uploads\/2019\/07\/Berlucchi-61-rose-IVINIO-1.jpg","contentUrl":"https:\/\/www.ivinio.com\/wp-content\/uploads\/2019\/07\/Berlucchi-61-rose-IVINIO-1.jpg","width":500,"height":500},{"@type":"BreadcrumbList","@id":"https:\/\/www.ivinio.com\/en\/product\/berlucchi-61-rose-franciacorta\/#breadcrumb","itemListElement":[{"@type":"ListItem","position":1,"name":"Home","item":"https:\/\/www.ivinio.com\/en\/"},{"@type":"ListItem","position":2,"name":"Wine-shop","item":"https:\/\/www.ivinio.com\/en\/wine-shop\/"},{"@type":"ListItem","position":3,"name":"Berlucchi &#8211; &#8217;61 Ros\u00e9 Franciacorta"}]},{"@type":"WebSite","@id":"https:\/\/www.ivinio.com\/en\/#website","url":"https:\/\/www.ivinio.com\/en\/","name":"IVINIO Wine Shop","description":"French and Italian wines with delivery to your door","publisher":{"@id":"https:\/\/www.ivinio.com\/en\/#organization"},"potentialAction":[{"@type":"SearchAction","target":{"@type":"EntryPoint","urlTemplate":"https:\/\/www.ivinio.com\/en\/?s={search_term_string}"},"query-input":{"@type":"PropertyValueSpecification","valueRequired":true,"valueName":"search_term_string"}}],"inLanguage":"en-US"},{"@type":"Organization","@id":"https:\/\/www.ivinio.com\/en\/#organization","name":"IVINIO","url":"https:\/\/www.ivinio.com\/en\/","logo":{"@type":"ImageObject","inLanguage":"en-US","@id":"https:\/\/www.ivinio.com\/en\/#\/schema\/logo\/image\/","url":"https:\/\/www.ivinio.com\/wp-content\/uploads\/2021\/01\/Logo-Ivinio-v2.jpg","contentUrl":"https:\/\/www.ivinio.com\/wp-content\/uploads\/2021\/01\/Logo-Ivinio-v2.jpg","width":1194,"height":1194,"caption":"IVINIO"},"image":{"@id":"https:\/\/www.ivinio.com\/en\/#\/schema\/logo\/image\/"},"sameAs":["https:\/\/www.facebook.com\/groups\/165217837022391\/?ref=bookmarks","https:\/\/www.instagram.com\/_ivinio_\/?hl=fr"]}]}},"jetpack_sharing_enabled":true,"_links":{"self":[{"href":"https:\/\/www.ivinio.com\/en\/wp-json\/wp\/v2\/product\/121800","targetHints":{"allow":["GET"]}}],"collection":[{"href":"https:\/\/www.ivinio.com\/en\/wp-json\/wp\/v2\/product"}],"about":[{"href":"https:\/\/www.ivinio.com\/en\/wp-json\/wp\/v2\/types\/product"}],"replies":[{"embeddable":true,"href":"https:\/\/www.ivinio.com\/en\/wp-json\/wp\/v2\/comments?post=121800"}],"wp:featuredmedia":[{"embeddable":true,"href":"https:\/\/www.ivinio.com\/en\/wp-json\/wp\/v2\/media\/135116"}],"wp:attachment":[{"href":"https:\/\/www.ivinio.com\/en\/wp-json\/wp\/v2\/media?parent=121800"}],"wp:term":[{"taxonomy":"product_brand","embeddable":true,"href":"https:\/\/www.ivinio.com\/en\/wp-json\/wp\/v2\/product_brand?post=121800"},{"taxonomy":"product_cat","embeddable":true,"href":"https:\/\/www.ivinio.com\/en\/wp-json\/wp\/v2\/product_cat?post=121800"},{"taxonomy":"product_tag","embeddable":true,"href":"https:\/\/www.ivinio.com\/en\/wp-json\/wp\/v2\/product_tag?post=121800"}],"curies":[{"name":"wp","href":"https:\/\/api.w.org\/{rel}","templated":true}]}}