{"id":121679,"date":"2017-08-30T19:56:30","date_gmt":"2017-08-30T19:56:30","guid":{"rendered":"https:\/\/henrik.www.ivinio.com\/?product=chateau-de-pressac-saint-emilion-grand-cru-red"},"modified":"2024-01-26T18:54:11","modified_gmt":"2024-01-26T17:54:11","slug":"chateau-de-pressac-saint-emilion-grand-cru-red","status":"publish","type":"product","link":"https:\/\/www.ivinio.com\/en\/product\/chateau-de-pressac-saint-emilion-grand-cru-red\/","title":{"rendered":"Ch\u00e2teau de Pressac \u2013 Saint Emilion Grand Cru \u2013 Red"},"content":{"rendered":"<p><a href=\"https:\/\/www.chateaudepressac.com\/fr\/\">Ch\u00e2teau de Pressac <\/a>\u2013 Saint Emilion Grand Cru \u2013 Red wine is made from 77 % Merlot, 11 % Cabernet sauvignon, 9 % Cabernet franc, 2 % Carm\u00e9n\u00e8re och 1 % Malbec. The wine growing is conducted on 36 hectares of land. Manual harvest in wooden boxes. Triple sorting of the grapes &#8211; 2 on vibrating tables and a 1 optical thinning. Maceration for 2-5 days at low temperature. Fermentation with regular pigeage and remontage for 18 to 24 days. Malolactic fermentation, partly in oak barrels. Storage on oak barrels, of which half are new, for 18 months.<\/p>\n","protected":false},"excerpt":{"rendered":"<p>Ch\u00e2teau de Pressac is a great\u00a0Grand Cru Class\u00e9 which alongside Merlot is also produced by Cabernet Franc, Cabernet Sauvignon, Malbec, Carm\u00e9n\u00e8re for a great complexity!<\/p>\n<p>&nbsp;<\/p>\n","protected":false},"featured_media":121681,"comment_status":"open","ping_status":"closed","template":"","meta":{"_monsterinsights_skip_tracking":false,"_monsterinsights_sitenote_active":false,"_monsterinsights_sitenote_note":"","_monsterinsights_sitenote_category":0,"_uf_show_specific_survey":0,"_uf_disable_surveys":false},"product_brand":[],"product_cat":[36632,36587],"product_tag":[],"class_list":{"0":"post-121679","1":"product","2":"type-product","3":"status-publish","4":"has-post-thumbnail","6":"product_cat-en-bordeaux","7":"product_cat-french-wines","8":"pa_awards-falstaff-en","9":"pa_awards-james-suckling-en","10":"pa_awards-le-figaro-en","11":"pa_awards-the-wine-advocate-en","12":"pa_awards-vinous-antonio-galloni-en","13":"pa_awards-wine-spectator-en","14":"pa_classification-aop-saint-emilion-grand-cru-en","15":"pa_color-red","16":"pa_country-france-en","17":"pa_grape-variety-cabernet-franc-en","18":"pa_grape-variety-cabernet-sauvignon-en","19":"pa_grape-variety-carmenere-en","20":"pa_grape-variety-merlot","21":"pa_package-1x1-en","22":"pa_package-1x6-en","23":"pa_region-bordeaux","24":"pa_storage-potential-minimum-10-years","25":"pa_vintage-2019-en","26":"pa_volume-75-cl-en","28":"first","29":"instock","30":"taxable","31":"shipping-taxable","32":"purchasable","33":"product-type-variable"},"bundled_by":[],"bundle_stock_status":"instock","bundle_stock_quantity":null,"bundle_virtual":false,"bundle_layout":"","bundle_add_to_cart_form_location":"","bundle_editable_in_cart":false,"bundle_sold_individually_context":"","bundle_item_grouping":"","bundle_min_size":"","bundle_max_size":"","bundle_price":[],"bundled_items":[],"bundle_sell_ids":[],"yoast_head":"<!-- This site is optimized with the Yoast SEO plugin v27.6 - https:\/\/yoast.com\/product\/yoast-seo-wordpress\/ -->\n<title>Buy Ch\u00e2teau de Pressac \u2013 Saint Emilion Grand Cru \u2013 Red wine - IVINIO Wine Shop<\/title>\n<meta name=\"description\" content=\"Ch\u00e2teau de Pressac \u2013 Saint Emilion Grand Cru \u2013 Red wine. Made from different grape varieties for a great complexity!\" \/>\n<meta name=\"robots\" content=\"index, follow, max-snippet:-1, max-image-preview:large, max-video-preview:-1\" \/>\n<link rel=\"canonical\" href=\"https:\/\/www.ivinio.com\/en\/product\/chateau-de-pressac-saint-emilion-grand-cru-red\/\" \/>\n<meta property=\"og:locale\" content=\"en_US\" \/>\n<meta property=\"og:type\" content=\"article\" \/>\n<meta property=\"og:title\" content=\"Buy Ch\u00e2teau de Pressac \u2013 Saint Emilion Grand Cru \u2013 Red wine - IVINIO Wine Shop\" \/>\n<meta property=\"og:description\" content=\"Ch\u00e2teau de Pressac \u2013 Saint Emilion Grand Cru \u2013 Red wine. Made from different grape varieties for a great complexity!\" \/>\n<meta property=\"og:url\" content=\"https:\/\/www.ivinio.com\/en\/product\/chateau-de-pressac-saint-emilion-grand-cru-red\/\" \/>\n<meta property=\"og:site_name\" content=\"IVINIO Wine Shop\" \/>\n<meta property=\"article:publisher\" content=\"https:\/\/www.facebook.com\/groups\/165217837022391\/?ref=bookmarks\" \/>\n<meta property=\"article:modified_time\" content=\"2024-01-26T17:54:11+00:00\" \/>\n<meta property=\"og:image\" content=\"https:\/\/www.ivinio.com\/wp-content\/uploads\/nc\/public\/modules\/file\/pictures\/6994.chateau-de-pressac-ivinio.jpg\" \/>\n\t<meta property=\"og:image:width\" content=\"500\" \/>\n\t<meta property=\"og:image:height\" content=\"500\" \/>\n\t<meta property=\"og:image:type\" content=\"image\/jpeg\" \/>\n<meta name=\"twitter:card\" content=\"summary_large_image\" \/>\n<meta name=\"twitter:label1\" content=\"Est. reading time\" \/>\n\t<meta name=\"twitter:data1\" content=\"1 minute\" \/>\n<script type=\"application\/ld+json\" class=\"yoast-schema-graph\">{\"@context\":\"https:\\\/\\\/schema.org\",\"@graph\":[{\"@type\":\"WebPage\",\"@id\":\"https:\\\/\\\/www.ivinio.com\\\/en\\\/product\\\/chateau-de-pressac-saint-emilion-grand-cru-red\\\/\",\"url\":\"https:\\\/\\\/www.ivinio.com\\\/en\\\/product\\\/chateau-de-pressac-saint-emilion-grand-cru-red\\\/\",\"name\":\"Buy Ch\u00e2teau de Pressac \u2013 Saint Emilion Grand Cru \u2013 Red wine - IVINIO Wine Shop\",\"isPartOf\":{\"@id\":\"https:\\\/\\\/www.ivinio.com\\\/en\\\/#website\"},\"primaryImageOfPage\":{\"@id\":\"https:\\\/\\\/www.ivinio.com\\\/en\\\/product\\\/chateau-de-pressac-saint-emilion-grand-cru-red\\\/#primaryimage\"},\"image\":{\"@id\":\"https:\\\/\\\/www.ivinio.com\\\/en\\\/product\\\/chateau-de-pressac-saint-emilion-grand-cru-red\\\/#primaryimage\"},\"thumbnailUrl\":\"https:\\\/\\\/www.ivinio.com\\\/wp-content\\\/uploads\\\/nc\\\/public\\\/modules\\\/file\\\/pictures\\\/6994.chateau-de-pressac-ivinio.jpg\",\"datePublished\":\"2017-08-30T19:56:30+00:00\",\"dateModified\":\"2024-01-26T17:54:11+00:00\",\"description\":\"Ch\u00e2teau de Pressac \u2013 Saint Emilion Grand Cru \u2013 Red wine. Made from different grape varieties for a great complexity!\",\"breadcrumb\":{\"@id\":\"https:\\\/\\\/www.ivinio.com\\\/en\\\/product\\\/chateau-de-pressac-saint-emilion-grand-cru-red\\\/#breadcrumb\"},\"inLanguage\":\"en-US\",\"potentialAction\":[{\"@type\":\"ReadAction\",\"target\":[\"https:\\\/\\\/www.ivinio.com\\\/en\\\/product\\\/chateau-de-pressac-saint-emilion-grand-cru-red\\\/\"]}]},{\"@type\":\"ImageObject\",\"inLanguage\":\"en-US\",\"@id\":\"https:\\\/\\\/www.ivinio.com\\\/en\\\/product\\\/chateau-de-pressac-saint-emilion-grand-cru-red\\\/#primaryimage\",\"url\":\"https:\\\/\\\/www.ivinio.com\\\/wp-content\\\/uploads\\\/nc\\\/public\\\/modules\\\/file\\\/pictures\\\/6994.chateau-de-pressac-ivinio.jpg\",\"contentUrl\":\"https:\\\/\\\/www.ivinio.com\\\/wp-content\\\/uploads\\\/nc\\\/public\\\/modules\\\/file\\\/pictures\\\/6994.chateau-de-pressac-ivinio.jpg\",\"width\":500,\"height\":500,\"caption\":\"Ch\u00e2teau de Pressac\u2013 Saint Emilion Grand Cru\"},{\"@type\":\"BreadcrumbList\",\"@id\":\"https:\\\/\\\/www.ivinio.com\\\/en\\\/product\\\/chateau-de-pressac-saint-emilion-grand-cru-red\\\/#breadcrumb\",\"itemListElement\":[{\"@type\":\"ListItem\",\"position\":1,\"name\":\"Home\",\"item\":\"https:\\\/\\\/www.ivinio.com\\\/en\\\/\"},{\"@type\":\"ListItem\",\"position\":2,\"name\":\"Wine-shop\",\"item\":\"https:\\\/\\\/www.ivinio.com\\\/en\\\/wine-shop\\\/\"},{\"@type\":\"ListItem\",\"position\":3,\"name\":\"Ch\u00e2teau de Pressac \u2013 Saint Emilion Grand Cru \u2013 Red\"}]},{\"@type\":\"WebSite\",\"@id\":\"https:\\\/\\\/www.ivinio.com\\\/en\\\/#website\",\"url\":\"https:\\\/\\\/www.ivinio.com\\\/en\\\/\",\"name\":\"IVINIO Wine Shop\",\"description\":\"French and Italian wines with delivery to your door\",\"publisher\":{\"@id\":\"https:\\\/\\\/www.ivinio.com\\\/en\\\/#organization\"},\"potentialAction\":[{\"@type\":\"SearchAction\",\"target\":{\"@type\":\"EntryPoint\",\"urlTemplate\":\"https:\\\/\\\/www.ivinio.com\\\/en\\\/?s={search_term_string}\"},\"query-input\":{\"@type\":\"PropertyValueSpecification\",\"valueRequired\":true,\"valueName\":\"search_term_string\"}}],\"inLanguage\":\"en-US\"},{\"@type\":\"Organization\",\"@id\":\"https:\\\/\\\/www.ivinio.com\\\/en\\\/#organization\",\"name\":\"IVINIO\",\"url\":\"https:\\\/\\\/www.ivinio.com\\\/en\\\/\",\"logo\":{\"@type\":\"ImageObject\",\"inLanguage\":\"en-US\",\"@id\":\"https:\\\/\\\/www.ivinio.com\\\/en\\\/#\\\/schema\\\/logo\\\/image\\\/\",\"url\":\"https:\\\/\\\/www.ivinio.com\\\/wp-content\\\/uploads\\\/2021\\\/01\\\/Logo-Ivinio-v2.jpg\",\"contentUrl\":\"https:\\\/\\\/www.ivinio.com\\\/wp-content\\\/uploads\\\/2021\\\/01\\\/Logo-Ivinio-v2.jpg\",\"width\":1194,\"height\":1194,\"caption\":\"IVINIO\"},\"image\":{\"@id\":\"https:\\\/\\\/www.ivinio.com\\\/en\\\/#\\\/schema\\\/logo\\\/image\\\/\"},\"sameAs\":[\"https:\\\/\\\/www.facebook.com\\\/groups\\\/165217837022391\\\/?ref=bookmarks\",\"https:\\\/\\\/www.instagram.com\\\/_ivinio_\\\/?hl=fr\"]}]}<\/script>\n<!-- \/ Yoast SEO plugin. -->","yoast_head_json":{"title":"Buy Ch\u00e2teau de Pressac \u2013 Saint Emilion Grand Cru \u2013 Red wine - IVINIO Wine Shop","description":"Ch\u00e2teau de Pressac \u2013 Saint Emilion Grand Cru \u2013 Red wine. Made from different grape varieties for a great complexity!","robots":{"index":"index","follow":"follow","max-snippet":"max-snippet:-1","max-image-preview":"max-image-preview:large","max-video-preview":"max-video-preview:-1"},"canonical":"https:\/\/www.ivinio.com\/en\/product\/chateau-de-pressac-saint-emilion-grand-cru-red\/","og_locale":"en_US","og_type":"article","og_title":"Buy Ch\u00e2teau de Pressac \u2013 Saint Emilion Grand Cru \u2013 Red wine - IVINIO Wine Shop","og_description":"Ch\u00e2teau de Pressac \u2013 Saint Emilion Grand Cru \u2013 Red wine. Made from different grape varieties for a great complexity!","og_url":"https:\/\/www.ivinio.com\/en\/product\/chateau-de-pressac-saint-emilion-grand-cru-red\/","og_site_name":"IVINIO Wine Shop","article_publisher":"https:\/\/www.facebook.com\/groups\/165217837022391\/?ref=bookmarks","article_modified_time":"2024-01-26T17:54:11+00:00","og_image":[{"width":500,"height":500,"url":"https:\/\/www.ivinio.com\/wp-content\/uploads\/nc\/public\/modules\/file\/pictures\/6994.chateau-de-pressac-ivinio.jpg","type":"image\/jpeg"}],"twitter_card":"summary_large_image","twitter_misc":{"Est. reading time":"1 minute"},"schema":{"@context":"https:\/\/schema.org","@graph":[{"@type":"WebPage","@id":"https:\/\/www.ivinio.com\/en\/product\/chateau-de-pressac-saint-emilion-grand-cru-red\/","url":"https:\/\/www.ivinio.com\/en\/product\/chateau-de-pressac-saint-emilion-grand-cru-red\/","name":"Buy Ch\u00e2teau de Pressac \u2013 Saint Emilion Grand Cru \u2013 Red wine - IVINIO Wine Shop","isPartOf":{"@id":"https:\/\/www.ivinio.com\/en\/#website"},"primaryImageOfPage":{"@id":"https:\/\/www.ivinio.com\/en\/product\/chateau-de-pressac-saint-emilion-grand-cru-red\/#primaryimage"},"image":{"@id":"https:\/\/www.ivinio.com\/en\/product\/chateau-de-pressac-saint-emilion-grand-cru-red\/#primaryimage"},"thumbnailUrl":"https:\/\/www.ivinio.com\/wp-content\/uploads\/nc\/public\/modules\/file\/pictures\/6994.chateau-de-pressac-ivinio.jpg","datePublished":"2017-08-30T19:56:30+00:00","dateModified":"2024-01-26T17:54:11+00:00","description":"Ch\u00e2teau de Pressac \u2013 Saint Emilion Grand Cru \u2013 Red wine. Made from different grape varieties for a great complexity!","breadcrumb":{"@id":"https:\/\/www.ivinio.com\/en\/product\/chateau-de-pressac-saint-emilion-grand-cru-red\/#breadcrumb"},"inLanguage":"en-US","potentialAction":[{"@type":"ReadAction","target":["https:\/\/www.ivinio.com\/en\/product\/chateau-de-pressac-saint-emilion-grand-cru-red\/"]}]},{"@type":"ImageObject","inLanguage":"en-US","@id":"https:\/\/www.ivinio.com\/en\/product\/chateau-de-pressac-saint-emilion-grand-cru-red\/#primaryimage","url":"https:\/\/www.ivinio.com\/wp-content\/uploads\/nc\/public\/modules\/file\/pictures\/6994.chateau-de-pressac-ivinio.jpg","contentUrl":"https:\/\/www.ivinio.com\/wp-content\/uploads\/nc\/public\/modules\/file\/pictures\/6994.chateau-de-pressac-ivinio.jpg","width":500,"height":500,"caption":"Ch\u00e2teau de Pressac\u2013 Saint Emilion Grand Cru"},{"@type":"BreadcrumbList","@id":"https:\/\/www.ivinio.com\/en\/product\/chateau-de-pressac-saint-emilion-grand-cru-red\/#breadcrumb","itemListElement":[{"@type":"ListItem","position":1,"name":"Home","item":"https:\/\/www.ivinio.com\/en\/"},{"@type":"ListItem","position":2,"name":"Wine-shop","item":"https:\/\/www.ivinio.com\/en\/wine-shop\/"},{"@type":"ListItem","position":3,"name":"Ch\u00e2teau de Pressac \u2013 Saint Emilion Grand Cru \u2013 Red"}]},{"@type":"WebSite","@id":"https:\/\/www.ivinio.com\/en\/#website","url":"https:\/\/www.ivinio.com\/en\/","name":"IVINIO Wine Shop","description":"French and Italian wines with delivery to your door","publisher":{"@id":"https:\/\/www.ivinio.com\/en\/#organization"},"potentialAction":[{"@type":"SearchAction","target":{"@type":"EntryPoint","urlTemplate":"https:\/\/www.ivinio.com\/en\/?s={search_term_string}"},"query-input":{"@type":"PropertyValueSpecification","valueRequired":true,"valueName":"search_term_string"}}],"inLanguage":"en-US"},{"@type":"Organization","@id":"https:\/\/www.ivinio.com\/en\/#organization","name":"IVINIO","url":"https:\/\/www.ivinio.com\/en\/","logo":{"@type":"ImageObject","inLanguage":"en-US","@id":"https:\/\/www.ivinio.com\/en\/#\/schema\/logo\/image\/","url":"https:\/\/www.ivinio.com\/wp-content\/uploads\/2021\/01\/Logo-Ivinio-v2.jpg","contentUrl":"https:\/\/www.ivinio.com\/wp-content\/uploads\/2021\/01\/Logo-Ivinio-v2.jpg","width":1194,"height":1194,"caption":"IVINIO"},"image":{"@id":"https:\/\/www.ivinio.com\/en\/#\/schema\/logo\/image\/"},"sameAs":["https:\/\/www.facebook.com\/groups\/165217837022391\/?ref=bookmarks","https:\/\/www.instagram.com\/_ivinio_\/?hl=fr"]}]}},"jetpack_sharing_enabled":true,"_links":{"self":[{"href":"https:\/\/www.ivinio.com\/en\/wp-json\/wp\/v2\/product\/121679","targetHints":{"allow":["GET"]}}],"collection":[{"href":"https:\/\/www.ivinio.com\/en\/wp-json\/wp\/v2\/product"}],"about":[{"href":"https:\/\/www.ivinio.com\/en\/wp-json\/wp\/v2\/types\/product"}],"replies":[{"embeddable":true,"href":"https:\/\/www.ivinio.com\/en\/wp-json\/wp\/v2\/comments?post=121679"}],"wp:featuredmedia":[{"embeddable":true,"href":"https:\/\/www.ivinio.com\/en\/wp-json\/wp\/v2\/media\/121681"}],"wp:attachment":[{"href":"https:\/\/www.ivinio.com\/en\/wp-json\/wp\/v2\/media?parent=121679"}],"wp:term":[{"taxonomy":"product_brand","embeddable":true,"href":"https:\/\/www.ivinio.com\/en\/wp-json\/wp\/v2\/product_brand?post=121679"},{"taxonomy":"product_cat","embeddable":true,"href":"https:\/\/www.ivinio.com\/en\/wp-json\/wp\/v2\/product_cat?post=121679"},{"taxonomy":"product_tag","embeddable":true,"href":"https:\/\/www.ivinio.com\/en\/wp-json\/wp\/v2\/product_tag?post=121679"}],"curies":[{"name":"wp","href":"https:\/\/api.w.org\/{rel}","templated":true}]}}