{"id":121418,"date":"2018-11-05T17:54:53","date_gmt":"2018-11-05T17:54:53","guid":{"rendered":"https:\/\/henrik.www.ivinio.com\/?product=besserat-de-bellefon-cuvee-des-moines-rose"},"modified":"2026-04-14T09:52:10","modified_gmt":"2026-04-14T07:52:10","slug":"besserat-de-bellefon-rose-brut","status":"publish","type":"product","link":"https:\/\/www.ivinio.com\/en\/product\/besserat-de-bellefon-rose-brut\/","title":{"rendered":"Besserat de Bellefon &#8211; Ros\u00e9 Brut"},"content":{"rendered":"<p>Besserat de Bellefon Ros\u00e9 Brut is made from 30% Chardonnay and 30% Pinot Noir and % Pinot Meunier .<\/p>\n","protected":false},"excerpt":{"rendered":"<p><span class=\"JLqJ4b ChMk0b\" data-language-for-alternatives=\"en\" data-language-to-translate-into=\"sv\" data-phrase-index=\"2\">Besserat de Bellefon Ros\u00e9 Brut is a refined ros\u00e9 champagne with hints of blackberries and black currants.<\/span> <span class=\"JLqJ4b ChMk0b\" data-language-for-alternatives=\"en\" data-language-to-translate-into=\"sv\" data-phrase-index=\"3\">To serve as an aperitif, with a grilled shrimp skewer or at the end of the meal with a fruit salad !<\/span><\/p>\n","protected":false},"featured_media":122713,"comment_status":"open","ping_status":"closed","template":"","meta":{"_monsterinsights_skip_tracking":false,"_monsterinsights_sitenote_active":false,"_monsterinsights_sitenote_note":"","_monsterinsights_sitenote_category":0,"_uf_show_specific_survey":0,"_uf_disable_surveys":false},"product_brand":[],"product_cat":[36615,36588],"product_tag":[],"class_list":{"0":"post-121418","1":"product","2":"type-product","3":"status-publish","4":"has-post-thumbnail","6":"product_cat-sv-champagne","7":"product_cat-franska-viner","8":"pa_alcohol-degree-12-sv","9":"pa_awards-the-wine-advocate","10":"pa_awards-wine-enthusiast","11":"pa_awards-wine-spectator","12":"pa_classification-aop-champagne-sv","13":"pa_grape-variety-chardonnay-sv","14":"pa_grape-variety-pinot-meunier","15":"pa_grape-variety-pinot-noir-sv","16":"pa_package-1x1-sv","17":"pa_package-1x6-sv","18":"pa_region-champagne-sv","19":"pa_volume-75-cl-sv","21":"first","22":"instock","23":"taxable","24":"shipping-taxable","25":"purchasable","26":"product-type-variable"},"bundled_by":[],"bundle_stock_status":"instock","bundle_stock_quantity":null,"bundle_virtual":false,"bundle_layout":"","bundle_add_to_cart_form_location":"","bundle_editable_in_cart":false,"bundle_sold_individually_context":"","bundle_item_grouping":"","bundle_min_size":"","bundle_max_size":"","bundle_price":[],"bundled_items":[],"bundle_sell_ids":[],"yoast_head":"<!-- This site is optimized with the Yoast SEO plugin v27.4 - https:\/\/yoast.com\/product\/yoast-seo-wordpress\/ -->\n<title>Buy Besserat de Bellefon - Ros\u00e9 Brut - IVINIO Wine Shop<\/title>\n<meta name=\"description\" content=\"Buy Besserat de Bellefon - Ros\u00e9 Brut. Elegant with hints of blackberries and black currants. As an aperitif or with a grilled shrimp skewer.\" \/>\n<meta name=\"robots\" content=\"index, follow, max-snippet:-1, max-image-preview:large, max-video-preview:-1\" \/>\n<link rel=\"canonical\" href=\"https:\/\/www.ivinio.com\/en\/product\/besserat-de-bellefon-rose-brut\/\" \/>\n<meta property=\"og:locale\" content=\"en_US\" \/>\n<meta property=\"og:type\" content=\"article\" \/>\n<meta property=\"og:title\" content=\"Buy Besserat de Bellefon - Ros\u00e9 Brut - IVINIO Wine Shop\" \/>\n<meta property=\"og:description\" content=\"Buy Besserat de Bellefon - Ros\u00e9 Brut. Elegant with hints of blackberries and black currants. As an aperitif or with a grilled shrimp skewer.\" \/>\n<meta property=\"og:url\" content=\"https:\/\/www.ivinio.com\/en\/product\/besserat-de-bellefon-rose-brut\/\" \/>\n<meta property=\"og:site_name\" content=\"IVINIO Wine Shop\" \/>\n<meta property=\"article:publisher\" content=\"https:\/\/www.facebook.com\/groups\/165217837022391\/?ref=bookmarks\" \/>\n<meta property=\"article:modified_time\" content=\"2026-04-14T07:52:10+00:00\" \/>\n<meta property=\"og:image\" content=\"https:\/\/www.ivinio.com\/wp-content\/uploads\/2018\/11\/Besserat-de-Bellefon-rose-brut-IVINIO.jpg\" \/>\n\t<meta property=\"og:image:width\" content=\"600\" \/>\n\t<meta property=\"og:image:height\" content=\"600\" \/>\n\t<meta property=\"og:image:type\" content=\"image\/jpeg\" \/>\n<meta name=\"twitter:card\" content=\"summary_large_image\" \/>\n<script type=\"application\/ld+json\" class=\"yoast-schema-graph\">{\"@context\":\"https:\\\/\\\/schema.org\",\"@graph\":[{\"@type\":\"WebPage\",\"@id\":\"https:\\\/\\\/www.ivinio.com\\\/en\\\/product\\\/besserat-de-bellefon-rose-brut\\\/\",\"url\":\"https:\\\/\\\/www.ivinio.com\\\/en\\\/product\\\/besserat-de-bellefon-rose-brut\\\/\",\"name\":\"Buy Besserat de Bellefon - Ros\u00e9 Brut - IVINIO Wine Shop\",\"isPartOf\":{\"@id\":\"https:\\\/\\\/www.ivinio.com\\\/en\\\/#website\"},\"primaryImageOfPage\":{\"@id\":\"https:\\\/\\\/www.ivinio.com\\\/en\\\/product\\\/besserat-de-bellefon-rose-brut\\\/#primaryimage\"},\"image\":{\"@id\":\"https:\\\/\\\/www.ivinio.com\\\/en\\\/product\\\/besserat-de-bellefon-rose-brut\\\/#primaryimage\"},\"thumbnailUrl\":\"https:\\\/\\\/www.ivinio.com\\\/wp-content\\\/uploads\\\/2018\\\/11\\\/Besserat-de-Bellefon-rose-brut-IVINIO.jpg\",\"datePublished\":\"2018-11-05T17:54:53+00:00\",\"dateModified\":\"2026-04-14T07:52:10+00:00\",\"description\":\"Buy Besserat de Bellefon - Ros\u00e9 Brut. Elegant with hints of blackberries and black currants. As an aperitif or with a grilled shrimp skewer.\",\"breadcrumb\":{\"@id\":\"https:\\\/\\\/www.ivinio.com\\\/en\\\/product\\\/besserat-de-bellefon-rose-brut\\\/#breadcrumb\"},\"inLanguage\":\"en-US\",\"potentialAction\":[{\"@type\":\"ReadAction\",\"target\":[\"https:\\\/\\\/www.ivinio.com\\\/en\\\/product\\\/besserat-de-bellefon-rose-brut\\\/\"]}]},{\"@type\":\"ImageObject\",\"inLanguage\":\"en-US\",\"@id\":\"https:\\\/\\\/www.ivinio.com\\\/en\\\/product\\\/besserat-de-bellefon-rose-brut\\\/#primaryimage\",\"url\":\"https:\\\/\\\/www.ivinio.com\\\/wp-content\\\/uploads\\\/2018\\\/11\\\/Besserat-de-Bellefon-rose-brut-IVINIO.jpg\",\"contentUrl\":\"https:\\\/\\\/www.ivinio.com\\\/wp-content\\\/uploads\\\/2018\\\/11\\\/Besserat-de-Bellefon-rose-brut-IVINIO.jpg\",\"width\":600,\"height\":600,\"caption\":\"nslag av bj\u00f6rnb\u00e4r och svart vinb\u00e4r. Att servera som aperitif, till ett grillat r\u00e4kspett eller i slutet av m\u00e5ltiden till en fruktsallad !\"},{\"@type\":\"BreadcrumbList\",\"@id\":\"https:\\\/\\\/www.ivinio.com\\\/en\\\/product\\\/besserat-de-bellefon-rose-brut\\\/#breadcrumb\",\"itemListElement\":[{\"@type\":\"ListItem\",\"position\":1,\"name\":\"Home\",\"item\":\"https:\\\/\\\/www.ivinio.com\\\/en\\\/\"},{\"@type\":\"ListItem\",\"position\":2,\"name\":\"Wine-shop\",\"item\":\"https:\\\/\\\/www.ivinio.com\\\/en\\\/wine-shop\\\/\"},{\"@type\":\"ListItem\",\"position\":3,\"name\":\"Besserat de Bellefon &#8211; Ros\u00e9 Brut\"}]},{\"@type\":\"WebSite\",\"@id\":\"https:\\\/\\\/www.ivinio.com\\\/en\\\/#website\",\"url\":\"https:\\\/\\\/www.ivinio.com\\\/en\\\/\",\"name\":\"IVINIO Wine Shop\",\"description\":\"French and Italian wines with delivery to your door\",\"publisher\":{\"@id\":\"https:\\\/\\\/www.ivinio.com\\\/en\\\/#organization\"},\"potentialAction\":[{\"@type\":\"SearchAction\",\"target\":{\"@type\":\"EntryPoint\",\"urlTemplate\":\"https:\\\/\\\/www.ivinio.com\\\/en\\\/?s={search_term_string}\"},\"query-input\":{\"@type\":\"PropertyValueSpecification\",\"valueRequired\":true,\"valueName\":\"search_term_string\"}}],\"inLanguage\":\"en-US\"},{\"@type\":\"Organization\",\"@id\":\"https:\\\/\\\/www.ivinio.com\\\/en\\\/#organization\",\"name\":\"IVINIO\",\"url\":\"https:\\\/\\\/www.ivinio.com\\\/en\\\/\",\"logo\":{\"@type\":\"ImageObject\",\"inLanguage\":\"en-US\",\"@id\":\"https:\\\/\\\/www.ivinio.com\\\/en\\\/#\\\/schema\\\/logo\\\/image\\\/\",\"url\":\"https:\\\/\\\/www.ivinio.com\\\/wp-content\\\/uploads\\\/2021\\\/01\\\/Logo-Ivinio-v2.jpg\",\"contentUrl\":\"https:\\\/\\\/www.ivinio.com\\\/wp-content\\\/uploads\\\/2021\\\/01\\\/Logo-Ivinio-v2.jpg\",\"width\":1194,\"height\":1194,\"caption\":\"IVINIO\"},\"image\":{\"@id\":\"https:\\\/\\\/www.ivinio.com\\\/en\\\/#\\\/schema\\\/logo\\\/image\\\/\"},\"sameAs\":[\"https:\\\/\\\/www.facebook.com\\\/groups\\\/165217837022391\\\/?ref=bookmarks\",\"https:\\\/\\\/www.instagram.com\\\/_ivinio_\\\/?hl=fr\"]}]}<\/script>\n<!-- \/ Yoast SEO plugin. -->","yoast_head_json":{"title":"Buy Besserat de Bellefon - Ros\u00e9 Brut - IVINIO Wine Shop","description":"Buy Besserat de Bellefon - Ros\u00e9 Brut. Elegant with hints of blackberries and black currants. As an aperitif or with a grilled shrimp skewer.","robots":{"index":"index","follow":"follow","max-snippet":"max-snippet:-1","max-image-preview":"max-image-preview:large","max-video-preview":"max-video-preview:-1"},"canonical":"https:\/\/www.ivinio.com\/en\/product\/besserat-de-bellefon-rose-brut\/","og_locale":"en_US","og_type":"article","og_title":"Buy Besserat de Bellefon - Ros\u00e9 Brut - IVINIO Wine Shop","og_description":"Buy Besserat de Bellefon - Ros\u00e9 Brut. Elegant with hints of blackberries and black currants. As an aperitif or with a grilled shrimp skewer.","og_url":"https:\/\/www.ivinio.com\/en\/product\/besserat-de-bellefon-rose-brut\/","og_site_name":"IVINIO Wine Shop","article_publisher":"https:\/\/www.facebook.com\/groups\/165217837022391\/?ref=bookmarks","article_modified_time":"2026-04-14T07:52:10+00:00","og_image":[{"width":600,"height":600,"url":"https:\/\/www.ivinio.com\/wp-content\/uploads\/2018\/11\/Besserat-de-Bellefon-rose-brut-IVINIO.jpg","type":"image\/jpeg"}],"twitter_card":"summary_large_image","schema":{"@context":"https:\/\/schema.org","@graph":[{"@type":"WebPage","@id":"https:\/\/www.ivinio.com\/en\/product\/besserat-de-bellefon-rose-brut\/","url":"https:\/\/www.ivinio.com\/en\/product\/besserat-de-bellefon-rose-brut\/","name":"Buy Besserat de Bellefon - Ros\u00e9 Brut - IVINIO Wine Shop","isPartOf":{"@id":"https:\/\/www.ivinio.com\/en\/#website"},"primaryImageOfPage":{"@id":"https:\/\/www.ivinio.com\/en\/product\/besserat-de-bellefon-rose-brut\/#primaryimage"},"image":{"@id":"https:\/\/www.ivinio.com\/en\/product\/besserat-de-bellefon-rose-brut\/#primaryimage"},"thumbnailUrl":"https:\/\/www.ivinio.com\/wp-content\/uploads\/2018\/11\/Besserat-de-Bellefon-rose-brut-IVINIO.jpg","datePublished":"2018-11-05T17:54:53+00:00","dateModified":"2026-04-14T07:52:10+00:00","description":"Buy Besserat de Bellefon - Ros\u00e9 Brut. Elegant with hints of blackberries and black currants. As an aperitif or with a grilled shrimp skewer.","breadcrumb":{"@id":"https:\/\/www.ivinio.com\/en\/product\/besserat-de-bellefon-rose-brut\/#breadcrumb"},"inLanguage":"en-US","potentialAction":[{"@type":"ReadAction","target":["https:\/\/www.ivinio.com\/en\/product\/besserat-de-bellefon-rose-brut\/"]}]},{"@type":"ImageObject","inLanguage":"en-US","@id":"https:\/\/www.ivinio.com\/en\/product\/besserat-de-bellefon-rose-brut\/#primaryimage","url":"https:\/\/www.ivinio.com\/wp-content\/uploads\/2018\/11\/Besserat-de-Bellefon-rose-brut-IVINIO.jpg","contentUrl":"https:\/\/www.ivinio.com\/wp-content\/uploads\/2018\/11\/Besserat-de-Bellefon-rose-brut-IVINIO.jpg","width":600,"height":600,"caption":"nslag av bj\u00f6rnb\u00e4r och svart vinb\u00e4r. Att servera som aperitif, till ett grillat r\u00e4kspett eller i slutet av m\u00e5ltiden till en fruktsallad !"},{"@type":"BreadcrumbList","@id":"https:\/\/www.ivinio.com\/en\/product\/besserat-de-bellefon-rose-brut\/#breadcrumb","itemListElement":[{"@type":"ListItem","position":1,"name":"Home","item":"https:\/\/www.ivinio.com\/en\/"},{"@type":"ListItem","position":2,"name":"Wine-shop","item":"https:\/\/www.ivinio.com\/en\/wine-shop\/"},{"@type":"ListItem","position":3,"name":"Besserat de Bellefon &#8211; Ros\u00e9 Brut"}]},{"@type":"WebSite","@id":"https:\/\/www.ivinio.com\/en\/#website","url":"https:\/\/www.ivinio.com\/en\/","name":"IVINIO Wine Shop","description":"French and Italian wines with delivery to your door","publisher":{"@id":"https:\/\/www.ivinio.com\/en\/#organization"},"potentialAction":[{"@type":"SearchAction","target":{"@type":"EntryPoint","urlTemplate":"https:\/\/www.ivinio.com\/en\/?s={search_term_string}"},"query-input":{"@type":"PropertyValueSpecification","valueRequired":true,"valueName":"search_term_string"}}],"inLanguage":"en-US"},{"@type":"Organization","@id":"https:\/\/www.ivinio.com\/en\/#organization","name":"IVINIO","url":"https:\/\/www.ivinio.com\/en\/","logo":{"@type":"ImageObject","inLanguage":"en-US","@id":"https:\/\/www.ivinio.com\/en\/#\/schema\/logo\/image\/","url":"https:\/\/www.ivinio.com\/wp-content\/uploads\/2021\/01\/Logo-Ivinio-v2.jpg","contentUrl":"https:\/\/www.ivinio.com\/wp-content\/uploads\/2021\/01\/Logo-Ivinio-v2.jpg","width":1194,"height":1194,"caption":"IVINIO"},"image":{"@id":"https:\/\/www.ivinio.com\/en\/#\/schema\/logo\/image\/"},"sameAs":["https:\/\/www.facebook.com\/groups\/165217837022391\/?ref=bookmarks","https:\/\/www.instagram.com\/_ivinio_\/?hl=fr"]}]}},"jetpack_sharing_enabled":true,"_links":{"self":[{"href":"https:\/\/www.ivinio.com\/en\/wp-json\/wp\/v2\/product\/121418","targetHints":{"allow":["GET"]}}],"collection":[{"href":"https:\/\/www.ivinio.com\/en\/wp-json\/wp\/v2\/product"}],"about":[{"href":"https:\/\/www.ivinio.com\/en\/wp-json\/wp\/v2\/types\/product"}],"replies":[{"embeddable":true,"href":"https:\/\/www.ivinio.com\/en\/wp-json\/wp\/v2\/comments?post=121418"}],"wp:featuredmedia":[{"embeddable":true,"href":"https:\/\/www.ivinio.com\/en\/wp-json\/wp\/v2\/media\/122713"}],"wp:attachment":[{"href":"https:\/\/www.ivinio.com\/en\/wp-json\/wp\/v2\/media?parent=121418"}],"wp:term":[{"taxonomy":"product_brand","embeddable":true,"href":"https:\/\/www.ivinio.com\/en\/wp-json\/wp\/v2\/product_brand?post=121418"},{"taxonomy":"product_cat","embeddable":true,"href":"https:\/\/www.ivinio.com\/en\/wp-json\/wp\/v2\/product_cat?post=121418"},{"taxonomy":"product_tag","embeddable":true,"href":"https:\/\/www.ivinio.com\/en\/wp-json\/wp\/v2\/product_tag?post=121418"}],"curies":[{"name":"wp","href":"https:\/\/api.w.org\/{rel}","templated":true}]}}