{"id":121337,"date":"2018-10-11T13:12:25","date_gmt":"2018-10-11T13:12:25","guid":{"rendered":"https:\/\/henrik.www.ivinio.com\/?product=chateau-la-louviere-pessac-leognan-2012-red"},"modified":"2022-03-13T11:10:46","modified_gmt":"2022-03-13T10:10:46","slug":"chateau-la-louviere-pessac-leognan-red","status":"publish","type":"product","link":"https:\/\/www.ivinio.com\/en\/product\/chateau-la-louviere-pessac-leognan-red\/","title":{"rendered":"Ch\u00e2teau La Louvi\u00e8re &#8211; Pessac L\u00e9ognan &#8211; Red"},"content":{"rendered":"<p>Ch\u00e2teau La Louvi\u00e8re is made from 64% Cabernet Sauvignon, 30% Merlot, 3% Cabernet Franc and 3% Petit Verdot. The grapes are harvested\u00a0by hand in baskets and then fermented at 28-30 \u00b0 C in steel tanks according to\u00a0a patented system,\u00a0where the\u00a0&#8220;hat\u00a0(chapeau)&#8221; on the surface is\u00a0broken down, as well as in concrete tanks with stirring (pigeage). The wine is stored for 12 months on oak barrels, of which 40% are new barrels and is then\u00a0clarified with egg white before the wine is bottled.<\/p>\n","protected":false},"excerpt":{"rendered":"<p>La Louvi\u00e8re is a classic Bordeaux\u00a0from the\u00a0Pessac-L\u00e9ognan appellation! A very elegant red wine with complex aromas of strawberries, raspberries, light tobacco and vanilla!<\/p>\n","protected":false},"featured_media":121339,"comment_status":"open","ping_status":"closed","template":"","meta":{"_monsterinsights_skip_tracking":false,"_monsterinsights_sitenote_active":false,"_monsterinsights_sitenote_note":"","_monsterinsights_sitenote_category":0,"_uf_show_specific_survey":0,"_uf_disable_surveys":false},"product_brand":[],"product_cat":[36632,36587],"product_tag":[],"class_list":{"0":"post-121337","1":"product","2":"type-product","3":"status-publish","4":"has-post-thumbnail","6":"product_cat-en-bordeaux","7":"product_cat-french-wines","8":"pa_alcohol-degree-13-en","9":"pa_awards-decanter-en","10":"pa_awards-gault-millau-vins-en","11":"pa_awards-guide-hachette-en","12":"pa_awards-jancis-robinson-en","13":"pa_awards-la-revue-du-vins-de-france-en","14":"pa_awards-le-point-en","15":"pa_awards-the-wine-advocate-en","16":"pa_awards-wine-enthusiast-en","17":"pa_awards-wine-spectator-en","18":"pa_classification-aop-pessac-leognan-en","19":"pa_color-red","20":"pa_country-france-en","21":"pa_grape-variety-cabernet-franc-en","22":"pa_grape-variety-cabernet-sauvignon-en","23":"pa_grape-variety-merlot","24":"pa_grape-variety-petit-verdot-en","25":"pa_package-1x1-en","26":"pa_package-1x6-en","27":"pa_region-bordeaux","28":"pa_storage-potential-more-than-10-years","29":"pa_vintage-2014-en","31":"first","32":"instock","33":"taxable","34":"shipping-taxable","35":"purchasable","36":"product-type-variable"},"bundled_by":[],"bundle_stock_status":"instock","bundle_stock_quantity":null,"bundle_virtual":false,"bundle_layout":"","bundle_add_to_cart_form_location":"","bundle_editable_in_cart":false,"bundle_sold_individually_context":"","bundle_item_grouping":"","bundle_min_size":"","bundle_max_size":"","bundle_price":[],"bundled_items":[],"bundle_sell_ids":[],"yoast_head":"<!-- This site is optimized with the Yoast SEO plugin v27.5 - https:\/\/yoast.com\/product\/yoast-seo-wordpress\/ -->\n<title>Buy Ch\u00e2teau La Louvi\u00e8re - Pessac L\u00e9ognan - IVINIO Wine Shop<\/title>\n<meta name=\"description\" content=\"Buy Ch\u00e2teau La Louvi\u00e8re - Pessac L\u00e9ognan. Elegant red wine with complex aromas of strawberries, raspberries, light tobacco and vanilla!\" \/>\n<meta name=\"robots\" content=\"index, follow, max-snippet:-1, max-image-preview:large, max-video-preview:-1\" \/>\n<link rel=\"canonical\" href=\"https:\/\/www.ivinio.com\/en\/product\/chateau-la-louviere-pessac-leognan-red\/\" \/>\n<meta property=\"og:locale\" content=\"en_US\" \/>\n<meta property=\"og:type\" content=\"article\" \/>\n<meta property=\"og:title\" content=\"Buy Ch\u00e2teau La Louvi\u00e8re - Pessac L\u00e9ognan - IVINIO Wine Shop\" \/>\n<meta property=\"og:description\" content=\"Buy Ch\u00e2teau La Louvi\u00e8re - Pessac L\u00e9ognan. Elegant red wine with complex aromas of strawberries, raspberries, light tobacco and vanilla!\" \/>\n<meta property=\"og:url\" content=\"https:\/\/www.ivinio.com\/en\/product\/chateau-la-louviere-pessac-leognan-red\/\" \/>\n<meta property=\"og:site_name\" content=\"IVINIO Wine Shop\" \/>\n<meta property=\"article:publisher\" content=\"https:\/\/www.facebook.com\/groups\/165217837022391\/?ref=bookmarks\" \/>\n<meta property=\"article:modified_time\" content=\"2022-03-13T10:10:46+00:00\" \/>\n<meta property=\"og:image\" content=\"https:\/\/www.ivinio.com\/wp-content\/uploads\/nc\/public\/modules\/file\/pictures\/6826.Ch-teau-La-louvi-re-pessac-l-ognan-IVINIO.jpg\" \/>\n\t<meta property=\"og:image:width\" content=\"500\" \/>\n\t<meta property=\"og:image:height\" content=\"500\" \/>\n\t<meta property=\"og:image:type\" content=\"image\/jpeg\" \/>\n<meta name=\"twitter:card\" content=\"summary_large_image\" \/>\n<script type=\"application\/ld+json\" class=\"yoast-schema-graph\">{\"@context\":\"https:\\\/\\\/schema.org\",\"@graph\":[{\"@type\":\"WebPage\",\"@id\":\"https:\\\/\\\/www.ivinio.com\\\/en\\\/product\\\/chateau-la-louviere-pessac-leognan-red\\\/\",\"url\":\"https:\\\/\\\/www.ivinio.com\\\/en\\\/product\\\/chateau-la-louviere-pessac-leognan-red\\\/\",\"name\":\"Buy Ch\u00e2teau La Louvi\u00e8re - Pessac L\u00e9ognan - IVINIO Wine Shop\",\"isPartOf\":{\"@id\":\"https:\\\/\\\/www.ivinio.com\\\/en\\\/#website\"},\"primaryImageOfPage\":{\"@id\":\"https:\\\/\\\/www.ivinio.com\\\/en\\\/product\\\/chateau-la-louviere-pessac-leognan-red\\\/#primaryimage\"},\"image\":{\"@id\":\"https:\\\/\\\/www.ivinio.com\\\/en\\\/product\\\/chateau-la-louviere-pessac-leognan-red\\\/#primaryimage\"},\"thumbnailUrl\":\"https:\\\/\\\/www.ivinio.com\\\/wp-content\\\/uploads\\\/nc\\\/public\\\/modules\\\/file\\\/pictures\\\/6826.Ch-teau-La-louvi-re-pessac-l-ognan-IVINIO.jpg\",\"datePublished\":\"2018-10-11T13:12:25+00:00\",\"dateModified\":\"2022-03-13T10:10:46+00:00\",\"description\":\"Buy Ch\u00e2teau La Louvi\u00e8re - Pessac L\u00e9ognan. Elegant red wine with complex aromas of strawberries, raspberries, light tobacco and vanilla!\",\"breadcrumb\":{\"@id\":\"https:\\\/\\\/www.ivinio.com\\\/en\\\/product\\\/chateau-la-louviere-pessac-leognan-red\\\/#breadcrumb\"},\"inLanguage\":\"en-US\",\"potentialAction\":[{\"@type\":\"ReadAction\",\"target\":[\"https:\\\/\\\/www.ivinio.com\\\/en\\\/product\\\/chateau-la-louviere-pessac-leognan-red\\\/\"]}]},{\"@type\":\"ImageObject\",\"inLanguage\":\"en-US\",\"@id\":\"https:\\\/\\\/www.ivinio.com\\\/en\\\/product\\\/chateau-la-louviere-pessac-leognan-red\\\/#primaryimage\",\"url\":\"https:\\\/\\\/www.ivinio.com\\\/wp-content\\\/uploads\\\/nc\\\/public\\\/modules\\\/file\\\/pictures\\\/6826.Ch-teau-La-louvi-re-pessac-l-ognan-IVINIO.jpg\",\"contentUrl\":\"https:\\\/\\\/www.ivinio.com\\\/wp-content\\\/uploads\\\/nc\\\/public\\\/modules\\\/file\\\/pictures\\\/6826.Ch-teau-La-louvi-re-pessac-l-ognan-IVINIO.jpg\",\"width\":500,\"height\":500,\"caption\":\"La Louvi\u00e8re - Pessac L\u00e9ognan\"},{\"@type\":\"BreadcrumbList\",\"@id\":\"https:\\\/\\\/www.ivinio.com\\\/en\\\/product\\\/chateau-la-louviere-pessac-leognan-red\\\/#breadcrumb\",\"itemListElement\":[{\"@type\":\"ListItem\",\"position\":1,\"name\":\"Home\",\"item\":\"https:\\\/\\\/www.ivinio.com\\\/en\\\/\"},{\"@type\":\"ListItem\",\"position\":2,\"name\":\"Wine-shop\",\"item\":\"https:\\\/\\\/www.ivinio.com\\\/en\\\/wine-shop\\\/\"},{\"@type\":\"ListItem\",\"position\":3,\"name\":\"Ch\u00e2teau La Louvi\u00e8re &#8211; Pessac L\u00e9ognan &#8211; Red\"}]},{\"@type\":\"WebSite\",\"@id\":\"https:\\\/\\\/www.ivinio.com\\\/en\\\/#website\",\"url\":\"https:\\\/\\\/www.ivinio.com\\\/en\\\/\",\"name\":\"IVINIO Wine Shop\",\"description\":\"French and Italian wines with delivery to your door\",\"publisher\":{\"@id\":\"https:\\\/\\\/www.ivinio.com\\\/en\\\/#organization\"},\"potentialAction\":[{\"@type\":\"SearchAction\",\"target\":{\"@type\":\"EntryPoint\",\"urlTemplate\":\"https:\\\/\\\/www.ivinio.com\\\/en\\\/?s={search_term_string}\"},\"query-input\":{\"@type\":\"PropertyValueSpecification\",\"valueRequired\":true,\"valueName\":\"search_term_string\"}}],\"inLanguage\":\"en-US\"},{\"@type\":\"Organization\",\"@id\":\"https:\\\/\\\/www.ivinio.com\\\/en\\\/#organization\",\"name\":\"IVINIO\",\"url\":\"https:\\\/\\\/www.ivinio.com\\\/en\\\/\",\"logo\":{\"@type\":\"ImageObject\",\"inLanguage\":\"en-US\",\"@id\":\"https:\\\/\\\/www.ivinio.com\\\/en\\\/#\\\/schema\\\/logo\\\/image\\\/\",\"url\":\"https:\\\/\\\/www.ivinio.com\\\/wp-content\\\/uploads\\\/2021\\\/01\\\/Logo-Ivinio-v2.jpg\",\"contentUrl\":\"https:\\\/\\\/www.ivinio.com\\\/wp-content\\\/uploads\\\/2021\\\/01\\\/Logo-Ivinio-v2.jpg\",\"width\":1194,\"height\":1194,\"caption\":\"IVINIO\"},\"image\":{\"@id\":\"https:\\\/\\\/www.ivinio.com\\\/en\\\/#\\\/schema\\\/logo\\\/image\\\/\"},\"sameAs\":[\"https:\\\/\\\/www.facebook.com\\\/groups\\\/165217837022391\\\/?ref=bookmarks\",\"https:\\\/\\\/www.instagram.com\\\/_ivinio_\\\/?hl=fr\"]}]}<\/script>\n<!-- \/ Yoast SEO plugin. -->","yoast_head_json":{"title":"Buy Ch\u00e2teau La Louvi\u00e8re - Pessac L\u00e9ognan - IVINIO Wine Shop","description":"Buy Ch\u00e2teau La Louvi\u00e8re - Pessac L\u00e9ognan. Elegant red wine with complex aromas of strawberries, raspberries, light tobacco and vanilla!","robots":{"index":"index","follow":"follow","max-snippet":"max-snippet:-1","max-image-preview":"max-image-preview:large","max-video-preview":"max-video-preview:-1"},"canonical":"https:\/\/www.ivinio.com\/en\/product\/chateau-la-louviere-pessac-leognan-red\/","og_locale":"en_US","og_type":"article","og_title":"Buy Ch\u00e2teau La Louvi\u00e8re - Pessac L\u00e9ognan - IVINIO Wine Shop","og_description":"Buy Ch\u00e2teau La Louvi\u00e8re - Pessac L\u00e9ognan. Elegant red wine with complex aromas of strawberries, raspberries, light tobacco and vanilla!","og_url":"https:\/\/www.ivinio.com\/en\/product\/chateau-la-louviere-pessac-leognan-red\/","og_site_name":"IVINIO Wine Shop","article_publisher":"https:\/\/www.facebook.com\/groups\/165217837022391\/?ref=bookmarks","article_modified_time":"2022-03-13T10:10:46+00:00","og_image":[{"width":500,"height":500,"url":"https:\/\/www.ivinio.com\/wp-content\/uploads\/nc\/public\/modules\/file\/pictures\/6826.Ch-teau-La-louvi-re-pessac-l-ognan-IVINIO.jpg","type":"image\/jpeg"}],"twitter_card":"summary_large_image","schema":{"@context":"https:\/\/schema.org","@graph":[{"@type":"WebPage","@id":"https:\/\/www.ivinio.com\/en\/product\/chateau-la-louviere-pessac-leognan-red\/","url":"https:\/\/www.ivinio.com\/en\/product\/chateau-la-louviere-pessac-leognan-red\/","name":"Buy Ch\u00e2teau La Louvi\u00e8re - Pessac L\u00e9ognan - IVINIO Wine Shop","isPartOf":{"@id":"https:\/\/www.ivinio.com\/en\/#website"},"primaryImageOfPage":{"@id":"https:\/\/www.ivinio.com\/en\/product\/chateau-la-louviere-pessac-leognan-red\/#primaryimage"},"image":{"@id":"https:\/\/www.ivinio.com\/en\/product\/chateau-la-louviere-pessac-leognan-red\/#primaryimage"},"thumbnailUrl":"https:\/\/www.ivinio.com\/wp-content\/uploads\/nc\/public\/modules\/file\/pictures\/6826.Ch-teau-La-louvi-re-pessac-l-ognan-IVINIO.jpg","datePublished":"2018-10-11T13:12:25+00:00","dateModified":"2022-03-13T10:10:46+00:00","description":"Buy Ch\u00e2teau La Louvi\u00e8re - Pessac L\u00e9ognan. Elegant red wine with complex aromas of strawberries, raspberries, light tobacco and vanilla!","breadcrumb":{"@id":"https:\/\/www.ivinio.com\/en\/product\/chateau-la-louviere-pessac-leognan-red\/#breadcrumb"},"inLanguage":"en-US","potentialAction":[{"@type":"ReadAction","target":["https:\/\/www.ivinio.com\/en\/product\/chateau-la-louviere-pessac-leognan-red\/"]}]},{"@type":"ImageObject","inLanguage":"en-US","@id":"https:\/\/www.ivinio.com\/en\/product\/chateau-la-louviere-pessac-leognan-red\/#primaryimage","url":"https:\/\/www.ivinio.com\/wp-content\/uploads\/nc\/public\/modules\/file\/pictures\/6826.Ch-teau-La-louvi-re-pessac-l-ognan-IVINIO.jpg","contentUrl":"https:\/\/www.ivinio.com\/wp-content\/uploads\/nc\/public\/modules\/file\/pictures\/6826.Ch-teau-La-louvi-re-pessac-l-ognan-IVINIO.jpg","width":500,"height":500,"caption":"La Louvi\u00e8re - Pessac L\u00e9ognan"},{"@type":"BreadcrumbList","@id":"https:\/\/www.ivinio.com\/en\/product\/chateau-la-louviere-pessac-leognan-red\/#breadcrumb","itemListElement":[{"@type":"ListItem","position":1,"name":"Home","item":"https:\/\/www.ivinio.com\/en\/"},{"@type":"ListItem","position":2,"name":"Wine-shop","item":"https:\/\/www.ivinio.com\/en\/wine-shop\/"},{"@type":"ListItem","position":3,"name":"Ch\u00e2teau La Louvi\u00e8re &#8211; Pessac L\u00e9ognan &#8211; Red"}]},{"@type":"WebSite","@id":"https:\/\/www.ivinio.com\/en\/#website","url":"https:\/\/www.ivinio.com\/en\/","name":"IVINIO Wine Shop","description":"French and Italian wines with delivery to your door","publisher":{"@id":"https:\/\/www.ivinio.com\/en\/#organization"},"potentialAction":[{"@type":"SearchAction","target":{"@type":"EntryPoint","urlTemplate":"https:\/\/www.ivinio.com\/en\/?s={search_term_string}"},"query-input":{"@type":"PropertyValueSpecification","valueRequired":true,"valueName":"search_term_string"}}],"inLanguage":"en-US"},{"@type":"Organization","@id":"https:\/\/www.ivinio.com\/en\/#organization","name":"IVINIO","url":"https:\/\/www.ivinio.com\/en\/","logo":{"@type":"ImageObject","inLanguage":"en-US","@id":"https:\/\/www.ivinio.com\/en\/#\/schema\/logo\/image\/","url":"https:\/\/www.ivinio.com\/wp-content\/uploads\/2021\/01\/Logo-Ivinio-v2.jpg","contentUrl":"https:\/\/www.ivinio.com\/wp-content\/uploads\/2021\/01\/Logo-Ivinio-v2.jpg","width":1194,"height":1194,"caption":"IVINIO"},"image":{"@id":"https:\/\/www.ivinio.com\/en\/#\/schema\/logo\/image\/"},"sameAs":["https:\/\/www.facebook.com\/groups\/165217837022391\/?ref=bookmarks","https:\/\/www.instagram.com\/_ivinio_\/?hl=fr"]}]}},"jetpack_sharing_enabled":true,"_links":{"self":[{"href":"https:\/\/www.ivinio.com\/en\/wp-json\/wp\/v2\/product\/121337","targetHints":{"allow":["GET"]}}],"collection":[{"href":"https:\/\/www.ivinio.com\/en\/wp-json\/wp\/v2\/product"}],"about":[{"href":"https:\/\/www.ivinio.com\/en\/wp-json\/wp\/v2\/types\/product"}],"replies":[{"embeddable":true,"href":"https:\/\/www.ivinio.com\/en\/wp-json\/wp\/v2\/comments?post=121337"}],"wp:featuredmedia":[{"embeddable":true,"href":"https:\/\/www.ivinio.com\/en\/wp-json\/wp\/v2\/media\/121339"}],"wp:attachment":[{"href":"https:\/\/www.ivinio.com\/en\/wp-json\/wp\/v2\/media?parent=121337"}],"wp:term":[{"taxonomy":"product_brand","embeddable":true,"href":"https:\/\/www.ivinio.com\/en\/wp-json\/wp\/v2\/product_brand?post=121337"},{"taxonomy":"product_cat","embeddable":true,"href":"https:\/\/www.ivinio.com\/en\/wp-json\/wp\/v2\/product_cat?post=121337"},{"taxonomy":"product_tag","embeddable":true,"href":"https:\/\/www.ivinio.com\/en\/wp-json\/wp\/v2\/product_tag?post=121337"}],"curies":[{"name":"wp","href":"https:\/\/api.w.org\/{rel}","templated":true}]}}