{"id":121286,"date":"2018-09-21T12:53:09","date_gmt":"2018-09-21T12:53:09","guid":{"rendered":"https:\/\/henrik.www.ivinio.com\/?product=perrier-jouet-grand-brut-champagne"},"modified":"2022-09-08T17:58:59","modified_gmt":"2022-09-08T15:58:59","slug":"perrier-jouet-grand-brut-champagne","status":"publish","type":"product","link":"https:\/\/www.ivinio.com\/en\/product\/perrier-jouet-grand-brut-champagne\/","title":{"rendered":"Perrier-Jou\u00ebt &#8211; Grand Brut &#8211; Champagne"},"content":{"rendered":"<p>The Grand Brut from Perrier-Jou\u00ebt is made from 20% Chardonnay from the C\u00f4te des Blancs for elegance and sophistication. The structure is created with 40% Pinot Noir from Montage de Reims, Vall\u00e9e de la Marne and de l&#8217;Aube with Cru wines like Riceys. The whole is\u00a0completed with 40% Pinot Meunier. The harvest is done manually and the vinification is done according to the classic method in steel tanks at controlled temperature. The wine is produced from about fifty different Cru wines. The continuity of the Perrier-Jou\u00ebt style is achieved by mixing the vintage wine with up to 20% reserve wine. The wine is stored for more than 2 years in bottle before it goes on sale.<\/p>\n","protected":false},"excerpt":{"rendered":"<p>Grand Brut\u00a0is a style reference for the ancient Champagne House Perrier-Jou\u00ebt. Well-balanced aromas between\u00a0fruit and white flowers, suitable for dishes with raw fish such as a salmon carpaccio or for chicken fillet.<\/p>\n","protected":false},"featured_media":121288,"comment_status":"open","ping_status":"closed","template":"","meta":{"_monsterinsights_skip_tracking":false,"_monsterinsights_sitenote_active":false,"_monsterinsights_sitenote_note":"","_monsterinsights_sitenote_category":0,"_uf_show_specific_survey":0,"_uf_disable_surveys":false},"product_brand":[],"product_cat":[36614,36587],"product_tag":[],"class_list":{"0":"post-121286","1":"product","2":"type-product","3":"status-publish","4":"has-post-thumbnail","6":"product_cat-en-champagne","7":"product_cat-french-wines","8":"pa_alcohol-degree-12-en","9":"pa_awards-decanter-en","10":"pa_awards-gilbert-et-gaillard-en","11":"pa_awards-la-revue-du-vins-de-france-en","12":"pa_awards-wine-enthusiast-en","13":"pa_awards-wine-spectator-en","14":"pa_classification-aop-champagne-en","15":"pa_color-sparkling-en","16":"pa_country-france-en","17":"pa_grape-variety-chardonnay-en","18":"pa_grape-variety-pinot-meunier-en","19":"pa_grape-variety-pinot-noir","20":"pa_package-1x1-en","21":"pa_package-1x6-en","22":"pa_region-champagne","23":"pa_storage-potential-3-years-en","24":"pa_volume-75-cl-en","26":"first","27":"instock","28":"taxable","29":"shipping-taxable","30":"purchasable","31":"product-type-variable"},"bundled_by":[],"bundle_stock_status":"instock","bundle_stock_quantity":null,"bundle_virtual":false,"bundle_layout":"","bundle_add_to_cart_form_location":"","bundle_editable_in_cart":false,"bundle_sold_individually_context":"","bundle_item_grouping":"","bundle_min_size":"","bundle_max_size":"","bundle_price":[],"bundled_items":[],"bundle_sell_ids":[],"yoast_head":"<!-- This site is optimized with the Yoast SEO plugin v27.5 - https:\/\/yoast.com\/product\/yoast-seo-wordpress\/ -->\n<title>Buy Perrier-Jou\u00ebt - Grand Brut - Champagne - IVINIO Wine Shop<\/title>\n<meta name=\"description\" content=\"Buy Perrier-Jou\u00ebt - Grand Brut - Champagne. A style reference for the ancient Champagne House Perrier-Jou\u00ebt. Harmonic aromas of fruit and white flowers.\" \/>\n<meta name=\"robots\" content=\"index, follow, max-snippet:-1, max-image-preview:large, max-video-preview:-1\" \/>\n<link rel=\"canonical\" href=\"https:\/\/www.ivinio.com\/en\/product\/perrier-jouet-grand-brut-champagne\/\" \/>\n<meta property=\"og:locale\" content=\"en_US\" \/>\n<meta property=\"og:type\" content=\"article\" \/>\n<meta property=\"og:title\" content=\"Buy Perrier-Jou\u00ebt - Grand Brut - Champagne - IVINIO Wine Shop\" \/>\n<meta property=\"og:description\" content=\"Buy Perrier-Jou\u00ebt - Grand Brut - Champagne. A style reference for the ancient Champagne House Perrier-Jou\u00ebt. Harmonic aromas of fruit and white flowers.\" \/>\n<meta property=\"og:url\" content=\"https:\/\/www.ivinio.com\/en\/product\/perrier-jouet-grand-brut-champagne\/\" \/>\n<meta property=\"og:site_name\" content=\"IVINIO Wine Shop\" \/>\n<meta property=\"article:publisher\" content=\"https:\/\/www.facebook.com\/groups\/165217837022391\/?ref=bookmarks\" \/>\n<meta property=\"article:modified_time\" content=\"2022-09-08T15:58:59+00:00\" \/>\n<meta property=\"og:image\" content=\"https:\/\/www.ivinio.com\/wp-content\/uploads\/nc\/public\/modules\/file\/pictures\/6808.Perrier-Jouet-grand-brut-ivinio.jpg\" \/>\n\t<meta property=\"og:image:width\" content=\"500\" \/>\n\t<meta property=\"og:image:height\" content=\"500\" \/>\n\t<meta property=\"og:image:type\" content=\"image\/jpeg\" \/>\n<meta name=\"twitter:card\" content=\"summary_large_image\" \/>\n<meta name=\"twitter:label1\" content=\"Est. reading time\" \/>\n\t<meta name=\"twitter:data1\" content=\"1 minute\" \/>\n<script type=\"application\/ld+json\" class=\"yoast-schema-graph\">{\"@context\":\"https:\\\/\\\/schema.org\",\"@graph\":[{\"@type\":\"WebPage\",\"@id\":\"https:\\\/\\\/www.ivinio.com\\\/en\\\/product\\\/perrier-jouet-grand-brut-champagne\\\/\",\"url\":\"https:\\\/\\\/www.ivinio.com\\\/en\\\/product\\\/perrier-jouet-grand-brut-champagne\\\/\",\"name\":\"Buy Perrier-Jou\u00ebt - Grand Brut - Champagne - IVINIO Wine Shop\",\"isPartOf\":{\"@id\":\"https:\\\/\\\/www.ivinio.com\\\/en\\\/#website\"},\"primaryImageOfPage\":{\"@id\":\"https:\\\/\\\/www.ivinio.com\\\/en\\\/product\\\/perrier-jouet-grand-brut-champagne\\\/#primaryimage\"},\"image\":{\"@id\":\"https:\\\/\\\/www.ivinio.com\\\/en\\\/product\\\/perrier-jouet-grand-brut-champagne\\\/#primaryimage\"},\"thumbnailUrl\":\"https:\\\/\\\/www.ivinio.com\\\/wp-content\\\/uploads\\\/nc\\\/public\\\/modules\\\/file\\\/pictures\\\/6808.Perrier-Jouet-grand-brut-ivinio.jpg\",\"datePublished\":\"2018-09-21T12:53:09+00:00\",\"dateModified\":\"2022-09-08T15:58:59+00:00\",\"description\":\"Buy Perrier-Jou\u00ebt - Grand Brut - Champagne. A style reference for the ancient Champagne House Perrier-Jou\u00ebt. Harmonic aromas of fruit and white flowers.\",\"breadcrumb\":{\"@id\":\"https:\\\/\\\/www.ivinio.com\\\/en\\\/product\\\/perrier-jouet-grand-brut-champagne\\\/#breadcrumb\"},\"inLanguage\":\"en-US\",\"potentialAction\":[{\"@type\":\"ReadAction\",\"target\":[\"https:\\\/\\\/www.ivinio.com\\\/en\\\/product\\\/perrier-jouet-grand-brut-champagne\\\/\"]}]},{\"@type\":\"ImageObject\",\"inLanguage\":\"en-US\",\"@id\":\"https:\\\/\\\/www.ivinio.com\\\/en\\\/product\\\/perrier-jouet-grand-brut-champagne\\\/#primaryimage\",\"url\":\"https:\\\/\\\/www.ivinio.com\\\/wp-content\\\/uploads\\\/nc\\\/public\\\/modules\\\/file\\\/pictures\\\/6808.Perrier-Jouet-grand-brut-ivinio.jpg\",\"contentUrl\":\"https:\\\/\\\/www.ivinio.com\\\/wp-content\\\/uploads\\\/nc\\\/public\\\/modules\\\/file\\\/pictures\\\/6808.Perrier-Jouet-grand-brut-ivinio.jpg\",\"width\":500,\"height\":500,\"caption\":\"Perrier-Jou\u00ebt - Grand Brut - Champagne\"},{\"@type\":\"BreadcrumbList\",\"@id\":\"https:\\\/\\\/www.ivinio.com\\\/en\\\/product\\\/perrier-jouet-grand-brut-champagne\\\/#breadcrumb\",\"itemListElement\":[{\"@type\":\"ListItem\",\"position\":1,\"name\":\"Home\",\"item\":\"https:\\\/\\\/www.ivinio.com\\\/en\\\/\"},{\"@type\":\"ListItem\",\"position\":2,\"name\":\"Wine-shop\",\"item\":\"https:\\\/\\\/www.ivinio.com\\\/en\\\/wine-shop\\\/\"},{\"@type\":\"ListItem\",\"position\":3,\"name\":\"Perrier-Jou\u00ebt &#8211; Grand Brut &#8211; Champagne\"}]},{\"@type\":\"WebSite\",\"@id\":\"https:\\\/\\\/www.ivinio.com\\\/en\\\/#website\",\"url\":\"https:\\\/\\\/www.ivinio.com\\\/en\\\/\",\"name\":\"IVINIO Wine Shop\",\"description\":\"French and Italian wines with delivery to your door\",\"publisher\":{\"@id\":\"https:\\\/\\\/www.ivinio.com\\\/en\\\/#organization\"},\"potentialAction\":[{\"@type\":\"SearchAction\",\"target\":{\"@type\":\"EntryPoint\",\"urlTemplate\":\"https:\\\/\\\/www.ivinio.com\\\/en\\\/?s={search_term_string}\"},\"query-input\":{\"@type\":\"PropertyValueSpecification\",\"valueRequired\":true,\"valueName\":\"search_term_string\"}}],\"inLanguage\":\"en-US\"},{\"@type\":\"Organization\",\"@id\":\"https:\\\/\\\/www.ivinio.com\\\/en\\\/#organization\",\"name\":\"IVINIO\",\"url\":\"https:\\\/\\\/www.ivinio.com\\\/en\\\/\",\"logo\":{\"@type\":\"ImageObject\",\"inLanguage\":\"en-US\",\"@id\":\"https:\\\/\\\/www.ivinio.com\\\/en\\\/#\\\/schema\\\/logo\\\/image\\\/\",\"url\":\"https:\\\/\\\/www.ivinio.com\\\/wp-content\\\/uploads\\\/2021\\\/01\\\/Logo-Ivinio-v2.jpg\",\"contentUrl\":\"https:\\\/\\\/www.ivinio.com\\\/wp-content\\\/uploads\\\/2021\\\/01\\\/Logo-Ivinio-v2.jpg\",\"width\":1194,\"height\":1194,\"caption\":\"IVINIO\"},\"image\":{\"@id\":\"https:\\\/\\\/www.ivinio.com\\\/en\\\/#\\\/schema\\\/logo\\\/image\\\/\"},\"sameAs\":[\"https:\\\/\\\/www.facebook.com\\\/groups\\\/165217837022391\\\/?ref=bookmarks\",\"https:\\\/\\\/www.instagram.com\\\/_ivinio_\\\/?hl=fr\"]}]}<\/script>\n<!-- \/ Yoast SEO plugin. -->","yoast_head_json":{"title":"Buy Perrier-Jou\u00ebt - Grand Brut - Champagne - IVINIO Wine Shop","description":"Buy Perrier-Jou\u00ebt - Grand Brut - Champagne. A style reference for the ancient Champagne House Perrier-Jou\u00ebt. Harmonic aromas of fruit and white flowers.","robots":{"index":"index","follow":"follow","max-snippet":"max-snippet:-1","max-image-preview":"max-image-preview:large","max-video-preview":"max-video-preview:-1"},"canonical":"https:\/\/www.ivinio.com\/en\/product\/perrier-jouet-grand-brut-champagne\/","og_locale":"en_US","og_type":"article","og_title":"Buy Perrier-Jou\u00ebt - Grand Brut - Champagne - IVINIO Wine Shop","og_description":"Buy Perrier-Jou\u00ebt - Grand Brut - Champagne. A style reference for the ancient Champagne House Perrier-Jou\u00ebt. Harmonic aromas of fruit and white flowers.","og_url":"https:\/\/www.ivinio.com\/en\/product\/perrier-jouet-grand-brut-champagne\/","og_site_name":"IVINIO Wine Shop","article_publisher":"https:\/\/www.facebook.com\/groups\/165217837022391\/?ref=bookmarks","article_modified_time":"2022-09-08T15:58:59+00:00","og_image":[{"width":500,"height":500,"url":"https:\/\/www.ivinio.com\/wp-content\/uploads\/nc\/public\/modules\/file\/pictures\/6808.Perrier-Jouet-grand-brut-ivinio.jpg","type":"image\/jpeg"}],"twitter_card":"summary_large_image","twitter_misc":{"Est. reading time":"1 minute"},"schema":{"@context":"https:\/\/schema.org","@graph":[{"@type":"WebPage","@id":"https:\/\/www.ivinio.com\/en\/product\/perrier-jouet-grand-brut-champagne\/","url":"https:\/\/www.ivinio.com\/en\/product\/perrier-jouet-grand-brut-champagne\/","name":"Buy Perrier-Jou\u00ebt - Grand Brut - Champagne - IVINIO Wine Shop","isPartOf":{"@id":"https:\/\/www.ivinio.com\/en\/#website"},"primaryImageOfPage":{"@id":"https:\/\/www.ivinio.com\/en\/product\/perrier-jouet-grand-brut-champagne\/#primaryimage"},"image":{"@id":"https:\/\/www.ivinio.com\/en\/product\/perrier-jouet-grand-brut-champagne\/#primaryimage"},"thumbnailUrl":"https:\/\/www.ivinio.com\/wp-content\/uploads\/nc\/public\/modules\/file\/pictures\/6808.Perrier-Jouet-grand-brut-ivinio.jpg","datePublished":"2018-09-21T12:53:09+00:00","dateModified":"2022-09-08T15:58:59+00:00","description":"Buy Perrier-Jou\u00ebt - Grand Brut - Champagne. A style reference for the ancient Champagne House Perrier-Jou\u00ebt. Harmonic aromas of fruit and white flowers.","breadcrumb":{"@id":"https:\/\/www.ivinio.com\/en\/product\/perrier-jouet-grand-brut-champagne\/#breadcrumb"},"inLanguage":"en-US","potentialAction":[{"@type":"ReadAction","target":["https:\/\/www.ivinio.com\/en\/product\/perrier-jouet-grand-brut-champagne\/"]}]},{"@type":"ImageObject","inLanguage":"en-US","@id":"https:\/\/www.ivinio.com\/en\/product\/perrier-jouet-grand-brut-champagne\/#primaryimage","url":"https:\/\/www.ivinio.com\/wp-content\/uploads\/nc\/public\/modules\/file\/pictures\/6808.Perrier-Jouet-grand-brut-ivinio.jpg","contentUrl":"https:\/\/www.ivinio.com\/wp-content\/uploads\/nc\/public\/modules\/file\/pictures\/6808.Perrier-Jouet-grand-brut-ivinio.jpg","width":500,"height":500,"caption":"Perrier-Jou\u00ebt - Grand Brut - Champagne"},{"@type":"BreadcrumbList","@id":"https:\/\/www.ivinio.com\/en\/product\/perrier-jouet-grand-brut-champagne\/#breadcrumb","itemListElement":[{"@type":"ListItem","position":1,"name":"Home","item":"https:\/\/www.ivinio.com\/en\/"},{"@type":"ListItem","position":2,"name":"Wine-shop","item":"https:\/\/www.ivinio.com\/en\/wine-shop\/"},{"@type":"ListItem","position":3,"name":"Perrier-Jou\u00ebt &#8211; Grand Brut &#8211; Champagne"}]},{"@type":"WebSite","@id":"https:\/\/www.ivinio.com\/en\/#website","url":"https:\/\/www.ivinio.com\/en\/","name":"IVINIO Wine Shop","description":"French and Italian wines with delivery to your door","publisher":{"@id":"https:\/\/www.ivinio.com\/en\/#organization"},"potentialAction":[{"@type":"SearchAction","target":{"@type":"EntryPoint","urlTemplate":"https:\/\/www.ivinio.com\/en\/?s={search_term_string}"},"query-input":{"@type":"PropertyValueSpecification","valueRequired":true,"valueName":"search_term_string"}}],"inLanguage":"en-US"},{"@type":"Organization","@id":"https:\/\/www.ivinio.com\/en\/#organization","name":"IVINIO","url":"https:\/\/www.ivinio.com\/en\/","logo":{"@type":"ImageObject","inLanguage":"en-US","@id":"https:\/\/www.ivinio.com\/en\/#\/schema\/logo\/image\/","url":"https:\/\/www.ivinio.com\/wp-content\/uploads\/2021\/01\/Logo-Ivinio-v2.jpg","contentUrl":"https:\/\/www.ivinio.com\/wp-content\/uploads\/2021\/01\/Logo-Ivinio-v2.jpg","width":1194,"height":1194,"caption":"IVINIO"},"image":{"@id":"https:\/\/www.ivinio.com\/en\/#\/schema\/logo\/image\/"},"sameAs":["https:\/\/www.facebook.com\/groups\/165217837022391\/?ref=bookmarks","https:\/\/www.instagram.com\/_ivinio_\/?hl=fr"]}]}},"jetpack_sharing_enabled":true,"_links":{"self":[{"href":"https:\/\/www.ivinio.com\/en\/wp-json\/wp\/v2\/product\/121286","targetHints":{"allow":["GET"]}}],"collection":[{"href":"https:\/\/www.ivinio.com\/en\/wp-json\/wp\/v2\/product"}],"about":[{"href":"https:\/\/www.ivinio.com\/en\/wp-json\/wp\/v2\/types\/product"}],"replies":[{"embeddable":true,"href":"https:\/\/www.ivinio.com\/en\/wp-json\/wp\/v2\/comments?post=121286"}],"wp:featuredmedia":[{"embeddable":true,"href":"https:\/\/www.ivinio.com\/en\/wp-json\/wp\/v2\/media\/121288"}],"wp:attachment":[{"href":"https:\/\/www.ivinio.com\/en\/wp-json\/wp\/v2\/media?parent=121286"}],"wp:term":[{"taxonomy":"product_brand","embeddable":true,"href":"https:\/\/www.ivinio.com\/en\/wp-json\/wp\/v2\/product_brand?post=121286"},{"taxonomy":"product_cat","embeddable":true,"href":"https:\/\/www.ivinio.com\/en\/wp-json\/wp\/v2\/product_cat?post=121286"},{"taxonomy":"product_tag","embeddable":true,"href":"https:\/\/www.ivinio.com\/en\/wp-json\/wp\/v2\/product_tag?post=121286"}],"curies":[{"name":"wp","href":"https:\/\/api.w.org\/{rel}","templated":true}]}}