{"id":121272,"date":"2018-09-13T13:24:51","date_gmt":"2018-09-13T13:24:51","guid":{"rendered":"https:\/\/henrik.www.ivinio.com\/?product=domaine-germain-bourgogne-aligote-blanc"},"modified":"2023-01-04T17:44:02","modified_gmt":"2023-01-04T16:44:02","slug":"domaine-germain-bourgogne-aligote-white","status":"publish","type":"product","link":"https:\/\/www.ivinio.com\/en\/product\/domaine-germain-bourgogne-aligote-white\/","title":{"rendered":"Domaine Germain &#8211; Bourgogne Aligot\u00e9 &#8211; White"},"content":{"rendered":"<p>Domaine Germain &#8211; Bourgogne Aligot\u00e9 &#8211; White is made from 100% Aligot\u00e9 grapes. The grapes are harvested by hand and the vinification is done according to the classic method. The wine is stored on its lees before being bottled. This,\u00a0 to obtain a rounder character, extract aromas and obtain a better concentration.<\/p>\n","protected":false},"excerpt":{"rendered":"<p>Burgundy Aligot\u00e9 from Domaine Germain p\u00e8re &amp; fils is a lively fresh white wine with aromatic hints of lemon and vanilla. A soft and full-bodied wine to serve as an aperitif, or with various fish dishes or to oysters.<\/p>\n<p>&nbsp;<\/p>\n","protected":false},"featured_media":121274,"comment_status":"open","ping_status":"closed","template":"","meta":{"_monsterinsights_skip_tracking":false,"_monsterinsights_sitenote_active":false,"_monsterinsights_sitenote_note":"","_monsterinsights_sitenote_category":0,"_uf_show_specific_survey":0,"_uf_disable_surveys":false},"product_brand":[],"product_cat":[36611,36587],"product_tag":[],"class_list":{"0":"post-121272","1":"product","2":"type-product","3":"status-publish","4":"has-post-thumbnail","6":"product_cat-en-burgundy","7":"product_cat-french-wines","8":"pa_alcohol-degree-12-5-en","9":"pa_awards-guide-hachette-en","10":"pa_classification-aop-bourgogne-aligote-en","11":"pa_color-white-en","12":"pa_country-france-en","13":"pa_grape-variety-aligote-en","14":"pa_region-burgundy","15":"pa_storage-potential-4-years-en","16":"pa_vintage-2021-en","17":"pa_volume-75-cl-en","19":"first","20":"outofstock","21":"taxable","22":"shipping-taxable","23":"purchasable","24":"product-type-simple"},"bundled_by":[],"bundle_stock_status":"outofstock","bundle_stock_quantity":null,"bundle_virtual":false,"bundle_layout":"","bundle_add_to_cart_form_location":"","bundle_editable_in_cart":false,"bundle_sold_individually_context":"","bundle_item_grouping":"","bundle_min_size":"","bundle_max_size":"","bundle_price":[],"bundled_items":[],"bundle_sell_ids":[],"yoast_head":"<!-- This site is optimized with the Yoast SEO plugin v27.5 - https:\/\/yoast.com\/product\/yoast-seo-wordpress\/ -->\n<title>Buy Domaine Germain - Bourgogne Aligot\u00e9 - White - IVINIO Wine Shop<\/title>\n<meta name=\"description\" content=\"Buy Domaine Germain - Bourgogne Aligot\u00e9 - White is a lively fresh white wine with aromatic hints of lemon and vanilla. A soft and full-bodied wine to serve as an aperitif, or with various fish dishes or to oysters.\" \/>\n<meta name=\"robots\" content=\"index, follow, max-snippet:-1, max-image-preview:large, max-video-preview:-1\" \/>\n<link rel=\"canonical\" href=\"https:\/\/www.ivinio.com\/en\/product\/domaine-germain-bourgogne-aligote-white\/\" \/>\n<meta property=\"og:locale\" content=\"en_US\" \/>\n<meta property=\"og:type\" content=\"article\" \/>\n<meta property=\"og:title\" content=\"Buy Domaine Germain - Bourgogne Aligot\u00e9 - White - IVINIO Wine Shop\" \/>\n<meta property=\"og:description\" content=\"Buy Domaine Germain - Bourgogne Aligot\u00e9 - White is a lively fresh white wine with aromatic hints of lemon and vanilla. A soft and full-bodied wine to serve as an aperitif, or with various fish dishes or to oysters.\" \/>\n<meta property=\"og:url\" content=\"https:\/\/www.ivinio.com\/en\/product\/domaine-germain-bourgogne-aligote-white\/\" \/>\n<meta property=\"og:site_name\" content=\"IVINIO Wine Shop\" \/>\n<meta property=\"article:publisher\" content=\"https:\/\/www.facebook.com\/groups\/165217837022391\/?ref=bookmarks\" \/>\n<meta property=\"article:modified_time\" content=\"2023-01-04T16:44:02+00:00\" \/>\n<meta property=\"og:image\" content=\"https:\/\/www.ivinio.com\/wp-content\/uploads\/nc\/public\/modules\/file\/pictures\/6805.Domaine-germain-pere-fils-bourgogne-aligote-ivinio.jpg\" \/>\n\t<meta property=\"og:image:width\" content=\"500\" \/>\n\t<meta property=\"og:image:height\" content=\"500\" \/>\n\t<meta property=\"og:image:type\" content=\"image\/jpeg\" \/>\n<meta name=\"twitter:card\" content=\"summary_large_image\" \/>\n<script type=\"application\/ld+json\" class=\"yoast-schema-graph\">{\"@context\":\"https:\\\/\\\/schema.org\",\"@graph\":[{\"@type\":\"WebPage\",\"@id\":\"https:\\\/\\\/www.ivinio.com\\\/en\\\/product\\\/domaine-germain-bourgogne-aligote-white\\\/\",\"url\":\"https:\\\/\\\/www.ivinio.com\\\/en\\\/product\\\/domaine-germain-bourgogne-aligote-white\\\/\",\"name\":\"Buy Domaine Germain - Bourgogne Aligot\u00e9 - White - IVINIO Wine Shop\",\"isPartOf\":{\"@id\":\"https:\\\/\\\/www.ivinio.com\\\/en\\\/#website\"},\"primaryImageOfPage\":{\"@id\":\"https:\\\/\\\/www.ivinio.com\\\/en\\\/product\\\/domaine-germain-bourgogne-aligote-white\\\/#primaryimage\"},\"image\":{\"@id\":\"https:\\\/\\\/www.ivinio.com\\\/en\\\/product\\\/domaine-germain-bourgogne-aligote-white\\\/#primaryimage\"},\"thumbnailUrl\":\"https:\\\/\\\/www.ivinio.com\\\/wp-content\\\/uploads\\\/nc\\\/public\\\/modules\\\/file\\\/pictures\\\/6805.Domaine-germain-pere-fils-bourgogne-aligote-ivinio.jpg\",\"datePublished\":\"2018-09-13T13:24:51+00:00\",\"dateModified\":\"2023-01-04T16:44:02+00:00\",\"description\":\"Buy Domaine Germain - Bourgogne Aligot\u00e9 - White is a lively fresh white wine with aromatic hints of lemon and vanilla. A soft and full-bodied wine to serve as an aperitif, or with various fish dishes or to oysters.\",\"breadcrumb\":{\"@id\":\"https:\\\/\\\/www.ivinio.com\\\/en\\\/product\\\/domaine-germain-bourgogne-aligote-white\\\/#breadcrumb\"},\"inLanguage\":\"en-US\",\"potentialAction\":[{\"@type\":\"ReadAction\",\"target\":[\"https:\\\/\\\/www.ivinio.com\\\/en\\\/product\\\/domaine-germain-bourgogne-aligote-white\\\/\"]}]},{\"@type\":\"ImageObject\",\"inLanguage\":\"en-US\",\"@id\":\"https:\\\/\\\/www.ivinio.com\\\/en\\\/product\\\/domaine-germain-bourgogne-aligote-white\\\/#primaryimage\",\"url\":\"https:\\\/\\\/www.ivinio.com\\\/wp-content\\\/uploads\\\/nc\\\/public\\\/modules\\\/file\\\/pictures\\\/6805.Domaine-germain-pere-fils-bourgogne-aligote-ivinio.jpg\",\"contentUrl\":\"https:\\\/\\\/www.ivinio.com\\\/wp-content\\\/uploads\\\/nc\\\/public\\\/modules\\\/file\\\/pictures\\\/6805.Domaine-germain-pere-fils-bourgogne-aligote-ivinio.jpg\",\"width\":500,\"height\":500},{\"@type\":\"BreadcrumbList\",\"@id\":\"https:\\\/\\\/www.ivinio.com\\\/en\\\/product\\\/domaine-germain-bourgogne-aligote-white\\\/#breadcrumb\",\"itemListElement\":[{\"@type\":\"ListItem\",\"position\":1,\"name\":\"Home\",\"item\":\"https:\\\/\\\/www.ivinio.com\\\/en\\\/\"},{\"@type\":\"ListItem\",\"position\":2,\"name\":\"Wine-shop\",\"item\":\"https:\\\/\\\/www.ivinio.com\\\/en\\\/wine-shop\\\/\"},{\"@type\":\"ListItem\",\"position\":3,\"name\":\"Domaine Germain &#8211; Bourgogne Aligot\u00e9 &#8211; White\"}]},{\"@type\":\"WebSite\",\"@id\":\"https:\\\/\\\/www.ivinio.com\\\/en\\\/#website\",\"url\":\"https:\\\/\\\/www.ivinio.com\\\/en\\\/\",\"name\":\"IVINIO Wine Shop\",\"description\":\"French and Italian wines with delivery to your door\",\"publisher\":{\"@id\":\"https:\\\/\\\/www.ivinio.com\\\/en\\\/#organization\"},\"potentialAction\":[{\"@type\":\"SearchAction\",\"target\":{\"@type\":\"EntryPoint\",\"urlTemplate\":\"https:\\\/\\\/www.ivinio.com\\\/en\\\/?s={search_term_string}\"},\"query-input\":{\"@type\":\"PropertyValueSpecification\",\"valueRequired\":true,\"valueName\":\"search_term_string\"}}],\"inLanguage\":\"en-US\"},{\"@type\":\"Organization\",\"@id\":\"https:\\\/\\\/www.ivinio.com\\\/en\\\/#organization\",\"name\":\"IVINIO\",\"url\":\"https:\\\/\\\/www.ivinio.com\\\/en\\\/\",\"logo\":{\"@type\":\"ImageObject\",\"inLanguage\":\"en-US\",\"@id\":\"https:\\\/\\\/www.ivinio.com\\\/en\\\/#\\\/schema\\\/logo\\\/image\\\/\",\"url\":\"https:\\\/\\\/www.ivinio.com\\\/wp-content\\\/uploads\\\/2021\\\/01\\\/Logo-Ivinio-v2.jpg\",\"contentUrl\":\"https:\\\/\\\/www.ivinio.com\\\/wp-content\\\/uploads\\\/2021\\\/01\\\/Logo-Ivinio-v2.jpg\",\"width\":1194,\"height\":1194,\"caption\":\"IVINIO\"},\"image\":{\"@id\":\"https:\\\/\\\/www.ivinio.com\\\/en\\\/#\\\/schema\\\/logo\\\/image\\\/\"},\"sameAs\":[\"https:\\\/\\\/www.facebook.com\\\/groups\\\/165217837022391\\\/?ref=bookmarks\",\"https:\\\/\\\/www.instagram.com\\\/_ivinio_\\\/?hl=fr\"]}]}<\/script>\n<!-- \/ Yoast SEO plugin. -->","yoast_head_json":{"title":"Buy Domaine Germain - Bourgogne Aligot\u00e9 - White - IVINIO Wine Shop","description":"Buy Domaine Germain - Bourgogne Aligot\u00e9 - White is a lively fresh white wine with aromatic hints of lemon and vanilla. A soft and full-bodied wine to serve as an aperitif, or with various fish dishes or to oysters.","robots":{"index":"index","follow":"follow","max-snippet":"max-snippet:-1","max-image-preview":"max-image-preview:large","max-video-preview":"max-video-preview:-1"},"canonical":"https:\/\/www.ivinio.com\/en\/product\/domaine-germain-bourgogne-aligote-white\/","og_locale":"en_US","og_type":"article","og_title":"Buy Domaine Germain - Bourgogne Aligot\u00e9 - White - IVINIO Wine Shop","og_description":"Buy Domaine Germain - Bourgogne Aligot\u00e9 - White is a lively fresh white wine with aromatic hints of lemon and vanilla. A soft and full-bodied wine to serve as an aperitif, or with various fish dishes or to oysters.","og_url":"https:\/\/www.ivinio.com\/en\/product\/domaine-germain-bourgogne-aligote-white\/","og_site_name":"IVINIO Wine Shop","article_publisher":"https:\/\/www.facebook.com\/groups\/165217837022391\/?ref=bookmarks","article_modified_time":"2023-01-04T16:44:02+00:00","og_image":[{"width":500,"height":500,"url":"https:\/\/www.ivinio.com\/wp-content\/uploads\/nc\/public\/modules\/file\/pictures\/6805.Domaine-germain-pere-fils-bourgogne-aligote-ivinio.jpg","type":"image\/jpeg"}],"twitter_card":"summary_large_image","schema":{"@context":"https:\/\/schema.org","@graph":[{"@type":"WebPage","@id":"https:\/\/www.ivinio.com\/en\/product\/domaine-germain-bourgogne-aligote-white\/","url":"https:\/\/www.ivinio.com\/en\/product\/domaine-germain-bourgogne-aligote-white\/","name":"Buy Domaine Germain - Bourgogne Aligot\u00e9 - White - IVINIO Wine Shop","isPartOf":{"@id":"https:\/\/www.ivinio.com\/en\/#website"},"primaryImageOfPage":{"@id":"https:\/\/www.ivinio.com\/en\/product\/domaine-germain-bourgogne-aligote-white\/#primaryimage"},"image":{"@id":"https:\/\/www.ivinio.com\/en\/product\/domaine-germain-bourgogne-aligote-white\/#primaryimage"},"thumbnailUrl":"https:\/\/www.ivinio.com\/wp-content\/uploads\/nc\/public\/modules\/file\/pictures\/6805.Domaine-germain-pere-fils-bourgogne-aligote-ivinio.jpg","datePublished":"2018-09-13T13:24:51+00:00","dateModified":"2023-01-04T16:44:02+00:00","description":"Buy Domaine Germain - Bourgogne Aligot\u00e9 - White is a lively fresh white wine with aromatic hints of lemon and vanilla. A soft and full-bodied wine to serve as an aperitif, or with various fish dishes or to oysters.","breadcrumb":{"@id":"https:\/\/www.ivinio.com\/en\/product\/domaine-germain-bourgogne-aligote-white\/#breadcrumb"},"inLanguage":"en-US","potentialAction":[{"@type":"ReadAction","target":["https:\/\/www.ivinio.com\/en\/product\/domaine-germain-bourgogne-aligote-white\/"]}]},{"@type":"ImageObject","inLanguage":"en-US","@id":"https:\/\/www.ivinio.com\/en\/product\/domaine-germain-bourgogne-aligote-white\/#primaryimage","url":"https:\/\/www.ivinio.com\/wp-content\/uploads\/nc\/public\/modules\/file\/pictures\/6805.Domaine-germain-pere-fils-bourgogne-aligote-ivinio.jpg","contentUrl":"https:\/\/www.ivinio.com\/wp-content\/uploads\/nc\/public\/modules\/file\/pictures\/6805.Domaine-germain-pere-fils-bourgogne-aligote-ivinio.jpg","width":500,"height":500},{"@type":"BreadcrumbList","@id":"https:\/\/www.ivinio.com\/en\/product\/domaine-germain-bourgogne-aligote-white\/#breadcrumb","itemListElement":[{"@type":"ListItem","position":1,"name":"Home","item":"https:\/\/www.ivinio.com\/en\/"},{"@type":"ListItem","position":2,"name":"Wine-shop","item":"https:\/\/www.ivinio.com\/en\/wine-shop\/"},{"@type":"ListItem","position":3,"name":"Domaine Germain &#8211; Bourgogne Aligot\u00e9 &#8211; White"}]},{"@type":"WebSite","@id":"https:\/\/www.ivinio.com\/en\/#website","url":"https:\/\/www.ivinio.com\/en\/","name":"IVINIO Wine Shop","description":"French and Italian wines with delivery to your door","publisher":{"@id":"https:\/\/www.ivinio.com\/en\/#organization"},"potentialAction":[{"@type":"SearchAction","target":{"@type":"EntryPoint","urlTemplate":"https:\/\/www.ivinio.com\/en\/?s={search_term_string}"},"query-input":{"@type":"PropertyValueSpecification","valueRequired":true,"valueName":"search_term_string"}}],"inLanguage":"en-US"},{"@type":"Organization","@id":"https:\/\/www.ivinio.com\/en\/#organization","name":"IVINIO","url":"https:\/\/www.ivinio.com\/en\/","logo":{"@type":"ImageObject","inLanguage":"en-US","@id":"https:\/\/www.ivinio.com\/en\/#\/schema\/logo\/image\/","url":"https:\/\/www.ivinio.com\/wp-content\/uploads\/2021\/01\/Logo-Ivinio-v2.jpg","contentUrl":"https:\/\/www.ivinio.com\/wp-content\/uploads\/2021\/01\/Logo-Ivinio-v2.jpg","width":1194,"height":1194,"caption":"IVINIO"},"image":{"@id":"https:\/\/www.ivinio.com\/en\/#\/schema\/logo\/image\/"},"sameAs":["https:\/\/www.facebook.com\/groups\/165217837022391\/?ref=bookmarks","https:\/\/www.instagram.com\/_ivinio_\/?hl=fr"]}]}},"jetpack_sharing_enabled":true,"_links":{"self":[{"href":"https:\/\/www.ivinio.com\/en\/wp-json\/wp\/v2\/product\/121272","targetHints":{"allow":["GET"]}}],"collection":[{"href":"https:\/\/www.ivinio.com\/en\/wp-json\/wp\/v2\/product"}],"about":[{"href":"https:\/\/www.ivinio.com\/en\/wp-json\/wp\/v2\/types\/product"}],"replies":[{"embeddable":true,"href":"https:\/\/www.ivinio.com\/en\/wp-json\/wp\/v2\/comments?post=121272"}],"wp:featuredmedia":[{"embeddable":true,"href":"https:\/\/www.ivinio.com\/en\/wp-json\/wp\/v2\/media\/121274"}],"wp:attachment":[{"href":"https:\/\/www.ivinio.com\/en\/wp-json\/wp\/v2\/media?parent=121272"}],"wp:term":[{"taxonomy":"product_brand","embeddable":true,"href":"https:\/\/www.ivinio.com\/en\/wp-json\/wp\/v2\/product_brand?post=121272"},{"taxonomy":"product_cat","embeddable":true,"href":"https:\/\/www.ivinio.com\/en\/wp-json\/wp\/v2\/product_cat?post=121272"},{"taxonomy":"product_tag","embeddable":true,"href":"https:\/\/www.ivinio.com\/en\/wp-json\/wp\/v2\/product_tag?post=121272"}],"curies":[{"name":"wp","href":"https:\/\/api.w.org\/{rel}","templated":true}]}}