{"id":121267,"date":"2018-09-13T13:24:51","date_gmt":"2018-09-13T13:24:51","guid":{"rendered":"https:\/\/henrik.www.ivinio.com\/?product=domaine-germain-pere-fils-hautes-cotes-de-beaune-red"},"modified":"2023-02-07T19:25:47","modified_gmt":"2023-02-07T18:25:47","slug":"domaine-germain-pere-fils-hautes-cotes-de-beaune-red","status":"publish","type":"product","link":"https:\/\/www.ivinio.com\/en\/product\/domaine-germain-pere-fils-hautes-cotes-de-beaune-red\/","title":{"rendered":"Domaine Germain p\u00e8re &#038; fils &#8211; Hautes-C\u00f4tes-de-Beaune  &#8211; Red"},"content":{"rendered":"<p>Domaine Germain p\u00e8re &amp; fils &#8211; Hautes-C\u00f4tes-de-Beaune &#8211; Red wine is made from 100% Pinot Noir grapes. The grapes are harvested by hand and the vinification is done according to the classical method. The wine is stored for 10 months on oak barrels before bottling. The yield\u00a0\u00a0is 50HL \/ ha and 6,000 bottles are produced \/ year.<\/p>\n","protected":false},"excerpt":{"rendered":"<p>Hautes-C\u00f4tes-de-Beaune from Domaine Germain &amp; p\u00e8re &amp; Fils is a fruity red wine with scent of mainly cherry and raspberries. A classic Burgundy to pair with rather neutral,\u00a0balanced dishes such as pork fillet or lamb steak with a potato gratin!<\/p>\n","protected":false},"featured_media":121269,"comment_status":"open","ping_status":"closed","template":"","meta":{"_monsterinsights_skip_tracking":false,"_monsterinsights_sitenote_active":false,"_monsterinsights_sitenote_note":"","_monsterinsights_sitenote_category":0,"_uf_show_specific_survey":0,"_uf_disable_surveys":false},"product_brand":[],"product_cat":[36611,36587],"product_tag":[],"class_list":{"0":"post-121267","1":"product","2":"type-product","3":"status-publish","4":"has-post-thumbnail","6":"product_cat-en-burgundy","7":"product_cat-french-wines","8":"pa_alcohol-degree-13-en","9":"pa_classification-aop-hautes-cotes-de-beaune-en","10":"pa_color-red","11":"pa_country-france-en","12":"pa_grape-variety-pinot-noir","13":"pa_region-burgundy","14":"pa_storage-potential-6-years-en","15":"pa_vintage-2020-en","16":"pa_volume-75-cl-en","18":"first","19":"outofstock","20":"taxable","21":"shipping-taxable","22":"purchasable","23":"product-type-simple"},"bundled_by":[],"bundle_stock_status":"outofstock","bundle_stock_quantity":null,"bundle_virtual":false,"bundle_layout":"","bundle_add_to_cart_form_location":"","bundle_editable_in_cart":false,"bundle_sold_individually_context":"","bundle_item_grouping":"","bundle_min_size":"","bundle_max_size":"","bundle_price":[],"bundled_items":[],"bundle_sell_ids":[],"yoast_head":"<!-- This site is optimized with the Yoast SEO plugin v27.5 - https:\/\/yoast.com\/product\/yoast-seo-wordpress\/ -->\n<title>Domaine Germain p\u00e8re &amp; fils - Hautes-C\u00f4tes-de-Beaune - Red wine - IVINIO Wine Shop<\/title>\n<meta name=\"description\" content=\"Domaine Germain p\u00e8re &amp; fils - Hautes-C\u00f4tes-de-Beaune - Red wine. Fruity with nose of mainly cherry and raspberries. A classic Burgundy to pair with dishes such as pork fillet or lamb steak with a potato gratin!\" \/>\n<meta name=\"robots\" content=\"index, follow, max-snippet:-1, max-image-preview:large, max-video-preview:-1\" \/>\n<link rel=\"canonical\" href=\"https:\/\/www.ivinio.com\/en\/product\/domaine-germain-pere-fils-hautes-cotes-de-beaune-red\/\" \/>\n<meta property=\"og:locale\" content=\"en_US\" \/>\n<meta property=\"og:type\" content=\"article\" \/>\n<meta property=\"og:title\" content=\"Domaine Germain p\u00e8re &amp; fils - Hautes-C\u00f4tes-de-Beaune - Red wine - IVINIO Wine Shop\" \/>\n<meta property=\"og:description\" content=\"Domaine Germain p\u00e8re &amp; fils - Hautes-C\u00f4tes-de-Beaune - Red wine. Fruity with nose of mainly cherry and raspberries. A classic Burgundy to pair with dishes such as pork fillet or lamb steak with a potato gratin!\" \/>\n<meta property=\"og:url\" content=\"https:\/\/www.ivinio.com\/en\/product\/domaine-germain-pere-fils-hautes-cotes-de-beaune-red\/\" \/>\n<meta property=\"og:site_name\" content=\"IVINIO Wine Shop\" \/>\n<meta property=\"article:publisher\" content=\"https:\/\/www.facebook.com\/groups\/165217837022391\/?ref=bookmarks\" \/>\n<meta property=\"article:modified_time\" content=\"2023-02-07T18:25:47+00:00\" \/>\n<meta property=\"og:image\" content=\"https:\/\/www.ivinio.com\/wp-content\/uploads\/nc\/public\/modules\/file\/pictures\/6804.domaine-germain-p-re-fils-hautes-c-tes-de-beaune-ivinio.jpg\" \/>\n\t<meta property=\"og:image:width\" content=\"500\" \/>\n\t<meta property=\"og:image:height\" content=\"500\" \/>\n\t<meta property=\"og:image:type\" content=\"image\/jpeg\" \/>\n<meta name=\"twitter:card\" content=\"summary_large_image\" \/>\n<script type=\"application\/ld+json\" class=\"yoast-schema-graph\">{\"@context\":\"https:\\\/\\\/schema.org\",\"@graph\":[{\"@type\":\"WebPage\",\"@id\":\"https:\\\/\\\/www.ivinio.com\\\/en\\\/product\\\/domaine-germain-pere-fils-hautes-cotes-de-beaune-red\\\/\",\"url\":\"https:\\\/\\\/www.ivinio.com\\\/en\\\/product\\\/domaine-germain-pere-fils-hautes-cotes-de-beaune-red\\\/\",\"name\":\"Domaine Germain p\u00e8re & fils - Hautes-C\u00f4tes-de-Beaune - Red wine - IVINIO Wine Shop\",\"isPartOf\":{\"@id\":\"https:\\\/\\\/www.ivinio.com\\\/en\\\/#website\"},\"primaryImageOfPage\":{\"@id\":\"https:\\\/\\\/www.ivinio.com\\\/en\\\/product\\\/domaine-germain-pere-fils-hautes-cotes-de-beaune-red\\\/#primaryimage\"},\"image\":{\"@id\":\"https:\\\/\\\/www.ivinio.com\\\/en\\\/product\\\/domaine-germain-pere-fils-hautes-cotes-de-beaune-red\\\/#primaryimage\"},\"thumbnailUrl\":\"https:\\\/\\\/www.ivinio.com\\\/wp-content\\\/uploads\\\/nc\\\/public\\\/modules\\\/file\\\/pictures\\\/6804.domaine-germain-p-re-fils-hautes-c-tes-de-beaune-ivinio.jpg\",\"datePublished\":\"2018-09-13T13:24:51+00:00\",\"dateModified\":\"2023-02-07T18:25:47+00:00\",\"description\":\"Domaine Germain p\u00e8re & fils - Hautes-C\u00f4tes-de-Beaune - Red wine. Fruity with nose of mainly cherry and raspberries. A classic Burgundy to pair with dishes such as pork fillet or lamb steak with a potato gratin!\",\"breadcrumb\":{\"@id\":\"https:\\\/\\\/www.ivinio.com\\\/en\\\/product\\\/domaine-germain-pere-fils-hautes-cotes-de-beaune-red\\\/#breadcrumb\"},\"inLanguage\":\"en-US\",\"potentialAction\":[{\"@type\":\"ReadAction\",\"target\":[\"https:\\\/\\\/www.ivinio.com\\\/en\\\/product\\\/domaine-germain-pere-fils-hautes-cotes-de-beaune-red\\\/\"]}]},{\"@type\":\"ImageObject\",\"inLanguage\":\"en-US\",\"@id\":\"https:\\\/\\\/www.ivinio.com\\\/en\\\/product\\\/domaine-germain-pere-fils-hautes-cotes-de-beaune-red\\\/#primaryimage\",\"url\":\"https:\\\/\\\/www.ivinio.com\\\/wp-content\\\/uploads\\\/nc\\\/public\\\/modules\\\/file\\\/pictures\\\/6804.domaine-germain-p-re-fils-hautes-c-tes-de-beaune-ivinio.jpg\",\"contentUrl\":\"https:\\\/\\\/www.ivinio.com\\\/wp-content\\\/uploads\\\/nc\\\/public\\\/modules\\\/file\\\/pictures\\\/6804.domaine-germain-p-re-fils-hautes-c-tes-de-beaune-ivinio.jpg\",\"width\":500,\"height\":500,\"caption\":\"Domaine Germain p\u00e8re & fils - Hautes-C\u00f4tes-de-Beaune\"},{\"@type\":\"BreadcrumbList\",\"@id\":\"https:\\\/\\\/www.ivinio.com\\\/en\\\/product\\\/domaine-germain-pere-fils-hautes-cotes-de-beaune-red\\\/#breadcrumb\",\"itemListElement\":[{\"@type\":\"ListItem\",\"position\":1,\"name\":\"Home\",\"item\":\"https:\\\/\\\/www.ivinio.com\\\/en\\\/\"},{\"@type\":\"ListItem\",\"position\":2,\"name\":\"Wine-shop\",\"item\":\"https:\\\/\\\/www.ivinio.com\\\/en\\\/wine-shop\\\/\"},{\"@type\":\"ListItem\",\"position\":3,\"name\":\"Domaine Germain p\u00e8re &#038; fils &#8211; Hautes-C\u00f4tes-de-Beaune &#8211; Red\"}]},{\"@type\":\"WebSite\",\"@id\":\"https:\\\/\\\/www.ivinio.com\\\/en\\\/#website\",\"url\":\"https:\\\/\\\/www.ivinio.com\\\/en\\\/\",\"name\":\"IVINIO Wine Shop\",\"description\":\"French and Italian wines with delivery to your door\",\"publisher\":{\"@id\":\"https:\\\/\\\/www.ivinio.com\\\/en\\\/#organization\"},\"potentialAction\":[{\"@type\":\"SearchAction\",\"target\":{\"@type\":\"EntryPoint\",\"urlTemplate\":\"https:\\\/\\\/www.ivinio.com\\\/en\\\/?s={search_term_string}\"},\"query-input\":{\"@type\":\"PropertyValueSpecification\",\"valueRequired\":true,\"valueName\":\"search_term_string\"}}],\"inLanguage\":\"en-US\"},{\"@type\":\"Organization\",\"@id\":\"https:\\\/\\\/www.ivinio.com\\\/en\\\/#organization\",\"name\":\"IVINIO\",\"url\":\"https:\\\/\\\/www.ivinio.com\\\/en\\\/\",\"logo\":{\"@type\":\"ImageObject\",\"inLanguage\":\"en-US\",\"@id\":\"https:\\\/\\\/www.ivinio.com\\\/en\\\/#\\\/schema\\\/logo\\\/image\\\/\",\"url\":\"https:\\\/\\\/www.ivinio.com\\\/wp-content\\\/uploads\\\/2021\\\/01\\\/Logo-Ivinio-v2.jpg\",\"contentUrl\":\"https:\\\/\\\/www.ivinio.com\\\/wp-content\\\/uploads\\\/2021\\\/01\\\/Logo-Ivinio-v2.jpg\",\"width\":1194,\"height\":1194,\"caption\":\"IVINIO\"},\"image\":{\"@id\":\"https:\\\/\\\/www.ivinio.com\\\/en\\\/#\\\/schema\\\/logo\\\/image\\\/\"},\"sameAs\":[\"https:\\\/\\\/www.facebook.com\\\/groups\\\/165217837022391\\\/?ref=bookmarks\",\"https:\\\/\\\/www.instagram.com\\\/_ivinio_\\\/?hl=fr\"]}]}<\/script>\n<!-- \/ Yoast SEO plugin. -->","yoast_head_json":{"title":"Domaine Germain p\u00e8re & fils - Hautes-C\u00f4tes-de-Beaune - Red wine - IVINIO Wine Shop","description":"Domaine Germain p\u00e8re & fils - Hautes-C\u00f4tes-de-Beaune - Red wine. Fruity with nose of mainly cherry and raspberries. A classic Burgundy to pair with dishes such as pork fillet or lamb steak with a potato gratin!","robots":{"index":"index","follow":"follow","max-snippet":"max-snippet:-1","max-image-preview":"max-image-preview:large","max-video-preview":"max-video-preview:-1"},"canonical":"https:\/\/www.ivinio.com\/en\/product\/domaine-germain-pere-fils-hautes-cotes-de-beaune-red\/","og_locale":"en_US","og_type":"article","og_title":"Domaine Germain p\u00e8re & fils - Hautes-C\u00f4tes-de-Beaune - Red wine - IVINIO Wine Shop","og_description":"Domaine Germain p\u00e8re & fils - Hautes-C\u00f4tes-de-Beaune - Red wine. Fruity with nose of mainly cherry and raspberries. A classic Burgundy to pair with dishes such as pork fillet or lamb steak with a potato gratin!","og_url":"https:\/\/www.ivinio.com\/en\/product\/domaine-germain-pere-fils-hautes-cotes-de-beaune-red\/","og_site_name":"IVINIO Wine Shop","article_publisher":"https:\/\/www.facebook.com\/groups\/165217837022391\/?ref=bookmarks","article_modified_time":"2023-02-07T18:25:47+00:00","og_image":[{"width":500,"height":500,"url":"https:\/\/www.ivinio.com\/wp-content\/uploads\/nc\/public\/modules\/file\/pictures\/6804.domaine-germain-p-re-fils-hautes-c-tes-de-beaune-ivinio.jpg","type":"image\/jpeg"}],"twitter_card":"summary_large_image","schema":{"@context":"https:\/\/schema.org","@graph":[{"@type":"WebPage","@id":"https:\/\/www.ivinio.com\/en\/product\/domaine-germain-pere-fils-hautes-cotes-de-beaune-red\/","url":"https:\/\/www.ivinio.com\/en\/product\/domaine-germain-pere-fils-hautes-cotes-de-beaune-red\/","name":"Domaine Germain p\u00e8re & fils - Hautes-C\u00f4tes-de-Beaune - Red wine - IVINIO Wine Shop","isPartOf":{"@id":"https:\/\/www.ivinio.com\/en\/#website"},"primaryImageOfPage":{"@id":"https:\/\/www.ivinio.com\/en\/product\/domaine-germain-pere-fils-hautes-cotes-de-beaune-red\/#primaryimage"},"image":{"@id":"https:\/\/www.ivinio.com\/en\/product\/domaine-germain-pere-fils-hautes-cotes-de-beaune-red\/#primaryimage"},"thumbnailUrl":"https:\/\/www.ivinio.com\/wp-content\/uploads\/nc\/public\/modules\/file\/pictures\/6804.domaine-germain-p-re-fils-hautes-c-tes-de-beaune-ivinio.jpg","datePublished":"2018-09-13T13:24:51+00:00","dateModified":"2023-02-07T18:25:47+00:00","description":"Domaine Germain p\u00e8re & fils - Hautes-C\u00f4tes-de-Beaune - Red wine. Fruity with nose of mainly cherry and raspberries. A classic Burgundy to pair with dishes such as pork fillet or lamb steak with a potato gratin!","breadcrumb":{"@id":"https:\/\/www.ivinio.com\/en\/product\/domaine-germain-pere-fils-hautes-cotes-de-beaune-red\/#breadcrumb"},"inLanguage":"en-US","potentialAction":[{"@type":"ReadAction","target":["https:\/\/www.ivinio.com\/en\/product\/domaine-germain-pere-fils-hautes-cotes-de-beaune-red\/"]}]},{"@type":"ImageObject","inLanguage":"en-US","@id":"https:\/\/www.ivinio.com\/en\/product\/domaine-germain-pere-fils-hautes-cotes-de-beaune-red\/#primaryimage","url":"https:\/\/www.ivinio.com\/wp-content\/uploads\/nc\/public\/modules\/file\/pictures\/6804.domaine-germain-p-re-fils-hautes-c-tes-de-beaune-ivinio.jpg","contentUrl":"https:\/\/www.ivinio.com\/wp-content\/uploads\/nc\/public\/modules\/file\/pictures\/6804.domaine-germain-p-re-fils-hautes-c-tes-de-beaune-ivinio.jpg","width":500,"height":500,"caption":"Domaine Germain p\u00e8re & fils - Hautes-C\u00f4tes-de-Beaune"},{"@type":"BreadcrumbList","@id":"https:\/\/www.ivinio.com\/en\/product\/domaine-germain-pere-fils-hautes-cotes-de-beaune-red\/#breadcrumb","itemListElement":[{"@type":"ListItem","position":1,"name":"Home","item":"https:\/\/www.ivinio.com\/en\/"},{"@type":"ListItem","position":2,"name":"Wine-shop","item":"https:\/\/www.ivinio.com\/en\/wine-shop\/"},{"@type":"ListItem","position":3,"name":"Domaine Germain p\u00e8re &#038; fils &#8211; Hautes-C\u00f4tes-de-Beaune &#8211; Red"}]},{"@type":"WebSite","@id":"https:\/\/www.ivinio.com\/en\/#website","url":"https:\/\/www.ivinio.com\/en\/","name":"IVINIO Wine Shop","description":"French and Italian wines with delivery to your door","publisher":{"@id":"https:\/\/www.ivinio.com\/en\/#organization"},"potentialAction":[{"@type":"SearchAction","target":{"@type":"EntryPoint","urlTemplate":"https:\/\/www.ivinio.com\/en\/?s={search_term_string}"},"query-input":{"@type":"PropertyValueSpecification","valueRequired":true,"valueName":"search_term_string"}}],"inLanguage":"en-US"},{"@type":"Organization","@id":"https:\/\/www.ivinio.com\/en\/#organization","name":"IVINIO","url":"https:\/\/www.ivinio.com\/en\/","logo":{"@type":"ImageObject","inLanguage":"en-US","@id":"https:\/\/www.ivinio.com\/en\/#\/schema\/logo\/image\/","url":"https:\/\/www.ivinio.com\/wp-content\/uploads\/2021\/01\/Logo-Ivinio-v2.jpg","contentUrl":"https:\/\/www.ivinio.com\/wp-content\/uploads\/2021\/01\/Logo-Ivinio-v2.jpg","width":1194,"height":1194,"caption":"IVINIO"},"image":{"@id":"https:\/\/www.ivinio.com\/en\/#\/schema\/logo\/image\/"},"sameAs":["https:\/\/www.facebook.com\/groups\/165217837022391\/?ref=bookmarks","https:\/\/www.instagram.com\/_ivinio_\/?hl=fr"]}]}},"jetpack_sharing_enabled":true,"_links":{"self":[{"href":"https:\/\/www.ivinio.com\/en\/wp-json\/wp\/v2\/product\/121267","targetHints":{"allow":["GET"]}}],"collection":[{"href":"https:\/\/www.ivinio.com\/en\/wp-json\/wp\/v2\/product"}],"about":[{"href":"https:\/\/www.ivinio.com\/en\/wp-json\/wp\/v2\/types\/product"}],"replies":[{"embeddable":true,"href":"https:\/\/www.ivinio.com\/en\/wp-json\/wp\/v2\/comments?post=121267"}],"wp:featuredmedia":[{"embeddable":true,"href":"https:\/\/www.ivinio.com\/en\/wp-json\/wp\/v2\/media\/121269"}],"wp:attachment":[{"href":"https:\/\/www.ivinio.com\/en\/wp-json\/wp\/v2\/media?parent=121267"}],"wp:term":[{"taxonomy":"product_brand","embeddable":true,"href":"https:\/\/www.ivinio.com\/en\/wp-json\/wp\/v2\/product_brand?post=121267"},{"taxonomy":"product_cat","embeddable":true,"href":"https:\/\/www.ivinio.com\/en\/wp-json\/wp\/v2\/product_cat?post=121267"},{"taxonomy":"product_tag","embeddable":true,"href":"https:\/\/www.ivinio.com\/en\/wp-json\/wp\/v2\/product_tag?post=121267"}],"curies":[{"name":"wp","href":"https:\/\/api.w.org\/{rel}","templated":true}]}}