{"id":120957,"date":"2017-10-19T17:39:55","date_gmt":"2017-10-19T17:39:55","guid":{"rendered":"https:\/\/henrik.www.ivinio.com\/?product=ollieux-romanis-cuvee-classique-corbieres-white"},"modified":"2023-02-08T18:48:52","modified_gmt":"2023-02-08T17:48:52","slug":"ollieux-romanis-cuvee-classique-corbieres-white","status":"publish","type":"product","link":"https:\/\/www.ivinio.com\/en\/product\/ollieux-romanis-cuvee-classique-corbieres-white\/","title":{"rendered":"Ollieux Romanis &#8211; Cuv\u00e9e Classique &#8211; Corbi\u00e8res &#8211; White"},"content":{"rendered":"<p>The white Cuv\u00e9e Classique from Ollieux Romanis is made from 40% Roussanne, 40% Marsanne, 10% Grenache Blanc and 10% Macabeu. The vines grow in typical Mediterranean red, rocky soil on sandstone. The harvest is done by hand. The grapes are let to macerate with their skins for 6-8 hours after the harvest, they are then pressed. The fermentation takes place in steel tank at controlled temperature. The storage is conducted on steel tank as well before bottleling the finalized wine.<\/p>\n","protected":false},"excerpt":{"rendered":"<div id=\"gt-src-c\">\n<div id=\"gt-src-p\">\n<div id=\"gt-src-wrap\">Cuv\u00e9e Classique from Ollieux Romanis is an aromatic white wine with aromatic hints of white flowers and exotic fruits. Limited acidity, but with great freshness! To serve as an aperitif or to a baked pike in foil!<\/div>\n<div><\/div>\n<\/div>\n<\/div>\n","protected":false},"featured_media":132512,"comment_status":"open","ping_status":"closed","template":"","meta":{"_monsterinsights_skip_tracking":false,"_monsterinsights_sitenote_active":false,"_monsterinsights_sitenote_note":"","_monsterinsights_sitenote_category":0,"_uf_show_specific_survey":0,"_uf_disable_surveys":false},"product_brand":[],"product_cat":[36587,36626],"product_tag":[],"class_list":{"0":"post-120957","1":"product","2":"type-product","3":"status-publish","4":"has-post-thumbnail","6":"product_cat-french-wines","7":"product_cat-en-languedoc","8":"pa_alcohol-degree-13-en","9":"pa_awards-bettanedesseauve-en","10":"pa_classification-aop-corbieres-en","11":"pa_color-white-en","12":"pa_country-france-en","13":"pa_grape-variety-grenache-blanc-en","14":"pa_grape-variety-macabeu-sv-en","15":"pa_grape-variety-marsanne-en","16":"pa_grape-variety-roussanne-en","17":"pa_region-languedoc-en","18":"pa_storage-potential-4-years-en","19":"pa_volume-75-cl-en","21":"first","22":"instock","23":"taxable","24":"shipping-taxable","25":"purchasable","26":"product-type-simple"},"bundled_by":[],"bundle_stock_status":"instock","bundle_stock_quantity":null,"bundle_virtual":false,"bundle_layout":"","bundle_add_to_cart_form_location":"","bundle_editable_in_cart":false,"bundle_sold_individually_context":"","bundle_item_grouping":"","bundle_min_size":"","bundle_max_size":"","bundle_price":[],"bundled_items":[],"bundle_sell_ids":[],"yoast_head":"<!-- This site is optimized with the Yoast SEO plugin v27.5 - https:\/\/yoast.com\/product\/yoast-seo-wordpress\/ -->\n<title>buy Ollieux Romanis - Cuv\u00e9e Classique - IVINIO Wine Shop<\/title>\n<meta name=\"description\" content=\"Buy Ollieux Romanis - Cuv\u00e9e Classique. Aromatic white wine, hints of white flowers and exotic fruits. Limited acidity, but great freshness!\" \/>\n<meta name=\"robots\" content=\"index, follow, max-snippet:-1, max-image-preview:large, max-video-preview:-1\" \/>\n<link rel=\"canonical\" href=\"https:\/\/www.ivinio.com\/en\/product\/ollieux-romanis-cuvee-classique-corbieres-white\/\" \/>\n<meta property=\"og:locale\" content=\"en_US\" \/>\n<meta property=\"og:type\" content=\"article\" \/>\n<meta property=\"og:title\" content=\"buy Ollieux Romanis - Cuv\u00e9e Classique - IVINIO Wine Shop\" \/>\n<meta property=\"og:description\" content=\"Buy Ollieux Romanis - Cuv\u00e9e Classique. Aromatic white wine, hints of white flowers and exotic fruits. Limited acidity, but great freshness!\" \/>\n<meta property=\"og:url\" content=\"https:\/\/www.ivinio.com\/en\/product\/ollieux-romanis-cuvee-classique-corbieres-white\/\" \/>\n<meta property=\"og:site_name\" content=\"IVINIO Wine Shop\" \/>\n<meta property=\"article:publisher\" content=\"https:\/\/www.facebook.com\/groups\/165217837022391\/?ref=bookmarks\" \/>\n<meta property=\"article:modified_time\" content=\"2023-02-08T17:48:52+00:00\" \/>\n<meta property=\"og:image\" content=\"https:\/\/www.ivinio.com\/wp-content\/uploads\/2017\/10\/Ollieux-romanis-Classique-blanc-IVINIO.jpg\" \/>\n\t<meta property=\"og:image:width\" content=\"500\" \/>\n\t<meta property=\"og:image:height\" content=\"500\" \/>\n\t<meta property=\"og:image:type\" content=\"image\/jpeg\" \/>\n<meta name=\"twitter:card\" content=\"summary_large_image\" \/>\n<meta name=\"twitter:label1\" content=\"Est. reading time\" \/>\n\t<meta name=\"twitter:data1\" content=\"1 minute\" \/>\n<script type=\"application\/ld+json\" class=\"yoast-schema-graph\">{\"@context\":\"https:\\\/\\\/schema.org\",\"@graph\":[{\"@type\":\"WebPage\",\"@id\":\"https:\\\/\\\/www.ivinio.com\\\/en\\\/product\\\/ollieux-romanis-cuvee-classique-corbieres-white\\\/\",\"url\":\"https:\\\/\\\/www.ivinio.com\\\/en\\\/product\\\/ollieux-romanis-cuvee-classique-corbieres-white\\\/\",\"name\":\"buy Ollieux Romanis - Cuv\u00e9e Classique - IVINIO Wine Shop\",\"isPartOf\":{\"@id\":\"https:\\\/\\\/www.ivinio.com\\\/en\\\/#website\"},\"primaryImageOfPage\":{\"@id\":\"https:\\\/\\\/www.ivinio.com\\\/en\\\/product\\\/ollieux-romanis-cuvee-classique-corbieres-white\\\/#primaryimage\"},\"image\":{\"@id\":\"https:\\\/\\\/www.ivinio.com\\\/en\\\/product\\\/ollieux-romanis-cuvee-classique-corbieres-white\\\/#primaryimage\"},\"thumbnailUrl\":\"https:\\\/\\\/www.ivinio.com\\\/wp-content\\\/uploads\\\/2017\\\/10\\\/Ollieux-romanis-Classique-blanc-IVINIO.jpg\",\"datePublished\":\"2017-10-19T17:39:55+00:00\",\"dateModified\":\"2023-02-08T17:48:52+00:00\",\"description\":\"Buy Ollieux Romanis - Cuv\u00e9e Classique. Aromatic white wine, hints of white flowers and exotic fruits. Limited acidity, but great freshness!\",\"breadcrumb\":{\"@id\":\"https:\\\/\\\/www.ivinio.com\\\/en\\\/product\\\/ollieux-romanis-cuvee-classique-corbieres-white\\\/#breadcrumb\"},\"inLanguage\":\"en-US\",\"potentialAction\":[{\"@type\":\"ReadAction\",\"target\":[\"https:\\\/\\\/www.ivinio.com\\\/en\\\/product\\\/ollieux-romanis-cuvee-classique-corbieres-white\\\/\"]}]},{\"@type\":\"ImageObject\",\"inLanguage\":\"en-US\",\"@id\":\"https:\\\/\\\/www.ivinio.com\\\/en\\\/product\\\/ollieux-romanis-cuvee-classique-corbieres-white\\\/#primaryimage\",\"url\":\"https:\\\/\\\/www.ivinio.com\\\/wp-content\\\/uploads\\\/2017\\\/10\\\/Ollieux-romanis-Classique-blanc-IVINIO.jpg\",\"contentUrl\":\"https:\\\/\\\/www.ivinio.com\\\/wp-content\\\/uploads\\\/2017\\\/10\\\/Ollieux-romanis-Classique-blanc-IVINIO.jpg\",\"width\":500,\"height\":500,\"caption\":\"Ollieux Romanis - Cuv\u00e9e Classique - Corbi\u00e8res\"},{\"@type\":\"BreadcrumbList\",\"@id\":\"https:\\\/\\\/www.ivinio.com\\\/en\\\/product\\\/ollieux-romanis-cuvee-classique-corbieres-white\\\/#breadcrumb\",\"itemListElement\":[{\"@type\":\"ListItem\",\"position\":1,\"name\":\"Home\",\"item\":\"https:\\\/\\\/www.ivinio.com\\\/en\\\/\"},{\"@type\":\"ListItem\",\"position\":2,\"name\":\"Wine-shop\",\"item\":\"https:\\\/\\\/www.ivinio.com\\\/en\\\/wine-shop\\\/\"},{\"@type\":\"ListItem\",\"position\":3,\"name\":\"Ollieux Romanis &#8211; Cuv\u00e9e Classique &#8211; Corbi\u00e8res &#8211; White\"}]},{\"@type\":\"WebSite\",\"@id\":\"https:\\\/\\\/www.ivinio.com\\\/en\\\/#website\",\"url\":\"https:\\\/\\\/www.ivinio.com\\\/en\\\/\",\"name\":\"IVINIO Wine Shop\",\"description\":\"French and Italian wines with delivery to your door\",\"publisher\":{\"@id\":\"https:\\\/\\\/www.ivinio.com\\\/en\\\/#organization\"},\"potentialAction\":[{\"@type\":\"SearchAction\",\"target\":{\"@type\":\"EntryPoint\",\"urlTemplate\":\"https:\\\/\\\/www.ivinio.com\\\/en\\\/?s={search_term_string}\"},\"query-input\":{\"@type\":\"PropertyValueSpecification\",\"valueRequired\":true,\"valueName\":\"search_term_string\"}}],\"inLanguage\":\"en-US\"},{\"@type\":\"Organization\",\"@id\":\"https:\\\/\\\/www.ivinio.com\\\/en\\\/#organization\",\"name\":\"IVINIO\",\"url\":\"https:\\\/\\\/www.ivinio.com\\\/en\\\/\",\"logo\":{\"@type\":\"ImageObject\",\"inLanguage\":\"en-US\",\"@id\":\"https:\\\/\\\/www.ivinio.com\\\/en\\\/#\\\/schema\\\/logo\\\/image\\\/\",\"url\":\"https:\\\/\\\/www.ivinio.com\\\/wp-content\\\/uploads\\\/2021\\\/01\\\/Logo-Ivinio-v2.jpg\",\"contentUrl\":\"https:\\\/\\\/www.ivinio.com\\\/wp-content\\\/uploads\\\/2021\\\/01\\\/Logo-Ivinio-v2.jpg\",\"width\":1194,\"height\":1194,\"caption\":\"IVINIO\"},\"image\":{\"@id\":\"https:\\\/\\\/www.ivinio.com\\\/en\\\/#\\\/schema\\\/logo\\\/image\\\/\"},\"sameAs\":[\"https:\\\/\\\/www.facebook.com\\\/groups\\\/165217837022391\\\/?ref=bookmarks\",\"https:\\\/\\\/www.instagram.com\\\/_ivinio_\\\/?hl=fr\"]}]}<\/script>\n<!-- \/ Yoast SEO plugin. -->","yoast_head_json":{"title":"buy Ollieux Romanis - Cuv\u00e9e Classique - IVINIO Wine Shop","description":"Buy Ollieux Romanis - Cuv\u00e9e Classique. Aromatic white wine, hints of white flowers and exotic fruits. Limited acidity, but great freshness!","robots":{"index":"index","follow":"follow","max-snippet":"max-snippet:-1","max-image-preview":"max-image-preview:large","max-video-preview":"max-video-preview:-1"},"canonical":"https:\/\/www.ivinio.com\/en\/product\/ollieux-romanis-cuvee-classique-corbieres-white\/","og_locale":"en_US","og_type":"article","og_title":"buy Ollieux Romanis - Cuv\u00e9e Classique - IVINIO Wine Shop","og_description":"Buy Ollieux Romanis - Cuv\u00e9e Classique. Aromatic white wine, hints of white flowers and exotic fruits. Limited acidity, but great freshness!","og_url":"https:\/\/www.ivinio.com\/en\/product\/ollieux-romanis-cuvee-classique-corbieres-white\/","og_site_name":"IVINIO Wine Shop","article_publisher":"https:\/\/www.facebook.com\/groups\/165217837022391\/?ref=bookmarks","article_modified_time":"2023-02-08T17:48:52+00:00","og_image":[{"width":500,"height":500,"url":"https:\/\/www.ivinio.com\/wp-content\/uploads\/2017\/10\/Ollieux-romanis-Classique-blanc-IVINIO.jpg","type":"image\/jpeg"}],"twitter_card":"summary_large_image","twitter_misc":{"Est. reading time":"1 minute"},"schema":{"@context":"https:\/\/schema.org","@graph":[{"@type":"WebPage","@id":"https:\/\/www.ivinio.com\/en\/product\/ollieux-romanis-cuvee-classique-corbieres-white\/","url":"https:\/\/www.ivinio.com\/en\/product\/ollieux-romanis-cuvee-classique-corbieres-white\/","name":"buy Ollieux Romanis - Cuv\u00e9e Classique - IVINIO Wine Shop","isPartOf":{"@id":"https:\/\/www.ivinio.com\/en\/#website"},"primaryImageOfPage":{"@id":"https:\/\/www.ivinio.com\/en\/product\/ollieux-romanis-cuvee-classique-corbieres-white\/#primaryimage"},"image":{"@id":"https:\/\/www.ivinio.com\/en\/product\/ollieux-romanis-cuvee-classique-corbieres-white\/#primaryimage"},"thumbnailUrl":"https:\/\/www.ivinio.com\/wp-content\/uploads\/2017\/10\/Ollieux-romanis-Classique-blanc-IVINIO.jpg","datePublished":"2017-10-19T17:39:55+00:00","dateModified":"2023-02-08T17:48:52+00:00","description":"Buy Ollieux Romanis - Cuv\u00e9e Classique. Aromatic white wine, hints of white flowers and exotic fruits. Limited acidity, but great freshness!","breadcrumb":{"@id":"https:\/\/www.ivinio.com\/en\/product\/ollieux-romanis-cuvee-classique-corbieres-white\/#breadcrumb"},"inLanguage":"en-US","potentialAction":[{"@type":"ReadAction","target":["https:\/\/www.ivinio.com\/en\/product\/ollieux-romanis-cuvee-classique-corbieres-white\/"]}]},{"@type":"ImageObject","inLanguage":"en-US","@id":"https:\/\/www.ivinio.com\/en\/product\/ollieux-romanis-cuvee-classique-corbieres-white\/#primaryimage","url":"https:\/\/www.ivinio.com\/wp-content\/uploads\/2017\/10\/Ollieux-romanis-Classique-blanc-IVINIO.jpg","contentUrl":"https:\/\/www.ivinio.com\/wp-content\/uploads\/2017\/10\/Ollieux-romanis-Classique-blanc-IVINIO.jpg","width":500,"height":500,"caption":"Ollieux Romanis - Cuv\u00e9e Classique - Corbi\u00e8res"},{"@type":"BreadcrumbList","@id":"https:\/\/www.ivinio.com\/en\/product\/ollieux-romanis-cuvee-classique-corbieres-white\/#breadcrumb","itemListElement":[{"@type":"ListItem","position":1,"name":"Home","item":"https:\/\/www.ivinio.com\/en\/"},{"@type":"ListItem","position":2,"name":"Wine-shop","item":"https:\/\/www.ivinio.com\/en\/wine-shop\/"},{"@type":"ListItem","position":3,"name":"Ollieux Romanis &#8211; Cuv\u00e9e Classique &#8211; Corbi\u00e8res &#8211; White"}]},{"@type":"WebSite","@id":"https:\/\/www.ivinio.com\/en\/#website","url":"https:\/\/www.ivinio.com\/en\/","name":"IVINIO Wine Shop","description":"French and Italian wines with delivery to your door","publisher":{"@id":"https:\/\/www.ivinio.com\/en\/#organization"},"potentialAction":[{"@type":"SearchAction","target":{"@type":"EntryPoint","urlTemplate":"https:\/\/www.ivinio.com\/en\/?s={search_term_string}"},"query-input":{"@type":"PropertyValueSpecification","valueRequired":true,"valueName":"search_term_string"}}],"inLanguage":"en-US"},{"@type":"Organization","@id":"https:\/\/www.ivinio.com\/en\/#organization","name":"IVINIO","url":"https:\/\/www.ivinio.com\/en\/","logo":{"@type":"ImageObject","inLanguage":"en-US","@id":"https:\/\/www.ivinio.com\/en\/#\/schema\/logo\/image\/","url":"https:\/\/www.ivinio.com\/wp-content\/uploads\/2021\/01\/Logo-Ivinio-v2.jpg","contentUrl":"https:\/\/www.ivinio.com\/wp-content\/uploads\/2021\/01\/Logo-Ivinio-v2.jpg","width":1194,"height":1194,"caption":"IVINIO"},"image":{"@id":"https:\/\/www.ivinio.com\/en\/#\/schema\/logo\/image\/"},"sameAs":["https:\/\/www.facebook.com\/groups\/165217837022391\/?ref=bookmarks","https:\/\/www.instagram.com\/_ivinio_\/?hl=fr"]}]}},"jetpack_sharing_enabled":true,"_links":{"self":[{"href":"https:\/\/www.ivinio.com\/en\/wp-json\/wp\/v2\/product\/120957","targetHints":{"allow":["GET"]}}],"collection":[{"href":"https:\/\/www.ivinio.com\/en\/wp-json\/wp\/v2\/product"}],"about":[{"href":"https:\/\/www.ivinio.com\/en\/wp-json\/wp\/v2\/types\/product"}],"replies":[{"embeddable":true,"href":"https:\/\/www.ivinio.com\/en\/wp-json\/wp\/v2\/comments?post=120957"}],"wp:featuredmedia":[{"embeddable":true,"href":"https:\/\/www.ivinio.com\/en\/wp-json\/wp\/v2\/media\/132512"}],"wp:attachment":[{"href":"https:\/\/www.ivinio.com\/en\/wp-json\/wp\/v2\/media?parent=120957"}],"wp:term":[{"taxonomy":"product_brand","embeddable":true,"href":"https:\/\/www.ivinio.com\/en\/wp-json\/wp\/v2\/product_brand?post=120957"},{"taxonomy":"product_cat","embeddable":true,"href":"https:\/\/www.ivinio.com\/en\/wp-json\/wp\/v2\/product_cat?post=120957"},{"taxonomy":"product_tag","embeddable":true,"href":"https:\/\/www.ivinio.com\/en\/wp-json\/wp\/v2\/product_tag?post=120957"}],"curies":[{"name":"wp","href":"https:\/\/api.w.org\/{rel}","templated":true}]}}