{"id":120939,"date":"2017-11-02T12:07:02","date_gmt":"2017-11-02T12:07:02","guid":{"rendered":"https:\/\/henrik.www.ivinio.com\/?product=la-celestiere-igp-vaucluse"},"modified":"2026-01-20T18:52:06","modified_gmt":"2026-01-20T17:52:06","slug":"la-celestiere-igp-vaucluse","status":"publish","type":"product","link":"https:\/\/www.ivinio.com\/en\/product\/la-celestiere-igp-vaucluse\/","title":{"rendered":"La C\u00e9lesti\u00e8re &#8211; IGP Vaucluse &#8211; Red"},"content":{"rendered":"<p>IGP Vaucluse from La C\u00e9lesti\u00e8re is made from\u00a042% Grenache, 35% Syrah as well as from\u00a0Alicante and Cinsault from old vines &#8220;Vieilles vignes&#8221;. The agriculture is organic\u00a0without either chemical fertilizer or weed reclamation. The vines\u00a0are cut\u00a0in &#8220;Gobelet&#8221; form. The harvest is done by hand and the grapes are then transported in\u00a0small baskets and are then sorted\u00a0on a sorting\u00a0table. The grapes are picked from the clusters (\u00e9grappage) and easily squeezed (foulage). The vinification is done according to classical method in temperature controlled steel tanks.<\/p>\n","protected":false},"excerpt":{"rendered":"<p>IGP Vaucluse from La C\u00e9lesti\u00e8re is an organic juicy and fruity red wine. A rich &#8220;vieilles vignes&#8221; with aromas of undergrowth and truffle.<\/p>\n","protected":false},"featured_media":120941,"comment_status":"open","ping_status":"closed","template":"","meta":{"_monsterinsights_skip_tracking":false,"_monsterinsights_sitenote_active":false,"_monsterinsights_sitenote_note":"","_monsterinsights_sitenote_category":0,"_uf_show_specific_survey":0,"_uf_disable_surveys":false},"product_brand":[],"product_cat":[36587,36620],"product_tag":[],"class_list":{"0":"post-120939","1":"product","2":"type-product","3":"status-publish","4":"has-post-thumbnail","6":"product_cat-french-wines","7":"product_cat-en-rhone-valley","8":"pa_alcohol-degree-14-en","9":"pa_awards-guide-hachette-en","10":"pa_classification-igp-vaucluse-en","11":"pa_color-red","12":"pa_country-france-en","13":"pa_grape-variety-cinsault-en","14":"pa_grape-variety-grenache-en","15":"pa_grape-variety-syrah","16":"pa_region-rhone-valley","17":"pa_storage-potential-5-years-en","18":"pa_vintage-2023-en","19":"pa_volume-75-cl-en","21":"first","22":"instock","23":"taxable","24":"shipping-taxable","25":"purchasable","26":"product-type-simple"},"bundled_by":[],"bundle_stock_status":"instock","bundle_stock_quantity":null,"bundle_virtual":false,"bundle_layout":"","bundle_add_to_cart_form_location":"","bundle_editable_in_cart":false,"bundle_sold_individually_context":"","bundle_item_grouping":"","bundle_min_size":"","bundle_max_size":"","bundle_price":[],"bundled_items":[],"bundle_sell_ids":[],"yoast_head":"<!-- This site is optimized with the Yoast SEO plugin v27.5 - https:\/\/yoast.com\/product\/yoast-seo-wordpress\/ -->\n<title>Buy La C\u00e9lesti\u00e8re - IGP Vaucluse - Red wine - IVINIO Wine Shop<\/title>\n<meta name=\"description\" content=\"La C\u00e9lesti\u00e8re - IGP Vaucluse - Red wine is an organic juicy and fruity red wine. A rich &quot;vieilles vignes&quot; with aromas of undergrowth and truffle.\" \/>\n<meta name=\"robots\" content=\"index, follow, max-snippet:-1, max-image-preview:large, max-video-preview:-1\" \/>\n<link rel=\"canonical\" href=\"https:\/\/www.ivinio.com\/en\/product\/la-celestiere-igp-vaucluse\/\" \/>\n<meta property=\"og:locale\" content=\"en_US\" \/>\n<meta property=\"og:type\" content=\"article\" \/>\n<meta property=\"og:title\" content=\"Buy La C\u00e9lesti\u00e8re - IGP Vaucluse - Red wine - IVINIO Wine Shop\" \/>\n<meta property=\"og:description\" content=\"La C\u00e9lesti\u00e8re - IGP Vaucluse - Red wine is an organic juicy and fruity red wine. A rich &quot;vieilles vignes&quot; with aromas of undergrowth and truffle.\" \/>\n<meta property=\"og:url\" content=\"https:\/\/www.ivinio.com\/en\/product\/la-celestiere-igp-vaucluse\/\" \/>\n<meta property=\"og:site_name\" content=\"IVINIO Wine Shop\" \/>\n<meta property=\"article:publisher\" content=\"https:\/\/www.facebook.com\/groups\/165217837022391\/?ref=bookmarks\" \/>\n<meta property=\"article:modified_time\" content=\"2026-01-20T17:52:06+00:00\" \/>\n<meta property=\"og:image\" content=\"https:\/\/www.ivinio.com\/wp-content\/uploads\/nc\/public\/modules\/file\/pictures\/6563.la-c-lesti-re-vaucluse-ivinio.jpg\" \/>\n\t<meta property=\"og:image:width\" content=\"500\" \/>\n\t<meta property=\"og:image:height\" content=\"500\" \/>\n\t<meta property=\"og:image:type\" content=\"image\/jpeg\" \/>\n<meta name=\"twitter:card\" content=\"summary_large_image\" \/>\n<meta name=\"twitter:label1\" content=\"Est. reading time\" \/>\n\t<meta name=\"twitter:data1\" content=\"1 minute\" \/>\n<script type=\"application\/ld+json\" class=\"yoast-schema-graph\">{\"@context\":\"https:\\\/\\\/schema.org\",\"@graph\":[{\"@type\":\"WebPage\",\"@id\":\"https:\\\/\\\/www.ivinio.com\\\/en\\\/product\\\/la-celestiere-igp-vaucluse\\\/\",\"url\":\"https:\\\/\\\/www.ivinio.com\\\/en\\\/product\\\/la-celestiere-igp-vaucluse\\\/\",\"name\":\"Buy La C\u00e9lesti\u00e8re - IGP Vaucluse - Red wine - IVINIO Wine Shop\",\"isPartOf\":{\"@id\":\"https:\\\/\\\/www.ivinio.com\\\/en\\\/#website\"},\"primaryImageOfPage\":{\"@id\":\"https:\\\/\\\/www.ivinio.com\\\/en\\\/product\\\/la-celestiere-igp-vaucluse\\\/#primaryimage\"},\"image\":{\"@id\":\"https:\\\/\\\/www.ivinio.com\\\/en\\\/product\\\/la-celestiere-igp-vaucluse\\\/#primaryimage\"},\"thumbnailUrl\":\"https:\\\/\\\/www.ivinio.com\\\/wp-content\\\/uploads\\\/nc\\\/public\\\/modules\\\/file\\\/pictures\\\/6563.la-c-lesti-re-vaucluse-ivinio.jpg\",\"datePublished\":\"2017-11-02T12:07:02+00:00\",\"dateModified\":\"2026-01-20T17:52:06+00:00\",\"description\":\"La C\u00e9lesti\u00e8re - IGP Vaucluse - Red wine is an organic juicy and fruity red wine. A rich \\\"vieilles vignes\\\" with aromas of undergrowth and truffle.\",\"breadcrumb\":{\"@id\":\"https:\\\/\\\/www.ivinio.com\\\/en\\\/product\\\/la-celestiere-igp-vaucluse\\\/#breadcrumb\"},\"inLanguage\":\"en-US\",\"potentialAction\":[{\"@type\":\"ReadAction\",\"target\":[\"https:\\\/\\\/www.ivinio.com\\\/en\\\/product\\\/la-celestiere-igp-vaucluse\\\/\"]}]},{\"@type\":\"ImageObject\",\"inLanguage\":\"en-US\",\"@id\":\"https:\\\/\\\/www.ivinio.com\\\/en\\\/product\\\/la-celestiere-igp-vaucluse\\\/#primaryimage\",\"url\":\"https:\\\/\\\/www.ivinio.com\\\/wp-content\\\/uploads\\\/nc\\\/public\\\/modules\\\/file\\\/pictures\\\/6563.la-c-lesti-re-vaucluse-ivinio.jpg\",\"contentUrl\":\"https:\\\/\\\/www.ivinio.com\\\/wp-content\\\/uploads\\\/nc\\\/public\\\/modules\\\/file\\\/pictures\\\/6563.la-c-lesti-re-vaucluse-ivinio.jpg\",\"width\":500,\"height\":500},{\"@type\":\"BreadcrumbList\",\"@id\":\"https:\\\/\\\/www.ivinio.com\\\/en\\\/product\\\/la-celestiere-igp-vaucluse\\\/#breadcrumb\",\"itemListElement\":[{\"@type\":\"ListItem\",\"position\":1,\"name\":\"Home\",\"item\":\"https:\\\/\\\/www.ivinio.com\\\/en\\\/\"},{\"@type\":\"ListItem\",\"position\":2,\"name\":\"Wine-shop\",\"item\":\"https:\\\/\\\/www.ivinio.com\\\/en\\\/wine-shop\\\/\"},{\"@type\":\"ListItem\",\"position\":3,\"name\":\"La C\u00e9lesti\u00e8re &#8211; IGP Vaucluse &#8211; Red\"}]},{\"@type\":\"WebSite\",\"@id\":\"https:\\\/\\\/www.ivinio.com\\\/en\\\/#website\",\"url\":\"https:\\\/\\\/www.ivinio.com\\\/en\\\/\",\"name\":\"IVINIO Wine Shop\",\"description\":\"French and Italian wines with delivery to your door\",\"publisher\":{\"@id\":\"https:\\\/\\\/www.ivinio.com\\\/en\\\/#organization\"},\"potentialAction\":[{\"@type\":\"SearchAction\",\"target\":{\"@type\":\"EntryPoint\",\"urlTemplate\":\"https:\\\/\\\/www.ivinio.com\\\/en\\\/?s={search_term_string}\"},\"query-input\":{\"@type\":\"PropertyValueSpecification\",\"valueRequired\":true,\"valueName\":\"search_term_string\"}}],\"inLanguage\":\"en-US\"},{\"@type\":\"Organization\",\"@id\":\"https:\\\/\\\/www.ivinio.com\\\/en\\\/#organization\",\"name\":\"IVINIO\",\"url\":\"https:\\\/\\\/www.ivinio.com\\\/en\\\/\",\"logo\":{\"@type\":\"ImageObject\",\"inLanguage\":\"en-US\",\"@id\":\"https:\\\/\\\/www.ivinio.com\\\/en\\\/#\\\/schema\\\/logo\\\/image\\\/\",\"url\":\"https:\\\/\\\/www.ivinio.com\\\/wp-content\\\/uploads\\\/2021\\\/01\\\/Logo-Ivinio-v2.jpg\",\"contentUrl\":\"https:\\\/\\\/www.ivinio.com\\\/wp-content\\\/uploads\\\/2021\\\/01\\\/Logo-Ivinio-v2.jpg\",\"width\":1194,\"height\":1194,\"caption\":\"IVINIO\"},\"image\":{\"@id\":\"https:\\\/\\\/www.ivinio.com\\\/en\\\/#\\\/schema\\\/logo\\\/image\\\/\"},\"sameAs\":[\"https:\\\/\\\/www.facebook.com\\\/groups\\\/165217837022391\\\/?ref=bookmarks\",\"https:\\\/\\\/www.instagram.com\\\/_ivinio_\\\/?hl=fr\"]}]}<\/script>\n<!-- \/ Yoast SEO plugin. -->","yoast_head_json":{"title":"Buy La C\u00e9lesti\u00e8re - IGP Vaucluse - Red wine - IVINIO Wine Shop","description":"La C\u00e9lesti\u00e8re - IGP Vaucluse - Red wine is an organic juicy and fruity red wine. A rich \"vieilles vignes\" with aromas of undergrowth and truffle.","robots":{"index":"index","follow":"follow","max-snippet":"max-snippet:-1","max-image-preview":"max-image-preview:large","max-video-preview":"max-video-preview:-1"},"canonical":"https:\/\/www.ivinio.com\/en\/product\/la-celestiere-igp-vaucluse\/","og_locale":"en_US","og_type":"article","og_title":"Buy La C\u00e9lesti\u00e8re - IGP Vaucluse - Red wine - IVINIO Wine Shop","og_description":"La C\u00e9lesti\u00e8re - IGP Vaucluse - Red wine is an organic juicy and fruity red wine. A rich \"vieilles vignes\" with aromas of undergrowth and truffle.","og_url":"https:\/\/www.ivinio.com\/en\/product\/la-celestiere-igp-vaucluse\/","og_site_name":"IVINIO Wine Shop","article_publisher":"https:\/\/www.facebook.com\/groups\/165217837022391\/?ref=bookmarks","article_modified_time":"2026-01-20T17:52:06+00:00","og_image":[{"width":500,"height":500,"url":"https:\/\/www.ivinio.com\/wp-content\/uploads\/nc\/public\/modules\/file\/pictures\/6563.la-c-lesti-re-vaucluse-ivinio.jpg","type":"image\/jpeg"}],"twitter_card":"summary_large_image","twitter_misc":{"Est. reading time":"1 minute"},"schema":{"@context":"https:\/\/schema.org","@graph":[{"@type":"WebPage","@id":"https:\/\/www.ivinio.com\/en\/product\/la-celestiere-igp-vaucluse\/","url":"https:\/\/www.ivinio.com\/en\/product\/la-celestiere-igp-vaucluse\/","name":"Buy La C\u00e9lesti\u00e8re - IGP Vaucluse - Red wine - IVINIO Wine Shop","isPartOf":{"@id":"https:\/\/www.ivinio.com\/en\/#website"},"primaryImageOfPage":{"@id":"https:\/\/www.ivinio.com\/en\/product\/la-celestiere-igp-vaucluse\/#primaryimage"},"image":{"@id":"https:\/\/www.ivinio.com\/en\/product\/la-celestiere-igp-vaucluse\/#primaryimage"},"thumbnailUrl":"https:\/\/www.ivinio.com\/wp-content\/uploads\/nc\/public\/modules\/file\/pictures\/6563.la-c-lesti-re-vaucluse-ivinio.jpg","datePublished":"2017-11-02T12:07:02+00:00","dateModified":"2026-01-20T17:52:06+00:00","description":"La C\u00e9lesti\u00e8re - IGP Vaucluse - Red wine is an organic juicy and fruity red wine. A rich \"vieilles vignes\" with aromas of undergrowth and truffle.","breadcrumb":{"@id":"https:\/\/www.ivinio.com\/en\/product\/la-celestiere-igp-vaucluse\/#breadcrumb"},"inLanguage":"en-US","potentialAction":[{"@type":"ReadAction","target":["https:\/\/www.ivinio.com\/en\/product\/la-celestiere-igp-vaucluse\/"]}]},{"@type":"ImageObject","inLanguage":"en-US","@id":"https:\/\/www.ivinio.com\/en\/product\/la-celestiere-igp-vaucluse\/#primaryimage","url":"https:\/\/www.ivinio.com\/wp-content\/uploads\/nc\/public\/modules\/file\/pictures\/6563.la-c-lesti-re-vaucluse-ivinio.jpg","contentUrl":"https:\/\/www.ivinio.com\/wp-content\/uploads\/nc\/public\/modules\/file\/pictures\/6563.la-c-lesti-re-vaucluse-ivinio.jpg","width":500,"height":500},{"@type":"BreadcrumbList","@id":"https:\/\/www.ivinio.com\/en\/product\/la-celestiere-igp-vaucluse\/#breadcrumb","itemListElement":[{"@type":"ListItem","position":1,"name":"Home","item":"https:\/\/www.ivinio.com\/en\/"},{"@type":"ListItem","position":2,"name":"Wine-shop","item":"https:\/\/www.ivinio.com\/en\/wine-shop\/"},{"@type":"ListItem","position":3,"name":"La C\u00e9lesti\u00e8re &#8211; IGP Vaucluse &#8211; Red"}]},{"@type":"WebSite","@id":"https:\/\/www.ivinio.com\/en\/#website","url":"https:\/\/www.ivinio.com\/en\/","name":"IVINIO Wine Shop","description":"French and Italian wines with delivery to your door","publisher":{"@id":"https:\/\/www.ivinio.com\/en\/#organization"},"potentialAction":[{"@type":"SearchAction","target":{"@type":"EntryPoint","urlTemplate":"https:\/\/www.ivinio.com\/en\/?s={search_term_string}"},"query-input":{"@type":"PropertyValueSpecification","valueRequired":true,"valueName":"search_term_string"}}],"inLanguage":"en-US"},{"@type":"Organization","@id":"https:\/\/www.ivinio.com\/en\/#organization","name":"IVINIO","url":"https:\/\/www.ivinio.com\/en\/","logo":{"@type":"ImageObject","inLanguage":"en-US","@id":"https:\/\/www.ivinio.com\/en\/#\/schema\/logo\/image\/","url":"https:\/\/www.ivinio.com\/wp-content\/uploads\/2021\/01\/Logo-Ivinio-v2.jpg","contentUrl":"https:\/\/www.ivinio.com\/wp-content\/uploads\/2021\/01\/Logo-Ivinio-v2.jpg","width":1194,"height":1194,"caption":"IVINIO"},"image":{"@id":"https:\/\/www.ivinio.com\/en\/#\/schema\/logo\/image\/"},"sameAs":["https:\/\/www.facebook.com\/groups\/165217837022391\/?ref=bookmarks","https:\/\/www.instagram.com\/_ivinio_\/?hl=fr"]}]}},"jetpack_sharing_enabled":true,"_links":{"self":[{"href":"https:\/\/www.ivinio.com\/en\/wp-json\/wp\/v2\/product\/120939","targetHints":{"allow":["GET"]}}],"collection":[{"href":"https:\/\/www.ivinio.com\/en\/wp-json\/wp\/v2\/product"}],"about":[{"href":"https:\/\/www.ivinio.com\/en\/wp-json\/wp\/v2\/types\/product"}],"replies":[{"embeddable":true,"href":"https:\/\/www.ivinio.com\/en\/wp-json\/wp\/v2\/comments?post=120939"}],"wp:featuredmedia":[{"embeddable":true,"href":"https:\/\/www.ivinio.com\/en\/wp-json\/wp\/v2\/media\/120941"}],"wp:attachment":[{"href":"https:\/\/www.ivinio.com\/en\/wp-json\/wp\/v2\/media?parent=120939"}],"wp:term":[{"taxonomy":"product_brand","embeddable":true,"href":"https:\/\/www.ivinio.com\/en\/wp-json\/wp\/v2\/product_brand?post=120939"},{"taxonomy":"product_cat","embeddable":true,"href":"https:\/\/www.ivinio.com\/en\/wp-json\/wp\/v2\/product_cat?post=120939"},{"taxonomy":"product_tag","embeddable":true,"href":"https:\/\/www.ivinio.com\/en\/wp-json\/wp\/v2\/product_tag?post=120939"}],"curies":[{"name":"wp","href":"https:\/\/api.w.org\/{rel}","templated":true}]}}