{"id":120772,"date":"2017-08-03T15:37:12","date_gmt":"2017-08-03T15:37:12","guid":{"rendered":"https:\/\/henrik.www.ivinio.com\/?product=maggiovini-vigna-di-pettineo-grillo-white"},"modified":"2022-03-11T09:49:08","modified_gmt":"2022-03-11T08:49:08","slug":"maggiovini-vigna-di-pettineo-grillo-white","status":"publish","type":"product","link":"https:\/\/www.ivinio.com\/en\/product\/maggiovini-vigna-di-pettineo-grillo-white\/","title":{"rendered":"Maggiovini &#8211; Vigna di Pettineo &#8211; Grillo &#8211; White"},"content":{"rendered":"<p>Vigna di Pettineo from Maggiovini is made from 100% organically grown Grillo grapes from the vineyards around the town of Vittoria. The grapes are harvested and sorted by hand. Only the best grapes are selected, which are then let to macerate for 24 hours with the skin. Fermentation at low temperature in a steel tank that ends up in French oak barrels.<\/p>\n","protected":false},"excerpt":{"rendered":"<p>Vigna di Pettineo is a white wine from Maggiovini made from the local Grillo grape. A dry white wine with nice acidities but also rounder aromatic hints of white fruits and honey. To serve as an aperitif or for grilled gambas!<\/p>\n","protected":false},"featured_media":120774,"comment_status":"open","ping_status":"closed","template":"","meta":{"_monsterinsights_skip_tracking":false,"_monsterinsights_sitenote_active":false,"_monsterinsights_sitenote_note":"","_monsterinsights_sitenote_category":0,"_uf_show_specific_survey":0,"_uf_disable_surveys":false},"product_brand":[],"product_cat":[36590,36602],"product_tag":[],"class_list":{"0":"post-120772","1":"product","2":"type-product","3":"status-publish","4":"has-post-thumbnail","6":"product_cat-italian-wines","7":"product_cat-en-sicily","8":"pa_alcohol-degree-13-en","9":"pa_classification-igp-terre-siciliane-en","10":"pa_color-white-en","11":"pa_country-italy-en","12":"pa_region-sicily","13":"pa_vintage-2016-en","14":"pa_volume-75-cl-en","16":"first","17":"outofstock","18":"taxable","19":"shipping-taxable","20":"purchasable","21":"product-type-simple"},"bundled_by":[],"bundle_stock_status":"outofstock","bundle_stock_quantity":1,"bundle_virtual":false,"bundle_layout":"","bundle_add_to_cart_form_location":"","bundle_editable_in_cart":false,"bundle_sold_individually_context":"","bundle_item_grouping":"","bundle_min_size":"","bundle_max_size":"","bundle_price":[],"bundled_items":[],"bundle_sell_ids":[],"yoast_head":"<!-- This site is optimized with the Yoast SEO plugin v27.5 - https:\/\/yoast.com\/product\/yoast-seo-wordpress\/ -->\n<title>k\u00f6pa nero d&#039;avola p\u00e5 n\u00e4tet - handla nero d&#039;avola online - vinbutik online www.ivinio.com<\/title>\n<meta name=\"description\" content=\"Kalaurisi fr\u00e5n Maggiovini \u00e4r ett fruktigt och mycket v\u00e4lstrukturerat r\u00f6dvin framst\u00e4llt av Nero d&#039;avola. Ett r\u00f6dvin med fin koncentration utan att vara tungt - passar till det mesta !\" \/>\n<meta name=\"robots\" content=\"index, follow, max-snippet:-1, max-image-preview:large, max-video-preview:-1\" \/>\n<link rel=\"canonical\" href=\"https:\/\/www.ivinio.com\/en\/product\/maggiovini-vigna-di-pettineo-grillo-white\/\" \/>\n<meta property=\"og:locale\" content=\"en_US\" \/>\n<meta property=\"og:type\" content=\"article\" \/>\n<meta property=\"og:title\" content=\"k\u00f6pa nero d&#039;avola p\u00e5 n\u00e4tet - handla nero d&#039;avola online - vinbutik online www.ivinio.com\" \/>\n<meta property=\"og:description\" content=\"Kalaurisi fr\u00e5n Maggiovini \u00e4r ett fruktigt och mycket v\u00e4lstrukturerat r\u00f6dvin framst\u00e4llt av Nero d&#039;avola. Ett r\u00f6dvin med fin koncentration utan att vara tungt - passar till det mesta !\" \/>\n<meta property=\"og:url\" content=\"https:\/\/www.ivinio.com\/en\/product\/maggiovini-vigna-di-pettineo-grillo-white\/\" \/>\n<meta property=\"og:site_name\" content=\"IVINIO Wine Shop\" \/>\n<meta property=\"article:publisher\" content=\"https:\/\/www.facebook.com\/groups\/165217837022391\/?ref=bookmarks\" \/>\n<meta property=\"article:modified_time\" content=\"2022-03-11T08:49:08+00:00\" \/>\n<meta property=\"og:image\" content=\"https:\/\/www.ivinio.com\/wp-content\/uploads\/nc\/public\/modules\/file\/pictures\/6489.Maggiovini-Vigna-di-Pettineo-grillo-ivinio.jpg\" \/>\n\t<meta property=\"og:image:width\" content=\"500\" \/>\n\t<meta property=\"og:image:height\" content=\"500\" \/>\n\t<meta property=\"og:image:type\" content=\"image\/jpeg\" \/>\n<meta name=\"twitter:card\" content=\"summary_large_image\" \/>\n<script type=\"application\/ld+json\" class=\"yoast-schema-graph\">{\"@context\":\"https:\\\/\\\/schema.org\",\"@graph\":[{\"@type\":\"WebPage\",\"@id\":\"https:\\\/\\\/www.ivinio.com\\\/en\\\/product\\\/maggiovini-vigna-di-pettineo-grillo-white\\\/\",\"url\":\"https:\\\/\\\/www.ivinio.com\\\/en\\\/product\\\/maggiovini-vigna-di-pettineo-grillo-white\\\/\",\"name\":\"k\u00f6pa nero d'avola p\u00e5 n\u00e4tet - handla nero d'avola online - vinbutik online www.ivinio.com\",\"isPartOf\":{\"@id\":\"https:\\\/\\\/www.ivinio.com\\\/en\\\/#website\"},\"primaryImageOfPage\":{\"@id\":\"https:\\\/\\\/www.ivinio.com\\\/en\\\/product\\\/maggiovini-vigna-di-pettineo-grillo-white\\\/#primaryimage\"},\"image\":{\"@id\":\"https:\\\/\\\/www.ivinio.com\\\/en\\\/product\\\/maggiovini-vigna-di-pettineo-grillo-white\\\/#primaryimage\"},\"thumbnailUrl\":\"https:\\\/\\\/www.ivinio.com\\\/wp-content\\\/uploads\\\/nc\\\/public\\\/modules\\\/file\\\/pictures\\\/6489.Maggiovini-Vigna-di-Pettineo-grillo-ivinio.jpg\",\"datePublished\":\"2017-08-03T15:37:12+00:00\",\"dateModified\":\"2022-03-11T08:49:08+00:00\",\"description\":\"Kalaurisi fr\u00e5n Maggiovini \u00e4r ett fruktigt och mycket v\u00e4lstrukturerat r\u00f6dvin framst\u00e4llt av Nero d'avola. Ett r\u00f6dvin med fin koncentration utan att vara tungt - passar till det mesta !\",\"breadcrumb\":{\"@id\":\"https:\\\/\\\/www.ivinio.com\\\/en\\\/product\\\/maggiovini-vigna-di-pettineo-grillo-white\\\/#breadcrumb\"},\"inLanguage\":\"en-US\",\"potentialAction\":[{\"@type\":\"ReadAction\",\"target\":[\"https:\\\/\\\/www.ivinio.com\\\/en\\\/product\\\/maggiovini-vigna-di-pettineo-grillo-white\\\/\"]}]},{\"@type\":\"ImageObject\",\"inLanguage\":\"en-US\",\"@id\":\"https:\\\/\\\/www.ivinio.com\\\/en\\\/product\\\/maggiovini-vigna-di-pettineo-grillo-white\\\/#primaryimage\",\"url\":\"https:\\\/\\\/www.ivinio.com\\\/wp-content\\\/uploads\\\/nc\\\/public\\\/modules\\\/file\\\/pictures\\\/6489.Maggiovini-Vigna-di-Pettineo-grillo-ivinio.jpg\",\"contentUrl\":\"https:\\\/\\\/www.ivinio.com\\\/wp-content\\\/uploads\\\/nc\\\/public\\\/modules\\\/file\\\/pictures\\\/6489.Maggiovini-Vigna-di-Pettineo-grillo-ivinio.jpg\",\"width\":500,\"height\":500},{\"@type\":\"BreadcrumbList\",\"@id\":\"https:\\\/\\\/www.ivinio.com\\\/en\\\/product\\\/maggiovini-vigna-di-pettineo-grillo-white\\\/#breadcrumb\",\"itemListElement\":[{\"@type\":\"ListItem\",\"position\":1,\"name\":\"Home\",\"item\":\"https:\\\/\\\/www.ivinio.com\\\/en\\\/\"},{\"@type\":\"ListItem\",\"position\":2,\"name\":\"Wine-shop\",\"item\":\"https:\\\/\\\/www.ivinio.com\\\/en\\\/wine-shop\\\/\"},{\"@type\":\"ListItem\",\"position\":3,\"name\":\"Maggiovini &#8211; Vigna di Pettineo &#8211; Grillo &#8211; White\"}]},{\"@type\":\"WebSite\",\"@id\":\"https:\\\/\\\/www.ivinio.com\\\/en\\\/#website\",\"url\":\"https:\\\/\\\/www.ivinio.com\\\/en\\\/\",\"name\":\"IVINIO Wine Shop\",\"description\":\"French and Italian wines with delivery to your door\",\"publisher\":{\"@id\":\"https:\\\/\\\/www.ivinio.com\\\/en\\\/#organization\"},\"potentialAction\":[{\"@type\":\"SearchAction\",\"target\":{\"@type\":\"EntryPoint\",\"urlTemplate\":\"https:\\\/\\\/www.ivinio.com\\\/en\\\/?s={search_term_string}\"},\"query-input\":{\"@type\":\"PropertyValueSpecification\",\"valueRequired\":true,\"valueName\":\"search_term_string\"}}],\"inLanguage\":\"en-US\"},{\"@type\":\"Organization\",\"@id\":\"https:\\\/\\\/www.ivinio.com\\\/en\\\/#organization\",\"name\":\"IVINIO\",\"url\":\"https:\\\/\\\/www.ivinio.com\\\/en\\\/\",\"logo\":{\"@type\":\"ImageObject\",\"inLanguage\":\"en-US\",\"@id\":\"https:\\\/\\\/www.ivinio.com\\\/en\\\/#\\\/schema\\\/logo\\\/image\\\/\",\"url\":\"https:\\\/\\\/www.ivinio.com\\\/wp-content\\\/uploads\\\/2021\\\/01\\\/Logo-Ivinio-v2.jpg\",\"contentUrl\":\"https:\\\/\\\/www.ivinio.com\\\/wp-content\\\/uploads\\\/2021\\\/01\\\/Logo-Ivinio-v2.jpg\",\"width\":1194,\"height\":1194,\"caption\":\"IVINIO\"},\"image\":{\"@id\":\"https:\\\/\\\/www.ivinio.com\\\/en\\\/#\\\/schema\\\/logo\\\/image\\\/\"},\"sameAs\":[\"https:\\\/\\\/www.facebook.com\\\/groups\\\/165217837022391\\\/?ref=bookmarks\",\"https:\\\/\\\/www.instagram.com\\\/_ivinio_\\\/?hl=fr\"]}]}<\/script>\n<!-- \/ Yoast SEO plugin. -->","yoast_head_json":{"title":"k\u00f6pa nero d'avola p\u00e5 n\u00e4tet - handla nero d'avola online - vinbutik online www.ivinio.com","description":"Kalaurisi fr\u00e5n Maggiovini \u00e4r ett fruktigt och mycket v\u00e4lstrukturerat r\u00f6dvin framst\u00e4llt av Nero d'avola. Ett r\u00f6dvin med fin koncentration utan att vara tungt - passar till det mesta !","robots":{"index":"index","follow":"follow","max-snippet":"max-snippet:-1","max-image-preview":"max-image-preview:large","max-video-preview":"max-video-preview:-1"},"canonical":"https:\/\/www.ivinio.com\/en\/product\/maggiovini-vigna-di-pettineo-grillo-white\/","og_locale":"en_US","og_type":"article","og_title":"k\u00f6pa nero d'avola p\u00e5 n\u00e4tet - handla nero d'avola online - vinbutik online www.ivinio.com","og_description":"Kalaurisi fr\u00e5n Maggiovini \u00e4r ett fruktigt och mycket v\u00e4lstrukturerat r\u00f6dvin framst\u00e4llt av Nero d'avola. Ett r\u00f6dvin med fin koncentration utan att vara tungt - passar till det mesta !","og_url":"https:\/\/www.ivinio.com\/en\/product\/maggiovini-vigna-di-pettineo-grillo-white\/","og_site_name":"IVINIO Wine Shop","article_publisher":"https:\/\/www.facebook.com\/groups\/165217837022391\/?ref=bookmarks","article_modified_time":"2022-03-11T08:49:08+00:00","og_image":[{"width":500,"height":500,"url":"https:\/\/www.ivinio.com\/wp-content\/uploads\/nc\/public\/modules\/file\/pictures\/6489.Maggiovini-Vigna-di-Pettineo-grillo-ivinio.jpg","type":"image\/jpeg"}],"twitter_card":"summary_large_image","schema":{"@context":"https:\/\/schema.org","@graph":[{"@type":"WebPage","@id":"https:\/\/www.ivinio.com\/en\/product\/maggiovini-vigna-di-pettineo-grillo-white\/","url":"https:\/\/www.ivinio.com\/en\/product\/maggiovini-vigna-di-pettineo-grillo-white\/","name":"k\u00f6pa nero d'avola p\u00e5 n\u00e4tet - handla nero d'avola online - vinbutik online www.ivinio.com","isPartOf":{"@id":"https:\/\/www.ivinio.com\/en\/#website"},"primaryImageOfPage":{"@id":"https:\/\/www.ivinio.com\/en\/product\/maggiovini-vigna-di-pettineo-grillo-white\/#primaryimage"},"image":{"@id":"https:\/\/www.ivinio.com\/en\/product\/maggiovini-vigna-di-pettineo-grillo-white\/#primaryimage"},"thumbnailUrl":"https:\/\/www.ivinio.com\/wp-content\/uploads\/nc\/public\/modules\/file\/pictures\/6489.Maggiovini-Vigna-di-Pettineo-grillo-ivinio.jpg","datePublished":"2017-08-03T15:37:12+00:00","dateModified":"2022-03-11T08:49:08+00:00","description":"Kalaurisi fr\u00e5n Maggiovini \u00e4r ett fruktigt och mycket v\u00e4lstrukturerat r\u00f6dvin framst\u00e4llt av Nero d'avola. Ett r\u00f6dvin med fin koncentration utan att vara tungt - passar till det mesta !","breadcrumb":{"@id":"https:\/\/www.ivinio.com\/en\/product\/maggiovini-vigna-di-pettineo-grillo-white\/#breadcrumb"},"inLanguage":"en-US","potentialAction":[{"@type":"ReadAction","target":["https:\/\/www.ivinio.com\/en\/product\/maggiovini-vigna-di-pettineo-grillo-white\/"]}]},{"@type":"ImageObject","inLanguage":"en-US","@id":"https:\/\/www.ivinio.com\/en\/product\/maggiovini-vigna-di-pettineo-grillo-white\/#primaryimage","url":"https:\/\/www.ivinio.com\/wp-content\/uploads\/nc\/public\/modules\/file\/pictures\/6489.Maggiovini-Vigna-di-Pettineo-grillo-ivinio.jpg","contentUrl":"https:\/\/www.ivinio.com\/wp-content\/uploads\/nc\/public\/modules\/file\/pictures\/6489.Maggiovini-Vigna-di-Pettineo-grillo-ivinio.jpg","width":500,"height":500},{"@type":"BreadcrumbList","@id":"https:\/\/www.ivinio.com\/en\/product\/maggiovini-vigna-di-pettineo-grillo-white\/#breadcrumb","itemListElement":[{"@type":"ListItem","position":1,"name":"Home","item":"https:\/\/www.ivinio.com\/en\/"},{"@type":"ListItem","position":2,"name":"Wine-shop","item":"https:\/\/www.ivinio.com\/en\/wine-shop\/"},{"@type":"ListItem","position":3,"name":"Maggiovini &#8211; Vigna di Pettineo &#8211; Grillo &#8211; White"}]},{"@type":"WebSite","@id":"https:\/\/www.ivinio.com\/en\/#website","url":"https:\/\/www.ivinio.com\/en\/","name":"IVINIO Wine Shop","description":"French and Italian wines with delivery to your door","publisher":{"@id":"https:\/\/www.ivinio.com\/en\/#organization"},"potentialAction":[{"@type":"SearchAction","target":{"@type":"EntryPoint","urlTemplate":"https:\/\/www.ivinio.com\/en\/?s={search_term_string}"},"query-input":{"@type":"PropertyValueSpecification","valueRequired":true,"valueName":"search_term_string"}}],"inLanguage":"en-US"},{"@type":"Organization","@id":"https:\/\/www.ivinio.com\/en\/#organization","name":"IVINIO","url":"https:\/\/www.ivinio.com\/en\/","logo":{"@type":"ImageObject","inLanguage":"en-US","@id":"https:\/\/www.ivinio.com\/en\/#\/schema\/logo\/image\/","url":"https:\/\/www.ivinio.com\/wp-content\/uploads\/2021\/01\/Logo-Ivinio-v2.jpg","contentUrl":"https:\/\/www.ivinio.com\/wp-content\/uploads\/2021\/01\/Logo-Ivinio-v2.jpg","width":1194,"height":1194,"caption":"IVINIO"},"image":{"@id":"https:\/\/www.ivinio.com\/en\/#\/schema\/logo\/image\/"},"sameAs":["https:\/\/www.facebook.com\/groups\/165217837022391\/?ref=bookmarks","https:\/\/www.instagram.com\/_ivinio_\/?hl=fr"]}]}},"jetpack_sharing_enabled":true,"_links":{"self":[{"href":"https:\/\/www.ivinio.com\/en\/wp-json\/wp\/v2\/product\/120772","targetHints":{"allow":["GET"]}}],"collection":[{"href":"https:\/\/www.ivinio.com\/en\/wp-json\/wp\/v2\/product"}],"about":[{"href":"https:\/\/www.ivinio.com\/en\/wp-json\/wp\/v2\/types\/product"}],"replies":[{"embeddable":true,"href":"https:\/\/www.ivinio.com\/en\/wp-json\/wp\/v2\/comments?post=120772"}],"wp:featuredmedia":[{"embeddable":true,"href":"https:\/\/www.ivinio.com\/en\/wp-json\/wp\/v2\/media\/120774"}],"wp:attachment":[{"href":"https:\/\/www.ivinio.com\/en\/wp-json\/wp\/v2\/media?parent=120772"}],"wp:term":[{"taxonomy":"product_brand","embeddable":true,"href":"https:\/\/www.ivinio.com\/en\/wp-json\/wp\/v2\/product_brand?post=120772"},{"taxonomy":"product_cat","embeddable":true,"href":"https:\/\/www.ivinio.com\/en\/wp-json\/wp\/v2\/product_cat?post=120772"},{"taxonomy":"product_tag","embeddable":true,"href":"https:\/\/www.ivinio.com\/en\/wp-json\/wp\/v2\/product_tag?post=120772"}],"curies":[{"name":"wp","href":"https:\/\/api.w.org\/{rel}","templated":true}]}}