{"id":120690,"date":"2017-07-05T18:41:41","date_gmt":"2017-07-05T18:41:41","guid":{"rendered":"https:\/\/henrik.www.ivinio.com\/?product=bollinger-grand-cuvee"},"modified":"2022-03-13T11:32:06","modified_gmt":"2022-03-13T10:32:06","slug":"champagne-bollinger-special-cuvee","status":"publish","type":"product","link":"https:\/\/www.ivinio.com\/en\/product\/champagne-bollinger-special-cuvee\/","title":{"rendered":"Champagne Bollinger Sp\u00e9cial Cuv\u00e9e"},"content":{"rendered":"<p>Sp\u00e9cial Cuv\u00e9e from Bollinger is made from 60% Pinot noir, 25% Chardonnay and 15% Pinot meunier. More than 85% of the wine is a mixture of different Grands Crus and Premiers Crus cuv\u00e9es. The finalized\u00a0champagne is stored for more than 30 months, ie twice as long as required by the rules of the Champagne Appellation. The dosage is moderate, 8-9 grams per liter.<\/p>\n","protected":false},"excerpt":{"rendered":"<p>Bollinger Sp\u00e9cial\u00a0Cuv\u00e9e belongs to the great\u00a0champagne varieties since\u00a0more than 100 years. A fruity and subtle champagne with bubbles soft as velvet!<\/p>\n","protected":false},"featured_media":120692,"comment_status":"open","ping_status":"closed","template":"","meta":{"_monsterinsights_skip_tracking":false,"_monsterinsights_sitenote_active":false,"_monsterinsights_sitenote_note":"","_monsterinsights_sitenote_category":0,"_uf_show_specific_survey":0,"_uf_disable_surveys":false},"product_brand":[],"product_cat":[36614,36587],"product_tag":[],"class_list":{"0":"post-120690","1":"product","2":"type-product","3":"status-publish","4":"has-post-thumbnail","6":"product_cat-en-champagne","7":"product_cat-french-wines","8":"pa_alcohol-degree-12-en","9":"pa_awards-bettanedesseauve-en","10":"pa_awards-decanter","11":"pa_awards-gault-millau-vins-en","12":"pa_awards-guide-hachette-en","13":"pa_awards-jancis-robinson-en","14":"pa_awards-robert-parker-en","15":"pa_classification-aop-champagne-en","16":"pa_color-sparkling-en","17":"pa_country-france-en","18":"pa_grape-variety-chardonnay-en","19":"pa_grape-variety-pinot-meunier-en","20":"pa_grape-variety-pinot-noir","21":"pa_package-1x1-en","22":"pa_package-1x6-en","23":"pa_region-champagne","24":"pa_storage-potential-7-years-en","25":"pa_volume-75-cl-en","27":"first","28":"instock","29":"taxable","30":"shipping-taxable","31":"purchasable","32":"product-type-variable"},"bundled_by":[],"bundle_stock_status":"instock","bundle_stock_quantity":null,"bundle_virtual":false,"bundle_layout":"","bundle_add_to_cart_form_location":"","bundle_editable_in_cart":false,"bundle_sold_individually_context":"","bundle_item_grouping":"","bundle_min_size":"","bundle_max_size":"","bundle_price":[],"bundled_items":[],"bundle_sell_ids":[],"yoast_head":"<!-- This site is optimized with the Yoast SEO plugin v27.4 - https:\/\/yoast.com\/product\/yoast-seo-wordpress\/ -->\n<title>Buy Champagne Bollinger Sp\u00e9cial Cuv\u00e9e - Sparkling - IVINIO Wine Shop<\/title>\n<meta name=\"description\" content=\"Buy Champagne Bollinger Sp\u00e9cial Cuv\u00e9e - Sparkling. Belongs to the great champagne varieties since more than 100 years. A fruity and subtle champagne.\" \/>\n<meta name=\"robots\" content=\"index, follow, max-snippet:-1, max-image-preview:large, max-video-preview:-1\" \/>\n<link rel=\"canonical\" href=\"https:\/\/www.ivinio.com\/en\/product\/champagne-bollinger-special-cuvee\/\" \/>\n<meta property=\"og:locale\" content=\"en_US\" \/>\n<meta property=\"og:type\" content=\"article\" \/>\n<meta property=\"og:title\" content=\"Buy Champagne Bollinger Sp\u00e9cial Cuv\u00e9e - Sparkling - IVINIO Wine Shop\" \/>\n<meta property=\"og:description\" content=\"Buy Champagne Bollinger Sp\u00e9cial Cuv\u00e9e - Sparkling. Belongs to the great champagne varieties since more than 100 years. A fruity and subtle champagne.\" \/>\n<meta property=\"og:url\" content=\"https:\/\/www.ivinio.com\/en\/product\/champagne-bollinger-special-cuvee\/\" \/>\n<meta property=\"og:site_name\" content=\"IVINIO Wine Shop\" \/>\n<meta property=\"article:publisher\" content=\"https:\/\/www.facebook.com\/groups\/165217837022391\/?ref=bookmarks\" \/>\n<meta property=\"article:modified_time\" content=\"2022-03-13T10:32:06+00:00\" \/>\n<meta property=\"og:image\" content=\"https:\/\/www.ivinio.com\/wp-content\/uploads\/nc\/public\/modules\/file\/pictures\/6446.bollinger-sp-cial-cuv-e-ivinio.jpg\" \/>\n\t<meta property=\"og:image:width\" content=\"500\" \/>\n\t<meta property=\"og:image:height\" content=\"500\" \/>\n\t<meta property=\"og:image:type\" content=\"image\/jpeg\" \/>\n<meta name=\"twitter:card\" content=\"summary_large_image\" \/>\n<script type=\"application\/ld+json\" class=\"yoast-schema-graph\">{\"@context\":\"https:\\\/\\\/schema.org\",\"@graph\":[{\"@type\":\"WebPage\",\"@id\":\"https:\\\/\\\/www.ivinio.com\\\/en\\\/product\\\/champagne-bollinger-special-cuvee\\\/\",\"url\":\"https:\\\/\\\/www.ivinio.com\\\/en\\\/product\\\/champagne-bollinger-special-cuvee\\\/\",\"name\":\"Buy Champagne Bollinger Sp\u00e9cial Cuv\u00e9e - Sparkling - IVINIO Wine Shop\",\"isPartOf\":{\"@id\":\"https:\\\/\\\/www.ivinio.com\\\/en\\\/#website\"},\"primaryImageOfPage\":{\"@id\":\"https:\\\/\\\/www.ivinio.com\\\/en\\\/product\\\/champagne-bollinger-special-cuvee\\\/#primaryimage\"},\"image\":{\"@id\":\"https:\\\/\\\/www.ivinio.com\\\/en\\\/product\\\/champagne-bollinger-special-cuvee\\\/#primaryimage\"},\"thumbnailUrl\":\"https:\\\/\\\/www.ivinio.com\\\/wp-content\\\/uploads\\\/nc\\\/public\\\/modules\\\/file\\\/pictures\\\/6446.bollinger-sp-cial-cuv-e-ivinio.jpg\",\"datePublished\":\"2017-07-05T18:41:41+00:00\",\"dateModified\":\"2022-03-13T10:32:06+00:00\",\"description\":\"Buy Champagne Bollinger Sp\u00e9cial Cuv\u00e9e - Sparkling. Belongs to the great champagne varieties since more than 100 years. A fruity and subtle champagne.\",\"breadcrumb\":{\"@id\":\"https:\\\/\\\/www.ivinio.com\\\/en\\\/product\\\/champagne-bollinger-special-cuvee\\\/#breadcrumb\"},\"inLanguage\":\"en-US\",\"potentialAction\":[{\"@type\":\"ReadAction\",\"target\":[\"https:\\\/\\\/www.ivinio.com\\\/en\\\/product\\\/champagne-bollinger-special-cuvee\\\/\"]}]},{\"@type\":\"ImageObject\",\"inLanguage\":\"en-US\",\"@id\":\"https:\\\/\\\/www.ivinio.com\\\/en\\\/product\\\/champagne-bollinger-special-cuvee\\\/#primaryimage\",\"url\":\"https:\\\/\\\/www.ivinio.com\\\/wp-content\\\/uploads\\\/nc\\\/public\\\/modules\\\/file\\\/pictures\\\/6446.bollinger-sp-cial-cuv-e-ivinio.jpg\",\"contentUrl\":\"https:\\\/\\\/www.ivinio.com\\\/wp-content\\\/uploads\\\/nc\\\/public\\\/modules\\\/file\\\/pictures\\\/6446.bollinger-sp-cial-cuv-e-ivinio.jpg\",\"width\":500,\"height\":500,\"caption\":\"Champagne Bollinger Sp\u00e9cial Cuv\u00e9e\"},{\"@type\":\"BreadcrumbList\",\"@id\":\"https:\\\/\\\/www.ivinio.com\\\/en\\\/product\\\/champagne-bollinger-special-cuvee\\\/#breadcrumb\",\"itemListElement\":[{\"@type\":\"ListItem\",\"position\":1,\"name\":\"Home\",\"item\":\"https:\\\/\\\/www.ivinio.com\\\/en\\\/\"},{\"@type\":\"ListItem\",\"position\":2,\"name\":\"Wine-shop\",\"item\":\"https:\\\/\\\/www.ivinio.com\\\/en\\\/wine-shop\\\/\"},{\"@type\":\"ListItem\",\"position\":3,\"name\":\"Champagne Bollinger Sp\u00e9cial Cuv\u00e9e\"}]},{\"@type\":\"WebSite\",\"@id\":\"https:\\\/\\\/www.ivinio.com\\\/en\\\/#website\",\"url\":\"https:\\\/\\\/www.ivinio.com\\\/en\\\/\",\"name\":\"IVINIO Wine Shop\",\"description\":\"French and Italian wines with delivery to your door\",\"publisher\":{\"@id\":\"https:\\\/\\\/www.ivinio.com\\\/en\\\/#organization\"},\"potentialAction\":[{\"@type\":\"SearchAction\",\"target\":{\"@type\":\"EntryPoint\",\"urlTemplate\":\"https:\\\/\\\/www.ivinio.com\\\/en\\\/?s={search_term_string}\"},\"query-input\":{\"@type\":\"PropertyValueSpecification\",\"valueRequired\":true,\"valueName\":\"search_term_string\"}}],\"inLanguage\":\"en-US\"},{\"@type\":\"Organization\",\"@id\":\"https:\\\/\\\/www.ivinio.com\\\/en\\\/#organization\",\"name\":\"IVINIO\",\"url\":\"https:\\\/\\\/www.ivinio.com\\\/en\\\/\",\"logo\":{\"@type\":\"ImageObject\",\"inLanguage\":\"en-US\",\"@id\":\"https:\\\/\\\/www.ivinio.com\\\/en\\\/#\\\/schema\\\/logo\\\/image\\\/\",\"url\":\"https:\\\/\\\/www.ivinio.com\\\/wp-content\\\/uploads\\\/2021\\\/01\\\/Logo-Ivinio-v2.jpg\",\"contentUrl\":\"https:\\\/\\\/www.ivinio.com\\\/wp-content\\\/uploads\\\/2021\\\/01\\\/Logo-Ivinio-v2.jpg\",\"width\":1194,\"height\":1194,\"caption\":\"IVINIO\"},\"image\":{\"@id\":\"https:\\\/\\\/www.ivinio.com\\\/en\\\/#\\\/schema\\\/logo\\\/image\\\/\"},\"sameAs\":[\"https:\\\/\\\/www.facebook.com\\\/groups\\\/165217837022391\\\/?ref=bookmarks\",\"https:\\\/\\\/www.instagram.com\\\/_ivinio_\\\/?hl=fr\"]}]}<\/script>\n<!-- \/ Yoast SEO plugin. -->","yoast_head_json":{"title":"Buy Champagne Bollinger Sp\u00e9cial Cuv\u00e9e - Sparkling - IVINIO Wine Shop","description":"Buy Champagne Bollinger Sp\u00e9cial Cuv\u00e9e - Sparkling. Belongs to the great champagne varieties since more than 100 years. A fruity and subtle champagne.","robots":{"index":"index","follow":"follow","max-snippet":"max-snippet:-1","max-image-preview":"max-image-preview:large","max-video-preview":"max-video-preview:-1"},"canonical":"https:\/\/www.ivinio.com\/en\/product\/champagne-bollinger-special-cuvee\/","og_locale":"en_US","og_type":"article","og_title":"Buy Champagne Bollinger Sp\u00e9cial Cuv\u00e9e - Sparkling - IVINIO Wine Shop","og_description":"Buy Champagne Bollinger Sp\u00e9cial Cuv\u00e9e - Sparkling. Belongs to the great champagne varieties since more than 100 years. A fruity and subtle champagne.","og_url":"https:\/\/www.ivinio.com\/en\/product\/champagne-bollinger-special-cuvee\/","og_site_name":"IVINIO Wine Shop","article_publisher":"https:\/\/www.facebook.com\/groups\/165217837022391\/?ref=bookmarks","article_modified_time":"2022-03-13T10:32:06+00:00","og_image":[{"width":500,"height":500,"url":"https:\/\/www.ivinio.com\/wp-content\/uploads\/nc\/public\/modules\/file\/pictures\/6446.bollinger-sp-cial-cuv-e-ivinio.jpg","type":"image\/jpeg"}],"twitter_card":"summary_large_image","schema":{"@context":"https:\/\/schema.org","@graph":[{"@type":"WebPage","@id":"https:\/\/www.ivinio.com\/en\/product\/champagne-bollinger-special-cuvee\/","url":"https:\/\/www.ivinio.com\/en\/product\/champagne-bollinger-special-cuvee\/","name":"Buy Champagne Bollinger Sp\u00e9cial Cuv\u00e9e - Sparkling - IVINIO Wine Shop","isPartOf":{"@id":"https:\/\/www.ivinio.com\/en\/#website"},"primaryImageOfPage":{"@id":"https:\/\/www.ivinio.com\/en\/product\/champagne-bollinger-special-cuvee\/#primaryimage"},"image":{"@id":"https:\/\/www.ivinio.com\/en\/product\/champagne-bollinger-special-cuvee\/#primaryimage"},"thumbnailUrl":"https:\/\/www.ivinio.com\/wp-content\/uploads\/nc\/public\/modules\/file\/pictures\/6446.bollinger-sp-cial-cuv-e-ivinio.jpg","datePublished":"2017-07-05T18:41:41+00:00","dateModified":"2022-03-13T10:32:06+00:00","description":"Buy Champagne Bollinger Sp\u00e9cial Cuv\u00e9e - Sparkling. Belongs to the great champagne varieties since more than 100 years. A fruity and subtle champagne.","breadcrumb":{"@id":"https:\/\/www.ivinio.com\/en\/product\/champagne-bollinger-special-cuvee\/#breadcrumb"},"inLanguage":"en-US","potentialAction":[{"@type":"ReadAction","target":["https:\/\/www.ivinio.com\/en\/product\/champagne-bollinger-special-cuvee\/"]}]},{"@type":"ImageObject","inLanguage":"en-US","@id":"https:\/\/www.ivinio.com\/en\/product\/champagne-bollinger-special-cuvee\/#primaryimage","url":"https:\/\/www.ivinio.com\/wp-content\/uploads\/nc\/public\/modules\/file\/pictures\/6446.bollinger-sp-cial-cuv-e-ivinio.jpg","contentUrl":"https:\/\/www.ivinio.com\/wp-content\/uploads\/nc\/public\/modules\/file\/pictures\/6446.bollinger-sp-cial-cuv-e-ivinio.jpg","width":500,"height":500,"caption":"Champagne Bollinger Sp\u00e9cial Cuv\u00e9e"},{"@type":"BreadcrumbList","@id":"https:\/\/www.ivinio.com\/en\/product\/champagne-bollinger-special-cuvee\/#breadcrumb","itemListElement":[{"@type":"ListItem","position":1,"name":"Home","item":"https:\/\/www.ivinio.com\/en\/"},{"@type":"ListItem","position":2,"name":"Wine-shop","item":"https:\/\/www.ivinio.com\/en\/wine-shop\/"},{"@type":"ListItem","position":3,"name":"Champagne Bollinger Sp\u00e9cial Cuv\u00e9e"}]},{"@type":"WebSite","@id":"https:\/\/www.ivinio.com\/en\/#website","url":"https:\/\/www.ivinio.com\/en\/","name":"IVINIO Wine Shop","description":"French and Italian wines with delivery to your door","publisher":{"@id":"https:\/\/www.ivinio.com\/en\/#organization"},"potentialAction":[{"@type":"SearchAction","target":{"@type":"EntryPoint","urlTemplate":"https:\/\/www.ivinio.com\/en\/?s={search_term_string}"},"query-input":{"@type":"PropertyValueSpecification","valueRequired":true,"valueName":"search_term_string"}}],"inLanguage":"en-US"},{"@type":"Organization","@id":"https:\/\/www.ivinio.com\/en\/#organization","name":"IVINIO","url":"https:\/\/www.ivinio.com\/en\/","logo":{"@type":"ImageObject","inLanguage":"en-US","@id":"https:\/\/www.ivinio.com\/en\/#\/schema\/logo\/image\/","url":"https:\/\/www.ivinio.com\/wp-content\/uploads\/2021\/01\/Logo-Ivinio-v2.jpg","contentUrl":"https:\/\/www.ivinio.com\/wp-content\/uploads\/2021\/01\/Logo-Ivinio-v2.jpg","width":1194,"height":1194,"caption":"IVINIO"},"image":{"@id":"https:\/\/www.ivinio.com\/en\/#\/schema\/logo\/image\/"},"sameAs":["https:\/\/www.facebook.com\/groups\/165217837022391\/?ref=bookmarks","https:\/\/www.instagram.com\/_ivinio_\/?hl=fr"]}]}},"jetpack_sharing_enabled":true,"_links":{"self":[{"href":"https:\/\/www.ivinio.com\/en\/wp-json\/wp\/v2\/product\/120690","targetHints":{"allow":["GET"]}}],"collection":[{"href":"https:\/\/www.ivinio.com\/en\/wp-json\/wp\/v2\/product"}],"about":[{"href":"https:\/\/www.ivinio.com\/en\/wp-json\/wp\/v2\/types\/product"}],"replies":[{"embeddable":true,"href":"https:\/\/www.ivinio.com\/en\/wp-json\/wp\/v2\/comments?post=120690"}],"wp:featuredmedia":[{"embeddable":true,"href":"https:\/\/www.ivinio.com\/en\/wp-json\/wp\/v2\/media\/120692"}],"wp:attachment":[{"href":"https:\/\/www.ivinio.com\/en\/wp-json\/wp\/v2\/media?parent=120690"}],"wp:term":[{"taxonomy":"product_brand","embeddable":true,"href":"https:\/\/www.ivinio.com\/en\/wp-json\/wp\/v2\/product_brand?post=120690"},{"taxonomy":"product_cat","embeddable":true,"href":"https:\/\/www.ivinio.com\/en\/wp-json\/wp\/v2\/product_cat?post=120690"},{"taxonomy":"product_tag","embeddable":true,"href":"https:\/\/www.ivinio.com\/en\/wp-json\/wp\/v2\/product_tag?post=120690"}],"curies":[{"name":"wp","href":"https:\/\/api.w.org\/{rel}","templated":true}]}}