{"id":120464,"date":"2016-11-07T01:07:37","date_gmt":"2016-11-07T01:07:37","guid":{"rendered":"https:\/\/henrik.www.ivinio.com\/?product=chevalier-torpez-ultimum-red"},"modified":"2024-03-13T12:46:45","modified_gmt":"2024-03-13T11:46:45","slug":"chevalier-torpez-ultimum-rose","status":"publish","type":"product","link":"https:\/\/www.ivinio.com\/en\/product\/chevalier-torpez-ultimum-rose\/","title":{"rendered":"Chevalier Torpez &#8211; Ultimum &#8211; Ros\u00e9"},"content":{"rendered":"<p>Chevalier Torpez &#8211; Ultimum &#8211; Ros\u00e9 wine is made from 40% Grenache, 25% Mourv\u00e8dre, 15% Tibouren and 5% Syrah. The grapes are harvested manually in boxes and partially de-stemmed. A cold maceration before fermentation takes place at 5\u00b0C for 8 to 10 days. The temperature is then raised and the fermentation lasts between 3 to 4 weeks at 20\u00b0C-25\u00b0C temperature. The wine is then stored on fine lees and stirred regularly with the help of scrapers that turn up the sediment (batonnage). The lees on the bottom release aromas, which give volume and &#8220;fatness&#8221;. The wine is aged in oak barrels for more than 18 months.<\/p>\n","protected":false},"excerpt":{"rendered":"<p>Ultimum from Chevalier Torpez is the winery&#8217;s exclusive flagship; an oak barrel-aged ros\u00e9 wine that offers the best of Provence.<\/p>\n","protected":false},"featured_media":131803,"comment_status":"open","ping_status":"closed","template":"","meta":{"_monsterinsights_skip_tracking":false,"_monsterinsights_sitenote_active":false,"_monsterinsights_sitenote_note":"","_monsterinsights_sitenote_category":0,"_uf_show_specific_survey":0,"_uf_disable_surveys":false},"product_brand":[],"product_cat":[36587,36623],"product_tag":[],"class_list":{"0":"post-120464","1":"product","2":"type-product","3":"status-publish","4":"has-post-thumbnail","6":"product_cat-french-wines","7":"product_cat-en-provence","8":"pa_alcohol-degree-14-5-en","9":"pa_classification-aop-cotes-de-provence-en","10":"pa_color-rose-en","11":"pa_country-france-en","12":"pa_grape-variety-grenache-en","13":"pa_grape-variety-mourvedre","14":"pa_grape-variety-syrah","15":"pa_grape-variety-tibouren-en","16":"pa_region-provence-en","17":"pa_storage-potential-5-years-en","18":"pa_vintage-2019-en","19":"pa_volume-75-cl-en","21":"first","22":"instock","23":"taxable","24":"shipping-taxable","25":"purchasable","26":"product-type-simple"},"bundled_by":[],"bundle_stock_status":"instock","bundle_stock_quantity":null,"bundle_virtual":false,"bundle_layout":"","bundle_add_to_cart_form_location":"","bundle_editable_in_cart":false,"bundle_sold_individually_context":"","bundle_item_grouping":"","bundle_min_size":"","bundle_max_size":"","bundle_price":[],"bundled_items":[],"bundle_sell_ids":[],"yoast_head":"<!-- This site is optimized with the Yoast SEO plugin v27.4 - https:\/\/yoast.com\/product\/yoast-seo-wordpress\/ -->\n<title>Buy Chevalier Torpez - Ultimum - Ros\u00e9 wine - IVINIO Wine Shop<\/title>\n<meta name=\"description\" content=\"Buy Chevalier Torpez - Ultimum - Ros\u00e9 wine. The winery&#039;s exclusive flagship; a ros\u00e9 wine aged in oak barrels that offers the best of Provence.\" \/>\n<meta name=\"robots\" content=\"index, follow, max-snippet:-1, max-image-preview:large, max-video-preview:-1\" \/>\n<link rel=\"canonical\" href=\"https:\/\/www.ivinio.com\/en\/product\/chevalier-torpez-ultimum-rose\/\" \/>\n<meta property=\"og:locale\" content=\"en_US\" \/>\n<meta property=\"og:type\" content=\"article\" \/>\n<meta property=\"og:title\" content=\"Buy Chevalier Torpez - Ultimum - Ros\u00e9 wine - IVINIO Wine Shop\" \/>\n<meta property=\"og:description\" content=\"Buy Chevalier Torpez - Ultimum - Ros\u00e9 wine. The winery&#039;s exclusive flagship; a ros\u00e9 wine aged in oak barrels that offers the best of Provence.\" \/>\n<meta property=\"og:url\" content=\"https:\/\/www.ivinio.com\/en\/product\/chevalier-torpez-ultimum-rose\/\" \/>\n<meta property=\"og:site_name\" content=\"IVINIO Wine Shop\" \/>\n<meta property=\"article:publisher\" content=\"https:\/\/www.facebook.com\/groups\/165217837022391\/?ref=bookmarks\" \/>\n<meta property=\"article:modified_time\" content=\"2024-03-13T11:46:45+00:00\" \/>\n<meta property=\"og:image\" content=\"https:\/\/www.ivinio.com\/wp-content\/uploads\/2016\/11\/chevalier-torpez-ultimum-rose-IVINIO.jpg\" \/>\n\t<meta property=\"og:image:width\" content=\"500\" \/>\n\t<meta property=\"og:image:height\" content=\"500\" \/>\n\t<meta property=\"og:image:type\" content=\"image\/jpeg\" \/>\n<meta name=\"twitter:card\" content=\"summary_large_image\" \/>\n<meta name=\"twitter:label1\" content=\"Est. reading time\" \/>\n\t<meta name=\"twitter:data1\" content=\"1 minute\" \/>\n<script type=\"application\/ld+json\" class=\"yoast-schema-graph\">{\"@context\":\"https:\\\/\\\/schema.org\",\"@graph\":[{\"@type\":\"WebPage\",\"@id\":\"https:\\\/\\\/www.ivinio.com\\\/en\\\/product\\\/chevalier-torpez-ultimum-rose\\\/\",\"url\":\"https:\\\/\\\/www.ivinio.com\\\/en\\\/product\\\/chevalier-torpez-ultimum-rose\\\/\",\"name\":\"Buy Chevalier Torpez - Ultimum - Ros\u00e9 wine - IVINIO Wine Shop\",\"isPartOf\":{\"@id\":\"https:\\\/\\\/www.ivinio.com\\\/en\\\/#website\"},\"primaryImageOfPage\":{\"@id\":\"https:\\\/\\\/www.ivinio.com\\\/en\\\/product\\\/chevalier-torpez-ultimum-rose\\\/#primaryimage\"},\"image\":{\"@id\":\"https:\\\/\\\/www.ivinio.com\\\/en\\\/product\\\/chevalier-torpez-ultimum-rose\\\/#primaryimage\"},\"thumbnailUrl\":\"https:\\\/\\\/www.ivinio.com\\\/wp-content\\\/uploads\\\/2016\\\/11\\\/chevalier-torpez-ultimum-rose-IVINIO.jpg\",\"datePublished\":\"2016-11-07T01:07:37+00:00\",\"dateModified\":\"2024-03-13T11:46:45+00:00\",\"description\":\"Buy Chevalier Torpez - Ultimum - Ros\u00e9 wine. The winery's exclusive flagship; a ros\u00e9 wine aged in oak barrels that offers the best of Provence.\",\"breadcrumb\":{\"@id\":\"https:\\\/\\\/www.ivinio.com\\\/en\\\/product\\\/chevalier-torpez-ultimum-rose\\\/#breadcrumb\"},\"inLanguage\":\"en-US\",\"potentialAction\":[{\"@type\":\"ReadAction\",\"target\":[\"https:\\\/\\\/www.ivinio.com\\\/en\\\/product\\\/chevalier-torpez-ultimum-rose\\\/\"]}]},{\"@type\":\"ImageObject\",\"inLanguage\":\"en-US\",\"@id\":\"https:\\\/\\\/www.ivinio.com\\\/en\\\/product\\\/chevalier-torpez-ultimum-rose\\\/#primaryimage\",\"url\":\"https:\\\/\\\/www.ivinio.com\\\/wp-content\\\/uploads\\\/2016\\\/11\\\/chevalier-torpez-ultimum-rose-IVINIO.jpg\",\"contentUrl\":\"https:\\\/\\\/www.ivinio.com\\\/wp-content\\\/uploads\\\/2016\\\/11\\\/chevalier-torpez-ultimum-rose-IVINIO.jpg\",\"width\":500,\"height\":500},{\"@type\":\"BreadcrumbList\",\"@id\":\"https:\\\/\\\/www.ivinio.com\\\/en\\\/product\\\/chevalier-torpez-ultimum-rose\\\/#breadcrumb\",\"itemListElement\":[{\"@type\":\"ListItem\",\"position\":1,\"name\":\"Home\",\"item\":\"https:\\\/\\\/www.ivinio.com\\\/en\\\/\"},{\"@type\":\"ListItem\",\"position\":2,\"name\":\"Wine-shop\",\"item\":\"https:\\\/\\\/www.ivinio.com\\\/en\\\/wine-shop\\\/\"},{\"@type\":\"ListItem\",\"position\":3,\"name\":\"Chevalier Torpez &#8211; Ultimum &#8211; Ros\u00e9\"}]},{\"@type\":\"WebSite\",\"@id\":\"https:\\\/\\\/www.ivinio.com\\\/en\\\/#website\",\"url\":\"https:\\\/\\\/www.ivinio.com\\\/en\\\/\",\"name\":\"IVINIO Wine Shop\",\"description\":\"French and Italian wines with delivery to your door\",\"publisher\":{\"@id\":\"https:\\\/\\\/www.ivinio.com\\\/en\\\/#organization\"},\"potentialAction\":[{\"@type\":\"SearchAction\",\"target\":{\"@type\":\"EntryPoint\",\"urlTemplate\":\"https:\\\/\\\/www.ivinio.com\\\/en\\\/?s={search_term_string}\"},\"query-input\":{\"@type\":\"PropertyValueSpecification\",\"valueRequired\":true,\"valueName\":\"search_term_string\"}}],\"inLanguage\":\"en-US\"},{\"@type\":\"Organization\",\"@id\":\"https:\\\/\\\/www.ivinio.com\\\/en\\\/#organization\",\"name\":\"IVINIO\",\"url\":\"https:\\\/\\\/www.ivinio.com\\\/en\\\/\",\"logo\":{\"@type\":\"ImageObject\",\"inLanguage\":\"en-US\",\"@id\":\"https:\\\/\\\/www.ivinio.com\\\/en\\\/#\\\/schema\\\/logo\\\/image\\\/\",\"url\":\"https:\\\/\\\/www.ivinio.com\\\/wp-content\\\/uploads\\\/2021\\\/01\\\/Logo-Ivinio-v2.jpg\",\"contentUrl\":\"https:\\\/\\\/www.ivinio.com\\\/wp-content\\\/uploads\\\/2021\\\/01\\\/Logo-Ivinio-v2.jpg\",\"width\":1194,\"height\":1194,\"caption\":\"IVINIO\"},\"image\":{\"@id\":\"https:\\\/\\\/www.ivinio.com\\\/en\\\/#\\\/schema\\\/logo\\\/image\\\/\"},\"sameAs\":[\"https:\\\/\\\/www.facebook.com\\\/groups\\\/165217837022391\\\/?ref=bookmarks\",\"https:\\\/\\\/www.instagram.com\\\/_ivinio_\\\/?hl=fr\"]}]}<\/script>\n<!-- \/ Yoast SEO plugin. -->","yoast_head_json":{"title":"Buy Chevalier Torpez - Ultimum - Ros\u00e9 wine - IVINIO Wine Shop","description":"Buy Chevalier Torpez - Ultimum - Ros\u00e9 wine. The winery's exclusive flagship; a ros\u00e9 wine aged in oak barrels that offers the best of Provence.","robots":{"index":"index","follow":"follow","max-snippet":"max-snippet:-1","max-image-preview":"max-image-preview:large","max-video-preview":"max-video-preview:-1"},"canonical":"https:\/\/www.ivinio.com\/en\/product\/chevalier-torpez-ultimum-rose\/","og_locale":"en_US","og_type":"article","og_title":"Buy Chevalier Torpez - Ultimum - Ros\u00e9 wine - IVINIO Wine Shop","og_description":"Buy Chevalier Torpez - Ultimum - Ros\u00e9 wine. The winery's exclusive flagship; a ros\u00e9 wine aged in oak barrels that offers the best of Provence.","og_url":"https:\/\/www.ivinio.com\/en\/product\/chevalier-torpez-ultimum-rose\/","og_site_name":"IVINIO Wine Shop","article_publisher":"https:\/\/www.facebook.com\/groups\/165217837022391\/?ref=bookmarks","article_modified_time":"2024-03-13T11:46:45+00:00","og_image":[{"width":500,"height":500,"url":"https:\/\/www.ivinio.com\/wp-content\/uploads\/2016\/11\/chevalier-torpez-ultimum-rose-IVINIO.jpg","type":"image\/jpeg"}],"twitter_card":"summary_large_image","twitter_misc":{"Est. reading time":"1 minute"},"schema":{"@context":"https:\/\/schema.org","@graph":[{"@type":"WebPage","@id":"https:\/\/www.ivinio.com\/en\/product\/chevalier-torpez-ultimum-rose\/","url":"https:\/\/www.ivinio.com\/en\/product\/chevalier-torpez-ultimum-rose\/","name":"Buy Chevalier Torpez - Ultimum - Ros\u00e9 wine - IVINIO Wine Shop","isPartOf":{"@id":"https:\/\/www.ivinio.com\/en\/#website"},"primaryImageOfPage":{"@id":"https:\/\/www.ivinio.com\/en\/product\/chevalier-torpez-ultimum-rose\/#primaryimage"},"image":{"@id":"https:\/\/www.ivinio.com\/en\/product\/chevalier-torpez-ultimum-rose\/#primaryimage"},"thumbnailUrl":"https:\/\/www.ivinio.com\/wp-content\/uploads\/2016\/11\/chevalier-torpez-ultimum-rose-IVINIO.jpg","datePublished":"2016-11-07T01:07:37+00:00","dateModified":"2024-03-13T11:46:45+00:00","description":"Buy Chevalier Torpez - Ultimum - Ros\u00e9 wine. The winery's exclusive flagship; a ros\u00e9 wine aged in oak barrels that offers the best of Provence.","breadcrumb":{"@id":"https:\/\/www.ivinio.com\/en\/product\/chevalier-torpez-ultimum-rose\/#breadcrumb"},"inLanguage":"en-US","potentialAction":[{"@type":"ReadAction","target":["https:\/\/www.ivinio.com\/en\/product\/chevalier-torpez-ultimum-rose\/"]}]},{"@type":"ImageObject","inLanguage":"en-US","@id":"https:\/\/www.ivinio.com\/en\/product\/chevalier-torpez-ultimum-rose\/#primaryimage","url":"https:\/\/www.ivinio.com\/wp-content\/uploads\/2016\/11\/chevalier-torpez-ultimum-rose-IVINIO.jpg","contentUrl":"https:\/\/www.ivinio.com\/wp-content\/uploads\/2016\/11\/chevalier-torpez-ultimum-rose-IVINIO.jpg","width":500,"height":500},{"@type":"BreadcrumbList","@id":"https:\/\/www.ivinio.com\/en\/product\/chevalier-torpez-ultimum-rose\/#breadcrumb","itemListElement":[{"@type":"ListItem","position":1,"name":"Home","item":"https:\/\/www.ivinio.com\/en\/"},{"@type":"ListItem","position":2,"name":"Wine-shop","item":"https:\/\/www.ivinio.com\/en\/wine-shop\/"},{"@type":"ListItem","position":3,"name":"Chevalier Torpez &#8211; Ultimum &#8211; Ros\u00e9"}]},{"@type":"WebSite","@id":"https:\/\/www.ivinio.com\/en\/#website","url":"https:\/\/www.ivinio.com\/en\/","name":"IVINIO Wine Shop","description":"French and Italian wines with delivery to your door","publisher":{"@id":"https:\/\/www.ivinio.com\/en\/#organization"},"potentialAction":[{"@type":"SearchAction","target":{"@type":"EntryPoint","urlTemplate":"https:\/\/www.ivinio.com\/en\/?s={search_term_string}"},"query-input":{"@type":"PropertyValueSpecification","valueRequired":true,"valueName":"search_term_string"}}],"inLanguage":"en-US"},{"@type":"Organization","@id":"https:\/\/www.ivinio.com\/en\/#organization","name":"IVINIO","url":"https:\/\/www.ivinio.com\/en\/","logo":{"@type":"ImageObject","inLanguage":"en-US","@id":"https:\/\/www.ivinio.com\/en\/#\/schema\/logo\/image\/","url":"https:\/\/www.ivinio.com\/wp-content\/uploads\/2021\/01\/Logo-Ivinio-v2.jpg","contentUrl":"https:\/\/www.ivinio.com\/wp-content\/uploads\/2021\/01\/Logo-Ivinio-v2.jpg","width":1194,"height":1194,"caption":"IVINIO"},"image":{"@id":"https:\/\/www.ivinio.com\/en\/#\/schema\/logo\/image\/"},"sameAs":["https:\/\/www.facebook.com\/groups\/165217837022391\/?ref=bookmarks","https:\/\/www.instagram.com\/_ivinio_\/?hl=fr"]}]}},"jetpack_sharing_enabled":true,"_links":{"self":[{"href":"https:\/\/www.ivinio.com\/en\/wp-json\/wp\/v2\/product\/120464","targetHints":{"allow":["GET"]}}],"collection":[{"href":"https:\/\/www.ivinio.com\/en\/wp-json\/wp\/v2\/product"}],"about":[{"href":"https:\/\/www.ivinio.com\/en\/wp-json\/wp\/v2\/types\/product"}],"replies":[{"embeddable":true,"href":"https:\/\/www.ivinio.com\/en\/wp-json\/wp\/v2\/comments?post=120464"}],"wp:featuredmedia":[{"embeddable":true,"href":"https:\/\/www.ivinio.com\/en\/wp-json\/wp\/v2\/media\/131803"}],"wp:attachment":[{"href":"https:\/\/www.ivinio.com\/en\/wp-json\/wp\/v2\/media?parent=120464"}],"wp:term":[{"taxonomy":"product_brand","embeddable":true,"href":"https:\/\/www.ivinio.com\/en\/wp-json\/wp\/v2\/product_brand?post=120464"},{"taxonomy":"product_cat","embeddable":true,"href":"https:\/\/www.ivinio.com\/en\/wp-json\/wp\/v2\/product_cat?post=120464"},{"taxonomy":"product_tag","embeddable":true,"href":"https:\/\/www.ivinio.com\/en\/wp-json\/wp\/v2\/product_tag?post=120464"}],"curies":[{"name":"wp","href":"https:\/\/api.w.org\/{rel}","templated":true}]}}