{"id":120372,"date":"2016-07-12T14:21:01","date_gmt":"2016-07-12T14:21:01","guid":{"rendered":"https:\/\/henrik.www.ivinio.com\/?product=camille-cayran-linsouciante-cotes-du-rhone-red"},"modified":"2025-01-15T18:47:27","modified_gmt":"2025-01-15T17:47:27","slug":"camille-cayran-linsouciante-cotes-du-rhone-red","status":"publish","type":"product","link":"https:\/\/www.ivinio.com\/en\/product\/camille-cayran-linsouciante-cotes-du-rhone-red\/","title":{"rendered":"Camille Cayran &#8211; L&#8217;insouciante &#8211; C\u00f4tes-du-Rh\u00f4ne &#8211; Red"},"content":{"rendered":"<p>Camille Cayran &#8211; L&#8217;insouciante &#8211; C\u00f4tes-du-Rh\u00f4ne &#8211; Red wine is made from 51% Grenache, 21% Syrah, 28% Carignan. The wine is produced according to the traditional winemaking from grapes separated from their bunches. The fermentation process lasts between 10 to 12 days at 28 \u00b0C controlled temperature to preserve the elegant tannins.<\/p>\n<p>&nbsp;<\/p>\n","protected":false},"excerpt":{"rendered":"<p>L&#8217;insouciante from Camille Cayran is a fruity and round red wine with hints of blackberries and figs with soft tannins.<\/p>\n","protected":false},"featured_media":120374,"comment_status":"open","ping_status":"closed","template":"","meta":{"_monsterinsights_skip_tracking":false,"_monsterinsights_sitenote_active":false,"_monsterinsights_sitenote_note":"","_monsterinsights_sitenote_category":0,"_uf_show_specific_survey":0,"_uf_disable_surveys":false},"product_brand":[],"product_cat":[36587,36620],"product_tag":[],"class_list":{"0":"post-120372","1":"product","2":"type-product","3":"status-publish","4":"has-post-thumbnail","6":"product_cat-french-wines","7":"product_cat-en-rhone-valley","8":"pa_alcohol-degree-14-5-en","9":"pa_classification-aop-cotes-du-rhone-en","10":"pa_color-red","11":"pa_country-france-en","12":"pa_grape-variety-carignan-en","13":"pa_grape-variety-grenache-en","14":"pa_grape-variety-syrah","15":"pa_region-rhone-valley","16":"pa_storage-potential-4-years-en","17":"pa_vintage-2022-en","18":"pa_volume-75-cl-en","20":"first","21":"instock","22":"taxable","23":"shipping-taxable","24":"purchasable","25":"product-type-simple"},"bundled_by":["120376"],"bundle_stock_status":"instock","bundle_stock_quantity":null,"bundle_virtual":false,"bundle_layout":"","bundle_add_to_cart_form_location":"","bundle_editable_in_cart":false,"bundle_sold_individually_context":"","bundle_item_grouping":"","bundle_min_size":"","bundle_max_size":"","bundle_price":[],"bundled_items":[],"bundle_sell_ids":[],"yoast_head":"<!-- This site is optimized with the Yoast SEO plugin v27.5 - https:\/\/yoast.com\/product\/yoast-seo-wordpress\/ -->\n<title>Camille Cayran - L&#039;insouciante - C\u00f4tes-du-Rh\u00f4ne - Red wine - IVINIO Wine Shop<\/title>\n<meta name=\"description\" content=\"Buy Camille Cayran - L&#039;insouciante - C\u00f4tes-du-Rh\u00f4ne - Red wine. Fruity and round red wine with hints of blackberries and figs with soft tannins.\" \/>\n<meta name=\"robots\" content=\"index, follow, max-snippet:-1, max-image-preview:large, max-video-preview:-1\" \/>\n<link rel=\"canonical\" href=\"https:\/\/www.ivinio.com\/en\/product\/camille-cayran-linsouciante-cotes-du-rhone-red\/\" \/>\n<meta property=\"og:locale\" content=\"en_US\" \/>\n<meta property=\"og:type\" content=\"article\" \/>\n<meta property=\"og:title\" content=\"Camille Cayran - L&#039;insouciante - C\u00f4tes-du-Rh\u00f4ne - Red wine - IVINIO Wine Shop\" \/>\n<meta property=\"og:description\" content=\"Buy Camille Cayran - L&#039;insouciante - C\u00f4tes-du-Rh\u00f4ne - Red wine. Fruity and round red wine with hints of blackberries and figs with soft tannins.\" \/>\n<meta property=\"og:url\" content=\"https:\/\/www.ivinio.com\/en\/product\/camille-cayran-linsouciante-cotes-du-rhone-red\/\" \/>\n<meta property=\"og:site_name\" content=\"IVINIO Wine Shop\" \/>\n<meta property=\"article:publisher\" content=\"https:\/\/www.facebook.com\/groups\/165217837022391\/?ref=bookmarks\" \/>\n<meta property=\"article:modified_time\" content=\"2025-01-15T17:47:27+00:00\" \/>\n<meta property=\"og:image\" content=\"https:\/\/www.ivinio.com\/wp-content\/uploads\/nc\/public\/modules\/file\/pictures\/6260.camille-cayran-l-insouciante-ivinio.jpg\" \/>\n\t<meta property=\"og:image:width\" content=\"500\" \/>\n\t<meta property=\"og:image:height\" content=\"500\" \/>\n\t<meta property=\"og:image:type\" content=\"image\/jpeg\" \/>\n<meta name=\"twitter:card\" content=\"summary_large_image\" \/>\n<meta name=\"twitter:label1\" content=\"Est. reading time\" \/>\n\t<meta name=\"twitter:data1\" content=\"1 minute\" \/>\n<script type=\"application\/ld+json\" class=\"yoast-schema-graph\">{\"@context\":\"https:\\\/\\\/schema.org\",\"@graph\":[{\"@type\":\"WebPage\",\"@id\":\"https:\\\/\\\/www.ivinio.com\\\/en\\\/product\\\/camille-cayran-linsouciante-cotes-du-rhone-red\\\/\",\"url\":\"https:\\\/\\\/www.ivinio.com\\\/en\\\/product\\\/camille-cayran-linsouciante-cotes-du-rhone-red\\\/\",\"name\":\"Camille Cayran - L'insouciante - C\u00f4tes-du-Rh\u00f4ne - Red wine - IVINIO Wine Shop\",\"isPartOf\":{\"@id\":\"https:\\\/\\\/www.ivinio.com\\\/en\\\/#website\"},\"primaryImageOfPage\":{\"@id\":\"https:\\\/\\\/www.ivinio.com\\\/en\\\/product\\\/camille-cayran-linsouciante-cotes-du-rhone-red\\\/#primaryimage\"},\"image\":{\"@id\":\"https:\\\/\\\/www.ivinio.com\\\/en\\\/product\\\/camille-cayran-linsouciante-cotes-du-rhone-red\\\/#primaryimage\"},\"thumbnailUrl\":\"https:\\\/\\\/www.ivinio.com\\\/wp-content\\\/uploads\\\/nc\\\/public\\\/modules\\\/file\\\/pictures\\\/6260.camille-cayran-l-insouciante-ivinio.jpg\",\"datePublished\":\"2016-07-12T14:21:01+00:00\",\"dateModified\":\"2025-01-15T17:47:27+00:00\",\"description\":\"Buy Camille Cayran - L'insouciante - C\u00f4tes-du-Rh\u00f4ne - Red wine. Fruity and round red wine with hints of blackberries and figs with soft tannins.\",\"breadcrumb\":{\"@id\":\"https:\\\/\\\/www.ivinio.com\\\/en\\\/product\\\/camille-cayran-linsouciante-cotes-du-rhone-red\\\/#breadcrumb\"},\"inLanguage\":\"en-US\",\"potentialAction\":[{\"@type\":\"ReadAction\",\"target\":[\"https:\\\/\\\/www.ivinio.com\\\/en\\\/product\\\/camille-cayran-linsouciante-cotes-du-rhone-red\\\/\"]}]},{\"@type\":\"ImageObject\",\"inLanguage\":\"en-US\",\"@id\":\"https:\\\/\\\/www.ivinio.com\\\/en\\\/product\\\/camille-cayran-linsouciante-cotes-du-rhone-red\\\/#primaryimage\",\"url\":\"https:\\\/\\\/www.ivinio.com\\\/wp-content\\\/uploads\\\/nc\\\/public\\\/modules\\\/file\\\/pictures\\\/6260.camille-cayran-l-insouciante-ivinio.jpg\",\"contentUrl\":\"https:\\\/\\\/www.ivinio.com\\\/wp-content\\\/uploads\\\/nc\\\/public\\\/modules\\\/file\\\/pictures\\\/6260.camille-cayran-l-insouciante-ivinio.jpg\",\"width\":500,\"height\":500,\"caption\":\"Camille Cayran - L'insouciante - C\u00f4tes-du-Rh\u00f4ne\"},{\"@type\":\"BreadcrumbList\",\"@id\":\"https:\\\/\\\/www.ivinio.com\\\/en\\\/product\\\/camille-cayran-linsouciante-cotes-du-rhone-red\\\/#breadcrumb\",\"itemListElement\":[{\"@type\":\"ListItem\",\"position\":1,\"name\":\"Home\",\"item\":\"https:\\\/\\\/www.ivinio.com\\\/en\\\/\"},{\"@type\":\"ListItem\",\"position\":2,\"name\":\"Wine-shop\",\"item\":\"https:\\\/\\\/www.ivinio.com\\\/en\\\/wine-shop\\\/\"},{\"@type\":\"ListItem\",\"position\":3,\"name\":\"Camille Cayran &#8211; L&#8217;insouciante &#8211; C\u00f4tes-du-Rh\u00f4ne &#8211; Red\"}]},{\"@type\":\"WebSite\",\"@id\":\"https:\\\/\\\/www.ivinio.com\\\/en\\\/#website\",\"url\":\"https:\\\/\\\/www.ivinio.com\\\/en\\\/\",\"name\":\"IVINIO Wine Shop\",\"description\":\"French and Italian wines with delivery to your door\",\"publisher\":{\"@id\":\"https:\\\/\\\/www.ivinio.com\\\/en\\\/#organization\"},\"potentialAction\":[{\"@type\":\"SearchAction\",\"target\":{\"@type\":\"EntryPoint\",\"urlTemplate\":\"https:\\\/\\\/www.ivinio.com\\\/en\\\/?s={search_term_string}\"},\"query-input\":{\"@type\":\"PropertyValueSpecification\",\"valueRequired\":true,\"valueName\":\"search_term_string\"}}],\"inLanguage\":\"en-US\"},{\"@type\":\"Organization\",\"@id\":\"https:\\\/\\\/www.ivinio.com\\\/en\\\/#organization\",\"name\":\"IVINIO\",\"url\":\"https:\\\/\\\/www.ivinio.com\\\/en\\\/\",\"logo\":{\"@type\":\"ImageObject\",\"inLanguage\":\"en-US\",\"@id\":\"https:\\\/\\\/www.ivinio.com\\\/en\\\/#\\\/schema\\\/logo\\\/image\\\/\",\"url\":\"https:\\\/\\\/www.ivinio.com\\\/wp-content\\\/uploads\\\/2021\\\/01\\\/Logo-Ivinio-v2.jpg\",\"contentUrl\":\"https:\\\/\\\/www.ivinio.com\\\/wp-content\\\/uploads\\\/2021\\\/01\\\/Logo-Ivinio-v2.jpg\",\"width\":1194,\"height\":1194,\"caption\":\"IVINIO\"},\"image\":{\"@id\":\"https:\\\/\\\/www.ivinio.com\\\/en\\\/#\\\/schema\\\/logo\\\/image\\\/\"},\"sameAs\":[\"https:\\\/\\\/www.facebook.com\\\/groups\\\/165217837022391\\\/?ref=bookmarks\",\"https:\\\/\\\/www.instagram.com\\\/_ivinio_\\\/?hl=fr\"]}]}<\/script>\n<!-- \/ Yoast SEO plugin. -->","yoast_head_json":{"title":"Camille Cayran - L'insouciante - C\u00f4tes-du-Rh\u00f4ne - Red wine - IVINIO Wine Shop","description":"Buy Camille Cayran - L'insouciante - C\u00f4tes-du-Rh\u00f4ne - Red wine. Fruity and round red wine with hints of blackberries and figs with soft tannins.","robots":{"index":"index","follow":"follow","max-snippet":"max-snippet:-1","max-image-preview":"max-image-preview:large","max-video-preview":"max-video-preview:-1"},"canonical":"https:\/\/www.ivinio.com\/en\/product\/camille-cayran-linsouciante-cotes-du-rhone-red\/","og_locale":"en_US","og_type":"article","og_title":"Camille Cayran - L'insouciante - C\u00f4tes-du-Rh\u00f4ne - Red wine - IVINIO Wine Shop","og_description":"Buy Camille Cayran - L'insouciante - C\u00f4tes-du-Rh\u00f4ne - Red wine. Fruity and round red wine with hints of blackberries and figs with soft tannins.","og_url":"https:\/\/www.ivinio.com\/en\/product\/camille-cayran-linsouciante-cotes-du-rhone-red\/","og_site_name":"IVINIO Wine Shop","article_publisher":"https:\/\/www.facebook.com\/groups\/165217837022391\/?ref=bookmarks","article_modified_time":"2025-01-15T17:47:27+00:00","og_image":[{"width":500,"height":500,"url":"https:\/\/www.ivinio.com\/wp-content\/uploads\/nc\/public\/modules\/file\/pictures\/6260.camille-cayran-l-insouciante-ivinio.jpg","type":"image\/jpeg"}],"twitter_card":"summary_large_image","twitter_misc":{"Est. reading time":"1 minute"},"schema":{"@context":"https:\/\/schema.org","@graph":[{"@type":"WebPage","@id":"https:\/\/www.ivinio.com\/en\/product\/camille-cayran-linsouciante-cotes-du-rhone-red\/","url":"https:\/\/www.ivinio.com\/en\/product\/camille-cayran-linsouciante-cotes-du-rhone-red\/","name":"Camille Cayran - L'insouciante - C\u00f4tes-du-Rh\u00f4ne - Red wine - IVINIO Wine Shop","isPartOf":{"@id":"https:\/\/www.ivinio.com\/en\/#website"},"primaryImageOfPage":{"@id":"https:\/\/www.ivinio.com\/en\/product\/camille-cayran-linsouciante-cotes-du-rhone-red\/#primaryimage"},"image":{"@id":"https:\/\/www.ivinio.com\/en\/product\/camille-cayran-linsouciante-cotes-du-rhone-red\/#primaryimage"},"thumbnailUrl":"https:\/\/www.ivinio.com\/wp-content\/uploads\/nc\/public\/modules\/file\/pictures\/6260.camille-cayran-l-insouciante-ivinio.jpg","datePublished":"2016-07-12T14:21:01+00:00","dateModified":"2025-01-15T17:47:27+00:00","description":"Buy Camille Cayran - L'insouciante - C\u00f4tes-du-Rh\u00f4ne - Red wine. Fruity and round red wine with hints of blackberries and figs with soft tannins.","breadcrumb":{"@id":"https:\/\/www.ivinio.com\/en\/product\/camille-cayran-linsouciante-cotes-du-rhone-red\/#breadcrumb"},"inLanguage":"en-US","potentialAction":[{"@type":"ReadAction","target":["https:\/\/www.ivinio.com\/en\/product\/camille-cayran-linsouciante-cotes-du-rhone-red\/"]}]},{"@type":"ImageObject","inLanguage":"en-US","@id":"https:\/\/www.ivinio.com\/en\/product\/camille-cayran-linsouciante-cotes-du-rhone-red\/#primaryimage","url":"https:\/\/www.ivinio.com\/wp-content\/uploads\/nc\/public\/modules\/file\/pictures\/6260.camille-cayran-l-insouciante-ivinio.jpg","contentUrl":"https:\/\/www.ivinio.com\/wp-content\/uploads\/nc\/public\/modules\/file\/pictures\/6260.camille-cayran-l-insouciante-ivinio.jpg","width":500,"height":500,"caption":"Camille Cayran - L'insouciante - C\u00f4tes-du-Rh\u00f4ne"},{"@type":"BreadcrumbList","@id":"https:\/\/www.ivinio.com\/en\/product\/camille-cayran-linsouciante-cotes-du-rhone-red\/#breadcrumb","itemListElement":[{"@type":"ListItem","position":1,"name":"Home","item":"https:\/\/www.ivinio.com\/en\/"},{"@type":"ListItem","position":2,"name":"Wine-shop","item":"https:\/\/www.ivinio.com\/en\/wine-shop\/"},{"@type":"ListItem","position":3,"name":"Camille Cayran &#8211; L&#8217;insouciante &#8211; C\u00f4tes-du-Rh\u00f4ne &#8211; Red"}]},{"@type":"WebSite","@id":"https:\/\/www.ivinio.com\/en\/#website","url":"https:\/\/www.ivinio.com\/en\/","name":"IVINIO Wine Shop","description":"French and Italian wines with delivery to your door","publisher":{"@id":"https:\/\/www.ivinio.com\/en\/#organization"},"potentialAction":[{"@type":"SearchAction","target":{"@type":"EntryPoint","urlTemplate":"https:\/\/www.ivinio.com\/en\/?s={search_term_string}"},"query-input":{"@type":"PropertyValueSpecification","valueRequired":true,"valueName":"search_term_string"}}],"inLanguage":"en-US"},{"@type":"Organization","@id":"https:\/\/www.ivinio.com\/en\/#organization","name":"IVINIO","url":"https:\/\/www.ivinio.com\/en\/","logo":{"@type":"ImageObject","inLanguage":"en-US","@id":"https:\/\/www.ivinio.com\/en\/#\/schema\/logo\/image\/","url":"https:\/\/www.ivinio.com\/wp-content\/uploads\/2021\/01\/Logo-Ivinio-v2.jpg","contentUrl":"https:\/\/www.ivinio.com\/wp-content\/uploads\/2021\/01\/Logo-Ivinio-v2.jpg","width":1194,"height":1194,"caption":"IVINIO"},"image":{"@id":"https:\/\/www.ivinio.com\/en\/#\/schema\/logo\/image\/"},"sameAs":["https:\/\/www.facebook.com\/groups\/165217837022391\/?ref=bookmarks","https:\/\/www.instagram.com\/_ivinio_\/?hl=fr"]}]}},"jetpack_sharing_enabled":true,"_links":{"self":[{"href":"https:\/\/www.ivinio.com\/en\/wp-json\/wp\/v2\/product\/120372","targetHints":{"allow":["GET"]}}],"collection":[{"href":"https:\/\/www.ivinio.com\/en\/wp-json\/wp\/v2\/product"}],"about":[{"href":"https:\/\/www.ivinio.com\/en\/wp-json\/wp\/v2\/types\/product"}],"replies":[{"embeddable":true,"href":"https:\/\/www.ivinio.com\/en\/wp-json\/wp\/v2\/comments?post=120372"}],"wp:featuredmedia":[{"embeddable":true,"href":"https:\/\/www.ivinio.com\/en\/wp-json\/wp\/v2\/media\/120374"}],"wp:attachment":[{"href":"https:\/\/www.ivinio.com\/en\/wp-json\/wp\/v2\/media?parent=120372"}],"wp:term":[{"taxonomy":"product_brand","embeddable":true,"href":"https:\/\/www.ivinio.com\/en\/wp-json\/wp\/v2\/product_brand?post=120372"},{"taxonomy":"product_cat","embeddable":true,"href":"https:\/\/www.ivinio.com\/en\/wp-json\/wp\/v2\/product_cat?post=120372"},{"taxonomy":"product_tag","embeddable":true,"href":"https:\/\/www.ivinio.com\/en\/wp-json\/wp\/v2\/product_tag?post=120372"}],"curies":[{"name":"wp","href":"https:\/\/api.w.org\/{rel}","templated":true}]}}