{"id":120345,"date":"2016-06-29T12:52:27","date_gmt":"2016-06-29T12:52:27","guid":{"rendered":"https:\/\/henrik.www.ivinio.com\/?product=chateau-de-lherbe-sainte-prestige-minervois-red"},"modified":"2022-11-30T16:25:16","modified_gmt":"2022-11-30T15:25:16","slug":"chateau-de-lherbe-sainte-prestige-minervois-red","status":"publish","type":"product","link":"https:\/\/www.ivinio.com\/en\/product\/chateau-de-lherbe-sainte-prestige-minervois-red\/","title":{"rendered":"Ch\u00e2teau de l&#8217;Herbe Sainte &#8211; Prestige &#8211; Minervois &#8211; Red"},"content":{"rendered":"<p>Prestige from Ch\u00e2teau de l&#8217;Herbe Sainte is a red wine made from 75% Syrah, 10% Mourv\u00e8dre, 9% Carignan and 6% Grenache. The grapes are separated from the clusters immediately after the harvest and are fermented per grape variety at controlled temperature. Then follows the malolactic fermentation. The final wine is then composed. The wine is lightly clarified and filtered before being bottled.<\/p>\n","protected":false},"excerpt":{"rendered":"<p>Prestige from Ch\u00e2teau de l&#8217;Herbe Sainte is a delightful aromatic minervois with hints of raspberries, violet\u00a0and spices. A red wine with both power and elegance!<\/p>\n","protected":false},"featured_media":120347,"comment_status":"open","ping_status":"closed","template":"","meta":{"_monsterinsights_skip_tracking":false,"_monsterinsights_sitenote_active":false,"_monsterinsights_sitenote_note":"","_monsterinsights_sitenote_category":0,"_uf_show_specific_survey":0,"_uf_disable_surveys":false},"product_brand":[],"product_cat":[36587,36626],"product_tag":[],"class_list":{"0":"post-120345","1":"product","2":"type-product","3":"status-publish","4":"has-post-thumbnail","6":"product_cat-french-wines","7":"product_cat-en-languedoc","8":"pa_alcohol-degree-14-en","9":"pa_awards-concours-des-vins-feminalise-en","10":"pa_awards-dussert-gerber-en","11":"pa_awards-gilbert-et-gaillard-en","12":"pa_classification-aop-minervois-en","13":"pa_color-red","14":"pa_country-france-en","15":"pa_grape-variety-carignan-en","16":"pa_grape-variety-grenache-en","17":"pa_grape-variety-mourvedre","18":"pa_grape-variety-syrah","19":"pa_region-languedoc-en","20":"pa_storage-potential-5-years-en","21":"pa_vintage-2020-en","22":"pa_volume-75-cl-en","24":"first","25":"instock","26":"taxable","27":"shipping-taxable","28":"purchasable","29":"product-type-simple"},"bundled_by":[],"bundle_stock_status":"instock","bundle_stock_quantity":null,"bundle_virtual":false,"bundle_layout":"","bundle_add_to_cart_form_location":"","bundle_editable_in_cart":false,"bundle_sold_individually_context":"","bundle_item_grouping":"","bundle_min_size":"","bundle_max_size":"","bundle_price":[],"bundled_items":[],"bundle_sell_ids":[],"yoast_head":"<!-- This site is optimized with the Yoast SEO plugin v27.5 - https:\/\/yoast.com\/product\/yoast-seo-wordpress\/ -->\n<title>Ch\u00e2teau de l&#039;Herbe Sainte - Prestige - Minervois - Red wine - IVINIO Wine Shop<\/title>\n<meta name=\"description\" content=\"Buy Ch\u00e2teau de l&#039;Herbe Sainte - Prestige - Minervois - Red wine. Delightful aromatic Minervois with hints of raspberries, violet and spices.\" \/>\n<meta name=\"robots\" content=\"index, follow, max-snippet:-1, max-image-preview:large, max-video-preview:-1\" \/>\n<link rel=\"canonical\" href=\"https:\/\/www.ivinio.com\/en\/product\/chateau-de-lherbe-sainte-prestige-minervois-red\/\" \/>\n<meta property=\"og:locale\" content=\"en_US\" \/>\n<meta property=\"og:type\" content=\"article\" \/>\n<meta property=\"og:title\" content=\"Ch\u00e2teau de l&#039;Herbe Sainte - Prestige - Minervois - Red wine - IVINIO Wine Shop\" \/>\n<meta property=\"og:description\" content=\"Buy Ch\u00e2teau de l&#039;Herbe Sainte - Prestige - Minervois - Red wine. Delightful aromatic Minervois with hints of raspberries, violet and spices.\" \/>\n<meta property=\"og:url\" content=\"https:\/\/www.ivinio.com\/en\/product\/chateau-de-lherbe-sainte-prestige-minervois-red\/\" \/>\n<meta property=\"og:site_name\" content=\"IVINIO Wine Shop\" \/>\n<meta property=\"article:publisher\" content=\"https:\/\/www.facebook.com\/groups\/165217837022391\/?ref=bookmarks\" \/>\n<meta property=\"article:modified_time\" content=\"2022-11-30T15:25:16+00:00\" \/>\n<meta property=\"og:image\" content=\"https:\/\/www.ivinio.com\/wp-content\/uploads\/nc\/public\/modules\/file\/pictures\/6251.ch-teau-de-l-herbe-sainte-prestige-ivinio.jpg\" \/>\n\t<meta property=\"og:image:width\" content=\"500\" \/>\n\t<meta property=\"og:image:height\" content=\"500\" \/>\n\t<meta property=\"og:image:type\" content=\"image\/jpeg\" \/>\n<meta name=\"twitter:card\" content=\"summary_large_image\" \/>\n<script type=\"application\/ld+json\" class=\"yoast-schema-graph\">{\"@context\":\"https:\\\/\\\/schema.org\",\"@graph\":[{\"@type\":\"WebPage\",\"@id\":\"https:\\\/\\\/www.ivinio.com\\\/en\\\/product\\\/chateau-de-lherbe-sainte-prestige-minervois-red\\\/\",\"url\":\"https:\\\/\\\/www.ivinio.com\\\/en\\\/product\\\/chateau-de-lherbe-sainte-prestige-minervois-red\\\/\",\"name\":\"Ch\u00e2teau de l'Herbe Sainte - Prestige - Minervois - Red wine - IVINIO Wine Shop\",\"isPartOf\":{\"@id\":\"https:\\\/\\\/www.ivinio.com\\\/en\\\/#website\"},\"primaryImageOfPage\":{\"@id\":\"https:\\\/\\\/www.ivinio.com\\\/en\\\/product\\\/chateau-de-lherbe-sainte-prestige-minervois-red\\\/#primaryimage\"},\"image\":{\"@id\":\"https:\\\/\\\/www.ivinio.com\\\/en\\\/product\\\/chateau-de-lherbe-sainte-prestige-minervois-red\\\/#primaryimage\"},\"thumbnailUrl\":\"https:\\\/\\\/www.ivinio.com\\\/wp-content\\\/uploads\\\/nc\\\/public\\\/modules\\\/file\\\/pictures\\\/6251.ch-teau-de-l-herbe-sainte-prestige-ivinio.jpg\",\"datePublished\":\"2016-06-29T12:52:27+00:00\",\"dateModified\":\"2022-11-30T15:25:16+00:00\",\"description\":\"Buy Ch\u00e2teau de l'Herbe Sainte - Prestige - Minervois - Red wine. Delightful aromatic Minervois with hints of raspberries, violet and spices.\",\"breadcrumb\":{\"@id\":\"https:\\\/\\\/www.ivinio.com\\\/en\\\/product\\\/chateau-de-lherbe-sainte-prestige-minervois-red\\\/#breadcrumb\"},\"inLanguage\":\"en-US\",\"potentialAction\":[{\"@type\":\"ReadAction\",\"target\":[\"https:\\\/\\\/www.ivinio.com\\\/en\\\/product\\\/chateau-de-lherbe-sainte-prestige-minervois-red\\\/\"]}]},{\"@type\":\"ImageObject\",\"inLanguage\":\"en-US\",\"@id\":\"https:\\\/\\\/www.ivinio.com\\\/en\\\/product\\\/chateau-de-lherbe-sainte-prestige-minervois-red\\\/#primaryimage\",\"url\":\"https:\\\/\\\/www.ivinio.com\\\/wp-content\\\/uploads\\\/nc\\\/public\\\/modules\\\/file\\\/pictures\\\/6251.ch-teau-de-l-herbe-sainte-prestige-ivinio.jpg\",\"contentUrl\":\"https:\\\/\\\/www.ivinio.com\\\/wp-content\\\/uploads\\\/nc\\\/public\\\/modules\\\/file\\\/pictures\\\/6251.ch-teau-de-l-herbe-sainte-prestige-ivinio.jpg\",\"width\":500,\"height\":500,\"caption\":\"Ch\u00e2teau de l'Herbe Sainte - Prestige - Minervois\"},{\"@type\":\"BreadcrumbList\",\"@id\":\"https:\\\/\\\/www.ivinio.com\\\/en\\\/product\\\/chateau-de-lherbe-sainte-prestige-minervois-red\\\/#breadcrumb\",\"itemListElement\":[{\"@type\":\"ListItem\",\"position\":1,\"name\":\"Home\",\"item\":\"https:\\\/\\\/www.ivinio.com\\\/en\\\/\"},{\"@type\":\"ListItem\",\"position\":2,\"name\":\"Wine-shop\",\"item\":\"https:\\\/\\\/www.ivinio.com\\\/en\\\/wine-shop\\\/\"},{\"@type\":\"ListItem\",\"position\":3,\"name\":\"Ch\u00e2teau de l&#8217;Herbe Sainte &#8211; Prestige &#8211; Minervois &#8211; Red\"}]},{\"@type\":\"WebSite\",\"@id\":\"https:\\\/\\\/www.ivinio.com\\\/en\\\/#website\",\"url\":\"https:\\\/\\\/www.ivinio.com\\\/en\\\/\",\"name\":\"IVINIO Wine Shop\",\"description\":\"French and Italian wines with delivery to your door\",\"publisher\":{\"@id\":\"https:\\\/\\\/www.ivinio.com\\\/en\\\/#organization\"},\"potentialAction\":[{\"@type\":\"SearchAction\",\"target\":{\"@type\":\"EntryPoint\",\"urlTemplate\":\"https:\\\/\\\/www.ivinio.com\\\/en\\\/?s={search_term_string}\"},\"query-input\":{\"@type\":\"PropertyValueSpecification\",\"valueRequired\":true,\"valueName\":\"search_term_string\"}}],\"inLanguage\":\"en-US\"},{\"@type\":\"Organization\",\"@id\":\"https:\\\/\\\/www.ivinio.com\\\/en\\\/#organization\",\"name\":\"IVINIO\",\"url\":\"https:\\\/\\\/www.ivinio.com\\\/en\\\/\",\"logo\":{\"@type\":\"ImageObject\",\"inLanguage\":\"en-US\",\"@id\":\"https:\\\/\\\/www.ivinio.com\\\/en\\\/#\\\/schema\\\/logo\\\/image\\\/\",\"url\":\"https:\\\/\\\/www.ivinio.com\\\/wp-content\\\/uploads\\\/2021\\\/01\\\/Logo-Ivinio-v2.jpg\",\"contentUrl\":\"https:\\\/\\\/www.ivinio.com\\\/wp-content\\\/uploads\\\/2021\\\/01\\\/Logo-Ivinio-v2.jpg\",\"width\":1194,\"height\":1194,\"caption\":\"IVINIO\"},\"image\":{\"@id\":\"https:\\\/\\\/www.ivinio.com\\\/en\\\/#\\\/schema\\\/logo\\\/image\\\/\"},\"sameAs\":[\"https:\\\/\\\/www.facebook.com\\\/groups\\\/165217837022391\\\/?ref=bookmarks\",\"https:\\\/\\\/www.instagram.com\\\/_ivinio_\\\/?hl=fr\"]}]}<\/script>\n<!-- \/ Yoast SEO plugin. -->","yoast_head_json":{"title":"Ch\u00e2teau de l'Herbe Sainte - Prestige - Minervois - Red wine - IVINIO Wine Shop","description":"Buy Ch\u00e2teau de l'Herbe Sainte - Prestige - Minervois - Red wine. Delightful aromatic Minervois with hints of raspberries, violet and spices.","robots":{"index":"index","follow":"follow","max-snippet":"max-snippet:-1","max-image-preview":"max-image-preview:large","max-video-preview":"max-video-preview:-1"},"canonical":"https:\/\/www.ivinio.com\/en\/product\/chateau-de-lherbe-sainte-prestige-minervois-red\/","og_locale":"en_US","og_type":"article","og_title":"Ch\u00e2teau de l'Herbe Sainte - Prestige - Minervois - Red wine - IVINIO Wine Shop","og_description":"Buy Ch\u00e2teau de l'Herbe Sainte - Prestige - Minervois - Red wine. Delightful aromatic Minervois with hints of raspberries, violet and spices.","og_url":"https:\/\/www.ivinio.com\/en\/product\/chateau-de-lherbe-sainte-prestige-minervois-red\/","og_site_name":"IVINIO Wine Shop","article_publisher":"https:\/\/www.facebook.com\/groups\/165217837022391\/?ref=bookmarks","article_modified_time":"2022-11-30T15:25:16+00:00","og_image":[{"width":500,"height":500,"url":"https:\/\/www.ivinio.com\/wp-content\/uploads\/nc\/public\/modules\/file\/pictures\/6251.ch-teau-de-l-herbe-sainte-prestige-ivinio.jpg","type":"image\/jpeg"}],"twitter_card":"summary_large_image","schema":{"@context":"https:\/\/schema.org","@graph":[{"@type":"WebPage","@id":"https:\/\/www.ivinio.com\/en\/product\/chateau-de-lherbe-sainte-prestige-minervois-red\/","url":"https:\/\/www.ivinio.com\/en\/product\/chateau-de-lherbe-sainte-prestige-minervois-red\/","name":"Ch\u00e2teau de l'Herbe Sainte - Prestige - Minervois - Red wine - IVINIO Wine Shop","isPartOf":{"@id":"https:\/\/www.ivinio.com\/en\/#website"},"primaryImageOfPage":{"@id":"https:\/\/www.ivinio.com\/en\/product\/chateau-de-lherbe-sainte-prestige-minervois-red\/#primaryimage"},"image":{"@id":"https:\/\/www.ivinio.com\/en\/product\/chateau-de-lherbe-sainte-prestige-minervois-red\/#primaryimage"},"thumbnailUrl":"https:\/\/www.ivinio.com\/wp-content\/uploads\/nc\/public\/modules\/file\/pictures\/6251.ch-teau-de-l-herbe-sainte-prestige-ivinio.jpg","datePublished":"2016-06-29T12:52:27+00:00","dateModified":"2022-11-30T15:25:16+00:00","description":"Buy Ch\u00e2teau de l'Herbe Sainte - Prestige - Minervois - Red wine. Delightful aromatic Minervois with hints of raspberries, violet and spices.","breadcrumb":{"@id":"https:\/\/www.ivinio.com\/en\/product\/chateau-de-lherbe-sainte-prestige-minervois-red\/#breadcrumb"},"inLanguage":"en-US","potentialAction":[{"@type":"ReadAction","target":["https:\/\/www.ivinio.com\/en\/product\/chateau-de-lherbe-sainte-prestige-minervois-red\/"]}]},{"@type":"ImageObject","inLanguage":"en-US","@id":"https:\/\/www.ivinio.com\/en\/product\/chateau-de-lherbe-sainte-prestige-minervois-red\/#primaryimage","url":"https:\/\/www.ivinio.com\/wp-content\/uploads\/nc\/public\/modules\/file\/pictures\/6251.ch-teau-de-l-herbe-sainte-prestige-ivinio.jpg","contentUrl":"https:\/\/www.ivinio.com\/wp-content\/uploads\/nc\/public\/modules\/file\/pictures\/6251.ch-teau-de-l-herbe-sainte-prestige-ivinio.jpg","width":500,"height":500,"caption":"Ch\u00e2teau de l'Herbe Sainte - Prestige - Minervois"},{"@type":"BreadcrumbList","@id":"https:\/\/www.ivinio.com\/en\/product\/chateau-de-lherbe-sainte-prestige-minervois-red\/#breadcrumb","itemListElement":[{"@type":"ListItem","position":1,"name":"Home","item":"https:\/\/www.ivinio.com\/en\/"},{"@type":"ListItem","position":2,"name":"Wine-shop","item":"https:\/\/www.ivinio.com\/en\/wine-shop\/"},{"@type":"ListItem","position":3,"name":"Ch\u00e2teau de l&#8217;Herbe Sainte &#8211; Prestige &#8211; Minervois &#8211; Red"}]},{"@type":"WebSite","@id":"https:\/\/www.ivinio.com\/en\/#website","url":"https:\/\/www.ivinio.com\/en\/","name":"IVINIO Wine Shop","description":"French and Italian wines with delivery to your door","publisher":{"@id":"https:\/\/www.ivinio.com\/en\/#organization"},"potentialAction":[{"@type":"SearchAction","target":{"@type":"EntryPoint","urlTemplate":"https:\/\/www.ivinio.com\/en\/?s={search_term_string}"},"query-input":{"@type":"PropertyValueSpecification","valueRequired":true,"valueName":"search_term_string"}}],"inLanguage":"en-US"},{"@type":"Organization","@id":"https:\/\/www.ivinio.com\/en\/#organization","name":"IVINIO","url":"https:\/\/www.ivinio.com\/en\/","logo":{"@type":"ImageObject","inLanguage":"en-US","@id":"https:\/\/www.ivinio.com\/en\/#\/schema\/logo\/image\/","url":"https:\/\/www.ivinio.com\/wp-content\/uploads\/2021\/01\/Logo-Ivinio-v2.jpg","contentUrl":"https:\/\/www.ivinio.com\/wp-content\/uploads\/2021\/01\/Logo-Ivinio-v2.jpg","width":1194,"height":1194,"caption":"IVINIO"},"image":{"@id":"https:\/\/www.ivinio.com\/en\/#\/schema\/logo\/image\/"},"sameAs":["https:\/\/www.facebook.com\/groups\/165217837022391\/?ref=bookmarks","https:\/\/www.instagram.com\/_ivinio_\/?hl=fr"]}]}},"jetpack_sharing_enabled":true,"_links":{"self":[{"href":"https:\/\/www.ivinio.com\/en\/wp-json\/wp\/v2\/product\/120345","targetHints":{"allow":["GET"]}}],"collection":[{"href":"https:\/\/www.ivinio.com\/en\/wp-json\/wp\/v2\/product"}],"about":[{"href":"https:\/\/www.ivinio.com\/en\/wp-json\/wp\/v2\/types\/product"}],"replies":[{"embeddable":true,"href":"https:\/\/www.ivinio.com\/en\/wp-json\/wp\/v2\/comments?post=120345"}],"wp:featuredmedia":[{"embeddable":true,"href":"https:\/\/www.ivinio.com\/en\/wp-json\/wp\/v2\/media\/120347"}],"wp:attachment":[{"href":"https:\/\/www.ivinio.com\/en\/wp-json\/wp\/v2\/media?parent=120345"}],"wp:term":[{"taxonomy":"product_brand","embeddable":true,"href":"https:\/\/www.ivinio.com\/en\/wp-json\/wp\/v2\/product_brand?post=120345"},{"taxonomy":"product_cat","embeddable":true,"href":"https:\/\/www.ivinio.com\/en\/wp-json\/wp\/v2\/product_cat?post=120345"},{"taxonomy":"product_tag","embeddable":true,"href":"https:\/\/www.ivinio.com\/en\/wp-json\/wp\/v2\/product_tag?post=120345"}],"curies":[{"name":"wp","href":"https:\/\/api.w.org\/{rel}","templated":true}]}}