{"id":120303,"date":"2016-03-05T19:07:18","date_gmt":"2016-03-05T19:07:18","guid":{"rendered":"https:\/\/henrik.www.ivinio.com\/?product=chateau-de-la-viaudiere-mixed-discovery-case-2x3-bottles"},"modified":"2022-03-23T19:21:06","modified_gmt":"2022-03-23T18:21:06","slug":"chateau-de-la-viaudiere-mixed-discovery-case-2x3-bottles","status":"publish","type":"product","link":"https:\/\/www.ivinio.com\/en\/product\/chateau-de-la-viaudiere-mixed-discovery-case-2x3-bottles\/","title":{"rendered":"Ch\u00e2teau de la Viaudi\u00e8re &#8211; Mixed discovery case 3X2 bottles"},"content":{"rendered":"<p>This wine case contains 3 different types of\u00a0Chenin wines, all 3 from Ch\u00e2teau de la Viaudi\u00e8re. 2 bottles of the sweet and highly popular Coteaux de\u00a0Layon, 2 bottles of\u00a0Chenin and 2 bottles\u00a0of the more exclusive, but dry &#8220;Pierres Blanches&#8221;. A real tribute case to the Chenin varietal !<\/p>\n<p>&nbsp;<\/p>\n","protected":false},"excerpt":{"rendered":"<p>This mixed discovery case from\u00a0Ch\u00e2teau de la Viaudi\u00e8re gives you the opportunity to try three different expressions of \u00a0the Chenin grape; a sweet Coteaux de\u00a0Layon and 2 dry glorious Chenin wines!<\/p>\n<p>&nbsp;<\/p>\n","protected":false},"featured_media":120305,"comment_status":"open","ping_status":"closed","template":"","meta":{"_monsterinsights_skip_tracking":false,"_monsterinsights_sitenote_active":false,"_monsterinsights_sitenote_note":"","_monsterinsights_sitenote_category":0,"_uf_show_specific_survey":0,"_uf_disable_surveys":false},"product_brand":[],"product_cat":[36645],"product_tag":[],"class_list":{"0":"post-120303","1":"product","2":"type-product","3":"status-publish","4":"has-post-thumbnail","6":"product_cat-blandade-provsmakningslador","7":"pa_classification-aop-anjou-blanc-sv","8":"pa_classification-aop-coteaux-du-layon-sv","9":"pa_classification-igp-val-de-loire-sv","10":"pa_color-vit-sv","11":"pa_country-frankrike-sv","12":"pa_grape-variety-chenin-sv","13":"pa_package-1x1-sv","14":"pa_package-1x6-sv","15":"pa_region-loire-sv","16":"pa_vintage-2018-sv","17":"pa_volume-75-cl-sv","19":"first","20":"instock","21":"taxable","22":"shipping-taxable","23":"purchasable","24":"product-type-bundle"},"bundled_by":[],"bundle_stock_status":"instock","bundle_stock_quantity":"","bundle_virtual":false,"bundle_layout":"grid","bundle_add_to_cart_form_location":"after_summary","bundle_editable_in_cart":false,"bundle_sold_individually_context":"product","bundle_item_grouping":"noindent","bundle_min_size":"","bundle_max_size":"","bundle_price":{"price":{"min":{"incl_tax":"74.8","excl_tax":"74.75"},"max":{"incl_tax":"74.8","excl_tax":"74.75"}},"regular_price":{"min":{"incl_tax":"74.8","excl_tax":"74.75"},"max":{"incl_tax":"74.8","excl_tax":"74.75"}}},"bundled_items":[{"bundled_item_id":8706,"product_id":120229,"menu_order":0,"quantity_min":2,"quantity_max":2,"quantity_default":2,"priced_individually":false,"shipped_individually":false,"override_title":false,"title":"Domaine de la Viaudi\u00e8re &#8211; Jardin d&#8217;\u00e9t\u00e9 &#8211; Chenin &#8211; White","override_description":false,"description":"Domaine de la Viaudi\u00e8re &#8211; Jardin d&#8217;\u00e9t\u00e9 &#8211; Chenin &#8211; White","optional":false,"hide_thumbnail":false,"discount":"","override_variations":true,"allowed_variations":[""],"override_default_variation_attributes":true,"default_variation_attributes":[],"single_product_visibility":"visible","cart_visibility":"hidden","order_visibility":"visible","single_product_price_visibility":"visible","cart_price_visibility":"visible","order_price_visibility":"visible","stock_status":"in_stock"},{"bundled_item_id":8707,"product_id":120233,"menu_order":1,"quantity_min":2,"quantity_max":2,"quantity_default":2,"priced_individually":false,"shipped_individually":false,"override_title":false,"title":"Ch\u00e2teau de la Viaudi\u00e8re &#8211; Jardin d&#8217;\u00e9t\u00e9 &#8211; Coteaux du Layon &#8211; White","override_description":false,"description":"Ch\u00e2teau de la Viaudi\u00e8re &#8211; Jardin d&#8217;\u00e9t\u00e9 &#8211; Coteaux du Layon &#8211; White","optional":false,"hide_thumbnail":false,"discount":"","override_variations":true,"allowed_variations":[""],"override_default_variation_attributes":true,"default_variation_attributes":[],"single_product_visibility":"visible","cart_visibility":"hidden","order_visibility":"visible","single_product_price_visibility":"visible","cart_price_visibility":"visible","order_price_visibility":"visible","stock_status":"in_stock"},{"bundled_item_id":8708,"product_id":120237,"menu_order":2,"quantity_min":2,"quantity_max":2,"quantity_default":2,"priced_individually":false,"shipped_individually":false,"override_title":false,"title":"Domaine de la Viaudi\u00e8re &#8211; Paradisio &#8211; Pierre Blanche &#8211; White","override_description":false,"description":"Domaine de la Viaudi\u00e8re &#8211; Paradisio &#8211; Pierre Blanche &#8211; White","optional":false,"hide_thumbnail":false,"discount":"","override_variations":true,"allowed_variations":[""],"override_default_variation_attributes":true,"default_variation_attributes":[],"single_product_visibility":"visible","cart_visibility":"hidden","order_visibility":"visible","single_product_price_visibility":"visible","cart_price_visibility":"visible","order_price_visibility":"visible","stock_status":"in_stock"}],"bundle_sell_ids":[],"yoast_head":"<!-- This site is optimized with the Yoast SEO plugin v27.5 - https:\/\/yoast.com\/product\/yoast-seo-wordpress\/ -->\n<title>Buy Ch\u00e2teau de la Viaudi\u00e8re - Mixed discovery case - IVINIO Wine Shop<\/title>\n<meta name=\"description\" content=\"Buy Ch\u00e2teau de la Viaudi\u00e8re - Mixed discovery case. Three different expressions of \u00a0the Chenin grape; a sweet Coteaux de\u00a0Layon and 2 dry Chenin wines!\" \/>\n<meta name=\"robots\" content=\"index, follow, max-snippet:-1, max-image-preview:large, max-video-preview:-1\" \/>\n<link rel=\"canonical\" href=\"https:\/\/www.ivinio.com\/en\/product\/chateau-de-la-viaudiere-mixed-discovery-case-2x3-bottles\/\" \/>\n<meta property=\"og:locale\" content=\"en_US\" \/>\n<meta property=\"og:type\" content=\"article\" \/>\n<meta property=\"og:title\" content=\"Buy Ch\u00e2teau de la Viaudi\u00e8re - Mixed discovery case - IVINIO Wine Shop\" \/>\n<meta property=\"og:description\" content=\"Buy Ch\u00e2teau de la Viaudi\u00e8re - Mixed discovery case. Three different expressions of \u00a0the Chenin grape; a sweet Coteaux de\u00a0Layon and 2 dry Chenin wines!\" \/>\n<meta property=\"og:url\" content=\"https:\/\/www.ivinio.com\/en\/product\/chateau-de-la-viaudiere-mixed-discovery-case-2x3-bottles\/\" \/>\n<meta property=\"og:site_name\" content=\"IVINIO Wine Shop\" \/>\n<meta property=\"article:publisher\" content=\"https:\/\/www.facebook.com\/groups\/165217837022391\/?ref=bookmarks\" \/>\n<meta property=\"article:modified_time\" content=\"2022-03-23T18:21:06+00:00\" \/>\n<meta property=\"og:image\" content=\"https:\/\/www.ivinio.com\/wp-content\/uploads\/nc\/public\/modules\/file\/pictures\/6234.Ch-teau-de-la-viaudi-re-blandl-da-ivinio.jpg\" \/>\n\t<meta property=\"og:image:width\" content=\"500\" \/>\n\t<meta property=\"og:image:height\" content=\"500\" \/>\n\t<meta property=\"og:image:type\" content=\"image\/jpeg\" \/>\n<meta name=\"twitter:card\" content=\"summary_large_image\" \/>\n<script type=\"application\/ld+json\" class=\"yoast-schema-graph\">{\"@context\":\"https:\\\/\\\/schema.org\",\"@graph\":[{\"@type\":\"WebPage\",\"@id\":\"https:\\\/\\\/www.ivinio.com\\\/en\\\/product\\\/chateau-de-la-viaudiere-mixed-discovery-case-2x3-bottles\\\/\",\"url\":\"https:\\\/\\\/www.ivinio.com\\\/en\\\/product\\\/chateau-de-la-viaudiere-mixed-discovery-case-2x3-bottles\\\/\",\"name\":\"Buy Ch\u00e2teau de la Viaudi\u00e8re - Mixed discovery case - IVINIO Wine Shop\",\"isPartOf\":{\"@id\":\"https:\\\/\\\/www.ivinio.com\\\/en\\\/#website\"},\"primaryImageOfPage\":{\"@id\":\"https:\\\/\\\/www.ivinio.com\\\/en\\\/product\\\/chateau-de-la-viaudiere-mixed-discovery-case-2x3-bottles\\\/#primaryimage\"},\"image\":{\"@id\":\"https:\\\/\\\/www.ivinio.com\\\/en\\\/product\\\/chateau-de-la-viaudiere-mixed-discovery-case-2x3-bottles\\\/#primaryimage\"},\"thumbnailUrl\":\"https:\\\/\\\/www.ivinio.com\\\/wp-content\\\/uploads\\\/nc\\\/public\\\/modules\\\/file\\\/pictures\\\/6234.Ch-teau-de-la-viaudi-re-blandl-da-ivinio.jpg\",\"datePublished\":\"2016-03-05T19:07:18+00:00\",\"dateModified\":\"2022-03-23T18:21:06+00:00\",\"description\":\"Buy Ch\u00e2teau de la Viaudi\u00e8re - Mixed discovery case. Three different expressions of \u00a0the Chenin grape; a sweet Coteaux de\u00a0Layon and 2 dry Chenin wines!\",\"breadcrumb\":{\"@id\":\"https:\\\/\\\/www.ivinio.com\\\/en\\\/product\\\/chateau-de-la-viaudiere-mixed-discovery-case-2x3-bottles\\\/#breadcrumb\"},\"inLanguage\":\"en-US\",\"potentialAction\":[{\"@type\":\"ReadAction\",\"target\":[\"https:\\\/\\\/www.ivinio.com\\\/en\\\/product\\\/chateau-de-la-viaudiere-mixed-discovery-case-2x3-bottles\\\/\"]}]},{\"@type\":\"ImageObject\",\"inLanguage\":\"en-US\",\"@id\":\"https:\\\/\\\/www.ivinio.com\\\/en\\\/product\\\/chateau-de-la-viaudiere-mixed-discovery-case-2x3-bottles\\\/#primaryimage\",\"url\":\"https:\\\/\\\/www.ivinio.com\\\/wp-content\\\/uploads\\\/nc\\\/public\\\/modules\\\/file\\\/pictures\\\/6234.Ch-teau-de-la-viaudi-re-blandl-da-ivinio.jpg\",\"contentUrl\":\"https:\\\/\\\/www.ivinio.com\\\/wp-content\\\/uploads\\\/nc\\\/public\\\/modules\\\/file\\\/pictures\\\/6234.Ch-teau-de-la-viaudi-re-blandl-da-ivinio.jpg\",\"width\":500,\"height\":500,\"caption\":\"Ch\u00e2teau de la Viaudi\u00e8re - blandad vinl\u00e5da\"},{\"@type\":\"BreadcrumbList\",\"@id\":\"https:\\\/\\\/www.ivinio.com\\\/en\\\/product\\\/chateau-de-la-viaudiere-mixed-discovery-case-2x3-bottles\\\/#breadcrumb\",\"itemListElement\":[{\"@type\":\"ListItem\",\"position\":1,\"name\":\"Home\",\"item\":\"https:\\\/\\\/www.ivinio.com\\\/en\\\/\"},{\"@type\":\"ListItem\",\"position\":2,\"name\":\"Wine-shop\",\"item\":\"https:\\\/\\\/www.ivinio.com\\\/en\\\/wine-shop\\\/\"},{\"@type\":\"ListItem\",\"position\":3,\"name\":\"Ch\u00e2teau de la Viaudi\u00e8re &#8211; Mixed discovery case 3X2 bottles\"}]},{\"@type\":\"WebSite\",\"@id\":\"https:\\\/\\\/www.ivinio.com\\\/en\\\/#website\",\"url\":\"https:\\\/\\\/www.ivinio.com\\\/en\\\/\",\"name\":\"IVINIO Wine Shop\",\"description\":\"French and Italian wines with delivery to your door\",\"publisher\":{\"@id\":\"https:\\\/\\\/www.ivinio.com\\\/en\\\/#organization\"},\"potentialAction\":[{\"@type\":\"SearchAction\",\"target\":{\"@type\":\"EntryPoint\",\"urlTemplate\":\"https:\\\/\\\/www.ivinio.com\\\/en\\\/?s={search_term_string}\"},\"query-input\":{\"@type\":\"PropertyValueSpecification\",\"valueRequired\":true,\"valueName\":\"search_term_string\"}}],\"inLanguage\":\"en-US\"},{\"@type\":\"Organization\",\"@id\":\"https:\\\/\\\/www.ivinio.com\\\/en\\\/#organization\",\"name\":\"IVINIO\",\"url\":\"https:\\\/\\\/www.ivinio.com\\\/en\\\/\",\"logo\":{\"@type\":\"ImageObject\",\"inLanguage\":\"en-US\",\"@id\":\"https:\\\/\\\/www.ivinio.com\\\/en\\\/#\\\/schema\\\/logo\\\/image\\\/\",\"url\":\"https:\\\/\\\/www.ivinio.com\\\/wp-content\\\/uploads\\\/2021\\\/01\\\/Logo-Ivinio-v2.jpg\",\"contentUrl\":\"https:\\\/\\\/www.ivinio.com\\\/wp-content\\\/uploads\\\/2021\\\/01\\\/Logo-Ivinio-v2.jpg\",\"width\":1194,\"height\":1194,\"caption\":\"IVINIO\"},\"image\":{\"@id\":\"https:\\\/\\\/www.ivinio.com\\\/en\\\/#\\\/schema\\\/logo\\\/image\\\/\"},\"sameAs\":[\"https:\\\/\\\/www.facebook.com\\\/groups\\\/165217837022391\\\/?ref=bookmarks\",\"https:\\\/\\\/www.instagram.com\\\/_ivinio_\\\/?hl=fr\"]}]}<\/script>\n<!-- \/ Yoast SEO plugin. -->","yoast_head_json":{"title":"Buy Ch\u00e2teau de la Viaudi\u00e8re - Mixed discovery case - IVINIO Wine Shop","description":"Buy Ch\u00e2teau de la Viaudi\u00e8re - Mixed discovery case. Three different expressions of \u00a0the Chenin grape; a sweet Coteaux de\u00a0Layon and 2 dry Chenin wines!","robots":{"index":"index","follow":"follow","max-snippet":"max-snippet:-1","max-image-preview":"max-image-preview:large","max-video-preview":"max-video-preview:-1"},"canonical":"https:\/\/www.ivinio.com\/en\/product\/chateau-de-la-viaudiere-mixed-discovery-case-2x3-bottles\/","og_locale":"en_US","og_type":"article","og_title":"Buy Ch\u00e2teau de la Viaudi\u00e8re - Mixed discovery case - IVINIO Wine Shop","og_description":"Buy Ch\u00e2teau de la Viaudi\u00e8re - Mixed discovery case. Three different expressions of \u00a0the Chenin grape; a sweet Coteaux de\u00a0Layon and 2 dry Chenin wines!","og_url":"https:\/\/www.ivinio.com\/en\/product\/chateau-de-la-viaudiere-mixed-discovery-case-2x3-bottles\/","og_site_name":"IVINIO Wine Shop","article_publisher":"https:\/\/www.facebook.com\/groups\/165217837022391\/?ref=bookmarks","article_modified_time":"2022-03-23T18:21:06+00:00","og_image":[{"width":500,"height":500,"url":"https:\/\/www.ivinio.com\/wp-content\/uploads\/nc\/public\/modules\/file\/pictures\/6234.Ch-teau-de-la-viaudi-re-blandl-da-ivinio.jpg","type":"image\/jpeg"}],"twitter_card":"summary_large_image","schema":{"@context":"https:\/\/schema.org","@graph":[{"@type":"WebPage","@id":"https:\/\/www.ivinio.com\/en\/product\/chateau-de-la-viaudiere-mixed-discovery-case-2x3-bottles\/","url":"https:\/\/www.ivinio.com\/en\/product\/chateau-de-la-viaudiere-mixed-discovery-case-2x3-bottles\/","name":"Buy Ch\u00e2teau de la Viaudi\u00e8re - Mixed discovery case - IVINIO Wine Shop","isPartOf":{"@id":"https:\/\/www.ivinio.com\/en\/#website"},"primaryImageOfPage":{"@id":"https:\/\/www.ivinio.com\/en\/product\/chateau-de-la-viaudiere-mixed-discovery-case-2x3-bottles\/#primaryimage"},"image":{"@id":"https:\/\/www.ivinio.com\/en\/product\/chateau-de-la-viaudiere-mixed-discovery-case-2x3-bottles\/#primaryimage"},"thumbnailUrl":"https:\/\/www.ivinio.com\/wp-content\/uploads\/nc\/public\/modules\/file\/pictures\/6234.Ch-teau-de-la-viaudi-re-blandl-da-ivinio.jpg","datePublished":"2016-03-05T19:07:18+00:00","dateModified":"2022-03-23T18:21:06+00:00","description":"Buy Ch\u00e2teau de la Viaudi\u00e8re - Mixed discovery case. Three different expressions of \u00a0the Chenin grape; a sweet Coteaux de\u00a0Layon and 2 dry Chenin wines!","breadcrumb":{"@id":"https:\/\/www.ivinio.com\/en\/product\/chateau-de-la-viaudiere-mixed-discovery-case-2x3-bottles\/#breadcrumb"},"inLanguage":"en-US","potentialAction":[{"@type":"ReadAction","target":["https:\/\/www.ivinio.com\/en\/product\/chateau-de-la-viaudiere-mixed-discovery-case-2x3-bottles\/"]}]},{"@type":"ImageObject","inLanguage":"en-US","@id":"https:\/\/www.ivinio.com\/en\/product\/chateau-de-la-viaudiere-mixed-discovery-case-2x3-bottles\/#primaryimage","url":"https:\/\/www.ivinio.com\/wp-content\/uploads\/nc\/public\/modules\/file\/pictures\/6234.Ch-teau-de-la-viaudi-re-blandl-da-ivinio.jpg","contentUrl":"https:\/\/www.ivinio.com\/wp-content\/uploads\/nc\/public\/modules\/file\/pictures\/6234.Ch-teau-de-la-viaudi-re-blandl-da-ivinio.jpg","width":500,"height":500,"caption":"Ch\u00e2teau de la Viaudi\u00e8re - blandad vinl\u00e5da"},{"@type":"BreadcrumbList","@id":"https:\/\/www.ivinio.com\/en\/product\/chateau-de-la-viaudiere-mixed-discovery-case-2x3-bottles\/#breadcrumb","itemListElement":[{"@type":"ListItem","position":1,"name":"Home","item":"https:\/\/www.ivinio.com\/en\/"},{"@type":"ListItem","position":2,"name":"Wine-shop","item":"https:\/\/www.ivinio.com\/en\/wine-shop\/"},{"@type":"ListItem","position":3,"name":"Ch\u00e2teau de la Viaudi\u00e8re &#8211; Mixed discovery case 3X2 bottles"}]},{"@type":"WebSite","@id":"https:\/\/www.ivinio.com\/en\/#website","url":"https:\/\/www.ivinio.com\/en\/","name":"IVINIO Wine Shop","description":"French and Italian wines with delivery to your door","publisher":{"@id":"https:\/\/www.ivinio.com\/en\/#organization"},"potentialAction":[{"@type":"SearchAction","target":{"@type":"EntryPoint","urlTemplate":"https:\/\/www.ivinio.com\/en\/?s={search_term_string}"},"query-input":{"@type":"PropertyValueSpecification","valueRequired":true,"valueName":"search_term_string"}}],"inLanguage":"en-US"},{"@type":"Organization","@id":"https:\/\/www.ivinio.com\/en\/#organization","name":"IVINIO","url":"https:\/\/www.ivinio.com\/en\/","logo":{"@type":"ImageObject","inLanguage":"en-US","@id":"https:\/\/www.ivinio.com\/en\/#\/schema\/logo\/image\/","url":"https:\/\/www.ivinio.com\/wp-content\/uploads\/2021\/01\/Logo-Ivinio-v2.jpg","contentUrl":"https:\/\/www.ivinio.com\/wp-content\/uploads\/2021\/01\/Logo-Ivinio-v2.jpg","width":1194,"height":1194,"caption":"IVINIO"},"image":{"@id":"https:\/\/www.ivinio.com\/en\/#\/schema\/logo\/image\/"},"sameAs":["https:\/\/www.facebook.com\/groups\/165217837022391\/?ref=bookmarks","https:\/\/www.instagram.com\/_ivinio_\/?hl=fr"]}]}},"jetpack_sharing_enabled":true,"_links":{"self":[{"href":"https:\/\/www.ivinio.com\/en\/wp-json\/wp\/v2\/product\/120303","targetHints":{"allow":["GET"]}}],"collection":[{"href":"https:\/\/www.ivinio.com\/en\/wp-json\/wp\/v2\/product"}],"about":[{"href":"https:\/\/www.ivinio.com\/en\/wp-json\/wp\/v2\/types\/product"}],"replies":[{"embeddable":true,"href":"https:\/\/www.ivinio.com\/en\/wp-json\/wp\/v2\/comments?post=120303"}],"wp:featuredmedia":[{"embeddable":true,"href":"https:\/\/www.ivinio.com\/en\/wp-json\/wp\/v2\/media\/120305"}],"wp:attachment":[{"href":"https:\/\/www.ivinio.com\/en\/wp-json\/wp\/v2\/media?parent=120303"}],"wp:term":[{"taxonomy":"product_brand","embeddable":true,"href":"https:\/\/www.ivinio.com\/en\/wp-json\/wp\/v2\/product_brand?post=120303"},{"taxonomy":"product_cat","embeddable":true,"href":"https:\/\/www.ivinio.com\/en\/wp-json\/wp\/v2\/product_cat?post=120303"},{"taxonomy":"product_tag","embeddable":true,"href":"https:\/\/www.ivinio.com\/en\/wp-json\/wp\/v2\/product_tag?post=120303"}],"curies":[{"name":"wp","href":"https:\/\/api.w.org\/{rel}","templated":true}]}}