{"id":120253,"date":"2016-03-25T12:06:50","date_gmt":"2016-03-25T12:06:50","guid":{"rendered":"https:\/\/henrik.www.ivinio.com\/?product=domaines-bunan-chateau-la-rouviere-bandol-red"},"modified":"2025-10-14T19:36:44","modified_gmt":"2025-10-14T17:36:44","slug":"domaines-bunan-chateau-la-rouviere-bandol-red","status":"publish","type":"product","link":"https:\/\/www.ivinio.com\/en\/product\/domaines-bunan-chateau-la-rouviere-bandol-red\/","title":{"rendered":"Domaines Bunan &#8211; Ch\u00e2teau la Rouvi\u00e8re &#8211; Bandol &#8211; Red"},"content":{"rendered":"<p>Bandol from Ch\u00e2teau la Rouvi\u00e8re is made from 90% Mourv\u00e8dre and 10% Syrah. The grapes are grown in organically cultivated terraces on the slopes of Castellet in the south direction. The grapes are removed\u00a0from their bunches after harvesting and the following fermentation is conducted for 21 days in large oak barrels. The final wine is,\u00a0depending on the vintage,\u00a0stored in oak barrels.<\/p>\n<p>&nbsp;<\/p>\n","protected":false},"excerpt":{"rendered":"<p>Bandol from Ch\u00e2teau la Rouvi\u00e8re is an\u00a0organic red\u00a0wine made from 90% Mourv\u00e8dre and 10% Syrah. An elegant wine with complex hints of blackberry, black currant, licorice and pepper. To serve with game, lamb or\u00a0a cheese tray!<\/p>\n","protected":false},"featured_media":120255,"comment_status":"open","ping_status":"closed","template":"","meta":{"_monsterinsights_skip_tracking":false,"_monsterinsights_sitenote_active":false,"_monsterinsights_sitenote_note":"","_monsterinsights_sitenote_category":0,"_uf_show_specific_survey":0,"_uf_disable_surveys":false},"product_brand":[],"product_cat":[36587,36623],"product_tag":[],"class_list":{"0":"post-120253","1":"product","2":"type-product","3":"status-publish","4":"has-post-thumbnail","6":"product_cat-french-wines","7":"product_cat-en-provence","8":"pa_awards-bettanedesseauve-en","9":"pa_awards-guide-hachette-en","10":"pa_classification-aop-bandol-en","11":"pa_color-red","12":"pa_country-france-en","13":"pa_grape-variety-mourvedre","14":"pa_grape-variety-syrah","15":"pa_region-provence-en","16":"pa_storage-potential-more-than-15-years","17":"pa_vintage-2021-en","18":"pa_volume-75-cl-en","20":"first","21":"instock","22":"taxable","23":"shipping-taxable","24":"purchasable","25":"product-type-simple"},"bundled_by":[],"bundle_stock_status":"instock","bundle_stock_quantity":null,"bundle_virtual":false,"bundle_layout":"","bundle_add_to_cart_form_location":"","bundle_editable_in_cart":false,"bundle_sold_individually_context":"","bundle_item_grouping":"","bundle_min_size":"","bundle_max_size":"","bundle_price":[],"bundled_items":[],"bundle_sell_ids":[],"yoast_head":"<!-- This site is optimized with the Yoast SEO plugin v27.5 - https:\/\/yoast.com\/product\/yoast-seo-wordpress\/ -->\n<title>Buy Domaines Bunan - Ch\u00e2teau la Rouvi\u00e8re - Bandol - Red wine - IVINIO Wine Shop<\/title>\n<meta name=\"description\" content=\"Buy Domaines Bunan - Ch\u00e2teau la Rouvi\u00e8re - Bandol - Red wine. Organic, with complex hints of blackberry, black currant, licorice and pepper.\" \/>\n<meta name=\"robots\" content=\"index, follow, max-snippet:-1, max-image-preview:large, max-video-preview:-1\" \/>\n<link rel=\"canonical\" href=\"https:\/\/www.ivinio.com\/en\/product\/domaines-bunan-chateau-la-rouviere-bandol-red\/\" \/>\n<meta property=\"og:locale\" content=\"en_US\" \/>\n<meta property=\"og:type\" content=\"article\" \/>\n<meta property=\"og:title\" content=\"Buy Domaines Bunan - Ch\u00e2teau la Rouvi\u00e8re - Bandol - Red wine - IVINIO Wine Shop\" \/>\n<meta property=\"og:description\" content=\"Buy Domaines Bunan - Ch\u00e2teau la Rouvi\u00e8re - Bandol - Red wine. Organic, with complex hints of blackberry, black currant, licorice and pepper.\" \/>\n<meta property=\"og:url\" content=\"https:\/\/www.ivinio.com\/en\/product\/domaines-bunan-chateau-la-rouviere-bandol-red\/\" \/>\n<meta property=\"og:site_name\" content=\"IVINIO Wine Shop\" \/>\n<meta property=\"article:publisher\" content=\"https:\/\/www.facebook.com\/groups\/165217837022391\/?ref=bookmarks\" \/>\n<meta property=\"article:modified_time\" content=\"2025-10-14T17:36:44+00:00\" \/>\n<meta property=\"og:image\" content=\"https:\/\/www.ivinio.com\/wp-content\/uploads\/nc\/public\/modules\/file\/pictures\/6217.bunan-Ch-teau-la-rouvi-re-Bandol-ivinio.jpg\" \/>\n\t<meta property=\"og:image:width\" content=\"500\" \/>\n\t<meta property=\"og:image:height\" content=\"500\" \/>\n\t<meta property=\"og:image:type\" content=\"image\/jpeg\" \/>\n<meta name=\"twitter:card\" content=\"summary_large_image\" \/>\n<meta name=\"twitter:label1\" content=\"Est. reading time\" \/>\n\t<meta name=\"twitter:data1\" content=\"1 minute\" \/>\n<script type=\"application\/ld+json\" class=\"yoast-schema-graph\">{\"@context\":\"https:\\\/\\\/schema.org\",\"@graph\":[{\"@type\":\"WebPage\",\"@id\":\"https:\\\/\\\/www.ivinio.com\\\/en\\\/product\\\/domaines-bunan-chateau-la-rouviere-bandol-red\\\/\",\"url\":\"https:\\\/\\\/www.ivinio.com\\\/en\\\/product\\\/domaines-bunan-chateau-la-rouviere-bandol-red\\\/\",\"name\":\"Buy Domaines Bunan - Ch\u00e2teau la Rouvi\u00e8re - Bandol - Red wine - IVINIO Wine Shop\",\"isPartOf\":{\"@id\":\"https:\\\/\\\/www.ivinio.com\\\/en\\\/#website\"},\"primaryImageOfPage\":{\"@id\":\"https:\\\/\\\/www.ivinio.com\\\/en\\\/product\\\/domaines-bunan-chateau-la-rouviere-bandol-red\\\/#primaryimage\"},\"image\":{\"@id\":\"https:\\\/\\\/www.ivinio.com\\\/en\\\/product\\\/domaines-bunan-chateau-la-rouviere-bandol-red\\\/#primaryimage\"},\"thumbnailUrl\":\"https:\\\/\\\/www.ivinio.com\\\/wp-content\\\/uploads\\\/nc\\\/public\\\/modules\\\/file\\\/pictures\\\/6217.bunan-Ch-teau-la-rouvi-re-Bandol-ivinio.jpg\",\"datePublished\":\"2016-03-25T12:06:50+00:00\",\"dateModified\":\"2025-10-14T17:36:44+00:00\",\"description\":\"Buy Domaines Bunan - Ch\u00e2teau la Rouvi\u00e8re - Bandol - Red wine. Organic, with complex hints of blackberry, black currant, licorice and pepper.\",\"breadcrumb\":{\"@id\":\"https:\\\/\\\/www.ivinio.com\\\/en\\\/product\\\/domaines-bunan-chateau-la-rouviere-bandol-red\\\/#breadcrumb\"},\"inLanguage\":\"en-US\",\"potentialAction\":[{\"@type\":\"ReadAction\",\"target\":[\"https:\\\/\\\/www.ivinio.com\\\/en\\\/product\\\/domaines-bunan-chateau-la-rouviere-bandol-red\\\/\"]}]},{\"@type\":\"ImageObject\",\"inLanguage\":\"en-US\",\"@id\":\"https:\\\/\\\/www.ivinio.com\\\/en\\\/product\\\/domaines-bunan-chateau-la-rouviere-bandol-red\\\/#primaryimage\",\"url\":\"https:\\\/\\\/www.ivinio.com\\\/wp-content\\\/uploads\\\/nc\\\/public\\\/modules\\\/file\\\/pictures\\\/6217.bunan-Ch-teau-la-rouvi-re-Bandol-ivinio.jpg\",\"contentUrl\":\"https:\\\/\\\/www.ivinio.com\\\/wp-content\\\/uploads\\\/nc\\\/public\\\/modules\\\/file\\\/pictures\\\/6217.bunan-Ch-teau-la-rouvi-re-Bandol-ivinio.jpg\",\"width\":500,\"height\":500,\"caption\":\"Domaines Bunan - Ch\u00e2teau la Rouvi\u00e8re - Bandol\"},{\"@type\":\"BreadcrumbList\",\"@id\":\"https:\\\/\\\/www.ivinio.com\\\/en\\\/product\\\/domaines-bunan-chateau-la-rouviere-bandol-red\\\/#breadcrumb\",\"itemListElement\":[{\"@type\":\"ListItem\",\"position\":1,\"name\":\"Home\",\"item\":\"https:\\\/\\\/www.ivinio.com\\\/en\\\/\"},{\"@type\":\"ListItem\",\"position\":2,\"name\":\"Wine-shop\",\"item\":\"https:\\\/\\\/www.ivinio.com\\\/en\\\/wine-shop\\\/\"},{\"@type\":\"ListItem\",\"position\":3,\"name\":\"Domaines Bunan &#8211; Ch\u00e2teau la Rouvi\u00e8re &#8211; Bandol &#8211; Red\"}]},{\"@type\":\"WebSite\",\"@id\":\"https:\\\/\\\/www.ivinio.com\\\/en\\\/#website\",\"url\":\"https:\\\/\\\/www.ivinio.com\\\/en\\\/\",\"name\":\"IVINIO Wine Shop\",\"description\":\"French and Italian wines with delivery to your door\",\"publisher\":{\"@id\":\"https:\\\/\\\/www.ivinio.com\\\/en\\\/#organization\"},\"potentialAction\":[{\"@type\":\"SearchAction\",\"target\":{\"@type\":\"EntryPoint\",\"urlTemplate\":\"https:\\\/\\\/www.ivinio.com\\\/en\\\/?s={search_term_string}\"},\"query-input\":{\"@type\":\"PropertyValueSpecification\",\"valueRequired\":true,\"valueName\":\"search_term_string\"}}],\"inLanguage\":\"en-US\"},{\"@type\":\"Organization\",\"@id\":\"https:\\\/\\\/www.ivinio.com\\\/en\\\/#organization\",\"name\":\"IVINIO\",\"url\":\"https:\\\/\\\/www.ivinio.com\\\/en\\\/\",\"logo\":{\"@type\":\"ImageObject\",\"inLanguage\":\"en-US\",\"@id\":\"https:\\\/\\\/www.ivinio.com\\\/en\\\/#\\\/schema\\\/logo\\\/image\\\/\",\"url\":\"https:\\\/\\\/www.ivinio.com\\\/wp-content\\\/uploads\\\/2021\\\/01\\\/Logo-Ivinio-v2.jpg\",\"contentUrl\":\"https:\\\/\\\/www.ivinio.com\\\/wp-content\\\/uploads\\\/2021\\\/01\\\/Logo-Ivinio-v2.jpg\",\"width\":1194,\"height\":1194,\"caption\":\"IVINIO\"},\"image\":{\"@id\":\"https:\\\/\\\/www.ivinio.com\\\/en\\\/#\\\/schema\\\/logo\\\/image\\\/\"},\"sameAs\":[\"https:\\\/\\\/www.facebook.com\\\/groups\\\/165217837022391\\\/?ref=bookmarks\",\"https:\\\/\\\/www.instagram.com\\\/_ivinio_\\\/?hl=fr\"]}]}<\/script>\n<!-- \/ Yoast SEO plugin. -->","yoast_head_json":{"title":"Buy Domaines Bunan - Ch\u00e2teau la Rouvi\u00e8re - Bandol - Red wine - IVINIO Wine Shop","description":"Buy Domaines Bunan - Ch\u00e2teau la Rouvi\u00e8re - Bandol - Red wine. Organic, with complex hints of blackberry, black currant, licorice and pepper.","robots":{"index":"index","follow":"follow","max-snippet":"max-snippet:-1","max-image-preview":"max-image-preview:large","max-video-preview":"max-video-preview:-1"},"canonical":"https:\/\/www.ivinio.com\/en\/product\/domaines-bunan-chateau-la-rouviere-bandol-red\/","og_locale":"en_US","og_type":"article","og_title":"Buy Domaines Bunan - Ch\u00e2teau la Rouvi\u00e8re - Bandol - Red wine - IVINIO Wine Shop","og_description":"Buy Domaines Bunan - Ch\u00e2teau la Rouvi\u00e8re - Bandol - Red wine. Organic, with complex hints of blackberry, black currant, licorice and pepper.","og_url":"https:\/\/www.ivinio.com\/en\/product\/domaines-bunan-chateau-la-rouviere-bandol-red\/","og_site_name":"IVINIO Wine Shop","article_publisher":"https:\/\/www.facebook.com\/groups\/165217837022391\/?ref=bookmarks","article_modified_time":"2025-10-14T17:36:44+00:00","og_image":[{"width":500,"height":500,"url":"https:\/\/www.ivinio.com\/wp-content\/uploads\/nc\/public\/modules\/file\/pictures\/6217.bunan-Ch-teau-la-rouvi-re-Bandol-ivinio.jpg","type":"image\/jpeg"}],"twitter_card":"summary_large_image","twitter_misc":{"Est. reading time":"1 minute"},"schema":{"@context":"https:\/\/schema.org","@graph":[{"@type":"WebPage","@id":"https:\/\/www.ivinio.com\/en\/product\/domaines-bunan-chateau-la-rouviere-bandol-red\/","url":"https:\/\/www.ivinio.com\/en\/product\/domaines-bunan-chateau-la-rouviere-bandol-red\/","name":"Buy Domaines Bunan - Ch\u00e2teau la Rouvi\u00e8re - Bandol - Red wine - IVINIO Wine Shop","isPartOf":{"@id":"https:\/\/www.ivinio.com\/en\/#website"},"primaryImageOfPage":{"@id":"https:\/\/www.ivinio.com\/en\/product\/domaines-bunan-chateau-la-rouviere-bandol-red\/#primaryimage"},"image":{"@id":"https:\/\/www.ivinio.com\/en\/product\/domaines-bunan-chateau-la-rouviere-bandol-red\/#primaryimage"},"thumbnailUrl":"https:\/\/www.ivinio.com\/wp-content\/uploads\/nc\/public\/modules\/file\/pictures\/6217.bunan-Ch-teau-la-rouvi-re-Bandol-ivinio.jpg","datePublished":"2016-03-25T12:06:50+00:00","dateModified":"2025-10-14T17:36:44+00:00","description":"Buy Domaines Bunan - Ch\u00e2teau la Rouvi\u00e8re - Bandol - Red wine. Organic, with complex hints of blackberry, black currant, licorice and pepper.","breadcrumb":{"@id":"https:\/\/www.ivinio.com\/en\/product\/domaines-bunan-chateau-la-rouviere-bandol-red\/#breadcrumb"},"inLanguage":"en-US","potentialAction":[{"@type":"ReadAction","target":["https:\/\/www.ivinio.com\/en\/product\/domaines-bunan-chateau-la-rouviere-bandol-red\/"]}]},{"@type":"ImageObject","inLanguage":"en-US","@id":"https:\/\/www.ivinio.com\/en\/product\/domaines-bunan-chateau-la-rouviere-bandol-red\/#primaryimage","url":"https:\/\/www.ivinio.com\/wp-content\/uploads\/nc\/public\/modules\/file\/pictures\/6217.bunan-Ch-teau-la-rouvi-re-Bandol-ivinio.jpg","contentUrl":"https:\/\/www.ivinio.com\/wp-content\/uploads\/nc\/public\/modules\/file\/pictures\/6217.bunan-Ch-teau-la-rouvi-re-Bandol-ivinio.jpg","width":500,"height":500,"caption":"Domaines Bunan - Ch\u00e2teau la Rouvi\u00e8re - Bandol"},{"@type":"BreadcrumbList","@id":"https:\/\/www.ivinio.com\/en\/product\/domaines-bunan-chateau-la-rouviere-bandol-red\/#breadcrumb","itemListElement":[{"@type":"ListItem","position":1,"name":"Home","item":"https:\/\/www.ivinio.com\/en\/"},{"@type":"ListItem","position":2,"name":"Wine-shop","item":"https:\/\/www.ivinio.com\/en\/wine-shop\/"},{"@type":"ListItem","position":3,"name":"Domaines Bunan &#8211; Ch\u00e2teau la Rouvi\u00e8re &#8211; Bandol &#8211; Red"}]},{"@type":"WebSite","@id":"https:\/\/www.ivinio.com\/en\/#website","url":"https:\/\/www.ivinio.com\/en\/","name":"IVINIO Wine Shop","description":"French and Italian wines with delivery to your door","publisher":{"@id":"https:\/\/www.ivinio.com\/en\/#organization"},"potentialAction":[{"@type":"SearchAction","target":{"@type":"EntryPoint","urlTemplate":"https:\/\/www.ivinio.com\/en\/?s={search_term_string}"},"query-input":{"@type":"PropertyValueSpecification","valueRequired":true,"valueName":"search_term_string"}}],"inLanguage":"en-US"},{"@type":"Organization","@id":"https:\/\/www.ivinio.com\/en\/#organization","name":"IVINIO","url":"https:\/\/www.ivinio.com\/en\/","logo":{"@type":"ImageObject","inLanguage":"en-US","@id":"https:\/\/www.ivinio.com\/en\/#\/schema\/logo\/image\/","url":"https:\/\/www.ivinio.com\/wp-content\/uploads\/2021\/01\/Logo-Ivinio-v2.jpg","contentUrl":"https:\/\/www.ivinio.com\/wp-content\/uploads\/2021\/01\/Logo-Ivinio-v2.jpg","width":1194,"height":1194,"caption":"IVINIO"},"image":{"@id":"https:\/\/www.ivinio.com\/en\/#\/schema\/logo\/image\/"},"sameAs":["https:\/\/www.facebook.com\/groups\/165217837022391\/?ref=bookmarks","https:\/\/www.instagram.com\/_ivinio_\/?hl=fr"]}]}},"jetpack_sharing_enabled":true,"_links":{"self":[{"href":"https:\/\/www.ivinio.com\/en\/wp-json\/wp\/v2\/product\/120253","targetHints":{"allow":["GET"]}}],"collection":[{"href":"https:\/\/www.ivinio.com\/en\/wp-json\/wp\/v2\/product"}],"about":[{"href":"https:\/\/www.ivinio.com\/en\/wp-json\/wp\/v2\/types\/product"}],"replies":[{"embeddable":true,"href":"https:\/\/www.ivinio.com\/en\/wp-json\/wp\/v2\/comments?post=120253"}],"wp:featuredmedia":[{"embeddable":true,"href":"https:\/\/www.ivinio.com\/en\/wp-json\/wp\/v2\/media\/120255"}],"wp:attachment":[{"href":"https:\/\/www.ivinio.com\/en\/wp-json\/wp\/v2\/media?parent=120253"}],"wp:term":[{"taxonomy":"product_brand","embeddable":true,"href":"https:\/\/www.ivinio.com\/en\/wp-json\/wp\/v2\/product_brand?post=120253"},{"taxonomy":"product_cat","embeddable":true,"href":"https:\/\/www.ivinio.com\/en\/wp-json\/wp\/v2\/product_cat?post=120253"},{"taxonomy":"product_tag","embeddable":true,"href":"https:\/\/www.ivinio.com\/en\/wp-json\/wp\/v2\/product_tag?post=120253"}],"curies":[{"name":"wp","href":"https:\/\/api.w.org\/{rel}","templated":true}]}}