{"id":119932,"date":"2015-11-13T20:27:33","date_gmt":"2015-11-13T20:27:33","guid":{"rendered":"https:\/\/henrik.www.ivinio.com\/?product=rod-rose-fran-italien-blandad-vinlada-3x2-flaskor"},"modified":"2020-12-09T04:44:44","modified_gmt":"2020-12-09T04:44:44","slug":"rod-rose-fran-italien-blandad-vinlada-3x2-flaskor","status":"publish","type":"product","link":"https:\/\/www.ivinio.com\/en\/product\/rod-rose-fran-italien-blandad-vinlada-3x2-flaskor\/","title":{"rendered":"R\u00f6d &#038; ros\u00e9 fr\u00e5n Italien ! Blandad vinl\u00e5da 3&#215;2 flaskor"},"content":{"rendered":"<p>Denna vinl&aring;da inneh&aring;ller 3 r&ouml;dviner fr&aring;n Sicilien, framst&auml;llda av Nero d&#39;avoladruvor, samt 3 flaskor ros&eacute;vin fr&aring;n Colline dei Filari i Veneto. 2 mycket bra viner till sitt pris !&nbsp;<\/p>\n","protected":false},"excerpt":{"rendered":"<p>Denna prisv&auml;rda vinl&aring;da inneh&aring;ller 3 r&ouml;dviner fr&aring;n Sicilien och 3 italienska ros&eacute;viner fr&aring;n Veneto i nord. En perfekt l&aring;da f&ouml;r hela middagen, fr&aring;n aperitif till osten !<\/p>\n","protected":false},"featured_media":119934,"comment_status":"open","ping_status":"closed","template":"","meta":{"_monsterinsights_skip_tracking":false,"_monsterinsights_sitenote_active":false,"_monsterinsights_sitenote_note":"","_monsterinsights_sitenote_category":0,"_uf_show_specific_survey":0,"_uf_disable_surveys":false},"product_brand":[],"product_cat":[36644],"product_tag":[],"class_list":{"0":"post-119932","1":"product","2":"type-product","3":"status-publish","4":"has-post-thumbnail","6":"product_cat-mixed-wine-cases","7":"pa_package-1x1-en","8":"pa_package-1x6-en","10":"first","11":"instock","12":"taxable","13":"shipping-taxable","14":"product-type-bundle"},"bundled_by":[],"bundle_stock_status":"instock","bundle_stock_quantity":"","bundle_virtual":false,"bundle_layout":"grid","bundle_add_to_cart_form_location":"after_summary","bundle_editable_in_cart":false,"bundle_sold_individually_context":"product","bundle_item_grouping":"noindent","bundle_min_size":"","bundle_max_size":"","bundle_price":{"price":{"min":{"incl_tax":"35","excl_tax":"35"},"max":{"incl_tax":"35","excl_tax":"35"}},"regular_price":{"min":{"incl_tax":"35","excl_tax":"35"},"max":{"incl_tax":"35","excl_tax":"35"}}},"bundled_items":[{"bundled_item_id":9131,"product_id":119927,"menu_order":0,"quantity_min":1,"quantity_max":1,"quantity_default":1,"priced_individually":false,"shipped_individually":false,"override_title":false,"title":"Terre di Zagara &#8211; Nero d&#8217;avola &#8211; red","override_description":false,"description":"Terre di Zagara &#8211; Nero d&#8217;avola &#8211; red","optional":false,"hide_thumbnail":false,"discount":"","override_variations":true,"allowed_variations":[""],"override_default_variation_attributes":true,"default_variation_attributes":[],"single_product_visibility":"visible","cart_visibility":"hidden","order_visibility":"visible","single_product_price_visibility":"visible","cart_price_visibility":"visible","order_price_visibility":"visible","stock_status":"in_stock"},{"bundled_item_id":9132,"product_id":119730,"menu_order":1,"quantity_min":1,"quantity_max":1,"quantity_default":1,"priced_individually":false,"shipped_individually":false,"override_title":false,"title":"Le Colline dei Filari &#8211; IGP Rosato delle Venezie","override_description":false,"description":"Le Colline dei Filari &#8211; IGP Rosato delle Venezie","optional":false,"hide_thumbnail":false,"discount":"","override_variations":true,"allowed_variations":[""],"override_default_variation_attributes":true,"default_variation_attributes":[],"single_product_visibility":"visible","cart_visibility":"hidden","order_visibility":"visible","single_product_price_visibility":"visible","cart_price_visibility":"visible","order_price_visibility":"visible","stock_status":"in_stock"}],"bundle_sell_ids":[],"yoast_head":"<!-- This site is optimized with the Yoast SEO plugin v27.5 - https:\/\/yoast.com\/product\/yoast-seo-wordpress\/ -->\n<title>K\u00f6pa vin fr\u00e5n sicilien p\u00e5 n\u00e4tet - k\u00f6pa italienska viner - vinbutik online Ivinio.com<\/title>\n<meta name=\"description\" content=\"Denna prisv\u00e4rda vinl\u00e5da inneh\u00e5ller 3 r\u00f6dviner fr\u00e5n Sicilien och 3 italienska ros\u00e9viner fr\u00e5n Veneto i nord. En perfekt l\u00e5da f\u00f6r hela middagen, fr\u00e5n aperitif till osten !\" \/>\n<meta name=\"robots\" content=\"index, follow, max-snippet:-1, max-image-preview:large, max-video-preview:-1\" \/>\n<link rel=\"canonical\" href=\"https:\/\/www.ivinio.com\/en\/product\/rod-rose-fran-italien-blandad-vinlada-3x2-flaskor\/\" \/>\n<meta property=\"og:locale\" content=\"en_US\" \/>\n<meta property=\"og:type\" content=\"article\" \/>\n<meta property=\"og:title\" content=\"K\u00f6pa vin fr\u00e5n sicilien p\u00e5 n\u00e4tet - k\u00f6pa italienska viner - vinbutik online Ivinio.com\" \/>\n<meta property=\"og:description\" content=\"Denna prisv\u00e4rda vinl\u00e5da inneh\u00e5ller 3 r\u00f6dviner fr\u00e5n Sicilien och 3 italienska ros\u00e9viner fr\u00e5n Veneto i nord. En perfekt l\u00e5da f\u00f6r hela middagen, fr\u00e5n aperitif till osten !\" \/>\n<meta property=\"og:url\" content=\"https:\/\/www.ivinio.com\/en\/product\/rod-rose-fran-italien-blandad-vinlada-3x2-flaskor\/\" \/>\n<meta property=\"og:site_name\" content=\"IVINIO Wine Shop\" \/>\n<meta property=\"article:publisher\" content=\"https:\/\/www.facebook.com\/groups\/165217837022391\/?ref=bookmarks\" \/>\n<meta property=\"article:modified_time\" content=\"2020-12-09T04:44:44+00:00\" \/>\n<meta property=\"og:image\" content=\"https:\/\/www.ivinio.com\/wp-content\/uploads\/nc\/public\/modules\/file\/pictures\/6048.terre-di-zagaro-box-ivinio.jpg\" \/>\n\t<meta property=\"og:image:width\" content=\"500\" \/>\n\t<meta property=\"og:image:height\" content=\"500\" \/>\n\t<meta property=\"og:image:type\" content=\"image\/jpeg\" \/>\n<meta name=\"twitter:card\" content=\"summary_large_image\" \/>\n<script type=\"application\/ld+json\" class=\"yoast-schema-graph\">{\"@context\":\"https:\\\/\\\/schema.org\",\"@graph\":[{\"@type\":\"WebPage\",\"@id\":\"https:\\\/\\\/www.ivinio.com\\\/en\\\/product\\\/rod-rose-fran-italien-blandad-vinlada-3x2-flaskor\\\/\",\"url\":\"https:\\\/\\\/www.ivinio.com\\\/en\\\/product\\\/rod-rose-fran-italien-blandad-vinlada-3x2-flaskor\\\/\",\"name\":\"K\u00f6pa vin fr\u00e5n sicilien p\u00e5 n\u00e4tet - k\u00f6pa italienska viner - vinbutik online Ivinio.com\",\"isPartOf\":{\"@id\":\"https:\\\/\\\/www.ivinio.com\\\/en\\\/#website\"},\"primaryImageOfPage\":{\"@id\":\"https:\\\/\\\/www.ivinio.com\\\/en\\\/product\\\/rod-rose-fran-italien-blandad-vinlada-3x2-flaskor\\\/#primaryimage\"},\"image\":{\"@id\":\"https:\\\/\\\/www.ivinio.com\\\/en\\\/product\\\/rod-rose-fran-italien-blandad-vinlada-3x2-flaskor\\\/#primaryimage\"},\"thumbnailUrl\":\"https:\\\/\\\/www.ivinio.com\\\/wp-content\\\/uploads\\\/nc\\\/public\\\/modules\\\/file\\\/pictures\\\/6048.terre-di-zagaro-box-ivinio.jpg\",\"datePublished\":\"2015-11-13T20:27:33+00:00\",\"dateModified\":\"2020-12-09T04:44:44+00:00\",\"description\":\"Denna prisv\u00e4rda vinl\u00e5da inneh\u00e5ller 3 r\u00f6dviner fr\u00e5n Sicilien och 3 italienska ros\u00e9viner fr\u00e5n Veneto i nord. En perfekt l\u00e5da f\u00f6r hela middagen, fr\u00e5n aperitif till osten !\",\"breadcrumb\":{\"@id\":\"https:\\\/\\\/www.ivinio.com\\\/en\\\/product\\\/rod-rose-fran-italien-blandad-vinlada-3x2-flaskor\\\/#breadcrumb\"},\"inLanguage\":\"en-US\",\"potentialAction\":[{\"@type\":\"ReadAction\",\"target\":[\"https:\\\/\\\/www.ivinio.com\\\/en\\\/product\\\/rod-rose-fran-italien-blandad-vinlada-3x2-flaskor\\\/\"]}]},{\"@type\":\"ImageObject\",\"inLanguage\":\"en-US\",\"@id\":\"https:\\\/\\\/www.ivinio.com\\\/en\\\/product\\\/rod-rose-fran-italien-blandad-vinlada-3x2-flaskor\\\/#primaryimage\",\"url\":\"https:\\\/\\\/www.ivinio.com\\\/wp-content\\\/uploads\\\/nc\\\/public\\\/modules\\\/file\\\/pictures\\\/6048.terre-di-zagaro-box-ivinio.jpg\",\"contentUrl\":\"https:\\\/\\\/www.ivinio.com\\\/wp-content\\\/uploads\\\/nc\\\/public\\\/modules\\\/file\\\/pictures\\\/6048.terre-di-zagaro-box-ivinio.jpg\",\"width\":500,\"height\":500},{\"@type\":\"BreadcrumbList\",\"@id\":\"https:\\\/\\\/www.ivinio.com\\\/en\\\/product\\\/rod-rose-fran-italien-blandad-vinlada-3x2-flaskor\\\/#breadcrumb\",\"itemListElement\":[{\"@type\":\"ListItem\",\"position\":1,\"name\":\"Home\",\"item\":\"https:\\\/\\\/www.ivinio.com\\\/en\\\/\"},{\"@type\":\"ListItem\",\"position\":2,\"name\":\"Wine-shop\",\"item\":\"https:\\\/\\\/www.ivinio.com\\\/en\\\/wine-shop\\\/\"},{\"@type\":\"ListItem\",\"position\":3,\"name\":\"R\u00f6d &#038; ros\u00e9 fr\u00e5n Italien ! Blandad vinl\u00e5da 3&#215;2 flaskor\"}]},{\"@type\":\"WebSite\",\"@id\":\"https:\\\/\\\/www.ivinio.com\\\/en\\\/#website\",\"url\":\"https:\\\/\\\/www.ivinio.com\\\/en\\\/\",\"name\":\"IVINIO Wine Shop\",\"description\":\"French and Italian wines with delivery to your door\",\"publisher\":{\"@id\":\"https:\\\/\\\/www.ivinio.com\\\/en\\\/#organization\"},\"potentialAction\":[{\"@type\":\"SearchAction\",\"target\":{\"@type\":\"EntryPoint\",\"urlTemplate\":\"https:\\\/\\\/www.ivinio.com\\\/en\\\/?s={search_term_string}\"},\"query-input\":{\"@type\":\"PropertyValueSpecification\",\"valueRequired\":true,\"valueName\":\"search_term_string\"}}],\"inLanguage\":\"en-US\"},{\"@type\":\"Organization\",\"@id\":\"https:\\\/\\\/www.ivinio.com\\\/en\\\/#organization\",\"name\":\"IVINIO\",\"url\":\"https:\\\/\\\/www.ivinio.com\\\/en\\\/\",\"logo\":{\"@type\":\"ImageObject\",\"inLanguage\":\"en-US\",\"@id\":\"https:\\\/\\\/www.ivinio.com\\\/en\\\/#\\\/schema\\\/logo\\\/image\\\/\",\"url\":\"https:\\\/\\\/www.ivinio.com\\\/wp-content\\\/uploads\\\/2021\\\/01\\\/Logo-Ivinio-v2.jpg\",\"contentUrl\":\"https:\\\/\\\/www.ivinio.com\\\/wp-content\\\/uploads\\\/2021\\\/01\\\/Logo-Ivinio-v2.jpg\",\"width\":1194,\"height\":1194,\"caption\":\"IVINIO\"},\"image\":{\"@id\":\"https:\\\/\\\/www.ivinio.com\\\/en\\\/#\\\/schema\\\/logo\\\/image\\\/\"},\"sameAs\":[\"https:\\\/\\\/www.facebook.com\\\/groups\\\/165217837022391\\\/?ref=bookmarks\",\"https:\\\/\\\/www.instagram.com\\\/_ivinio_\\\/?hl=fr\"]}]}<\/script>\n<!-- \/ Yoast SEO plugin. -->","yoast_head_json":{"title":"K\u00f6pa vin fr\u00e5n sicilien p\u00e5 n\u00e4tet - k\u00f6pa italienska viner - vinbutik online Ivinio.com","description":"Denna prisv\u00e4rda vinl\u00e5da inneh\u00e5ller 3 r\u00f6dviner fr\u00e5n Sicilien och 3 italienska ros\u00e9viner fr\u00e5n Veneto i nord. En perfekt l\u00e5da f\u00f6r hela middagen, fr\u00e5n aperitif till osten !","robots":{"index":"index","follow":"follow","max-snippet":"max-snippet:-1","max-image-preview":"max-image-preview:large","max-video-preview":"max-video-preview:-1"},"canonical":"https:\/\/www.ivinio.com\/en\/product\/rod-rose-fran-italien-blandad-vinlada-3x2-flaskor\/","og_locale":"en_US","og_type":"article","og_title":"K\u00f6pa vin fr\u00e5n sicilien p\u00e5 n\u00e4tet - k\u00f6pa italienska viner - vinbutik online Ivinio.com","og_description":"Denna prisv\u00e4rda vinl\u00e5da inneh\u00e5ller 3 r\u00f6dviner fr\u00e5n Sicilien och 3 italienska ros\u00e9viner fr\u00e5n Veneto i nord. En perfekt l\u00e5da f\u00f6r hela middagen, fr\u00e5n aperitif till osten !","og_url":"https:\/\/www.ivinio.com\/en\/product\/rod-rose-fran-italien-blandad-vinlada-3x2-flaskor\/","og_site_name":"IVINIO Wine Shop","article_publisher":"https:\/\/www.facebook.com\/groups\/165217837022391\/?ref=bookmarks","article_modified_time":"2020-12-09T04:44:44+00:00","og_image":[{"width":500,"height":500,"url":"https:\/\/www.ivinio.com\/wp-content\/uploads\/nc\/public\/modules\/file\/pictures\/6048.terre-di-zagaro-box-ivinio.jpg","type":"image\/jpeg"}],"twitter_card":"summary_large_image","schema":{"@context":"https:\/\/schema.org","@graph":[{"@type":"WebPage","@id":"https:\/\/www.ivinio.com\/en\/product\/rod-rose-fran-italien-blandad-vinlada-3x2-flaskor\/","url":"https:\/\/www.ivinio.com\/en\/product\/rod-rose-fran-italien-blandad-vinlada-3x2-flaskor\/","name":"K\u00f6pa vin fr\u00e5n sicilien p\u00e5 n\u00e4tet - k\u00f6pa italienska viner - vinbutik online Ivinio.com","isPartOf":{"@id":"https:\/\/www.ivinio.com\/en\/#website"},"primaryImageOfPage":{"@id":"https:\/\/www.ivinio.com\/en\/product\/rod-rose-fran-italien-blandad-vinlada-3x2-flaskor\/#primaryimage"},"image":{"@id":"https:\/\/www.ivinio.com\/en\/product\/rod-rose-fran-italien-blandad-vinlada-3x2-flaskor\/#primaryimage"},"thumbnailUrl":"https:\/\/www.ivinio.com\/wp-content\/uploads\/nc\/public\/modules\/file\/pictures\/6048.terre-di-zagaro-box-ivinio.jpg","datePublished":"2015-11-13T20:27:33+00:00","dateModified":"2020-12-09T04:44:44+00:00","description":"Denna prisv\u00e4rda vinl\u00e5da inneh\u00e5ller 3 r\u00f6dviner fr\u00e5n Sicilien och 3 italienska ros\u00e9viner fr\u00e5n Veneto i nord. En perfekt l\u00e5da f\u00f6r hela middagen, fr\u00e5n aperitif till osten !","breadcrumb":{"@id":"https:\/\/www.ivinio.com\/en\/product\/rod-rose-fran-italien-blandad-vinlada-3x2-flaskor\/#breadcrumb"},"inLanguage":"en-US","potentialAction":[{"@type":"ReadAction","target":["https:\/\/www.ivinio.com\/en\/product\/rod-rose-fran-italien-blandad-vinlada-3x2-flaskor\/"]}]},{"@type":"ImageObject","inLanguage":"en-US","@id":"https:\/\/www.ivinio.com\/en\/product\/rod-rose-fran-italien-blandad-vinlada-3x2-flaskor\/#primaryimage","url":"https:\/\/www.ivinio.com\/wp-content\/uploads\/nc\/public\/modules\/file\/pictures\/6048.terre-di-zagaro-box-ivinio.jpg","contentUrl":"https:\/\/www.ivinio.com\/wp-content\/uploads\/nc\/public\/modules\/file\/pictures\/6048.terre-di-zagaro-box-ivinio.jpg","width":500,"height":500},{"@type":"BreadcrumbList","@id":"https:\/\/www.ivinio.com\/en\/product\/rod-rose-fran-italien-blandad-vinlada-3x2-flaskor\/#breadcrumb","itemListElement":[{"@type":"ListItem","position":1,"name":"Home","item":"https:\/\/www.ivinio.com\/en\/"},{"@type":"ListItem","position":2,"name":"Wine-shop","item":"https:\/\/www.ivinio.com\/en\/wine-shop\/"},{"@type":"ListItem","position":3,"name":"R\u00f6d &#038; ros\u00e9 fr\u00e5n Italien ! Blandad vinl\u00e5da 3&#215;2 flaskor"}]},{"@type":"WebSite","@id":"https:\/\/www.ivinio.com\/en\/#website","url":"https:\/\/www.ivinio.com\/en\/","name":"IVINIO Wine Shop","description":"French and Italian wines with delivery to your door","publisher":{"@id":"https:\/\/www.ivinio.com\/en\/#organization"},"potentialAction":[{"@type":"SearchAction","target":{"@type":"EntryPoint","urlTemplate":"https:\/\/www.ivinio.com\/en\/?s={search_term_string}"},"query-input":{"@type":"PropertyValueSpecification","valueRequired":true,"valueName":"search_term_string"}}],"inLanguage":"en-US"},{"@type":"Organization","@id":"https:\/\/www.ivinio.com\/en\/#organization","name":"IVINIO","url":"https:\/\/www.ivinio.com\/en\/","logo":{"@type":"ImageObject","inLanguage":"en-US","@id":"https:\/\/www.ivinio.com\/en\/#\/schema\/logo\/image\/","url":"https:\/\/www.ivinio.com\/wp-content\/uploads\/2021\/01\/Logo-Ivinio-v2.jpg","contentUrl":"https:\/\/www.ivinio.com\/wp-content\/uploads\/2021\/01\/Logo-Ivinio-v2.jpg","width":1194,"height":1194,"caption":"IVINIO"},"image":{"@id":"https:\/\/www.ivinio.com\/en\/#\/schema\/logo\/image\/"},"sameAs":["https:\/\/www.facebook.com\/groups\/165217837022391\/?ref=bookmarks","https:\/\/www.instagram.com\/_ivinio_\/?hl=fr"]}]}},"jetpack_sharing_enabled":true,"_links":{"self":[{"href":"https:\/\/www.ivinio.com\/en\/wp-json\/wp\/v2\/product\/119932","targetHints":{"allow":["GET"]}}],"collection":[{"href":"https:\/\/www.ivinio.com\/en\/wp-json\/wp\/v2\/product"}],"about":[{"href":"https:\/\/www.ivinio.com\/en\/wp-json\/wp\/v2\/types\/product"}],"replies":[{"embeddable":true,"href":"https:\/\/www.ivinio.com\/en\/wp-json\/wp\/v2\/comments?post=119932"}],"wp:featuredmedia":[{"embeddable":true,"href":"https:\/\/www.ivinio.com\/en\/wp-json\/wp\/v2\/media\/119934"}],"wp:attachment":[{"href":"https:\/\/www.ivinio.com\/en\/wp-json\/wp\/v2\/media?parent=119932"}],"wp:term":[{"taxonomy":"product_brand","embeddable":true,"href":"https:\/\/www.ivinio.com\/en\/wp-json\/wp\/v2\/product_brand?post=119932"},{"taxonomy":"product_cat","embeddable":true,"href":"https:\/\/www.ivinio.com\/en\/wp-json\/wp\/v2\/product_cat?post=119932"},{"taxonomy":"product_tag","embeddable":true,"href":"https:\/\/www.ivinio.com\/en\/wp-json\/wp\/v2\/product_tag?post=119932"}],"curies":[{"name":"wp","href":"https:\/\/api.w.org\/{rel}","templated":true}]}}