{"id":119321,"date":"2015-03-10T16:11:06","date_gmt":"2015-03-10T16:11:06","guid":{"rendered":"https:\/\/henrik.www.ivinio.com\/?product=special-bordeaux-exclusive-mixed-wine-case-chateau-kirwan-chateau-fourcas-hosten"},"modified":"2023-01-06T14:21:35","modified_gmt":"2023-01-06T13:21:35","slug":"special-bordeaux-exclusive-mixed-wine-case-chateau-kirwan-chateau-fourcas-hosten","status":"publish","type":"product","link":"https:\/\/www.ivinio.com\/en\/product\/special-bordeaux-exclusive-mixed-wine-case-chateau-kirwan-chateau-fourcas-hosten\/","title":{"rendered":"Special Bordeaux &#8211; Exclusive mixed wine case Ch\u00e2teau Kirwan &#038; Ch\u00e2teau Fourcas hosten"},"content":{"rendered":"<p>This mixed wine box contains:<\/p>\n<p>-2 bottles from the exclusive Ch\u00e2teau Kirwan, Margaux 3rd Cru Class\u00e9 from the 1855 classification.<\/p>\n<p>-2 bottles of second wine Charmes de Kirwan Margaux.<\/p>\n<p>-2 bottles of the Ch\u00e2teau Fourcas hosten from the appellation Listrac-Medoc.<\/p>\n","protected":false},"excerpt":{"rendered":"<p>Here&#8217;s the opportunity to order 2 bottles of Ch\u00e2teau Kirwan cru class\u00e9 from Margaux, 2 bottles of 2nd wine Charmes de Kirwan and 2 bottles of Ch\u00e2teau Fourcas-Hosten from the vintage!<\/p>\n<p>&nbsp;<\/p>\n","protected":false},"featured_media":119323,"comment_status":"open","ping_status":"closed","template":"","meta":{"_monsterinsights_skip_tracking":false,"_monsterinsights_sitenote_active":false,"_monsterinsights_sitenote_note":"","_monsterinsights_sitenote_category":0,"_uf_show_specific_survey":0,"_uf_disable_surveys":false},"product_brand":[],"product_cat":[36644],"product_tag":[],"class_list":{"0":"post-119321","1":"product","2":"type-product","3":"status-publish","4":"has-post-thumbnail","6":"product_cat-mixed-wine-cases","7":"pa_classification-aop-listrac-medoc-en","8":"pa_classification-aop-margaux-en","9":"pa_color-red","10":"pa_country-france-en","11":"pa_grape-variety-cabernet-sauvignon-en","12":"pa_grape-variety-merlot","13":"pa_package-1x1-en","14":"pa_package-1x6-en","15":"pa_region-bordeaux","16":"pa_vintage-2014-en","17":"pa_vintage-2015-en","18":"pa_vintage-2019-en","20":"first","21":"instock","22":"taxable","23":"shipping-taxable","24":"purchasable","25":"product-type-bundle"},"bundled_by":[],"bundle_stock_status":"instock","bundle_stock_quantity":"","bundle_virtual":false,"bundle_layout":"grid","bundle_add_to_cart_form_location":"after_summary","bundle_editable_in_cart":false,"bundle_sold_individually_context":"product","bundle_item_grouping":"noindent","bundle_min_size":"","bundle_max_size":"","bundle_price":{"price":{"min":{"incl_tax":"247.5","excl_tax":"247.5"},"max":{"incl_tax":"247.5","excl_tax":"247.5"}},"regular_price":{"min":{"incl_tax":"247.5","excl_tax":"247.5"},"max":{"incl_tax":"247.5","excl_tax":"247.5"}}},"bundled_items":[{"bundled_item_id":8925,"product_id":118428,"menu_order":2,"quantity_min":2,"quantity_max":2,"quantity_default":2,"priced_individually":false,"shipped_individually":false,"override_title":false,"title":"Ch\u00e2teau Fourcas Hosten &#8211; Red","override_description":false,"description":"Ch\u00e2teau Fourcas Hosten &#8211; Red","optional":false,"hide_thumbnail":false,"discount":"","override_variations":true,"allowed_variations":[133390],"override_default_variation_attributes":true,"default_variation_attributes":[{"id":219,"name":"Vintage","option":"2017-en"}],"single_product_visibility":"visible","cart_visibility":"visible","order_visibility":"visible","single_product_price_visibility":"visible","cart_price_visibility":"visible","order_price_visibility":"visible","stock_status":"in_stock"},{"bundled_item_id":8938,"product_id":118402,"menu_order":2,"quantity_min":2,"quantity_max":2,"quantity_default":2,"priced_individually":false,"shipped_individually":false,"override_title":false,"title":"Chateau Kirwan Margaux &#8211; Red","override_description":false,"description":"Chateau Kirwan Margaux &#8211; Red","optional":false,"hide_thumbnail":false,"discount":"","override_variations":true,"allowed_variations":[133467],"override_default_variation_attributes":true,"default_variation_attributes":[{"id":223,"name":"Package :","option":"1x1-en"},{"id":219,"name":"Vintage","option":"2019-en"}],"single_product_visibility":"visible","cart_visibility":"visible","order_visibility":"visible","single_product_price_visibility":"visible","cart_price_visibility":"visible","order_price_visibility":"visible","stock_status":"in_stock"},{"bundled_item_id":8941,"product_id":118416,"menu_order":2,"quantity_min":2,"quantity_max":2,"quantity_default":2,"priced_individually":false,"shipped_individually":false,"override_title":false,"title":"Charmes de Kirwan &#8211; Red","override_description":false,"description":"Charmes de Kirwan &#8211; Red","optional":false,"hide_thumbnail":false,"discount":"","override_variations":true,"allowed_variations":[122841],"override_default_variation_attributes":true,"default_variation_attributes":[{"id":223,"name":"Package :","option":"1x1-en"},{"id":219,"name":"Vintage","option":"2020-en"}],"single_product_visibility":"visible","cart_visibility":"visible","order_visibility":"visible","single_product_price_visibility":"visible","cart_price_visibility":"visible","order_price_visibility":"visible","stock_status":"in_stock"}],"bundle_sell_ids":[],"yoast_head":"<!-- This site is optimized with the Yoast SEO plugin v27.6 - https:\/\/yoast.com\/product\/yoast-seo-wordpress\/ -->\n<title>Buy e - IVINIO Wine Shop xclusive mixed case Bordeaux wines<\/title>\n<meta name=\"description\" content=\"Buy exclusive mixed case Bordeaux wines. Great opportunity to by a mixed case of premium wines from Margaux and Listrac-M\u00e9doc !\" \/>\n<meta name=\"robots\" content=\"index, follow, max-snippet:-1, max-image-preview:large, max-video-preview:-1\" \/>\n<link rel=\"canonical\" href=\"https:\/\/www.ivinio.com\/en\/product\/special-bordeaux-exclusive-mixed-wine-case-chateau-kirwan-chateau-fourcas-hosten\/\" \/>\n<meta property=\"og:locale\" content=\"en_US\" \/>\n<meta property=\"og:type\" content=\"article\" \/>\n<meta property=\"og:title\" content=\"Buy e - IVINIO Wine Shop xclusive mixed case Bordeaux wines\" \/>\n<meta property=\"og:description\" content=\"Buy exclusive mixed case Bordeaux wines. Great opportunity to by a mixed case of premium wines from Margaux and Listrac-M\u00e9doc !\" \/>\n<meta property=\"og:url\" content=\"https:\/\/www.ivinio.com\/en\/product\/special-bordeaux-exclusive-mixed-wine-case-chateau-kirwan-chateau-fourcas-hosten\/\" \/>\n<meta property=\"og:site_name\" content=\"IVINIO Wine Shop\" \/>\n<meta property=\"article:publisher\" content=\"https:\/\/www.facebook.com\/groups\/165217837022391\/?ref=bookmarks\" \/>\n<meta property=\"article:modified_time\" content=\"2023-01-06T13:21:35+00:00\" \/>\n<meta property=\"og:image\" content=\"https:\/\/www.ivinio.com\/wp-content\/uploads\/nc\/public\/modules\/file\/pictures\/5536.Kirwan-fourcas-hosten-pack.jpg\" \/>\n\t<meta property=\"og:image:width\" content=\"500\" \/>\n\t<meta property=\"og:image:height\" content=\"500\" \/>\n\t<meta property=\"og:image:type\" content=\"image\/jpeg\" \/>\n<meta name=\"twitter:card\" content=\"summary_large_image\" \/>\n<meta name=\"twitter:label1\" content=\"Est. reading time\" \/>\n\t<meta name=\"twitter:data1\" content=\"1 minute\" \/>\n<script type=\"application\/ld+json\" class=\"yoast-schema-graph\">{\"@context\":\"https:\\\/\\\/schema.org\",\"@graph\":[{\"@type\":\"WebPage\",\"@id\":\"https:\\\/\\\/www.ivinio.com\\\/en\\\/product\\\/special-bordeaux-exclusive-mixed-wine-case-chateau-kirwan-chateau-fourcas-hosten\\\/\",\"url\":\"https:\\\/\\\/www.ivinio.com\\\/en\\\/product\\\/special-bordeaux-exclusive-mixed-wine-case-chateau-kirwan-chateau-fourcas-hosten\\\/\",\"name\":\"Buy e - IVINIO Wine Shop xclusive mixed case Bordeaux wines\",\"isPartOf\":{\"@id\":\"https:\\\/\\\/www.ivinio.com\\\/en\\\/#website\"},\"primaryImageOfPage\":{\"@id\":\"https:\\\/\\\/www.ivinio.com\\\/en\\\/product\\\/special-bordeaux-exclusive-mixed-wine-case-chateau-kirwan-chateau-fourcas-hosten\\\/#primaryimage\"},\"image\":{\"@id\":\"https:\\\/\\\/www.ivinio.com\\\/en\\\/product\\\/special-bordeaux-exclusive-mixed-wine-case-chateau-kirwan-chateau-fourcas-hosten\\\/#primaryimage\"},\"thumbnailUrl\":\"https:\\\/\\\/www.ivinio.com\\\/wp-content\\\/uploads\\\/nc\\\/public\\\/modules\\\/file\\\/pictures\\\/5536.Kirwan-fourcas-hosten-pack.jpg\",\"datePublished\":\"2015-03-10T16:11:06+00:00\",\"dateModified\":\"2023-01-06T13:21:35+00:00\",\"description\":\"Buy exclusive mixed case Bordeaux wines. Great opportunity to by a mixed case of premium wines from Margaux and Listrac-M\u00e9doc !\",\"breadcrumb\":{\"@id\":\"https:\\\/\\\/www.ivinio.com\\\/en\\\/product\\\/special-bordeaux-exclusive-mixed-wine-case-chateau-kirwan-chateau-fourcas-hosten\\\/#breadcrumb\"},\"inLanguage\":\"en-US\",\"potentialAction\":[{\"@type\":\"ReadAction\",\"target\":[\"https:\\\/\\\/www.ivinio.com\\\/en\\\/product\\\/special-bordeaux-exclusive-mixed-wine-case-chateau-kirwan-chateau-fourcas-hosten\\\/\"]}]},{\"@type\":\"ImageObject\",\"inLanguage\":\"en-US\",\"@id\":\"https:\\\/\\\/www.ivinio.com\\\/en\\\/product\\\/special-bordeaux-exclusive-mixed-wine-case-chateau-kirwan-chateau-fourcas-hosten\\\/#primaryimage\",\"url\":\"https:\\\/\\\/www.ivinio.com\\\/wp-content\\\/uploads\\\/nc\\\/public\\\/modules\\\/file\\\/pictures\\\/5536.Kirwan-fourcas-hosten-pack.jpg\",\"contentUrl\":\"https:\\\/\\\/www.ivinio.com\\\/wp-content\\\/uploads\\\/nc\\\/public\\\/modules\\\/file\\\/pictures\\\/5536.Kirwan-fourcas-hosten-pack.jpg\",\"width\":500,\"height\":500},{\"@type\":\"BreadcrumbList\",\"@id\":\"https:\\\/\\\/www.ivinio.com\\\/en\\\/product\\\/special-bordeaux-exclusive-mixed-wine-case-chateau-kirwan-chateau-fourcas-hosten\\\/#breadcrumb\",\"itemListElement\":[{\"@type\":\"ListItem\",\"position\":1,\"name\":\"Home\",\"item\":\"https:\\\/\\\/www.ivinio.com\\\/en\\\/\"},{\"@type\":\"ListItem\",\"position\":2,\"name\":\"Wine-shop\",\"item\":\"https:\\\/\\\/www.ivinio.com\\\/en\\\/wine-shop\\\/\"},{\"@type\":\"ListItem\",\"position\":3,\"name\":\"Special Bordeaux &#8211; Exclusive mixed wine case Ch\u00e2teau Kirwan &#038; Ch\u00e2teau Fourcas hosten\"}]},{\"@type\":\"WebSite\",\"@id\":\"https:\\\/\\\/www.ivinio.com\\\/en\\\/#website\",\"url\":\"https:\\\/\\\/www.ivinio.com\\\/en\\\/\",\"name\":\"IVINIO Wine Shop\",\"description\":\"French and Italian wines with delivery to your door\",\"publisher\":{\"@id\":\"https:\\\/\\\/www.ivinio.com\\\/en\\\/#organization\"},\"potentialAction\":[{\"@type\":\"SearchAction\",\"target\":{\"@type\":\"EntryPoint\",\"urlTemplate\":\"https:\\\/\\\/www.ivinio.com\\\/en\\\/?s={search_term_string}\"},\"query-input\":{\"@type\":\"PropertyValueSpecification\",\"valueRequired\":true,\"valueName\":\"search_term_string\"}}],\"inLanguage\":\"en-US\"},{\"@type\":\"Organization\",\"@id\":\"https:\\\/\\\/www.ivinio.com\\\/en\\\/#organization\",\"name\":\"IVINIO\",\"url\":\"https:\\\/\\\/www.ivinio.com\\\/en\\\/\",\"logo\":{\"@type\":\"ImageObject\",\"inLanguage\":\"en-US\",\"@id\":\"https:\\\/\\\/www.ivinio.com\\\/en\\\/#\\\/schema\\\/logo\\\/image\\\/\",\"url\":\"https:\\\/\\\/www.ivinio.com\\\/wp-content\\\/uploads\\\/2021\\\/01\\\/Logo-Ivinio-v2.jpg\",\"contentUrl\":\"https:\\\/\\\/www.ivinio.com\\\/wp-content\\\/uploads\\\/2021\\\/01\\\/Logo-Ivinio-v2.jpg\",\"width\":1194,\"height\":1194,\"caption\":\"IVINIO\"},\"image\":{\"@id\":\"https:\\\/\\\/www.ivinio.com\\\/en\\\/#\\\/schema\\\/logo\\\/image\\\/\"},\"sameAs\":[\"https:\\\/\\\/www.facebook.com\\\/groups\\\/165217837022391\\\/?ref=bookmarks\",\"https:\\\/\\\/www.instagram.com\\\/_ivinio_\\\/?hl=fr\"]}]}<\/script>\n<!-- \/ Yoast SEO plugin. -->","yoast_head_json":{"title":"Buy e - IVINIO Wine Shop xclusive mixed case Bordeaux wines","description":"Buy exclusive mixed case Bordeaux wines. Great opportunity to by a mixed case of premium wines from Margaux and Listrac-M\u00e9doc !","robots":{"index":"index","follow":"follow","max-snippet":"max-snippet:-1","max-image-preview":"max-image-preview:large","max-video-preview":"max-video-preview:-1"},"canonical":"https:\/\/www.ivinio.com\/en\/product\/special-bordeaux-exclusive-mixed-wine-case-chateau-kirwan-chateau-fourcas-hosten\/","og_locale":"en_US","og_type":"article","og_title":"Buy e - IVINIO Wine Shop xclusive mixed case Bordeaux wines","og_description":"Buy exclusive mixed case Bordeaux wines. Great opportunity to by a mixed case of premium wines from Margaux and Listrac-M\u00e9doc !","og_url":"https:\/\/www.ivinio.com\/en\/product\/special-bordeaux-exclusive-mixed-wine-case-chateau-kirwan-chateau-fourcas-hosten\/","og_site_name":"IVINIO Wine Shop","article_publisher":"https:\/\/www.facebook.com\/groups\/165217837022391\/?ref=bookmarks","article_modified_time":"2023-01-06T13:21:35+00:00","og_image":[{"width":500,"height":500,"url":"https:\/\/www.ivinio.com\/wp-content\/uploads\/nc\/public\/modules\/file\/pictures\/5536.Kirwan-fourcas-hosten-pack.jpg","type":"image\/jpeg"}],"twitter_card":"summary_large_image","twitter_misc":{"Est. reading time":"1 minute"},"schema":{"@context":"https:\/\/schema.org","@graph":[{"@type":"WebPage","@id":"https:\/\/www.ivinio.com\/en\/product\/special-bordeaux-exclusive-mixed-wine-case-chateau-kirwan-chateau-fourcas-hosten\/","url":"https:\/\/www.ivinio.com\/en\/product\/special-bordeaux-exclusive-mixed-wine-case-chateau-kirwan-chateau-fourcas-hosten\/","name":"Buy e - IVINIO Wine Shop xclusive mixed case Bordeaux wines","isPartOf":{"@id":"https:\/\/www.ivinio.com\/en\/#website"},"primaryImageOfPage":{"@id":"https:\/\/www.ivinio.com\/en\/product\/special-bordeaux-exclusive-mixed-wine-case-chateau-kirwan-chateau-fourcas-hosten\/#primaryimage"},"image":{"@id":"https:\/\/www.ivinio.com\/en\/product\/special-bordeaux-exclusive-mixed-wine-case-chateau-kirwan-chateau-fourcas-hosten\/#primaryimage"},"thumbnailUrl":"https:\/\/www.ivinio.com\/wp-content\/uploads\/nc\/public\/modules\/file\/pictures\/5536.Kirwan-fourcas-hosten-pack.jpg","datePublished":"2015-03-10T16:11:06+00:00","dateModified":"2023-01-06T13:21:35+00:00","description":"Buy exclusive mixed case Bordeaux wines. Great opportunity to by a mixed case of premium wines from Margaux and Listrac-M\u00e9doc !","breadcrumb":{"@id":"https:\/\/www.ivinio.com\/en\/product\/special-bordeaux-exclusive-mixed-wine-case-chateau-kirwan-chateau-fourcas-hosten\/#breadcrumb"},"inLanguage":"en-US","potentialAction":[{"@type":"ReadAction","target":["https:\/\/www.ivinio.com\/en\/product\/special-bordeaux-exclusive-mixed-wine-case-chateau-kirwan-chateau-fourcas-hosten\/"]}]},{"@type":"ImageObject","inLanguage":"en-US","@id":"https:\/\/www.ivinio.com\/en\/product\/special-bordeaux-exclusive-mixed-wine-case-chateau-kirwan-chateau-fourcas-hosten\/#primaryimage","url":"https:\/\/www.ivinio.com\/wp-content\/uploads\/nc\/public\/modules\/file\/pictures\/5536.Kirwan-fourcas-hosten-pack.jpg","contentUrl":"https:\/\/www.ivinio.com\/wp-content\/uploads\/nc\/public\/modules\/file\/pictures\/5536.Kirwan-fourcas-hosten-pack.jpg","width":500,"height":500},{"@type":"BreadcrumbList","@id":"https:\/\/www.ivinio.com\/en\/product\/special-bordeaux-exclusive-mixed-wine-case-chateau-kirwan-chateau-fourcas-hosten\/#breadcrumb","itemListElement":[{"@type":"ListItem","position":1,"name":"Home","item":"https:\/\/www.ivinio.com\/en\/"},{"@type":"ListItem","position":2,"name":"Wine-shop","item":"https:\/\/www.ivinio.com\/en\/wine-shop\/"},{"@type":"ListItem","position":3,"name":"Special Bordeaux &#8211; Exclusive mixed wine case Ch\u00e2teau Kirwan &#038; Ch\u00e2teau Fourcas hosten"}]},{"@type":"WebSite","@id":"https:\/\/www.ivinio.com\/en\/#website","url":"https:\/\/www.ivinio.com\/en\/","name":"IVINIO Wine Shop","description":"French and Italian wines with delivery to your door","publisher":{"@id":"https:\/\/www.ivinio.com\/en\/#organization"},"potentialAction":[{"@type":"SearchAction","target":{"@type":"EntryPoint","urlTemplate":"https:\/\/www.ivinio.com\/en\/?s={search_term_string}"},"query-input":{"@type":"PropertyValueSpecification","valueRequired":true,"valueName":"search_term_string"}}],"inLanguage":"en-US"},{"@type":"Organization","@id":"https:\/\/www.ivinio.com\/en\/#organization","name":"IVINIO","url":"https:\/\/www.ivinio.com\/en\/","logo":{"@type":"ImageObject","inLanguage":"en-US","@id":"https:\/\/www.ivinio.com\/en\/#\/schema\/logo\/image\/","url":"https:\/\/www.ivinio.com\/wp-content\/uploads\/2021\/01\/Logo-Ivinio-v2.jpg","contentUrl":"https:\/\/www.ivinio.com\/wp-content\/uploads\/2021\/01\/Logo-Ivinio-v2.jpg","width":1194,"height":1194,"caption":"IVINIO"},"image":{"@id":"https:\/\/www.ivinio.com\/en\/#\/schema\/logo\/image\/"},"sameAs":["https:\/\/www.facebook.com\/groups\/165217837022391\/?ref=bookmarks","https:\/\/www.instagram.com\/_ivinio_\/?hl=fr"]}]}},"jetpack_sharing_enabled":true,"_links":{"self":[{"href":"https:\/\/www.ivinio.com\/en\/wp-json\/wp\/v2\/product\/119321","targetHints":{"allow":["GET"]}}],"collection":[{"href":"https:\/\/www.ivinio.com\/en\/wp-json\/wp\/v2\/product"}],"about":[{"href":"https:\/\/www.ivinio.com\/en\/wp-json\/wp\/v2\/types\/product"}],"replies":[{"embeddable":true,"href":"https:\/\/www.ivinio.com\/en\/wp-json\/wp\/v2\/comments?post=119321"}],"wp:featuredmedia":[{"embeddable":true,"href":"https:\/\/www.ivinio.com\/en\/wp-json\/wp\/v2\/media\/119323"}],"wp:attachment":[{"href":"https:\/\/www.ivinio.com\/en\/wp-json\/wp\/v2\/media?parent=119321"}],"wp:term":[{"taxonomy":"product_brand","embeddable":true,"href":"https:\/\/www.ivinio.com\/en\/wp-json\/wp\/v2\/product_brand?post=119321"},{"taxonomy":"product_cat","embeddable":true,"href":"https:\/\/www.ivinio.com\/en\/wp-json\/wp\/v2\/product_cat?post=119321"},{"taxonomy":"product_tag","embeddable":true,"href":"https:\/\/www.ivinio.com\/en\/wp-json\/wp\/v2\/product_tag?post=119321"}],"curies":[{"name":"wp","href":"https:\/\/api.w.org\/{rel}","templated":true}]}}