{"id":119189,"date":"2014-05-21T10:20:31","date_gmt":"2014-05-21T10:20:31","guid":{"rendered":"https:\/\/henrik.www.ivinio.com\/?product=domaine-boudau-cotes-du-roussillon-padri-red"},"modified":"2022-11-04T23:00:10","modified_gmt":"2022-11-04T22:00:10","slug":"domaine-boudau-cotes-du-roussillon-padri-red","status":"publish","type":"product","link":"https:\/\/www.ivinio.com\/en\/product\/domaine-boudau-cotes-du-roussillon-padri-red\/","title":{"rendered":"Domaine Boudau &#8211; C\u00f4tes du Roussillon &#8220;Padri&#8221; &#8211; Red"},"content":{"rendered":"<p>&#8220;Padri&#8221; C\u00f4tes-du-Roussillon-Villages from Domaine Boudau is made from 70% Mourv\u00e8dre-, 20% Syrah- and 10% Grenache grapes. The grapes are harvested by hand and fermented for 24 days with regular stirring (pigeage). The finished wine is stored for one year on French oak barrels. Often awarded as one of the best Roussillon wines.<\/p>\n","protected":false},"excerpt":{"rendered":"<p>&#8220;Padri&#8221; C\u00f4tes-du-Roussillon-Villages from Domaine Boudau is made from 70% Mourv\u00e8dre-, 20% Syrah- and 10% Grenache. Regularly awarded as one of the best red Roussillon wines.<\/p>\n<p>&nbsp;<\/p>\n","protected":false},"featured_media":119191,"comment_status":"open","ping_status":"closed","template":"","meta":{"_monsterinsights_skip_tracking":false,"_monsterinsights_sitenote_active":false,"_monsterinsights_sitenote_note":"","_monsterinsights_sitenote_category":0,"_uf_show_specific_survey":0,"_uf_disable_surveys":false},"product_brand":[],"product_cat":[36587,36650],"product_tag":[],"class_list":{"0":"post-119189","1":"product","2":"type-product","3":"status-publish","4":"has-post-thumbnail","6":"product_cat-french-wines","7":"product_cat-en-roussillon","8":"pa_alcohol-degree-13-5-en","9":"pa_awards-decanter-en","10":"pa_awards-guide-hachette-en","11":"pa_classification-aop-cotes-du-roussillon-villages-en","12":"pa_color-red","13":"pa_country-france-en","14":"pa_grape-variety-grenache-en","15":"pa_grape-variety-mourvedre","16":"pa_region-roussillon","17":"pa_storage-potential-9-years","18":"pa_vintage-2018-en","19":"pa_volume-75-cl-en","21":"first","22":"instock","23":"taxable","24":"shipping-taxable","25":"purchasable","26":"product-type-simple"},"bundled_by":[],"bundle_stock_status":"instock","bundle_stock_quantity":null,"bundle_virtual":false,"bundle_layout":"","bundle_add_to_cart_form_location":"","bundle_editable_in_cart":false,"bundle_sold_individually_context":"","bundle_item_grouping":"","bundle_min_size":"","bundle_max_size":"","bundle_price":[],"bundled_items":[],"bundle_sell_ids":[],"yoast_head":"<!-- This site is optimized with the Yoast SEO plugin v27.4 - https:\/\/yoast.com\/product\/yoast-seo-wordpress\/ -->\n<title>Buy Domaine Boudau - C\u00f4tes du Roussillon &quot;Padri&quot; - IVINIO Wine Shop<\/title>\n<meta name=\"description\" content=\"Buy Domaine Boudau - C\u00f4tes du Roussillon &quot;Padri&quot;. 70% Mourv\u00e8dre-, 20% Syrah- and 10% Grenache. Regularly awarded as one of the best red Roussillon wines.\" \/>\n<meta name=\"robots\" content=\"index, follow, max-snippet:-1, max-image-preview:large, max-video-preview:-1\" \/>\n<link rel=\"canonical\" href=\"https:\/\/www.ivinio.com\/en\/product\/domaine-boudau-cotes-du-roussillon-padri-red\/\" \/>\n<meta property=\"og:locale\" content=\"en_US\" \/>\n<meta property=\"og:type\" content=\"article\" \/>\n<meta property=\"og:title\" content=\"Buy Domaine Boudau - C\u00f4tes du Roussillon &quot;Padri&quot; - IVINIO Wine Shop\" \/>\n<meta property=\"og:description\" content=\"Buy Domaine Boudau - C\u00f4tes du Roussillon &quot;Padri&quot;. 70% Mourv\u00e8dre-, 20% Syrah- and 10% Grenache. Regularly awarded as one of the best red Roussillon wines.\" \/>\n<meta property=\"og:url\" content=\"https:\/\/www.ivinio.com\/en\/product\/domaine-boudau-cotes-du-roussillon-padri-red\/\" \/>\n<meta property=\"og:site_name\" content=\"IVINIO Wine Shop\" \/>\n<meta property=\"article:publisher\" content=\"https:\/\/www.facebook.com\/groups\/165217837022391\/?ref=bookmarks\" \/>\n<meta property=\"article:modified_time\" content=\"2022-11-04T22:00:10+00:00\" \/>\n<meta property=\"og:image\" content=\"https:\/\/www.ivinio.com\/wp-content\/uploads\/nc\/public\/modules\/file\/pictures\/5428.boudau-padri-cotes-du-rouss.jpg\" \/>\n\t<meta property=\"og:image:width\" content=\"500\" \/>\n\t<meta property=\"og:image:height\" content=\"500\" \/>\n\t<meta property=\"og:image:type\" content=\"image\/jpeg\" \/>\n<meta name=\"twitter:card\" content=\"summary_large_image\" \/>\n<meta name=\"twitter:label1\" content=\"Est. reading time\" \/>\n\t<meta name=\"twitter:data1\" content=\"1 minute\" \/>\n<script type=\"application\/ld+json\" class=\"yoast-schema-graph\">{\"@context\":\"https:\\\/\\\/schema.org\",\"@graph\":[{\"@type\":\"WebPage\",\"@id\":\"https:\\\/\\\/www.ivinio.com\\\/en\\\/product\\\/domaine-boudau-cotes-du-roussillon-padri-red\\\/\",\"url\":\"https:\\\/\\\/www.ivinio.com\\\/en\\\/product\\\/domaine-boudau-cotes-du-roussillon-padri-red\\\/\",\"name\":\"Buy Domaine Boudau - C\u00f4tes du Roussillon \\\"Padri\\\" - IVINIO Wine Shop\",\"isPartOf\":{\"@id\":\"https:\\\/\\\/www.ivinio.com\\\/en\\\/#website\"},\"primaryImageOfPage\":{\"@id\":\"https:\\\/\\\/www.ivinio.com\\\/en\\\/product\\\/domaine-boudau-cotes-du-roussillon-padri-red\\\/#primaryimage\"},\"image\":{\"@id\":\"https:\\\/\\\/www.ivinio.com\\\/en\\\/product\\\/domaine-boudau-cotes-du-roussillon-padri-red\\\/#primaryimage\"},\"thumbnailUrl\":\"https:\\\/\\\/www.ivinio.com\\\/wp-content\\\/uploads\\\/nc\\\/public\\\/modules\\\/file\\\/pictures\\\/5428.boudau-padri-cotes-du-rouss.jpg\",\"datePublished\":\"2014-05-21T10:20:31+00:00\",\"dateModified\":\"2022-11-04T22:00:10+00:00\",\"description\":\"Buy Domaine Boudau - C\u00f4tes du Roussillon \\\"Padri\\\". 70% Mourv\u00e8dre-, 20% Syrah- and 10% Grenache. Regularly awarded as one of the best red Roussillon wines.\",\"breadcrumb\":{\"@id\":\"https:\\\/\\\/www.ivinio.com\\\/en\\\/product\\\/domaine-boudau-cotes-du-roussillon-padri-red\\\/#breadcrumb\"},\"inLanguage\":\"en-US\",\"potentialAction\":[{\"@type\":\"ReadAction\",\"target\":[\"https:\\\/\\\/www.ivinio.com\\\/en\\\/product\\\/domaine-boudau-cotes-du-roussillon-padri-red\\\/\"]}]},{\"@type\":\"ImageObject\",\"inLanguage\":\"en-US\",\"@id\":\"https:\\\/\\\/www.ivinio.com\\\/en\\\/product\\\/domaine-boudau-cotes-du-roussillon-padri-red\\\/#primaryimage\",\"url\":\"https:\\\/\\\/www.ivinio.com\\\/wp-content\\\/uploads\\\/nc\\\/public\\\/modules\\\/file\\\/pictures\\\/5428.boudau-padri-cotes-du-rouss.jpg\",\"contentUrl\":\"https:\\\/\\\/www.ivinio.com\\\/wp-content\\\/uploads\\\/nc\\\/public\\\/modules\\\/file\\\/pictures\\\/5428.boudau-padri-cotes-du-rouss.jpg\",\"width\":500,\"height\":500,\"caption\":\"Domaine Boudau - C\u00f4tes du Roussillon \\\"Padri\\\"\"},{\"@type\":\"BreadcrumbList\",\"@id\":\"https:\\\/\\\/www.ivinio.com\\\/en\\\/product\\\/domaine-boudau-cotes-du-roussillon-padri-red\\\/#breadcrumb\",\"itemListElement\":[{\"@type\":\"ListItem\",\"position\":1,\"name\":\"Home\",\"item\":\"https:\\\/\\\/www.ivinio.com\\\/en\\\/\"},{\"@type\":\"ListItem\",\"position\":2,\"name\":\"Wine-shop\",\"item\":\"https:\\\/\\\/www.ivinio.com\\\/en\\\/wine-shop\\\/\"},{\"@type\":\"ListItem\",\"position\":3,\"name\":\"Domaine Boudau &#8211; C\u00f4tes du Roussillon &#8220;Padri&#8221; &#8211; Red\"}]},{\"@type\":\"WebSite\",\"@id\":\"https:\\\/\\\/www.ivinio.com\\\/en\\\/#website\",\"url\":\"https:\\\/\\\/www.ivinio.com\\\/en\\\/\",\"name\":\"IVINIO Wine Shop\",\"description\":\"French and Italian wines with delivery to your door\",\"publisher\":{\"@id\":\"https:\\\/\\\/www.ivinio.com\\\/en\\\/#organization\"},\"potentialAction\":[{\"@type\":\"SearchAction\",\"target\":{\"@type\":\"EntryPoint\",\"urlTemplate\":\"https:\\\/\\\/www.ivinio.com\\\/en\\\/?s={search_term_string}\"},\"query-input\":{\"@type\":\"PropertyValueSpecification\",\"valueRequired\":true,\"valueName\":\"search_term_string\"}}],\"inLanguage\":\"en-US\"},{\"@type\":\"Organization\",\"@id\":\"https:\\\/\\\/www.ivinio.com\\\/en\\\/#organization\",\"name\":\"IVINIO\",\"url\":\"https:\\\/\\\/www.ivinio.com\\\/en\\\/\",\"logo\":{\"@type\":\"ImageObject\",\"inLanguage\":\"en-US\",\"@id\":\"https:\\\/\\\/www.ivinio.com\\\/en\\\/#\\\/schema\\\/logo\\\/image\\\/\",\"url\":\"https:\\\/\\\/www.ivinio.com\\\/wp-content\\\/uploads\\\/2021\\\/01\\\/Logo-Ivinio-v2.jpg\",\"contentUrl\":\"https:\\\/\\\/www.ivinio.com\\\/wp-content\\\/uploads\\\/2021\\\/01\\\/Logo-Ivinio-v2.jpg\",\"width\":1194,\"height\":1194,\"caption\":\"IVINIO\"},\"image\":{\"@id\":\"https:\\\/\\\/www.ivinio.com\\\/en\\\/#\\\/schema\\\/logo\\\/image\\\/\"},\"sameAs\":[\"https:\\\/\\\/www.facebook.com\\\/groups\\\/165217837022391\\\/?ref=bookmarks\",\"https:\\\/\\\/www.instagram.com\\\/_ivinio_\\\/?hl=fr\"]}]}<\/script>\n<!-- \/ Yoast SEO plugin. -->","yoast_head_json":{"title":"Buy Domaine Boudau - C\u00f4tes du Roussillon \"Padri\" - IVINIO Wine Shop","description":"Buy Domaine Boudau - C\u00f4tes du Roussillon \"Padri\". 70% Mourv\u00e8dre-, 20% Syrah- and 10% Grenache. Regularly awarded as one of the best red Roussillon wines.","robots":{"index":"index","follow":"follow","max-snippet":"max-snippet:-1","max-image-preview":"max-image-preview:large","max-video-preview":"max-video-preview:-1"},"canonical":"https:\/\/www.ivinio.com\/en\/product\/domaine-boudau-cotes-du-roussillon-padri-red\/","og_locale":"en_US","og_type":"article","og_title":"Buy Domaine Boudau - C\u00f4tes du Roussillon \"Padri\" - IVINIO Wine Shop","og_description":"Buy Domaine Boudau - C\u00f4tes du Roussillon \"Padri\". 70% Mourv\u00e8dre-, 20% Syrah- and 10% Grenache. Regularly awarded as one of the best red Roussillon wines.","og_url":"https:\/\/www.ivinio.com\/en\/product\/domaine-boudau-cotes-du-roussillon-padri-red\/","og_site_name":"IVINIO Wine Shop","article_publisher":"https:\/\/www.facebook.com\/groups\/165217837022391\/?ref=bookmarks","article_modified_time":"2022-11-04T22:00:10+00:00","og_image":[{"width":500,"height":500,"url":"https:\/\/www.ivinio.com\/wp-content\/uploads\/nc\/public\/modules\/file\/pictures\/5428.boudau-padri-cotes-du-rouss.jpg","type":"image\/jpeg"}],"twitter_card":"summary_large_image","twitter_misc":{"Est. reading time":"1 minute"},"schema":{"@context":"https:\/\/schema.org","@graph":[{"@type":"WebPage","@id":"https:\/\/www.ivinio.com\/en\/product\/domaine-boudau-cotes-du-roussillon-padri-red\/","url":"https:\/\/www.ivinio.com\/en\/product\/domaine-boudau-cotes-du-roussillon-padri-red\/","name":"Buy Domaine Boudau - C\u00f4tes du Roussillon \"Padri\" - IVINIO Wine Shop","isPartOf":{"@id":"https:\/\/www.ivinio.com\/en\/#website"},"primaryImageOfPage":{"@id":"https:\/\/www.ivinio.com\/en\/product\/domaine-boudau-cotes-du-roussillon-padri-red\/#primaryimage"},"image":{"@id":"https:\/\/www.ivinio.com\/en\/product\/domaine-boudau-cotes-du-roussillon-padri-red\/#primaryimage"},"thumbnailUrl":"https:\/\/www.ivinio.com\/wp-content\/uploads\/nc\/public\/modules\/file\/pictures\/5428.boudau-padri-cotes-du-rouss.jpg","datePublished":"2014-05-21T10:20:31+00:00","dateModified":"2022-11-04T22:00:10+00:00","description":"Buy Domaine Boudau - C\u00f4tes du Roussillon \"Padri\". 70% Mourv\u00e8dre-, 20% Syrah- and 10% Grenache. Regularly awarded as one of the best red Roussillon wines.","breadcrumb":{"@id":"https:\/\/www.ivinio.com\/en\/product\/domaine-boudau-cotes-du-roussillon-padri-red\/#breadcrumb"},"inLanguage":"en-US","potentialAction":[{"@type":"ReadAction","target":["https:\/\/www.ivinio.com\/en\/product\/domaine-boudau-cotes-du-roussillon-padri-red\/"]}]},{"@type":"ImageObject","inLanguage":"en-US","@id":"https:\/\/www.ivinio.com\/en\/product\/domaine-boudau-cotes-du-roussillon-padri-red\/#primaryimage","url":"https:\/\/www.ivinio.com\/wp-content\/uploads\/nc\/public\/modules\/file\/pictures\/5428.boudau-padri-cotes-du-rouss.jpg","contentUrl":"https:\/\/www.ivinio.com\/wp-content\/uploads\/nc\/public\/modules\/file\/pictures\/5428.boudau-padri-cotes-du-rouss.jpg","width":500,"height":500,"caption":"Domaine Boudau - C\u00f4tes du Roussillon \"Padri\""},{"@type":"BreadcrumbList","@id":"https:\/\/www.ivinio.com\/en\/product\/domaine-boudau-cotes-du-roussillon-padri-red\/#breadcrumb","itemListElement":[{"@type":"ListItem","position":1,"name":"Home","item":"https:\/\/www.ivinio.com\/en\/"},{"@type":"ListItem","position":2,"name":"Wine-shop","item":"https:\/\/www.ivinio.com\/en\/wine-shop\/"},{"@type":"ListItem","position":3,"name":"Domaine Boudau &#8211; C\u00f4tes du Roussillon &#8220;Padri&#8221; &#8211; Red"}]},{"@type":"WebSite","@id":"https:\/\/www.ivinio.com\/en\/#website","url":"https:\/\/www.ivinio.com\/en\/","name":"IVINIO Wine Shop","description":"French and Italian wines with delivery to your door","publisher":{"@id":"https:\/\/www.ivinio.com\/en\/#organization"},"potentialAction":[{"@type":"SearchAction","target":{"@type":"EntryPoint","urlTemplate":"https:\/\/www.ivinio.com\/en\/?s={search_term_string}"},"query-input":{"@type":"PropertyValueSpecification","valueRequired":true,"valueName":"search_term_string"}}],"inLanguage":"en-US"},{"@type":"Organization","@id":"https:\/\/www.ivinio.com\/en\/#organization","name":"IVINIO","url":"https:\/\/www.ivinio.com\/en\/","logo":{"@type":"ImageObject","inLanguage":"en-US","@id":"https:\/\/www.ivinio.com\/en\/#\/schema\/logo\/image\/","url":"https:\/\/www.ivinio.com\/wp-content\/uploads\/2021\/01\/Logo-Ivinio-v2.jpg","contentUrl":"https:\/\/www.ivinio.com\/wp-content\/uploads\/2021\/01\/Logo-Ivinio-v2.jpg","width":1194,"height":1194,"caption":"IVINIO"},"image":{"@id":"https:\/\/www.ivinio.com\/en\/#\/schema\/logo\/image\/"},"sameAs":["https:\/\/www.facebook.com\/groups\/165217837022391\/?ref=bookmarks","https:\/\/www.instagram.com\/_ivinio_\/?hl=fr"]}]}},"jetpack_sharing_enabled":true,"_links":{"self":[{"href":"https:\/\/www.ivinio.com\/en\/wp-json\/wp\/v2\/product\/119189","targetHints":{"allow":["GET"]}}],"collection":[{"href":"https:\/\/www.ivinio.com\/en\/wp-json\/wp\/v2\/product"}],"about":[{"href":"https:\/\/www.ivinio.com\/en\/wp-json\/wp\/v2\/types\/product"}],"replies":[{"embeddable":true,"href":"https:\/\/www.ivinio.com\/en\/wp-json\/wp\/v2\/comments?post=119189"}],"wp:featuredmedia":[{"embeddable":true,"href":"https:\/\/www.ivinio.com\/en\/wp-json\/wp\/v2\/media\/119191"}],"wp:attachment":[{"href":"https:\/\/www.ivinio.com\/en\/wp-json\/wp\/v2\/media?parent=119189"}],"wp:term":[{"taxonomy":"product_brand","embeddable":true,"href":"https:\/\/www.ivinio.com\/en\/wp-json\/wp\/v2\/product_brand?post=119189"},{"taxonomy":"product_cat","embeddable":true,"href":"https:\/\/www.ivinio.com\/en\/wp-json\/wp\/v2\/product_cat?post=119189"},{"taxonomy":"product_tag","embeddable":true,"href":"https:\/\/www.ivinio.com\/en\/wp-json\/wp\/v2\/product_tag?post=119189"}],"curies":[{"name":"wp","href":"https:\/\/api.w.org\/{rel}","templated":true}]}}