{"id":118902,"date":"2014-11-24T13:17:58","date_gmt":"2014-11-24T13:17:58","guid":{"rendered":"https:\/\/henrik.www.ivinio.com\/?product=moet-chandon-brut-imperial-giftbox"},"modified":"2024-12-20T19:48:39","modified_gmt":"2024-12-20T18:48:39","slug":"moet-chandon-brut-imperial","status":"publish","type":"product","link":"https:\/\/www.ivinio.com\/en\/product\/moet-chandon-brut-imperial\/","title":{"rendered":"Mo\u00ebt &#038; Chandon Brut Imp\u00e9rial"},"content":{"rendered":"<p>Brut Imp\u00e9rial from Mo\u00ebt &amp; Chandon is produced from wine from more than 200 different vineyards. The wine is made from 30-40% Pinot Noir, 30-40% Pinot Meunier\u00a0 and 20-30% Chardonnay grapes. 20-30% of the finalized wine consists of &#8220;Vin de R\u00e9serve&#8221; or wines from previous vintages.<\/p>\n","protected":false},"excerpt":{"rendered":"<p>The classic Mo\u00ebt &amp; Chandon Brut Imp\u00e9rial !<\/p>\n","protected":false},"featured_media":136363,"comment_status":"open","ping_status":"closed","template":"","meta":{"_monsterinsights_skip_tracking":false,"_monsterinsights_sitenote_active":false,"_monsterinsights_sitenote_note":"","_monsterinsights_sitenote_category":0,"_uf_show_specific_survey":0,"_uf_disable_surveys":false},"product_brand":[],"product_cat":[36614,36587],"product_tag":[],"class_list":{"0":"post-118902","1":"product","2":"type-product","3":"status-publish","4":"has-post-thumbnail","6":"product_cat-en-champagne","7":"product_cat-french-wines","8":"pa_alcohol-degree-12-en","9":"pa_awards-bettanedesseauve-en","10":"pa_awards-la-revue-du-vins-de-france-en","11":"pa_classification-aop-champagne-en","12":"pa_color-sparkling-en","13":"pa_country-france-en","14":"pa_grape-variety-chardonnay-en","15":"pa_grape-variety-pinot-meunier-en","16":"pa_grape-variety-pinot-noir","17":"pa_package-1x1-en","18":"pa_package-1x6-en","19":"pa_region-champagne","20":"pa_storage-potential-3-years-en","21":"pa_volume-75-cl-en","23":"first","24":"instock","25":"taxable","26":"shipping-taxable","27":"purchasable","28":"product-type-variable"},"bundled_by":[],"bundle_stock_status":"instock","bundle_stock_quantity":null,"bundle_virtual":false,"bundle_layout":"","bundle_add_to_cart_form_location":"","bundle_editable_in_cart":false,"bundle_sold_individually_context":"","bundle_item_grouping":"","bundle_min_size":"","bundle_max_size":"","bundle_price":[],"bundled_items":[],"bundle_sell_ids":[],"yoast_head":"<!-- This site is optimized with the Yoast SEO plugin v27.5 - https:\/\/yoast.com\/product\/yoast-seo-wordpress\/ -->\n<title>Buy Mo\u00ebt &amp; Chandon Imp\u00e9rial - Brut - IVINIO Wine Shop<\/title>\n<meta name=\"description\" content=\"Buy Mo\u00ebt &amp; Chandon Imp\u00e9rial. An exclusive champagne to buy at www.Ivinio.com with delivery direct to your door\" \/>\n<meta name=\"robots\" content=\"index, follow, max-snippet:-1, max-image-preview:large, max-video-preview:-1\" \/>\n<link rel=\"canonical\" href=\"https:\/\/www.ivinio.com\/en\/product\/moet-chandon-brut-imperial\/\" \/>\n<meta property=\"og:locale\" content=\"en_US\" \/>\n<meta property=\"og:type\" content=\"article\" \/>\n<meta property=\"og:title\" content=\"Buy Mo\u00ebt &amp; Chandon Imp\u00e9rial - Brut - IVINIO Wine Shop\" \/>\n<meta property=\"og:description\" content=\"Buy Mo\u00ebt &amp; Chandon Imp\u00e9rial. An exclusive champagne to buy at www.Ivinio.com with delivery direct to your door\" \/>\n<meta property=\"og:url\" content=\"https:\/\/www.ivinio.com\/en\/product\/moet-chandon-brut-imperial\/\" \/>\n<meta property=\"og:site_name\" content=\"IVINIO Wine Shop\" \/>\n<meta property=\"article:publisher\" content=\"https:\/\/www.facebook.com\/groups\/165217837022391\/?ref=bookmarks\" \/>\n<meta property=\"article:modified_time\" content=\"2024-12-20T18:48:39+00:00\" \/>\n<meta property=\"og:image\" content=\"https:\/\/www.ivinio.com\/wp-content\/uploads\/2014\/11\/Moetchandon-brut-imperial.jpg\" \/>\n\t<meta property=\"og:image:width\" content=\"500\" \/>\n\t<meta property=\"og:image:height\" content=\"500\" \/>\n\t<meta property=\"og:image:type\" content=\"image\/jpeg\" \/>\n<meta name=\"twitter:card\" content=\"summary_large_image\" \/>\n<meta name=\"twitter:label1\" content=\"Est. reading time\" \/>\n\t<meta name=\"twitter:data1\" content=\"1 minute\" \/>\n<script type=\"application\/ld+json\" class=\"yoast-schema-graph\">{\"@context\":\"https:\\\/\\\/schema.org\",\"@graph\":[{\"@type\":\"WebPage\",\"@id\":\"https:\\\/\\\/www.ivinio.com\\\/en\\\/product\\\/moet-chandon-brut-imperial\\\/\",\"url\":\"https:\\\/\\\/www.ivinio.com\\\/en\\\/product\\\/moet-chandon-brut-imperial\\\/\",\"name\":\"Buy Mo\u00ebt & Chandon Imp\u00e9rial - Brut - IVINIO Wine Shop\",\"isPartOf\":{\"@id\":\"https:\\\/\\\/www.ivinio.com\\\/en\\\/#website\"},\"primaryImageOfPage\":{\"@id\":\"https:\\\/\\\/www.ivinio.com\\\/en\\\/product\\\/moet-chandon-brut-imperial\\\/#primaryimage\"},\"image\":{\"@id\":\"https:\\\/\\\/www.ivinio.com\\\/en\\\/product\\\/moet-chandon-brut-imperial\\\/#primaryimage\"},\"thumbnailUrl\":\"https:\\\/\\\/www.ivinio.com\\\/wp-content\\\/uploads\\\/2014\\\/11\\\/Moetchandon-brut-imperial.jpg\",\"datePublished\":\"2014-11-24T13:17:58+00:00\",\"dateModified\":\"2024-12-20T18:48:39+00:00\",\"description\":\"Buy Mo\u00ebt & Chandon Imp\u00e9rial. An exclusive champagne to buy at www.Ivinio.com with delivery direct to your door\",\"breadcrumb\":{\"@id\":\"https:\\\/\\\/www.ivinio.com\\\/en\\\/product\\\/moet-chandon-brut-imperial\\\/#breadcrumb\"},\"inLanguage\":\"en-US\",\"potentialAction\":[{\"@type\":\"ReadAction\",\"target\":[\"https:\\\/\\\/www.ivinio.com\\\/en\\\/product\\\/moet-chandon-brut-imperial\\\/\"]}]},{\"@type\":\"ImageObject\",\"inLanguage\":\"en-US\",\"@id\":\"https:\\\/\\\/www.ivinio.com\\\/en\\\/product\\\/moet-chandon-brut-imperial\\\/#primaryimage\",\"url\":\"https:\\\/\\\/www.ivinio.com\\\/wp-content\\\/uploads\\\/2014\\\/11\\\/Moetchandon-brut-imperial.jpg\",\"contentUrl\":\"https:\\\/\\\/www.ivinio.com\\\/wp-content\\\/uploads\\\/2014\\\/11\\\/Moetchandon-brut-imperial.jpg\",\"width\":500,\"height\":500},{\"@type\":\"BreadcrumbList\",\"@id\":\"https:\\\/\\\/www.ivinio.com\\\/en\\\/product\\\/moet-chandon-brut-imperial\\\/#breadcrumb\",\"itemListElement\":[{\"@type\":\"ListItem\",\"position\":1,\"name\":\"Home\",\"item\":\"https:\\\/\\\/www.ivinio.com\\\/en\\\/\"},{\"@type\":\"ListItem\",\"position\":2,\"name\":\"Wine-shop\",\"item\":\"https:\\\/\\\/www.ivinio.com\\\/en\\\/wine-shop\\\/\"},{\"@type\":\"ListItem\",\"position\":3,\"name\":\"Mo\u00ebt &#038; Chandon Brut Imp\u00e9rial\"}]},{\"@type\":\"WebSite\",\"@id\":\"https:\\\/\\\/www.ivinio.com\\\/en\\\/#website\",\"url\":\"https:\\\/\\\/www.ivinio.com\\\/en\\\/\",\"name\":\"IVINIO Wine Shop\",\"description\":\"French and Italian wines with delivery to your door\",\"publisher\":{\"@id\":\"https:\\\/\\\/www.ivinio.com\\\/en\\\/#organization\"},\"potentialAction\":[{\"@type\":\"SearchAction\",\"target\":{\"@type\":\"EntryPoint\",\"urlTemplate\":\"https:\\\/\\\/www.ivinio.com\\\/en\\\/?s={search_term_string}\"},\"query-input\":{\"@type\":\"PropertyValueSpecification\",\"valueRequired\":true,\"valueName\":\"search_term_string\"}}],\"inLanguage\":\"en-US\"},{\"@type\":\"Organization\",\"@id\":\"https:\\\/\\\/www.ivinio.com\\\/en\\\/#organization\",\"name\":\"IVINIO\",\"url\":\"https:\\\/\\\/www.ivinio.com\\\/en\\\/\",\"logo\":{\"@type\":\"ImageObject\",\"inLanguage\":\"en-US\",\"@id\":\"https:\\\/\\\/www.ivinio.com\\\/en\\\/#\\\/schema\\\/logo\\\/image\\\/\",\"url\":\"https:\\\/\\\/www.ivinio.com\\\/wp-content\\\/uploads\\\/2021\\\/01\\\/Logo-Ivinio-v2.jpg\",\"contentUrl\":\"https:\\\/\\\/www.ivinio.com\\\/wp-content\\\/uploads\\\/2021\\\/01\\\/Logo-Ivinio-v2.jpg\",\"width\":1194,\"height\":1194,\"caption\":\"IVINIO\"},\"image\":{\"@id\":\"https:\\\/\\\/www.ivinio.com\\\/en\\\/#\\\/schema\\\/logo\\\/image\\\/\"},\"sameAs\":[\"https:\\\/\\\/www.facebook.com\\\/groups\\\/165217837022391\\\/?ref=bookmarks\",\"https:\\\/\\\/www.instagram.com\\\/_ivinio_\\\/?hl=fr\"]}]}<\/script>\n<!-- \/ Yoast SEO plugin. -->","yoast_head_json":{"title":"Buy Mo\u00ebt & Chandon Imp\u00e9rial - Brut - IVINIO Wine Shop","description":"Buy Mo\u00ebt & Chandon Imp\u00e9rial. An exclusive champagne to buy at www.Ivinio.com with delivery direct to your door","robots":{"index":"index","follow":"follow","max-snippet":"max-snippet:-1","max-image-preview":"max-image-preview:large","max-video-preview":"max-video-preview:-1"},"canonical":"https:\/\/www.ivinio.com\/en\/product\/moet-chandon-brut-imperial\/","og_locale":"en_US","og_type":"article","og_title":"Buy Mo\u00ebt & Chandon Imp\u00e9rial - Brut - IVINIO Wine Shop","og_description":"Buy Mo\u00ebt & Chandon Imp\u00e9rial. An exclusive champagne to buy at www.Ivinio.com with delivery direct to your door","og_url":"https:\/\/www.ivinio.com\/en\/product\/moet-chandon-brut-imperial\/","og_site_name":"IVINIO Wine Shop","article_publisher":"https:\/\/www.facebook.com\/groups\/165217837022391\/?ref=bookmarks","article_modified_time":"2024-12-20T18:48:39+00:00","og_image":[{"width":500,"height":500,"url":"https:\/\/www.ivinio.com\/wp-content\/uploads\/2014\/11\/Moetchandon-brut-imperial.jpg","type":"image\/jpeg"}],"twitter_card":"summary_large_image","twitter_misc":{"Est. reading time":"1 minute"},"schema":{"@context":"https:\/\/schema.org","@graph":[{"@type":"WebPage","@id":"https:\/\/www.ivinio.com\/en\/product\/moet-chandon-brut-imperial\/","url":"https:\/\/www.ivinio.com\/en\/product\/moet-chandon-brut-imperial\/","name":"Buy Mo\u00ebt & Chandon Imp\u00e9rial - Brut - IVINIO Wine Shop","isPartOf":{"@id":"https:\/\/www.ivinio.com\/en\/#website"},"primaryImageOfPage":{"@id":"https:\/\/www.ivinio.com\/en\/product\/moet-chandon-brut-imperial\/#primaryimage"},"image":{"@id":"https:\/\/www.ivinio.com\/en\/product\/moet-chandon-brut-imperial\/#primaryimage"},"thumbnailUrl":"https:\/\/www.ivinio.com\/wp-content\/uploads\/2014\/11\/Moetchandon-brut-imperial.jpg","datePublished":"2014-11-24T13:17:58+00:00","dateModified":"2024-12-20T18:48:39+00:00","description":"Buy Mo\u00ebt & Chandon Imp\u00e9rial. An exclusive champagne to buy at www.Ivinio.com with delivery direct to your door","breadcrumb":{"@id":"https:\/\/www.ivinio.com\/en\/product\/moet-chandon-brut-imperial\/#breadcrumb"},"inLanguage":"en-US","potentialAction":[{"@type":"ReadAction","target":["https:\/\/www.ivinio.com\/en\/product\/moet-chandon-brut-imperial\/"]}]},{"@type":"ImageObject","inLanguage":"en-US","@id":"https:\/\/www.ivinio.com\/en\/product\/moet-chandon-brut-imperial\/#primaryimage","url":"https:\/\/www.ivinio.com\/wp-content\/uploads\/2014\/11\/Moetchandon-brut-imperial.jpg","contentUrl":"https:\/\/www.ivinio.com\/wp-content\/uploads\/2014\/11\/Moetchandon-brut-imperial.jpg","width":500,"height":500},{"@type":"BreadcrumbList","@id":"https:\/\/www.ivinio.com\/en\/product\/moet-chandon-brut-imperial\/#breadcrumb","itemListElement":[{"@type":"ListItem","position":1,"name":"Home","item":"https:\/\/www.ivinio.com\/en\/"},{"@type":"ListItem","position":2,"name":"Wine-shop","item":"https:\/\/www.ivinio.com\/en\/wine-shop\/"},{"@type":"ListItem","position":3,"name":"Mo\u00ebt &#038; Chandon Brut Imp\u00e9rial"}]},{"@type":"WebSite","@id":"https:\/\/www.ivinio.com\/en\/#website","url":"https:\/\/www.ivinio.com\/en\/","name":"IVINIO Wine Shop","description":"French and Italian wines with delivery to your door","publisher":{"@id":"https:\/\/www.ivinio.com\/en\/#organization"},"potentialAction":[{"@type":"SearchAction","target":{"@type":"EntryPoint","urlTemplate":"https:\/\/www.ivinio.com\/en\/?s={search_term_string}"},"query-input":{"@type":"PropertyValueSpecification","valueRequired":true,"valueName":"search_term_string"}}],"inLanguage":"en-US"},{"@type":"Organization","@id":"https:\/\/www.ivinio.com\/en\/#organization","name":"IVINIO","url":"https:\/\/www.ivinio.com\/en\/","logo":{"@type":"ImageObject","inLanguage":"en-US","@id":"https:\/\/www.ivinio.com\/en\/#\/schema\/logo\/image\/","url":"https:\/\/www.ivinio.com\/wp-content\/uploads\/2021\/01\/Logo-Ivinio-v2.jpg","contentUrl":"https:\/\/www.ivinio.com\/wp-content\/uploads\/2021\/01\/Logo-Ivinio-v2.jpg","width":1194,"height":1194,"caption":"IVINIO"},"image":{"@id":"https:\/\/www.ivinio.com\/en\/#\/schema\/logo\/image\/"},"sameAs":["https:\/\/www.facebook.com\/groups\/165217837022391\/?ref=bookmarks","https:\/\/www.instagram.com\/_ivinio_\/?hl=fr"]}]}},"jetpack_sharing_enabled":true,"_links":{"self":[{"href":"https:\/\/www.ivinio.com\/en\/wp-json\/wp\/v2\/product\/118902","targetHints":{"allow":["GET"]}}],"collection":[{"href":"https:\/\/www.ivinio.com\/en\/wp-json\/wp\/v2\/product"}],"about":[{"href":"https:\/\/www.ivinio.com\/en\/wp-json\/wp\/v2\/types\/product"}],"replies":[{"embeddable":true,"href":"https:\/\/www.ivinio.com\/en\/wp-json\/wp\/v2\/comments?post=118902"}],"wp:featuredmedia":[{"embeddable":true,"href":"https:\/\/www.ivinio.com\/en\/wp-json\/wp\/v2\/media\/136363"}],"wp:attachment":[{"href":"https:\/\/www.ivinio.com\/en\/wp-json\/wp\/v2\/media?parent=118902"}],"wp:term":[{"taxonomy":"product_brand","embeddable":true,"href":"https:\/\/www.ivinio.com\/en\/wp-json\/wp\/v2\/product_brand?post=118902"},{"taxonomy":"product_cat","embeddable":true,"href":"https:\/\/www.ivinio.com\/en\/wp-json\/wp\/v2\/product_cat?post=118902"},{"taxonomy":"product_tag","embeddable":true,"href":"https:\/\/www.ivinio.com\/en\/wp-json\/wp\/v2\/product_tag?post=118902"}],"curies":[{"name":"wp","href":"https:\/\/api.w.org\/{rel}","templated":true}]}}