{"id":118815,"date":"2014-10-28T18:52:39","date_gmt":"2014-10-28T18:52:39","guid":{"rendered":"https:\/\/henrik.www.ivinio.com\/?product=chateau-la-mascaronne-mixed-discovery-case-3x2-bottles"},"modified":"2020-12-09T04:38:50","modified_gmt":"2020-12-09T04:38:50","slug":"chateau-la-mascaronne-mixed-discovery-case-3x2-bottles","status":"publish","type":"product","link":"https:\/\/www.ivinio.com\/en\/product\/chateau-la-mascaronne-mixed-discovery-case-3x2-bottles\/","title":{"rendered":"Chateau La Mascaronne &#8211; Mixed discovery case 3&#215;2 bottles"},"content":{"rendered":"<p>Chateau la Mascaronne is located in Le Luc in Provence, approximately 30km from the Mediterranean coast. The owner, Tom Bove from Indiana in the United States, is also known to be the person who sold his Chateau Miraval to&nbsp;the couple Brad Pitt \/ Angelina Jolie a couple of years ago. Today, with&nbsp;the deliberately limited production and focus on quality, Tome Bove&nbsp;puts all his energy into&nbsp;Chateau la Mascaronne.<\/p>\n","protected":false},"excerpt":{"rendered":"<p>Discover the range &quot;Guy da Nine&quot; of Chateau La Mascaronne through&nbsp;the red, white and ros&eacute; storage wine!<\/p>\n","protected":false},"featured_media":118817,"comment_status":"open","ping_status":"closed","template":"","meta":{"_monsterinsights_skip_tracking":false,"_monsterinsights_sitenote_active":false,"_monsterinsights_sitenote_note":"","_monsterinsights_sitenote_category":0,"_uf_show_specific_survey":0,"_uf_disable_surveys":false},"product_brand":[],"product_cat":[36644],"product_tag":[],"class_list":{"0":"post-118815","1":"product","2":"type-product","3":"status-publish","4":"has-post-thumbnail","6":"product_cat-mixed-wine-cases","7":"pa_classification-aop-cotes-de-provence-en","8":"pa_package-1x1-en","9":"pa_package-1x6-en","10":"pa_vintage-2015-en","11":"pa_vintage-2017-en","13":"first","14":"outofstock","15":"taxable","16":"shipping-taxable","17":"purchasable","18":"product-type-bundle"},"bundled_by":[],"bundle_stock_status":"outofstock","bundle_stock_quantity":0,"bundle_virtual":false,"bundle_layout":"grid","bundle_add_to_cart_form_location":"after_summary","bundle_editable_in_cart":false,"bundle_sold_individually_context":"product","bundle_item_grouping":"noindent","bundle_min_size":"","bundle_max_size":"","bundle_price":{"price":{"min":{"incl_tax":"136.7","excl_tax":"136.666667"},"max":{"incl_tax":"136.7","excl_tax":"136.666667"}},"regular_price":{"min":{"incl_tax":"136.7","excl_tax":"136.666667"},"max":{"incl_tax":"136.7","excl_tax":"136.666667"}}},"bundled_items":[{"bundled_item_id":8545,"product_id":118790,"menu_order":0,"quantity_min":1,"quantity_max":1,"quantity_default":1,"priced_individually":false,"shipped_individually":false,"override_title":false,"title":"Chateau la Mascaronne &#8220;Cuv\u00e9e Guy da Nine&#8221; Ros\u00e9","override_description":false,"description":"Chateau la Mascaronne &#8220;Cuv\u00e9e Guy da Nine&#8221; Ros\u00e9","optional":false,"hide_thumbnail":false,"discount":"","override_variations":true,"allowed_variations":[""],"override_default_variation_attributes":true,"default_variation_attributes":[],"single_product_visibility":"visible","cart_visibility":"hidden","order_visibility":"visible","single_product_price_visibility":"visible","cart_price_visibility":"visible","order_price_visibility":"visible","stock_status":"out_of_stock"},{"bundled_item_id":8546,"product_id":118798,"menu_order":1,"quantity_min":1,"quantity_max":1,"quantity_default":1,"priced_individually":false,"shipped_individually":false,"override_title":false,"title":"Chateau la Mascaronne &#8220;Cuv\u00e9e Guy da Nine&#8221; &#8211; Red","override_description":false,"description":"Chateau la Mascaronne &#8220;Cuv\u00e9e Guy da Nine&#8221; &#8211; Red","optional":false,"hide_thumbnail":false,"discount":"","override_variations":true,"allowed_variations":[122865],"override_default_variation_attributes":true,"default_variation_attributes":[{"id":223,"name":"Package :","option":"1x1-en"}],"single_product_visibility":"visible","cart_visibility":"hidden","order_visibility":"visible","single_product_price_visibility":"visible","cart_price_visibility":"visible","order_price_visibility":"visible","stock_status":"out_of_stock"},{"bundled_item_id":8547,"product_id":118794,"menu_order":2,"quantity_min":1,"quantity_max":1,"quantity_default":1,"priced_individually":false,"shipped_individually":false,"override_title":false,"title":"Chateau la Mascaronne &#8220;Guy Da Nine&#8221; &#8211; White","override_description":false,"description":"Chateau la Mascaronne &#8220;Guy Da Nine&#8221; &#8211; White","optional":false,"hide_thumbnail":false,"discount":"","override_variations":true,"allowed_variations":[""],"override_default_variation_attributes":true,"default_variation_attributes":[],"single_product_visibility":"visible","cart_visibility":"hidden","order_visibility":"visible","single_product_price_visibility":"visible","cart_price_visibility":"visible","order_price_visibility":"visible","stock_status":"out_of_stock"}],"bundle_sell_ids":[],"yoast_head":"<!-- This site is optimized with the Yoast SEO plugin v27.4 - https:\/\/yoast.com\/product\/yoast-seo-wordpress\/ -->\n<title>Chateau La Mascaronne - Guy da Nine - Mixed discovery case - Buy French wine online - winestore online Ivinio.com<\/title>\n<meta name=\"description\" content=\"Chateau la Mascaronne is located in Le Luc in Provence, approximately 30km from the Mediterranean coast. The owner, Tom Bove from Indiana in the United States, is also known to be the person who sold his Chateau Miraval to the couple Brad Pitt \/ Ange\" \/>\n<meta name=\"robots\" content=\"index, follow, max-snippet:-1, max-image-preview:large, max-video-preview:-1\" \/>\n<link rel=\"canonical\" href=\"https:\/\/www.ivinio.com\/en\/product\/chateau-la-mascaronne-mixed-discovery-case-3x2-bottles\/\" \/>\n<meta property=\"og:locale\" content=\"en_US\" \/>\n<meta property=\"og:type\" content=\"article\" \/>\n<meta property=\"og:title\" content=\"Chateau La Mascaronne - Guy da Nine - Mixed discovery case - Buy French wine online - winestore online Ivinio.com\" \/>\n<meta property=\"og:description\" content=\"Chateau la Mascaronne is located in Le Luc in Provence, approximately 30km from the Mediterranean coast. The owner, Tom Bove from Indiana in the United States, is also known to be the person who sold his Chateau Miraval to the couple Brad Pitt \/ Ange\" \/>\n<meta property=\"og:url\" content=\"https:\/\/www.ivinio.com\/en\/product\/chateau-la-mascaronne-mixed-discovery-case-3x2-bottles\/\" \/>\n<meta property=\"og:site_name\" content=\"IVINIO Wine Shop\" \/>\n<meta property=\"article:publisher\" content=\"https:\/\/www.facebook.com\/groups\/165217837022391\/?ref=bookmarks\" \/>\n<meta property=\"article:modified_time\" content=\"2020-12-09T04:38:50+00:00\" \/>\n<meta property=\"og:image\" content=\"https:\/\/www.ivinio.com\/wp-content\/uploads\/nc\/public\/modules\/file\/pictures\/5174.mascaronneguydaninegamme500.jpg\" \/>\n\t<meta property=\"og:image:width\" content=\"500\" \/>\n\t<meta property=\"og:image:height\" content=\"500\" \/>\n\t<meta property=\"og:image:type\" content=\"image\/jpeg\" \/>\n<meta name=\"twitter:card\" content=\"summary_large_image\" \/>\n<script type=\"application\/ld+json\" class=\"yoast-schema-graph\">{\"@context\":\"https:\\\/\\\/schema.org\",\"@graph\":[{\"@type\":\"WebPage\",\"@id\":\"https:\\\/\\\/www.ivinio.com\\\/en\\\/product\\\/chateau-la-mascaronne-mixed-discovery-case-3x2-bottles\\\/\",\"url\":\"https:\\\/\\\/www.ivinio.com\\\/en\\\/product\\\/chateau-la-mascaronne-mixed-discovery-case-3x2-bottles\\\/\",\"name\":\"Chateau La Mascaronne - Guy da Nine - Mixed discovery case - Buy French wine online - winestore online Ivinio.com\",\"isPartOf\":{\"@id\":\"https:\\\/\\\/www.ivinio.com\\\/en\\\/#website\"},\"primaryImageOfPage\":{\"@id\":\"https:\\\/\\\/www.ivinio.com\\\/en\\\/product\\\/chateau-la-mascaronne-mixed-discovery-case-3x2-bottles\\\/#primaryimage\"},\"image\":{\"@id\":\"https:\\\/\\\/www.ivinio.com\\\/en\\\/product\\\/chateau-la-mascaronne-mixed-discovery-case-3x2-bottles\\\/#primaryimage\"},\"thumbnailUrl\":\"https:\\\/\\\/www.ivinio.com\\\/wp-content\\\/uploads\\\/nc\\\/public\\\/modules\\\/file\\\/pictures\\\/5174.mascaronneguydaninegamme500.jpg\",\"datePublished\":\"2014-10-28T18:52:39+00:00\",\"dateModified\":\"2020-12-09T04:38:50+00:00\",\"description\":\"Chateau la Mascaronne is located in Le Luc in Provence, approximately 30km from the Mediterranean coast. The owner, Tom Bove from Indiana in the United States, is also known to be the person who sold his Chateau Miraval to the couple Brad Pitt \\\/ Ange\",\"breadcrumb\":{\"@id\":\"https:\\\/\\\/www.ivinio.com\\\/en\\\/product\\\/chateau-la-mascaronne-mixed-discovery-case-3x2-bottles\\\/#breadcrumb\"},\"inLanguage\":\"en-US\",\"potentialAction\":[{\"@type\":\"ReadAction\",\"target\":[\"https:\\\/\\\/www.ivinio.com\\\/en\\\/product\\\/chateau-la-mascaronne-mixed-discovery-case-3x2-bottles\\\/\"]}]},{\"@type\":\"ImageObject\",\"inLanguage\":\"en-US\",\"@id\":\"https:\\\/\\\/www.ivinio.com\\\/en\\\/product\\\/chateau-la-mascaronne-mixed-discovery-case-3x2-bottles\\\/#primaryimage\",\"url\":\"https:\\\/\\\/www.ivinio.com\\\/wp-content\\\/uploads\\\/nc\\\/public\\\/modules\\\/file\\\/pictures\\\/5174.mascaronneguydaninegamme500.jpg\",\"contentUrl\":\"https:\\\/\\\/www.ivinio.com\\\/wp-content\\\/uploads\\\/nc\\\/public\\\/modules\\\/file\\\/pictures\\\/5174.mascaronneguydaninegamme500.jpg\",\"width\":500,\"height\":500},{\"@type\":\"BreadcrumbList\",\"@id\":\"https:\\\/\\\/www.ivinio.com\\\/en\\\/product\\\/chateau-la-mascaronne-mixed-discovery-case-3x2-bottles\\\/#breadcrumb\",\"itemListElement\":[{\"@type\":\"ListItem\",\"position\":1,\"name\":\"Home\",\"item\":\"https:\\\/\\\/www.ivinio.com\\\/en\\\/\"},{\"@type\":\"ListItem\",\"position\":2,\"name\":\"Wine-shop\",\"item\":\"https:\\\/\\\/www.ivinio.com\\\/en\\\/wine-shop\\\/\"},{\"@type\":\"ListItem\",\"position\":3,\"name\":\"Chateau La Mascaronne &#8211; Mixed discovery case 3&#215;2 bottles\"}]},{\"@type\":\"WebSite\",\"@id\":\"https:\\\/\\\/www.ivinio.com\\\/en\\\/#website\",\"url\":\"https:\\\/\\\/www.ivinio.com\\\/en\\\/\",\"name\":\"IVINIO Wine Shop\",\"description\":\"French and Italian wines with delivery to your door\",\"publisher\":{\"@id\":\"https:\\\/\\\/www.ivinio.com\\\/en\\\/#organization\"},\"potentialAction\":[{\"@type\":\"SearchAction\",\"target\":{\"@type\":\"EntryPoint\",\"urlTemplate\":\"https:\\\/\\\/www.ivinio.com\\\/en\\\/?s={search_term_string}\"},\"query-input\":{\"@type\":\"PropertyValueSpecification\",\"valueRequired\":true,\"valueName\":\"search_term_string\"}}],\"inLanguage\":\"en-US\"},{\"@type\":\"Organization\",\"@id\":\"https:\\\/\\\/www.ivinio.com\\\/en\\\/#organization\",\"name\":\"IVINIO\",\"url\":\"https:\\\/\\\/www.ivinio.com\\\/en\\\/\",\"logo\":{\"@type\":\"ImageObject\",\"inLanguage\":\"en-US\",\"@id\":\"https:\\\/\\\/www.ivinio.com\\\/en\\\/#\\\/schema\\\/logo\\\/image\\\/\",\"url\":\"https:\\\/\\\/www.ivinio.com\\\/wp-content\\\/uploads\\\/2021\\\/01\\\/Logo-Ivinio-v2.jpg\",\"contentUrl\":\"https:\\\/\\\/www.ivinio.com\\\/wp-content\\\/uploads\\\/2021\\\/01\\\/Logo-Ivinio-v2.jpg\",\"width\":1194,\"height\":1194,\"caption\":\"IVINIO\"},\"image\":{\"@id\":\"https:\\\/\\\/www.ivinio.com\\\/en\\\/#\\\/schema\\\/logo\\\/image\\\/\"},\"sameAs\":[\"https:\\\/\\\/www.facebook.com\\\/groups\\\/165217837022391\\\/?ref=bookmarks\",\"https:\\\/\\\/www.instagram.com\\\/_ivinio_\\\/?hl=fr\"]}]}<\/script>\n<!-- \/ Yoast SEO plugin. -->","yoast_head_json":{"title":"Chateau La Mascaronne - Guy da Nine - Mixed discovery case - Buy French wine online - winestore online Ivinio.com","description":"Chateau la Mascaronne is located in Le Luc in Provence, approximately 30km from the Mediterranean coast. The owner, Tom Bove from Indiana in the United States, is also known to be the person who sold his Chateau Miraval to the couple Brad Pitt \/ Ange","robots":{"index":"index","follow":"follow","max-snippet":"max-snippet:-1","max-image-preview":"max-image-preview:large","max-video-preview":"max-video-preview:-1"},"canonical":"https:\/\/www.ivinio.com\/en\/product\/chateau-la-mascaronne-mixed-discovery-case-3x2-bottles\/","og_locale":"en_US","og_type":"article","og_title":"Chateau La Mascaronne - Guy da Nine - Mixed discovery case - Buy French wine online - winestore online Ivinio.com","og_description":"Chateau la Mascaronne is located in Le Luc in Provence, approximately 30km from the Mediterranean coast. The owner, Tom Bove from Indiana in the United States, is also known to be the person who sold his Chateau Miraval to the couple Brad Pitt \/ Ange","og_url":"https:\/\/www.ivinio.com\/en\/product\/chateau-la-mascaronne-mixed-discovery-case-3x2-bottles\/","og_site_name":"IVINIO Wine Shop","article_publisher":"https:\/\/www.facebook.com\/groups\/165217837022391\/?ref=bookmarks","article_modified_time":"2020-12-09T04:38:50+00:00","og_image":[{"width":500,"height":500,"url":"https:\/\/www.ivinio.com\/wp-content\/uploads\/nc\/public\/modules\/file\/pictures\/5174.mascaronneguydaninegamme500.jpg","type":"image\/jpeg"}],"twitter_card":"summary_large_image","schema":{"@context":"https:\/\/schema.org","@graph":[{"@type":"WebPage","@id":"https:\/\/www.ivinio.com\/en\/product\/chateau-la-mascaronne-mixed-discovery-case-3x2-bottles\/","url":"https:\/\/www.ivinio.com\/en\/product\/chateau-la-mascaronne-mixed-discovery-case-3x2-bottles\/","name":"Chateau La Mascaronne - Guy da Nine - Mixed discovery case - Buy French wine online - winestore online Ivinio.com","isPartOf":{"@id":"https:\/\/www.ivinio.com\/en\/#website"},"primaryImageOfPage":{"@id":"https:\/\/www.ivinio.com\/en\/product\/chateau-la-mascaronne-mixed-discovery-case-3x2-bottles\/#primaryimage"},"image":{"@id":"https:\/\/www.ivinio.com\/en\/product\/chateau-la-mascaronne-mixed-discovery-case-3x2-bottles\/#primaryimage"},"thumbnailUrl":"https:\/\/www.ivinio.com\/wp-content\/uploads\/nc\/public\/modules\/file\/pictures\/5174.mascaronneguydaninegamme500.jpg","datePublished":"2014-10-28T18:52:39+00:00","dateModified":"2020-12-09T04:38:50+00:00","description":"Chateau la Mascaronne is located in Le Luc in Provence, approximately 30km from the Mediterranean coast. The owner, Tom Bove from Indiana in the United States, is also known to be the person who sold his Chateau Miraval to the couple Brad Pitt \/ Ange","breadcrumb":{"@id":"https:\/\/www.ivinio.com\/en\/product\/chateau-la-mascaronne-mixed-discovery-case-3x2-bottles\/#breadcrumb"},"inLanguage":"en-US","potentialAction":[{"@type":"ReadAction","target":["https:\/\/www.ivinio.com\/en\/product\/chateau-la-mascaronne-mixed-discovery-case-3x2-bottles\/"]}]},{"@type":"ImageObject","inLanguage":"en-US","@id":"https:\/\/www.ivinio.com\/en\/product\/chateau-la-mascaronne-mixed-discovery-case-3x2-bottles\/#primaryimage","url":"https:\/\/www.ivinio.com\/wp-content\/uploads\/nc\/public\/modules\/file\/pictures\/5174.mascaronneguydaninegamme500.jpg","contentUrl":"https:\/\/www.ivinio.com\/wp-content\/uploads\/nc\/public\/modules\/file\/pictures\/5174.mascaronneguydaninegamme500.jpg","width":500,"height":500},{"@type":"BreadcrumbList","@id":"https:\/\/www.ivinio.com\/en\/product\/chateau-la-mascaronne-mixed-discovery-case-3x2-bottles\/#breadcrumb","itemListElement":[{"@type":"ListItem","position":1,"name":"Home","item":"https:\/\/www.ivinio.com\/en\/"},{"@type":"ListItem","position":2,"name":"Wine-shop","item":"https:\/\/www.ivinio.com\/en\/wine-shop\/"},{"@type":"ListItem","position":3,"name":"Chateau La Mascaronne &#8211; Mixed discovery case 3&#215;2 bottles"}]},{"@type":"WebSite","@id":"https:\/\/www.ivinio.com\/en\/#website","url":"https:\/\/www.ivinio.com\/en\/","name":"IVINIO Wine Shop","description":"French and Italian wines with delivery to your door","publisher":{"@id":"https:\/\/www.ivinio.com\/en\/#organization"},"potentialAction":[{"@type":"SearchAction","target":{"@type":"EntryPoint","urlTemplate":"https:\/\/www.ivinio.com\/en\/?s={search_term_string}"},"query-input":{"@type":"PropertyValueSpecification","valueRequired":true,"valueName":"search_term_string"}}],"inLanguage":"en-US"},{"@type":"Organization","@id":"https:\/\/www.ivinio.com\/en\/#organization","name":"IVINIO","url":"https:\/\/www.ivinio.com\/en\/","logo":{"@type":"ImageObject","inLanguage":"en-US","@id":"https:\/\/www.ivinio.com\/en\/#\/schema\/logo\/image\/","url":"https:\/\/www.ivinio.com\/wp-content\/uploads\/2021\/01\/Logo-Ivinio-v2.jpg","contentUrl":"https:\/\/www.ivinio.com\/wp-content\/uploads\/2021\/01\/Logo-Ivinio-v2.jpg","width":1194,"height":1194,"caption":"IVINIO"},"image":{"@id":"https:\/\/www.ivinio.com\/en\/#\/schema\/logo\/image\/"},"sameAs":["https:\/\/www.facebook.com\/groups\/165217837022391\/?ref=bookmarks","https:\/\/www.instagram.com\/_ivinio_\/?hl=fr"]}]}},"jetpack_sharing_enabled":true,"_links":{"self":[{"href":"https:\/\/www.ivinio.com\/en\/wp-json\/wp\/v2\/product\/118815","targetHints":{"allow":["GET"]}}],"collection":[{"href":"https:\/\/www.ivinio.com\/en\/wp-json\/wp\/v2\/product"}],"about":[{"href":"https:\/\/www.ivinio.com\/en\/wp-json\/wp\/v2\/types\/product"}],"replies":[{"embeddable":true,"href":"https:\/\/www.ivinio.com\/en\/wp-json\/wp\/v2\/comments?post=118815"}],"wp:featuredmedia":[{"embeddable":true,"href":"https:\/\/www.ivinio.com\/en\/wp-json\/wp\/v2\/media\/118817"}],"wp:attachment":[{"href":"https:\/\/www.ivinio.com\/en\/wp-json\/wp\/v2\/media?parent=118815"}],"wp:term":[{"taxonomy":"product_brand","embeddable":true,"href":"https:\/\/www.ivinio.com\/en\/wp-json\/wp\/v2\/product_brand?post=118815"},{"taxonomy":"product_cat","embeddable":true,"href":"https:\/\/www.ivinio.com\/en\/wp-json\/wp\/v2\/product_cat?post=118815"},{"taxonomy":"product_tag","embeddable":true,"href":"https:\/\/www.ivinio.com\/en\/wp-json\/wp\/v2\/product_tag?post=118815"}],"curies":[{"name":"wp","href":"https:\/\/api.w.org\/{rel}","templated":true}]}}