{"id":118492,"date":"2014-09-19T16:22:12","date_gmt":"2014-09-19T16:22:12","guid":{"rendered":"https:\/\/henrik.www.ivinio.com\/?product=le-sillage-de-malartic-2015-red"},"modified":"2023-01-03T10:42:02","modified_gmt":"2023-01-03T09:42:02","slug":"la-reserve-de-malartic-red","status":"publish","type":"product","link":"https:\/\/www.ivinio.com\/en\/product\/la-reserve-de-malartic-red\/","title":{"rendered":"La R\u00e9serve de Malartic &#8211; Red"},"content":{"rendered":"<p>La R\u00e9serve de Malartic &#8211; Red wine is the second wine from the well-known Ch\u00e2teau Malartic-Lagravi\u00e8re in the Pessac-L\u00e9ognan appellation. The wine is made from Merlot (82.6%) Cabernet-Sauvignon (12.3%) and Petit-Verdot (5.1%). The grapes are harvested by hand and cleaned twice on a cleaning table. The wine is fermented in temperature-controlled steel tanks for 21-23 days. The wine is aged traditionally, of which 25% in new French oak barrels for 15 months. The wine is produced by oenologist Eric Boissenot.<\/p>\n","protected":false},"excerpt":{"rendered":"<p>This is a 2nd wine from Chateau Malartic-Lagravi\u00e8re, &#8220;Grand Cru class\u00e9&#8221; de Graves. One of the better Pessac-L\u00e9ognan wines, fruity and rich with a lot of elegance!<\/p>\n","protected":false},"featured_media":132160,"comment_status":"open","ping_status":"closed","template":"","meta":{"_monsterinsights_skip_tracking":false,"_monsterinsights_sitenote_active":false,"_monsterinsights_sitenote_note":"","_monsterinsights_sitenote_category":0,"_uf_show_specific_survey":0,"_uf_disable_surveys":false},"product_brand":[],"product_cat":[36632,36587],"product_tag":[],"class_list":{"0":"post-118492","1":"product","2":"type-product","3":"status-publish","4":"has-post-thumbnail","6":"product_cat-en-bordeaux","7":"product_cat-french-wines","8":"pa_alcohol-degree-13-5-en","9":"pa_awards-decanter-en","10":"pa_awards-james-suckling-en","11":"pa_awards-jeb-dunnuck-en","12":"pa_awards-the-wine-advocate-en","13":"pa_awards-vinous-antonio-galloni-en","14":"pa_classification-aop-pessac-leognan-en","15":"pa_color-red","16":"pa_country-france-en","17":"pa_grape-variety-cabernet-sauvignon-en","18":"pa_grape-variety-merlot","19":"pa_grape-variety-petit-verdot-en","20":"pa_region-bordeaux","21":"pa_storage-potential-10-years-en","22":"pa_vintage-2019-en","23":"pa_volume-75-cl-en","25":"first","26":"instock","27":"taxable","28":"shipping-taxable","29":"purchasable","30":"product-type-simple"},"bundled_by":["118940"],"bundle_stock_status":"instock","bundle_stock_quantity":null,"bundle_virtual":false,"bundle_layout":"","bundle_add_to_cart_form_location":"","bundle_editable_in_cart":false,"bundle_sold_individually_context":"","bundle_item_grouping":"","bundle_min_size":"","bundle_max_size":"","bundle_price":[],"bundled_items":[],"bundle_sell_ids":[],"yoast_head":"<!-- This site is optimized with the Yoast SEO plugin v27.5 - https:\/\/yoast.com\/product\/yoast-seo-wordpress\/ -->\n<title>La R\u00e9serve de Malartic - Red wine - IVINIO Wine Shop<\/title>\n<meta name=\"description\" content=\"La R\u00e9serve de Malartic - Red wine. Thie 2nd wine from Chateau Malartic-Lagravi\u00e8re, &quot;Grand Cru class\u00e9&quot; de Graves. One of the better Pessac-L\u00e9ognan wines, fruity and rich with a lot of elegance!\" \/>\n<meta name=\"robots\" content=\"index, follow, max-snippet:-1, max-image-preview:large, max-video-preview:-1\" \/>\n<link rel=\"canonical\" href=\"https:\/\/www.ivinio.com\/en\/product\/la-reserve-de-malartic-red\/\" \/>\n<meta property=\"og:locale\" content=\"en_US\" \/>\n<meta property=\"og:type\" content=\"article\" \/>\n<meta property=\"og:title\" content=\"La R\u00e9serve de Malartic - Red wine - IVINIO Wine Shop\" \/>\n<meta property=\"og:description\" content=\"La R\u00e9serve de Malartic - Red wine. Thie 2nd wine from Chateau Malartic-Lagravi\u00e8re, &quot;Grand Cru class\u00e9&quot; de Graves. One of the better Pessac-L\u00e9ognan wines, fruity and rich with a lot of elegance!\" \/>\n<meta property=\"og:url\" content=\"https:\/\/www.ivinio.com\/en\/product\/la-reserve-de-malartic-red\/\" \/>\n<meta property=\"og:site_name\" content=\"IVINIO Wine Shop\" \/>\n<meta property=\"article:publisher\" content=\"https:\/\/www.facebook.com\/groups\/165217837022391\/?ref=bookmarks\" \/>\n<meta property=\"article:modified_time\" content=\"2023-01-03T09:42:02+00:00\" \/>\n<meta property=\"og:image\" content=\"https:\/\/www.ivinio.com\/wp-content\/uploads\/2014\/09\/La-reserve-de-Malartic-IVINIO.jpg\" \/>\n\t<meta property=\"og:image:width\" content=\"500\" \/>\n\t<meta property=\"og:image:height\" content=\"500\" \/>\n\t<meta property=\"og:image:type\" content=\"image\/jpeg\" \/>\n<meta name=\"twitter:card\" content=\"summary_large_image\" \/>\n<script type=\"application\/ld+json\" class=\"yoast-schema-graph\">{\"@context\":\"https:\\\/\\\/schema.org\",\"@graph\":[{\"@type\":\"WebPage\",\"@id\":\"https:\\\/\\\/www.ivinio.com\\\/en\\\/product\\\/la-reserve-de-malartic-red\\\/\",\"url\":\"https:\\\/\\\/www.ivinio.com\\\/en\\\/product\\\/la-reserve-de-malartic-red\\\/\",\"name\":\"La R\u00e9serve de Malartic - Red wine - IVINIO Wine Shop\",\"isPartOf\":{\"@id\":\"https:\\\/\\\/www.ivinio.com\\\/en\\\/#website\"},\"primaryImageOfPage\":{\"@id\":\"https:\\\/\\\/www.ivinio.com\\\/en\\\/product\\\/la-reserve-de-malartic-red\\\/#primaryimage\"},\"image\":{\"@id\":\"https:\\\/\\\/www.ivinio.com\\\/en\\\/product\\\/la-reserve-de-malartic-red\\\/#primaryimage\"},\"thumbnailUrl\":\"https:\\\/\\\/www.ivinio.com\\\/wp-content\\\/uploads\\\/2014\\\/09\\\/La-reserve-de-Malartic-IVINIO.jpg\",\"datePublished\":\"2014-09-19T16:22:12+00:00\",\"dateModified\":\"2023-01-03T09:42:02+00:00\",\"description\":\"La R\u00e9serve de Malartic - Red wine. Thie 2nd wine from Chateau Malartic-Lagravi\u00e8re, \\\"Grand Cru class\u00e9\\\" de Graves. One of the better Pessac-L\u00e9ognan wines, fruity and rich with a lot of elegance!\",\"breadcrumb\":{\"@id\":\"https:\\\/\\\/www.ivinio.com\\\/en\\\/product\\\/la-reserve-de-malartic-red\\\/#breadcrumb\"},\"inLanguage\":\"en-US\",\"potentialAction\":[{\"@type\":\"ReadAction\",\"target\":[\"https:\\\/\\\/www.ivinio.com\\\/en\\\/product\\\/la-reserve-de-malartic-red\\\/\"]}]},{\"@type\":\"ImageObject\",\"inLanguage\":\"en-US\",\"@id\":\"https:\\\/\\\/www.ivinio.com\\\/en\\\/product\\\/la-reserve-de-malartic-red\\\/#primaryimage\",\"url\":\"https:\\\/\\\/www.ivinio.com\\\/wp-content\\\/uploads\\\/2014\\\/09\\\/La-reserve-de-Malartic-IVINIO.jpg\",\"contentUrl\":\"https:\\\/\\\/www.ivinio.com\\\/wp-content\\\/uploads\\\/2014\\\/09\\\/La-reserve-de-Malartic-IVINIO.jpg\",\"width\":500,\"height\":500},{\"@type\":\"BreadcrumbList\",\"@id\":\"https:\\\/\\\/www.ivinio.com\\\/en\\\/product\\\/la-reserve-de-malartic-red\\\/#breadcrumb\",\"itemListElement\":[{\"@type\":\"ListItem\",\"position\":1,\"name\":\"Home\",\"item\":\"https:\\\/\\\/www.ivinio.com\\\/en\\\/\"},{\"@type\":\"ListItem\",\"position\":2,\"name\":\"Wine-shop\",\"item\":\"https:\\\/\\\/www.ivinio.com\\\/en\\\/wine-shop\\\/\"},{\"@type\":\"ListItem\",\"position\":3,\"name\":\"La R\u00e9serve de Malartic &#8211; Red\"}]},{\"@type\":\"WebSite\",\"@id\":\"https:\\\/\\\/www.ivinio.com\\\/en\\\/#website\",\"url\":\"https:\\\/\\\/www.ivinio.com\\\/en\\\/\",\"name\":\"IVINIO Wine Shop\",\"description\":\"French and Italian wines with delivery to your door\",\"publisher\":{\"@id\":\"https:\\\/\\\/www.ivinio.com\\\/en\\\/#organization\"},\"potentialAction\":[{\"@type\":\"SearchAction\",\"target\":{\"@type\":\"EntryPoint\",\"urlTemplate\":\"https:\\\/\\\/www.ivinio.com\\\/en\\\/?s={search_term_string}\"},\"query-input\":{\"@type\":\"PropertyValueSpecification\",\"valueRequired\":true,\"valueName\":\"search_term_string\"}}],\"inLanguage\":\"en-US\"},{\"@type\":\"Organization\",\"@id\":\"https:\\\/\\\/www.ivinio.com\\\/en\\\/#organization\",\"name\":\"IVINIO\",\"url\":\"https:\\\/\\\/www.ivinio.com\\\/en\\\/\",\"logo\":{\"@type\":\"ImageObject\",\"inLanguage\":\"en-US\",\"@id\":\"https:\\\/\\\/www.ivinio.com\\\/en\\\/#\\\/schema\\\/logo\\\/image\\\/\",\"url\":\"https:\\\/\\\/www.ivinio.com\\\/wp-content\\\/uploads\\\/2021\\\/01\\\/Logo-Ivinio-v2.jpg\",\"contentUrl\":\"https:\\\/\\\/www.ivinio.com\\\/wp-content\\\/uploads\\\/2021\\\/01\\\/Logo-Ivinio-v2.jpg\",\"width\":1194,\"height\":1194,\"caption\":\"IVINIO\"},\"image\":{\"@id\":\"https:\\\/\\\/www.ivinio.com\\\/en\\\/#\\\/schema\\\/logo\\\/image\\\/\"},\"sameAs\":[\"https:\\\/\\\/www.facebook.com\\\/groups\\\/165217837022391\\\/?ref=bookmarks\",\"https:\\\/\\\/www.instagram.com\\\/_ivinio_\\\/?hl=fr\"]}]}<\/script>\n<!-- \/ Yoast SEO plugin. -->","yoast_head_json":{"title":"La R\u00e9serve de Malartic - Red wine - IVINIO Wine Shop","description":"La R\u00e9serve de Malartic - Red wine. Thie 2nd wine from Chateau Malartic-Lagravi\u00e8re, \"Grand Cru class\u00e9\" de Graves. One of the better Pessac-L\u00e9ognan wines, fruity and rich with a lot of elegance!","robots":{"index":"index","follow":"follow","max-snippet":"max-snippet:-1","max-image-preview":"max-image-preview:large","max-video-preview":"max-video-preview:-1"},"canonical":"https:\/\/www.ivinio.com\/en\/product\/la-reserve-de-malartic-red\/","og_locale":"en_US","og_type":"article","og_title":"La R\u00e9serve de Malartic - Red wine - IVINIO Wine Shop","og_description":"La R\u00e9serve de Malartic - Red wine. Thie 2nd wine from Chateau Malartic-Lagravi\u00e8re, \"Grand Cru class\u00e9\" de Graves. One of the better Pessac-L\u00e9ognan wines, fruity and rich with a lot of elegance!","og_url":"https:\/\/www.ivinio.com\/en\/product\/la-reserve-de-malartic-red\/","og_site_name":"IVINIO Wine Shop","article_publisher":"https:\/\/www.facebook.com\/groups\/165217837022391\/?ref=bookmarks","article_modified_time":"2023-01-03T09:42:02+00:00","og_image":[{"width":500,"height":500,"url":"https:\/\/www.ivinio.com\/wp-content\/uploads\/2014\/09\/La-reserve-de-Malartic-IVINIO.jpg","type":"image\/jpeg"}],"twitter_card":"summary_large_image","schema":{"@context":"https:\/\/schema.org","@graph":[{"@type":"WebPage","@id":"https:\/\/www.ivinio.com\/en\/product\/la-reserve-de-malartic-red\/","url":"https:\/\/www.ivinio.com\/en\/product\/la-reserve-de-malartic-red\/","name":"La R\u00e9serve de Malartic - Red wine - IVINIO Wine Shop","isPartOf":{"@id":"https:\/\/www.ivinio.com\/en\/#website"},"primaryImageOfPage":{"@id":"https:\/\/www.ivinio.com\/en\/product\/la-reserve-de-malartic-red\/#primaryimage"},"image":{"@id":"https:\/\/www.ivinio.com\/en\/product\/la-reserve-de-malartic-red\/#primaryimage"},"thumbnailUrl":"https:\/\/www.ivinio.com\/wp-content\/uploads\/2014\/09\/La-reserve-de-Malartic-IVINIO.jpg","datePublished":"2014-09-19T16:22:12+00:00","dateModified":"2023-01-03T09:42:02+00:00","description":"La R\u00e9serve de Malartic - Red wine. Thie 2nd wine from Chateau Malartic-Lagravi\u00e8re, \"Grand Cru class\u00e9\" de Graves. One of the better Pessac-L\u00e9ognan wines, fruity and rich with a lot of elegance!","breadcrumb":{"@id":"https:\/\/www.ivinio.com\/en\/product\/la-reserve-de-malartic-red\/#breadcrumb"},"inLanguage":"en-US","potentialAction":[{"@type":"ReadAction","target":["https:\/\/www.ivinio.com\/en\/product\/la-reserve-de-malartic-red\/"]}]},{"@type":"ImageObject","inLanguage":"en-US","@id":"https:\/\/www.ivinio.com\/en\/product\/la-reserve-de-malartic-red\/#primaryimage","url":"https:\/\/www.ivinio.com\/wp-content\/uploads\/2014\/09\/La-reserve-de-Malartic-IVINIO.jpg","contentUrl":"https:\/\/www.ivinio.com\/wp-content\/uploads\/2014\/09\/La-reserve-de-Malartic-IVINIO.jpg","width":500,"height":500},{"@type":"BreadcrumbList","@id":"https:\/\/www.ivinio.com\/en\/product\/la-reserve-de-malartic-red\/#breadcrumb","itemListElement":[{"@type":"ListItem","position":1,"name":"Home","item":"https:\/\/www.ivinio.com\/en\/"},{"@type":"ListItem","position":2,"name":"Wine-shop","item":"https:\/\/www.ivinio.com\/en\/wine-shop\/"},{"@type":"ListItem","position":3,"name":"La R\u00e9serve de Malartic &#8211; Red"}]},{"@type":"WebSite","@id":"https:\/\/www.ivinio.com\/en\/#website","url":"https:\/\/www.ivinio.com\/en\/","name":"IVINIO Wine Shop","description":"French and Italian wines with delivery to your door","publisher":{"@id":"https:\/\/www.ivinio.com\/en\/#organization"},"potentialAction":[{"@type":"SearchAction","target":{"@type":"EntryPoint","urlTemplate":"https:\/\/www.ivinio.com\/en\/?s={search_term_string}"},"query-input":{"@type":"PropertyValueSpecification","valueRequired":true,"valueName":"search_term_string"}}],"inLanguage":"en-US"},{"@type":"Organization","@id":"https:\/\/www.ivinio.com\/en\/#organization","name":"IVINIO","url":"https:\/\/www.ivinio.com\/en\/","logo":{"@type":"ImageObject","inLanguage":"en-US","@id":"https:\/\/www.ivinio.com\/en\/#\/schema\/logo\/image\/","url":"https:\/\/www.ivinio.com\/wp-content\/uploads\/2021\/01\/Logo-Ivinio-v2.jpg","contentUrl":"https:\/\/www.ivinio.com\/wp-content\/uploads\/2021\/01\/Logo-Ivinio-v2.jpg","width":1194,"height":1194,"caption":"IVINIO"},"image":{"@id":"https:\/\/www.ivinio.com\/en\/#\/schema\/logo\/image\/"},"sameAs":["https:\/\/www.facebook.com\/groups\/165217837022391\/?ref=bookmarks","https:\/\/www.instagram.com\/_ivinio_\/?hl=fr"]}]}},"jetpack_sharing_enabled":true,"_links":{"self":[{"href":"https:\/\/www.ivinio.com\/en\/wp-json\/wp\/v2\/product\/118492","targetHints":{"allow":["GET"]}}],"collection":[{"href":"https:\/\/www.ivinio.com\/en\/wp-json\/wp\/v2\/product"}],"about":[{"href":"https:\/\/www.ivinio.com\/en\/wp-json\/wp\/v2\/types\/product"}],"replies":[{"embeddable":true,"href":"https:\/\/www.ivinio.com\/en\/wp-json\/wp\/v2\/comments?post=118492"}],"wp:featuredmedia":[{"embeddable":true,"href":"https:\/\/www.ivinio.com\/en\/wp-json\/wp\/v2\/media\/132160"}],"wp:attachment":[{"href":"https:\/\/www.ivinio.com\/en\/wp-json\/wp\/v2\/media?parent=118492"}],"wp:term":[{"taxonomy":"product_brand","embeddable":true,"href":"https:\/\/www.ivinio.com\/en\/wp-json\/wp\/v2\/product_brand?post=118492"},{"taxonomy":"product_cat","embeddable":true,"href":"https:\/\/www.ivinio.com\/en\/wp-json\/wp\/v2\/product_cat?post=118492"},{"taxonomy":"product_tag","embeddable":true,"href":"https:\/\/www.ivinio.com\/en\/wp-json\/wp\/v2\/product_tag?post=118492"}],"curies":[{"name":"wp","href":"https:\/\/api.w.org\/{rel}","templated":true}]}}