{"id":118310,"date":"2014-08-27T11:31:49","date_gmt":"2014-08-27T11:31:49","guid":{"rendered":"https:\/\/henrik.www.ivinio.com\/?product=chateau-thuerry-le-chateau-red"},"modified":"2025-08-09T19:46:16","modified_gmt":"2025-08-09T17:46:16","slug":"chateau-thuerry-le-chateau-red","status":"publish","type":"product","link":"https:\/\/www.ivinio.com\/en\/product\/chateau-thuerry-le-chateau-red\/","title":{"rendered":"Ch\u00e2teau Thuerry  &#8220;Le Ch\u00e2teau&#8221; &#8211; Red"},"content":{"rendered":"<p>&#8220;Le Ch\u00e2teau&#8221; is produced by Grenache-, Cabernet- Sauvignon-, Syrah- and Mourv\u00e8dre grapes. The vinification is done by traditional method. Syrah and Grenache are mixed together from start. The grapes macerate more than 10 days to thereby soften the tannins. The Syrah and the Grenache are raised in steel tanks, while the Cabernet is partly raised in oak barrels.<\/p>\n","protected":false},"excerpt":{"rendered":"<p>&#8220;Le Ch\u00e2teau&#8221; from Ch\u00e2teau Thuerry is a typical Provence wine with dark color and hints of dark fruit, leather and spices. A wine that fits well with a Proven\u00e7al daube or other powerful meat dishes.<\/p>\n","protected":false},"featured_media":118312,"comment_status":"open","ping_status":"closed","template":"","meta":{"_monsterinsights_skip_tracking":false,"_monsterinsights_sitenote_active":false,"_monsterinsights_sitenote_note":"","_monsterinsights_sitenote_category":0,"_uf_show_specific_survey":0,"_uf_disable_surveys":false},"product_brand":[],"product_cat":[36587,36623],"product_tag":[],"class_list":{"0":"post-118310","1":"product","2":"type-product","3":"status-publish","4":"has-post-thumbnail","6":"product_cat-french-wines","7":"product_cat-en-provence","8":"pa_alcohol-degree-13-5-en","9":"pa_classification-aop-cotes-de-provence-en","10":"pa_color-red","11":"pa_country-france-en","12":"pa_grape-variety-cabernet-sauvignon-en","13":"pa_grape-variety-grenache-en","14":"pa_grape-variety-mourvedre","15":"pa_grape-variety-syrah","16":"pa_region-provence-en","17":"pa_storage-potential-5-years-en","18":"pa_vintage-2019-en","19":"pa_volume-75-cl-en","21":"first","22":"instock","23":"taxable","24":"shipping-taxable","25":"purchasable","26":"product-type-simple"},"bundled_by":["119368"],"bundle_stock_status":"instock","bundle_stock_quantity":null,"bundle_virtual":false,"bundle_layout":"","bundle_add_to_cart_form_location":"","bundle_editable_in_cart":false,"bundle_sold_individually_context":"","bundle_item_grouping":"","bundle_min_size":"","bundle_max_size":"","bundle_price":[],"bundled_items":[],"bundle_sell_ids":[],"yoast_head":"<!-- This site is optimized with the Yoast SEO plugin v27.3 - https:\/\/yoast.com\/product\/yoast-seo-wordpress\/ -->\n<title>Buy Ch\u00e2teau Thuerry &quot;Le Ch\u00e2teau&quot; - Red wine - IVINIO Wine Shop<\/title>\n<meta name=\"description\" content=\"Buy Ch\u00e2teau Thuerry &quot;Le Ch\u00e2teau&quot; - Red wine. Typical Provence wine with dark color and hints of dark fruit, leather and spices.\" \/>\n<meta name=\"robots\" content=\"index, follow, max-snippet:-1, max-image-preview:large, max-video-preview:-1\" \/>\n<link rel=\"canonical\" href=\"https:\/\/www.ivinio.com\/en\/product\/chateau-thuerry-le-chateau-red\/\" \/>\n<meta property=\"og:locale\" content=\"en_US\" \/>\n<meta property=\"og:type\" content=\"article\" \/>\n<meta property=\"og:title\" content=\"Buy Ch\u00e2teau Thuerry &quot;Le Ch\u00e2teau&quot; - Red wine - IVINIO Wine Shop\" \/>\n<meta property=\"og:description\" content=\"Buy Ch\u00e2teau Thuerry &quot;Le Ch\u00e2teau&quot; - Red wine. Typical Provence wine with dark color and hints of dark fruit, leather and spices.\" \/>\n<meta property=\"og:url\" content=\"https:\/\/www.ivinio.com\/en\/product\/chateau-thuerry-le-chateau-red\/\" \/>\n<meta property=\"og:site_name\" content=\"IVINIO Wine Shop\" \/>\n<meta property=\"article:publisher\" content=\"https:\/\/www.facebook.com\/groups\/165217837022391\/?ref=bookmarks\" \/>\n<meta property=\"article:modified_time\" content=\"2025-08-09T17:46:16+00:00\" \/>\n<meta property=\"og:image\" content=\"https:\/\/www.ivinio.com\/wp-content\/uploads\/nc\/public\/modules\/file\/pictures\/7168.Ch-teau-Thuerry-Le-ch-teau-rouge-IVINIO.jpg\" \/>\n\t<meta property=\"og:image:width\" content=\"500\" \/>\n\t<meta property=\"og:image:height\" content=\"500\" \/>\n\t<meta property=\"og:image:type\" content=\"image\/jpeg\" \/>\n<meta name=\"twitter:card\" content=\"summary_large_image\" \/>\n<meta name=\"twitter:label1\" content=\"Est. reading time\" \/>\n\t<meta name=\"twitter:data1\" content=\"1 minute\" \/>\n<script type=\"application\/ld+json\" class=\"yoast-schema-graph\">{\"@context\":\"https:\\\/\\\/schema.org\",\"@graph\":[{\"@type\":\"WebPage\",\"@id\":\"https:\\\/\\\/www.ivinio.com\\\/en\\\/product\\\/chateau-thuerry-le-chateau-red\\\/\",\"url\":\"https:\\\/\\\/www.ivinio.com\\\/en\\\/product\\\/chateau-thuerry-le-chateau-red\\\/\",\"name\":\"Buy Ch\u00e2teau Thuerry \\\"Le Ch\u00e2teau\\\" - Red wine - IVINIO Wine Shop\",\"isPartOf\":{\"@id\":\"https:\\\/\\\/www.ivinio.com\\\/en\\\/#website\"},\"primaryImageOfPage\":{\"@id\":\"https:\\\/\\\/www.ivinio.com\\\/en\\\/product\\\/chateau-thuerry-le-chateau-red\\\/#primaryimage\"},\"image\":{\"@id\":\"https:\\\/\\\/www.ivinio.com\\\/en\\\/product\\\/chateau-thuerry-le-chateau-red\\\/#primaryimage\"},\"thumbnailUrl\":\"https:\\\/\\\/www.ivinio.com\\\/wp-content\\\/uploads\\\/nc\\\/public\\\/modules\\\/file\\\/pictures\\\/7168.Ch-teau-Thuerry-Le-ch-teau-rouge-IVINIO.jpg\",\"datePublished\":\"2014-08-27T11:31:49+00:00\",\"dateModified\":\"2025-08-09T17:46:16+00:00\",\"description\":\"Buy Ch\u00e2teau Thuerry \\\"Le Ch\u00e2teau\\\" - Red wine. Typical Provence wine with dark color and hints of dark fruit, leather and spices.\",\"breadcrumb\":{\"@id\":\"https:\\\/\\\/www.ivinio.com\\\/en\\\/product\\\/chateau-thuerry-le-chateau-red\\\/#breadcrumb\"},\"inLanguage\":\"en-US\",\"potentialAction\":[{\"@type\":\"ReadAction\",\"target\":[\"https:\\\/\\\/www.ivinio.com\\\/en\\\/product\\\/chateau-thuerry-le-chateau-red\\\/\"]}]},{\"@type\":\"ImageObject\",\"inLanguage\":\"en-US\",\"@id\":\"https:\\\/\\\/www.ivinio.com\\\/en\\\/product\\\/chateau-thuerry-le-chateau-red\\\/#primaryimage\",\"url\":\"https:\\\/\\\/www.ivinio.com\\\/wp-content\\\/uploads\\\/nc\\\/public\\\/modules\\\/file\\\/pictures\\\/7168.Ch-teau-Thuerry-Le-ch-teau-rouge-IVINIO.jpg\",\"contentUrl\":\"https:\\\/\\\/www.ivinio.com\\\/wp-content\\\/uploads\\\/nc\\\/public\\\/modules\\\/file\\\/pictures\\\/7168.Ch-teau-Thuerry-Le-ch-teau-rouge-IVINIO.jpg\",\"width\":500,\"height\":500},{\"@type\":\"BreadcrumbList\",\"@id\":\"https:\\\/\\\/www.ivinio.com\\\/en\\\/product\\\/chateau-thuerry-le-chateau-red\\\/#breadcrumb\",\"itemListElement\":[{\"@type\":\"ListItem\",\"position\":1,\"name\":\"Home\",\"item\":\"https:\\\/\\\/www.ivinio.com\\\/en\\\/\"},{\"@type\":\"ListItem\",\"position\":2,\"name\":\"Wine-shop\",\"item\":\"https:\\\/\\\/www.ivinio.com\\\/en\\\/wine-shop\\\/\"},{\"@type\":\"ListItem\",\"position\":3,\"name\":\"Ch\u00e2teau Thuerry &#8220;Le Ch\u00e2teau&#8221; &#8211; Red\"}]},{\"@type\":\"WebSite\",\"@id\":\"https:\\\/\\\/www.ivinio.com\\\/en\\\/#website\",\"url\":\"https:\\\/\\\/www.ivinio.com\\\/en\\\/\",\"name\":\"IVINIO Wine Shop\",\"description\":\"French and Italian wines with delivery to your door\",\"publisher\":{\"@id\":\"https:\\\/\\\/www.ivinio.com\\\/en\\\/#organization\"},\"potentialAction\":[{\"@type\":\"SearchAction\",\"target\":{\"@type\":\"EntryPoint\",\"urlTemplate\":\"https:\\\/\\\/www.ivinio.com\\\/en\\\/?s={search_term_string}\"},\"query-input\":{\"@type\":\"PropertyValueSpecification\",\"valueRequired\":true,\"valueName\":\"search_term_string\"}}],\"inLanguage\":\"en-US\"},{\"@type\":\"Organization\",\"@id\":\"https:\\\/\\\/www.ivinio.com\\\/en\\\/#organization\",\"name\":\"IVINIO\",\"url\":\"https:\\\/\\\/www.ivinio.com\\\/en\\\/\",\"logo\":{\"@type\":\"ImageObject\",\"inLanguage\":\"en-US\",\"@id\":\"https:\\\/\\\/www.ivinio.com\\\/en\\\/#\\\/schema\\\/logo\\\/image\\\/\",\"url\":\"https:\\\/\\\/www.ivinio.com\\\/wp-content\\\/uploads\\\/2021\\\/01\\\/Logo-Ivinio-v2.jpg\",\"contentUrl\":\"https:\\\/\\\/www.ivinio.com\\\/wp-content\\\/uploads\\\/2021\\\/01\\\/Logo-Ivinio-v2.jpg\",\"width\":1194,\"height\":1194,\"caption\":\"IVINIO\"},\"image\":{\"@id\":\"https:\\\/\\\/www.ivinio.com\\\/en\\\/#\\\/schema\\\/logo\\\/image\\\/\"},\"sameAs\":[\"https:\\\/\\\/www.facebook.com\\\/groups\\\/165217837022391\\\/?ref=bookmarks\",\"https:\\\/\\\/www.instagram.com\\\/_ivinio_\\\/?hl=fr\"]}]}<\/script>\n<!-- \/ Yoast SEO plugin. -->","yoast_head_json":{"title":"Buy Ch\u00e2teau Thuerry \"Le Ch\u00e2teau\" - Red wine - IVINIO Wine Shop","description":"Buy Ch\u00e2teau Thuerry \"Le Ch\u00e2teau\" - Red wine. Typical Provence wine with dark color and hints of dark fruit, leather and spices.","robots":{"index":"index","follow":"follow","max-snippet":"max-snippet:-1","max-image-preview":"max-image-preview:large","max-video-preview":"max-video-preview:-1"},"canonical":"https:\/\/www.ivinio.com\/en\/product\/chateau-thuerry-le-chateau-red\/","og_locale":"en_US","og_type":"article","og_title":"Buy Ch\u00e2teau Thuerry \"Le Ch\u00e2teau\" - Red wine - IVINIO Wine Shop","og_description":"Buy Ch\u00e2teau Thuerry \"Le Ch\u00e2teau\" - Red wine. Typical Provence wine with dark color and hints of dark fruit, leather and spices.","og_url":"https:\/\/www.ivinio.com\/en\/product\/chateau-thuerry-le-chateau-red\/","og_site_name":"IVINIO Wine Shop","article_publisher":"https:\/\/www.facebook.com\/groups\/165217837022391\/?ref=bookmarks","article_modified_time":"2025-08-09T17:46:16+00:00","og_image":[{"width":500,"height":500,"url":"https:\/\/www.ivinio.com\/wp-content\/uploads\/nc\/public\/modules\/file\/pictures\/7168.Ch-teau-Thuerry-Le-ch-teau-rouge-IVINIO.jpg","type":"image\/jpeg"}],"twitter_card":"summary_large_image","twitter_misc":{"Est. reading time":"1 minute"},"schema":{"@context":"https:\/\/schema.org","@graph":[{"@type":"WebPage","@id":"https:\/\/www.ivinio.com\/en\/product\/chateau-thuerry-le-chateau-red\/","url":"https:\/\/www.ivinio.com\/en\/product\/chateau-thuerry-le-chateau-red\/","name":"Buy Ch\u00e2teau Thuerry \"Le Ch\u00e2teau\" - Red wine - IVINIO Wine Shop","isPartOf":{"@id":"https:\/\/www.ivinio.com\/en\/#website"},"primaryImageOfPage":{"@id":"https:\/\/www.ivinio.com\/en\/product\/chateau-thuerry-le-chateau-red\/#primaryimage"},"image":{"@id":"https:\/\/www.ivinio.com\/en\/product\/chateau-thuerry-le-chateau-red\/#primaryimage"},"thumbnailUrl":"https:\/\/www.ivinio.com\/wp-content\/uploads\/nc\/public\/modules\/file\/pictures\/7168.Ch-teau-Thuerry-Le-ch-teau-rouge-IVINIO.jpg","datePublished":"2014-08-27T11:31:49+00:00","dateModified":"2025-08-09T17:46:16+00:00","description":"Buy Ch\u00e2teau Thuerry \"Le Ch\u00e2teau\" - Red wine. Typical Provence wine with dark color and hints of dark fruit, leather and spices.","breadcrumb":{"@id":"https:\/\/www.ivinio.com\/en\/product\/chateau-thuerry-le-chateau-red\/#breadcrumb"},"inLanguage":"en-US","potentialAction":[{"@type":"ReadAction","target":["https:\/\/www.ivinio.com\/en\/product\/chateau-thuerry-le-chateau-red\/"]}]},{"@type":"ImageObject","inLanguage":"en-US","@id":"https:\/\/www.ivinio.com\/en\/product\/chateau-thuerry-le-chateau-red\/#primaryimage","url":"https:\/\/www.ivinio.com\/wp-content\/uploads\/nc\/public\/modules\/file\/pictures\/7168.Ch-teau-Thuerry-Le-ch-teau-rouge-IVINIO.jpg","contentUrl":"https:\/\/www.ivinio.com\/wp-content\/uploads\/nc\/public\/modules\/file\/pictures\/7168.Ch-teau-Thuerry-Le-ch-teau-rouge-IVINIO.jpg","width":500,"height":500},{"@type":"BreadcrumbList","@id":"https:\/\/www.ivinio.com\/en\/product\/chateau-thuerry-le-chateau-red\/#breadcrumb","itemListElement":[{"@type":"ListItem","position":1,"name":"Home","item":"https:\/\/www.ivinio.com\/en\/"},{"@type":"ListItem","position":2,"name":"Wine-shop","item":"https:\/\/www.ivinio.com\/en\/wine-shop\/"},{"@type":"ListItem","position":3,"name":"Ch\u00e2teau Thuerry &#8220;Le Ch\u00e2teau&#8221; &#8211; Red"}]},{"@type":"WebSite","@id":"https:\/\/www.ivinio.com\/en\/#website","url":"https:\/\/www.ivinio.com\/en\/","name":"IVINIO Wine Shop","description":"French and Italian wines with delivery to your door","publisher":{"@id":"https:\/\/www.ivinio.com\/en\/#organization"},"potentialAction":[{"@type":"SearchAction","target":{"@type":"EntryPoint","urlTemplate":"https:\/\/www.ivinio.com\/en\/?s={search_term_string}"},"query-input":{"@type":"PropertyValueSpecification","valueRequired":true,"valueName":"search_term_string"}}],"inLanguage":"en-US"},{"@type":"Organization","@id":"https:\/\/www.ivinio.com\/en\/#organization","name":"IVINIO","url":"https:\/\/www.ivinio.com\/en\/","logo":{"@type":"ImageObject","inLanguage":"en-US","@id":"https:\/\/www.ivinio.com\/en\/#\/schema\/logo\/image\/","url":"https:\/\/www.ivinio.com\/wp-content\/uploads\/2021\/01\/Logo-Ivinio-v2.jpg","contentUrl":"https:\/\/www.ivinio.com\/wp-content\/uploads\/2021\/01\/Logo-Ivinio-v2.jpg","width":1194,"height":1194,"caption":"IVINIO"},"image":{"@id":"https:\/\/www.ivinio.com\/en\/#\/schema\/logo\/image\/"},"sameAs":["https:\/\/www.facebook.com\/groups\/165217837022391\/?ref=bookmarks","https:\/\/www.instagram.com\/_ivinio_\/?hl=fr"]}]}},"jetpack_sharing_enabled":true,"_links":{"self":[{"href":"https:\/\/www.ivinio.com\/en\/wp-json\/wp\/v2\/product\/118310","targetHints":{"allow":["GET"]}}],"collection":[{"href":"https:\/\/www.ivinio.com\/en\/wp-json\/wp\/v2\/product"}],"about":[{"href":"https:\/\/www.ivinio.com\/en\/wp-json\/wp\/v2\/types\/product"}],"replies":[{"embeddable":true,"href":"https:\/\/www.ivinio.com\/en\/wp-json\/wp\/v2\/comments?post=118310"}],"wp:featuredmedia":[{"embeddable":true,"href":"https:\/\/www.ivinio.com\/en\/wp-json\/wp\/v2\/media\/118312"}],"wp:attachment":[{"href":"https:\/\/www.ivinio.com\/en\/wp-json\/wp\/v2\/media?parent=118310"}],"wp:term":[{"taxonomy":"product_brand","embeddable":true,"href":"https:\/\/www.ivinio.com\/en\/wp-json\/wp\/v2\/product_brand?post=118310"},{"taxonomy":"product_cat","embeddable":true,"href":"https:\/\/www.ivinio.com\/en\/wp-json\/wp\/v2\/product_cat?post=118310"},{"taxonomy":"product_tag","embeddable":true,"href":"https:\/\/www.ivinio.com\/en\/wp-json\/wp\/v2\/product_tag?post=118310"}],"curies":[{"name":"wp","href":"https:\/\/api.w.org\/{rel}","templated":true}]}}