{"id":118253,"date":"2014-08-08T19:28:47","date_gmt":"2014-08-08T19:28:47","guid":{"rendered":"https:\/\/henrik.www.ivinio.com\/?product=chateau-mouresse-classic-2018-rose"},"modified":"2026-04-14T18:52:14","modified_gmt":"2026-04-14T16:52:14","slug":"chateau-mouresse-classic-rose","status":"publish","type":"product","link":"https:\/\/www.ivinio.com\/en\/product\/chateau-mouresse-classic-rose\/","title":{"rendered":"Ch\u00e2teau Mouresse Classic &#8211; Ros\u00e9"},"content":{"rendered":"<p>&#8220;Classic&#8221; from Ch\u00e2teau Mouresse is made from 60% Cinsault-, 20% Grenache- and 20% Syrah grapes. The Cinsault and Grenache grapes are macerated immediately after the harvest and they contribute to the delicate pale pink color. The vinification is made per type of vine before contructing the final wine together.<\/p>\n","protected":false},"excerpt":{"rendered":"<p>&#8220;Classic&#8221; from Chateau Mouresse is a typical, bright salmon colored, very well-made ros\u00e9 from Provence with fruity aromas. A wine to drink throughout the meal from appetizers to dessert!<\/p>\n","protected":false},"featured_media":135918,"comment_status":"open","ping_status":"closed","template":"","meta":{"_monsterinsights_skip_tracking":false,"_monsterinsights_sitenote_active":false,"_monsterinsights_sitenote_note":"","_monsterinsights_sitenote_category":0,"_uf_show_specific_survey":0,"_uf_disable_surveys":false},"product_brand":[],"product_cat":[36587,36623],"product_tag":[],"class_list":{"0":"post-118253","1":"product","2":"type-product","3":"status-publish","4":"has-post-thumbnail","6":"product_cat-french-wines","7":"product_cat-en-provence","8":"pa_classification-aop-cotes-de-provence-en","9":"pa_color-rose-en","10":"pa_country-france-en","11":"pa_grape-variety-cinsault-en","12":"pa_grape-variety-grenache-en","13":"pa_grape-variety-syrah","14":"pa_region-provence-en","15":"pa_storage-potential-2-years-en","16":"pa_volume-75-cl-en","18":"first","19":"instock","20":"taxable","21":"shipping-taxable","22":"purchasable","23":"product-type-simple"},"bundled_by":[],"bundle_stock_status":"instock","bundle_stock_quantity":null,"bundle_virtual":false,"bundle_layout":"","bundle_add_to_cart_form_location":"","bundle_editable_in_cart":false,"bundle_sold_individually_context":"","bundle_item_grouping":"","bundle_min_size":"","bundle_max_size":"","bundle_price":[],"bundled_items":[],"bundle_sell_ids":[],"yoast_head":"<!-- This site is optimized with the Yoast SEO plugin v27.6 - https:\/\/yoast.com\/product\/yoast-seo-wordpress\/ -->\n<title>Buy Ch\u00e2teau Mouresse Classic - Ros\u00e9 wine - IVINIO Wine Shop<\/title>\n<meta name=\"description\" content=\"Buy Ch\u00e2teau Mouresse Classic - Ros\u00e9 wine. A typical, bright salmon colored, very well-made ros\u00e9 from Provence with fruity aromas.\" \/>\n<meta name=\"robots\" content=\"index, follow, max-snippet:-1, max-image-preview:large, max-video-preview:-1\" \/>\n<link rel=\"canonical\" href=\"https:\/\/www.ivinio.com\/en\/product\/chateau-mouresse-classic-rose\/\" \/>\n<meta property=\"og:locale\" content=\"en_US\" \/>\n<meta property=\"og:type\" content=\"article\" \/>\n<meta property=\"og:title\" content=\"Buy Ch\u00e2teau Mouresse Classic - Ros\u00e9 wine - IVINIO Wine Shop\" \/>\n<meta property=\"og:description\" content=\"Buy Ch\u00e2teau Mouresse Classic - Ros\u00e9 wine. A typical, bright salmon colored, very well-made ros\u00e9 from Provence with fruity aromas.\" \/>\n<meta property=\"og:url\" content=\"https:\/\/www.ivinio.com\/en\/product\/chateau-mouresse-classic-rose\/\" \/>\n<meta property=\"og:site_name\" content=\"IVINIO Wine Shop\" \/>\n<meta property=\"article:publisher\" content=\"https:\/\/www.facebook.com\/groups\/165217837022391\/?ref=bookmarks\" \/>\n<meta property=\"article:modified_time\" content=\"2026-04-14T16:52:14+00:00\" \/>\n<meta property=\"og:image\" content=\"https:\/\/www.ivinio.com\/wp-content\/uploads\/2014\/08\/Chateau-Mouresse-Classic-Rose-IVINIO.jpg\" \/>\n\t<meta property=\"og:image:width\" content=\"500\" \/>\n\t<meta property=\"og:image:height\" content=\"500\" \/>\n\t<meta property=\"og:image:type\" content=\"image\/jpeg\" \/>\n<meta name=\"twitter:card\" content=\"summary_large_image\" \/>\n<meta name=\"twitter:label1\" content=\"Est. reading time\" \/>\n\t<meta name=\"twitter:data1\" content=\"1 minute\" \/>\n<script type=\"application\/ld+json\" class=\"yoast-schema-graph\">{\"@context\":\"https:\\\/\\\/schema.org\",\"@graph\":[{\"@type\":\"WebPage\",\"@id\":\"https:\\\/\\\/www.ivinio.com\\\/en\\\/product\\\/chateau-mouresse-classic-rose\\\/\",\"url\":\"https:\\\/\\\/www.ivinio.com\\\/en\\\/product\\\/chateau-mouresse-classic-rose\\\/\",\"name\":\"Buy Ch\u00e2teau Mouresse Classic - Ros\u00e9 wine - IVINIO Wine Shop\",\"isPartOf\":{\"@id\":\"https:\\\/\\\/www.ivinio.com\\\/en\\\/#website\"},\"primaryImageOfPage\":{\"@id\":\"https:\\\/\\\/www.ivinio.com\\\/en\\\/product\\\/chateau-mouresse-classic-rose\\\/#primaryimage\"},\"image\":{\"@id\":\"https:\\\/\\\/www.ivinio.com\\\/en\\\/product\\\/chateau-mouresse-classic-rose\\\/#primaryimage\"},\"thumbnailUrl\":\"https:\\\/\\\/www.ivinio.com\\\/wp-content\\\/uploads\\\/2014\\\/08\\\/Chateau-Mouresse-Classic-Rose-IVINIO.jpg\",\"datePublished\":\"2014-08-08T19:28:47+00:00\",\"dateModified\":\"2026-04-14T16:52:14+00:00\",\"description\":\"Buy Ch\u00e2teau Mouresse Classic - Ros\u00e9 wine. A typical, bright salmon colored, very well-made ros\u00e9 from Provence with fruity aromas.\",\"breadcrumb\":{\"@id\":\"https:\\\/\\\/www.ivinio.com\\\/en\\\/product\\\/chateau-mouresse-classic-rose\\\/#breadcrumb\"},\"inLanguage\":\"en-US\",\"potentialAction\":[{\"@type\":\"ReadAction\",\"target\":[\"https:\\\/\\\/www.ivinio.com\\\/en\\\/product\\\/chateau-mouresse-classic-rose\\\/\"]}]},{\"@type\":\"ImageObject\",\"inLanguage\":\"en-US\",\"@id\":\"https:\\\/\\\/www.ivinio.com\\\/en\\\/product\\\/chateau-mouresse-classic-rose\\\/#primaryimage\",\"url\":\"https:\\\/\\\/www.ivinio.com\\\/wp-content\\\/uploads\\\/2014\\\/08\\\/Chateau-Mouresse-Classic-Rose-IVINIO.jpg\",\"contentUrl\":\"https:\\\/\\\/www.ivinio.com\\\/wp-content\\\/uploads\\\/2014\\\/08\\\/Chateau-Mouresse-Classic-Rose-IVINIO.jpg\",\"width\":500,\"height\":500},{\"@type\":\"BreadcrumbList\",\"@id\":\"https:\\\/\\\/www.ivinio.com\\\/en\\\/product\\\/chateau-mouresse-classic-rose\\\/#breadcrumb\",\"itemListElement\":[{\"@type\":\"ListItem\",\"position\":1,\"name\":\"Home\",\"item\":\"https:\\\/\\\/www.ivinio.com\\\/en\\\/\"},{\"@type\":\"ListItem\",\"position\":2,\"name\":\"Wine-shop\",\"item\":\"https:\\\/\\\/www.ivinio.com\\\/en\\\/wine-shop\\\/\"},{\"@type\":\"ListItem\",\"position\":3,\"name\":\"Ch\u00e2teau Mouresse Classic &#8211; Ros\u00e9\"}]},{\"@type\":\"WebSite\",\"@id\":\"https:\\\/\\\/www.ivinio.com\\\/en\\\/#website\",\"url\":\"https:\\\/\\\/www.ivinio.com\\\/en\\\/\",\"name\":\"IVINIO Wine Shop\",\"description\":\"French and Italian wines with delivery to your door\",\"publisher\":{\"@id\":\"https:\\\/\\\/www.ivinio.com\\\/en\\\/#organization\"},\"potentialAction\":[{\"@type\":\"SearchAction\",\"target\":{\"@type\":\"EntryPoint\",\"urlTemplate\":\"https:\\\/\\\/www.ivinio.com\\\/en\\\/?s={search_term_string}\"},\"query-input\":{\"@type\":\"PropertyValueSpecification\",\"valueRequired\":true,\"valueName\":\"search_term_string\"}}],\"inLanguage\":\"en-US\"},{\"@type\":\"Organization\",\"@id\":\"https:\\\/\\\/www.ivinio.com\\\/en\\\/#organization\",\"name\":\"IVINIO\",\"url\":\"https:\\\/\\\/www.ivinio.com\\\/en\\\/\",\"logo\":{\"@type\":\"ImageObject\",\"inLanguage\":\"en-US\",\"@id\":\"https:\\\/\\\/www.ivinio.com\\\/en\\\/#\\\/schema\\\/logo\\\/image\\\/\",\"url\":\"https:\\\/\\\/www.ivinio.com\\\/wp-content\\\/uploads\\\/2021\\\/01\\\/Logo-Ivinio-v2.jpg\",\"contentUrl\":\"https:\\\/\\\/www.ivinio.com\\\/wp-content\\\/uploads\\\/2021\\\/01\\\/Logo-Ivinio-v2.jpg\",\"width\":1194,\"height\":1194,\"caption\":\"IVINIO\"},\"image\":{\"@id\":\"https:\\\/\\\/www.ivinio.com\\\/en\\\/#\\\/schema\\\/logo\\\/image\\\/\"},\"sameAs\":[\"https:\\\/\\\/www.facebook.com\\\/groups\\\/165217837022391\\\/?ref=bookmarks\",\"https:\\\/\\\/www.instagram.com\\\/_ivinio_\\\/?hl=fr\"]}]}<\/script>\n<!-- \/ Yoast SEO plugin. -->","yoast_head_json":{"title":"Buy Ch\u00e2teau Mouresse Classic - Ros\u00e9 wine - IVINIO Wine Shop","description":"Buy Ch\u00e2teau Mouresse Classic - Ros\u00e9 wine. A typical, bright salmon colored, very well-made ros\u00e9 from Provence with fruity aromas.","robots":{"index":"index","follow":"follow","max-snippet":"max-snippet:-1","max-image-preview":"max-image-preview:large","max-video-preview":"max-video-preview:-1"},"canonical":"https:\/\/www.ivinio.com\/en\/product\/chateau-mouresse-classic-rose\/","og_locale":"en_US","og_type":"article","og_title":"Buy Ch\u00e2teau Mouresse Classic - Ros\u00e9 wine - IVINIO Wine Shop","og_description":"Buy Ch\u00e2teau Mouresse Classic - Ros\u00e9 wine. A typical, bright salmon colored, very well-made ros\u00e9 from Provence with fruity aromas.","og_url":"https:\/\/www.ivinio.com\/en\/product\/chateau-mouresse-classic-rose\/","og_site_name":"IVINIO Wine Shop","article_publisher":"https:\/\/www.facebook.com\/groups\/165217837022391\/?ref=bookmarks","article_modified_time":"2026-04-14T16:52:14+00:00","og_image":[{"width":500,"height":500,"url":"https:\/\/www.ivinio.com\/wp-content\/uploads\/2014\/08\/Chateau-Mouresse-Classic-Rose-IVINIO.jpg","type":"image\/jpeg"}],"twitter_card":"summary_large_image","twitter_misc":{"Est. reading time":"1 minute"},"schema":{"@context":"https:\/\/schema.org","@graph":[{"@type":"WebPage","@id":"https:\/\/www.ivinio.com\/en\/product\/chateau-mouresse-classic-rose\/","url":"https:\/\/www.ivinio.com\/en\/product\/chateau-mouresse-classic-rose\/","name":"Buy Ch\u00e2teau Mouresse Classic - Ros\u00e9 wine - IVINIO Wine Shop","isPartOf":{"@id":"https:\/\/www.ivinio.com\/en\/#website"},"primaryImageOfPage":{"@id":"https:\/\/www.ivinio.com\/en\/product\/chateau-mouresse-classic-rose\/#primaryimage"},"image":{"@id":"https:\/\/www.ivinio.com\/en\/product\/chateau-mouresse-classic-rose\/#primaryimage"},"thumbnailUrl":"https:\/\/www.ivinio.com\/wp-content\/uploads\/2014\/08\/Chateau-Mouresse-Classic-Rose-IVINIO.jpg","datePublished":"2014-08-08T19:28:47+00:00","dateModified":"2026-04-14T16:52:14+00:00","description":"Buy Ch\u00e2teau Mouresse Classic - Ros\u00e9 wine. A typical, bright salmon colored, very well-made ros\u00e9 from Provence with fruity aromas.","breadcrumb":{"@id":"https:\/\/www.ivinio.com\/en\/product\/chateau-mouresse-classic-rose\/#breadcrumb"},"inLanguage":"en-US","potentialAction":[{"@type":"ReadAction","target":["https:\/\/www.ivinio.com\/en\/product\/chateau-mouresse-classic-rose\/"]}]},{"@type":"ImageObject","inLanguage":"en-US","@id":"https:\/\/www.ivinio.com\/en\/product\/chateau-mouresse-classic-rose\/#primaryimage","url":"https:\/\/www.ivinio.com\/wp-content\/uploads\/2014\/08\/Chateau-Mouresse-Classic-Rose-IVINIO.jpg","contentUrl":"https:\/\/www.ivinio.com\/wp-content\/uploads\/2014\/08\/Chateau-Mouresse-Classic-Rose-IVINIO.jpg","width":500,"height":500},{"@type":"BreadcrumbList","@id":"https:\/\/www.ivinio.com\/en\/product\/chateau-mouresse-classic-rose\/#breadcrumb","itemListElement":[{"@type":"ListItem","position":1,"name":"Home","item":"https:\/\/www.ivinio.com\/en\/"},{"@type":"ListItem","position":2,"name":"Wine-shop","item":"https:\/\/www.ivinio.com\/en\/wine-shop\/"},{"@type":"ListItem","position":3,"name":"Ch\u00e2teau Mouresse Classic &#8211; Ros\u00e9"}]},{"@type":"WebSite","@id":"https:\/\/www.ivinio.com\/en\/#website","url":"https:\/\/www.ivinio.com\/en\/","name":"IVINIO Wine Shop","description":"French and Italian wines with delivery to your door","publisher":{"@id":"https:\/\/www.ivinio.com\/en\/#organization"},"potentialAction":[{"@type":"SearchAction","target":{"@type":"EntryPoint","urlTemplate":"https:\/\/www.ivinio.com\/en\/?s={search_term_string}"},"query-input":{"@type":"PropertyValueSpecification","valueRequired":true,"valueName":"search_term_string"}}],"inLanguage":"en-US"},{"@type":"Organization","@id":"https:\/\/www.ivinio.com\/en\/#organization","name":"IVINIO","url":"https:\/\/www.ivinio.com\/en\/","logo":{"@type":"ImageObject","inLanguage":"en-US","@id":"https:\/\/www.ivinio.com\/en\/#\/schema\/logo\/image\/","url":"https:\/\/www.ivinio.com\/wp-content\/uploads\/2021\/01\/Logo-Ivinio-v2.jpg","contentUrl":"https:\/\/www.ivinio.com\/wp-content\/uploads\/2021\/01\/Logo-Ivinio-v2.jpg","width":1194,"height":1194,"caption":"IVINIO"},"image":{"@id":"https:\/\/www.ivinio.com\/en\/#\/schema\/logo\/image\/"},"sameAs":["https:\/\/www.facebook.com\/groups\/165217837022391\/?ref=bookmarks","https:\/\/www.instagram.com\/_ivinio_\/?hl=fr"]}]}},"jetpack_sharing_enabled":true,"_links":{"self":[{"href":"https:\/\/www.ivinio.com\/en\/wp-json\/wp\/v2\/product\/118253","targetHints":{"allow":["GET"]}}],"collection":[{"href":"https:\/\/www.ivinio.com\/en\/wp-json\/wp\/v2\/product"}],"about":[{"href":"https:\/\/www.ivinio.com\/en\/wp-json\/wp\/v2\/types\/product"}],"replies":[{"embeddable":true,"href":"https:\/\/www.ivinio.com\/en\/wp-json\/wp\/v2\/comments?post=118253"}],"wp:featuredmedia":[{"embeddable":true,"href":"https:\/\/www.ivinio.com\/en\/wp-json\/wp\/v2\/media\/135918"}],"wp:attachment":[{"href":"https:\/\/www.ivinio.com\/en\/wp-json\/wp\/v2\/media?parent=118253"}],"wp:term":[{"taxonomy":"product_brand","embeddable":true,"href":"https:\/\/www.ivinio.com\/en\/wp-json\/wp\/v2\/product_brand?post=118253"},{"taxonomy":"product_cat","embeddable":true,"href":"https:\/\/www.ivinio.com\/en\/wp-json\/wp\/v2\/product_cat?post=118253"},{"taxonomy":"product_tag","embeddable":true,"href":"https:\/\/www.ivinio.com\/en\/wp-json\/wp\/v2\/product_tag?post=118253"}],"curies":[{"name":"wp","href":"https:\/\/api.w.org\/{rel}","templated":true}]}}