{"id":118223,"date":"2014-07-22T17:29:52","date_gmt":"2014-07-22T17:29:52","guid":{"rendered":"https:\/\/henrik.www.ivinio.com\/?product=domaine-gavoty-la-cigale-rose"},"modified":"2022-03-13T11:51:24","modified_gmt":"2022-03-13T10:51:24","slug":"domaine-gavoty-la-cigale-rose","status":"publish","type":"product","link":"https:\/\/www.ivinio.com\/en\/product\/domaine-gavoty-la-cigale-rose\/","title":{"rendered":"Domaine Gavoty &#8211; La Cigale &#8211; Ros\u00e9"},"content":{"rendered":"<p>&#8220;La Cigale&#8221; from Domaine Gavoty is made of Grenache- and Cinsault grapes. The grapes macerate immediately after the harvest in order to create the wine&#8217;s fruity aromas. The fermentation then lasts for 12 days at 17 \u00b0 C. The finalized wine is bottled in March the year following the harvest.<\/p>\n","protected":false},"excerpt":{"rendered":"<p>&#8220;La Cigale&#8221; is the name of the typical Proven\u00e7al locust variant whose song can be heard across the entire Provence in summer months. And certainly fits the name well into this fruity ros\u00e9 from Provence &#8211; to serve as an aperitif, together with a grilled piece of fish with tapenade or a pasta with pesto!<\/p>\n","protected":false},"featured_media":138645,"comment_status":"open","ping_status":"closed","template":"","meta":{"_monsterinsights_skip_tracking":false,"_monsterinsights_sitenote_active":false,"_monsterinsights_sitenote_note":"","_monsterinsights_sitenote_category":0,"_uf_show_specific_survey":0,"_uf_disable_surveys":false},"product_brand":[],"product_cat":[36587,36623],"product_tag":[],"class_list":{"0":"post-118223","1":"product","2":"type-product","3":"status-publish","4":"has-post-thumbnail","6":"product_cat-french-wines","7":"product_cat-en-provence","8":"pa_alcohol-degree-13-en","9":"pa_classification-igp-var-en","10":"pa_color-rose-en","11":"pa_country-france-en","12":"pa_grape-variety-cinsault-en","13":"pa_grape-variety-grenache-en","14":"pa_region-provence-en","15":"pa_volume-75-cl-en","17":"first","18":"instock","19":"taxable","20":"shipping-taxable","21":"purchasable","22":"product-type-simple"},"bundled_by":[],"bundle_stock_status":"instock","bundle_stock_quantity":null,"bundle_virtual":false,"bundle_layout":"","bundle_add_to_cart_form_location":"","bundle_editable_in_cart":false,"bundle_sold_individually_context":"","bundle_item_grouping":"","bundle_min_size":"","bundle_max_size":"","bundle_price":[],"bundled_items":[],"bundle_sell_ids":[],"yoast_head":"<!-- This site is optimized with the Yoast SEO plugin v27.5 - https:\/\/yoast.com\/product\/yoast-seo-wordpress\/ -->\n<title>Buy Domaine Gavoty - La Cigale - Ros\u00e9 wine - IVINIO Wine Shop<\/title>\n<meta name=\"description\" content=\"Buy Domaine Gavoty - La Cigale - Ros\u00e9 wine. It&#039;s the name of the Proven\u00e7al locust. TTo serve as an aperitif, together with a grilled fish.\" \/>\n<meta name=\"robots\" content=\"index, follow, max-snippet:-1, max-image-preview:large, max-video-preview:-1\" \/>\n<link rel=\"canonical\" href=\"https:\/\/www.ivinio.com\/en\/product\/domaine-gavoty-la-cigale-rose\/\" \/>\n<meta property=\"og:locale\" content=\"en_US\" \/>\n<meta property=\"og:type\" content=\"article\" \/>\n<meta property=\"og:title\" content=\"Buy Domaine Gavoty - La Cigale - Ros\u00e9 wine - IVINIO Wine Shop\" \/>\n<meta property=\"og:description\" content=\"Buy Domaine Gavoty - La Cigale - Ros\u00e9 wine. It&#039;s the name of the Proven\u00e7al locust. TTo serve as an aperitif, together with a grilled fish.\" \/>\n<meta property=\"og:url\" content=\"https:\/\/www.ivinio.com\/en\/product\/domaine-gavoty-la-cigale-rose\/\" \/>\n<meta property=\"og:site_name\" content=\"IVINIO Wine Shop\" \/>\n<meta property=\"article:publisher\" content=\"https:\/\/www.facebook.com\/groups\/165217837022391\/?ref=bookmarks\" \/>\n<meta property=\"article:modified_time\" content=\"2022-03-13T10:51:24+00:00\" \/>\n<meta property=\"og:image\" content=\"https:\/\/www.ivinio.com\/wp-content\/uploads\/nc\/public\/modules\/file\/pictures\/4720.gavotycigaleros-500x500.jpg\" \/>\n\t<meta property=\"og:image:width\" content=\"500\" \/>\n\t<meta property=\"og:image:height\" content=\"500\" \/>\n\t<meta property=\"og:image:type\" content=\"image\/jpeg\" \/>\n<meta name=\"twitter:card\" content=\"summary_large_image\" \/>\n<script type=\"application\/ld+json\" class=\"yoast-schema-graph\">{\"@context\":\"https:\\\/\\\/schema.org\",\"@graph\":[{\"@type\":\"WebPage\",\"@id\":\"https:\\\/\\\/www.ivinio.com\\\/en\\\/product\\\/domaine-gavoty-la-cigale-rose\\\/\",\"url\":\"https:\\\/\\\/www.ivinio.com\\\/en\\\/product\\\/domaine-gavoty-la-cigale-rose\\\/\",\"name\":\"Buy Domaine Gavoty - La Cigale - Ros\u00e9 wine - IVINIO Wine Shop\",\"isPartOf\":{\"@id\":\"https:\\\/\\\/www.ivinio.com\\\/en\\\/#website\"},\"primaryImageOfPage\":{\"@id\":\"https:\\\/\\\/www.ivinio.com\\\/en\\\/product\\\/domaine-gavoty-la-cigale-rose\\\/#primaryimage\"},\"image\":{\"@id\":\"https:\\\/\\\/www.ivinio.com\\\/en\\\/product\\\/domaine-gavoty-la-cigale-rose\\\/#primaryimage\"},\"thumbnailUrl\":\"https:\\\/\\\/www.ivinio.com\\\/wp-content\\\/uploads\\\/2014\\\/07\\\/domaine-gavoty-la-cigale-rose.jpg\",\"datePublished\":\"2014-07-22T17:29:52+00:00\",\"dateModified\":\"2022-03-13T10:51:24+00:00\",\"description\":\"Buy Domaine Gavoty - La Cigale - Ros\u00e9 wine. It's the name of the Proven\u00e7al locust. TTo serve as an aperitif, together with a grilled fish.\",\"breadcrumb\":{\"@id\":\"https:\\\/\\\/www.ivinio.com\\\/en\\\/product\\\/domaine-gavoty-la-cigale-rose\\\/#breadcrumb\"},\"inLanguage\":\"en-US\",\"potentialAction\":[{\"@type\":\"ReadAction\",\"target\":[\"https:\\\/\\\/www.ivinio.com\\\/en\\\/product\\\/domaine-gavoty-la-cigale-rose\\\/\"]}]},{\"@type\":\"ImageObject\",\"inLanguage\":\"en-US\",\"@id\":\"https:\\\/\\\/www.ivinio.com\\\/en\\\/product\\\/domaine-gavoty-la-cigale-rose\\\/#primaryimage\",\"url\":\"https:\\\/\\\/www.ivinio.com\\\/wp-content\\\/uploads\\\/2014\\\/07\\\/domaine-gavoty-la-cigale-rose.jpg\",\"contentUrl\":\"https:\\\/\\\/www.ivinio.com\\\/wp-content\\\/uploads\\\/2014\\\/07\\\/domaine-gavoty-la-cigale-rose.jpg\",\"width\":500,\"height\":500},{\"@type\":\"BreadcrumbList\",\"@id\":\"https:\\\/\\\/www.ivinio.com\\\/en\\\/product\\\/domaine-gavoty-la-cigale-rose\\\/#breadcrumb\",\"itemListElement\":[{\"@type\":\"ListItem\",\"position\":1,\"name\":\"Home\",\"item\":\"https:\\\/\\\/www.ivinio.com\\\/en\\\/\"},{\"@type\":\"ListItem\",\"position\":2,\"name\":\"Wine-shop\",\"item\":\"https:\\\/\\\/www.ivinio.com\\\/en\\\/wine-shop\\\/\"},{\"@type\":\"ListItem\",\"position\":3,\"name\":\"Domaine Gavoty &#8211; La Cigale &#8211; Ros\u00e9\"}]},{\"@type\":\"WebSite\",\"@id\":\"https:\\\/\\\/www.ivinio.com\\\/en\\\/#website\",\"url\":\"https:\\\/\\\/www.ivinio.com\\\/en\\\/\",\"name\":\"IVINIO Wine Shop\",\"description\":\"French and Italian wines with delivery to your door\",\"publisher\":{\"@id\":\"https:\\\/\\\/www.ivinio.com\\\/en\\\/#organization\"},\"potentialAction\":[{\"@type\":\"SearchAction\",\"target\":{\"@type\":\"EntryPoint\",\"urlTemplate\":\"https:\\\/\\\/www.ivinio.com\\\/en\\\/?s={search_term_string}\"},\"query-input\":{\"@type\":\"PropertyValueSpecification\",\"valueRequired\":true,\"valueName\":\"search_term_string\"}}],\"inLanguage\":\"en-US\"},{\"@type\":\"Organization\",\"@id\":\"https:\\\/\\\/www.ivinio.com\\\/en\\\/#organization\",\"name\":\"IVINIO\",\"url\":\"https:\\\/\\\/www.ivinio.com\\\/en\\\/\",\"logo\":{\"@type\":\"ImageObject\",\"inLanguage\":\"en-US\",\"@id\":\"https:\\\/\\\/www.ivinio.com\\\/en\\\/#\\\/schema\\\/logo\\\/image\\\/\",\"url\":\"https:\\\/\\\/www.ivinio.com\\\/wp-content\\\/uploads\\\/2021\\\/01\\\/Logo-Ivinio-v2.jpg\",\"contentUrl\":\"https:\\\/\\\/www.ivinio.com\\\/wp-content\\\/uploads\\\/2021\\\/01\\\/Logo-Ivinio-v2.jpg\",\"width\":1194,\"height\":1194,\"caption\":\"IVINIO\"},\"image\":{\"@id\":\"https:\\\/\\\/www.ivinio.com\\\/en\\\/#\\\/schema\\\/logo\\\/image\\\/\"},\"sameAs\":[\"https:\\\/\\\/www.facebook.com\\\/groups\\\/165217837022391\\\/?ref=bookmarks\",\"https:\\\/\\\/www.instagram.com\\\/_ivinio_\\\/?hl=fr\"]}]}<\/script>\n<!-- \/ Yoast SEO plugin. -->","yoast_head_json":{"title":"Buy Domaine Gavoty - La Cigale - Ros\u00e9 wine - IVINIO Wine Shop","description":"Buy Domaine Gavoty - La Cigale - Ros\u00e9 wine. It's the name of the Proven\u00e7al locust. TTo serve as an aperitif, together with a grilled fish.","robots":{"index":"index","follow":"follow","max-snippet":"max-snippet:-1","max-image-preview":"max-image-preview:large","max-video-preview":"max-video-preview:-1"},"canonical":"https:\/\/www.ivinio.com\/en\/product\/domaine-gavoty-la-cigale-rose\/","og_locale":"en_US","og_type":"article","og_title":"Buy Domaine Gavoty - La Cigale - Ros\u00e9 wine - IVINIO Wine Shop","og_description":"Buy Domaine Gavoty - La Cigale - Ros\u00e9 wine. It's the name of the Proven\u00e7al locust. TTo serve as an aperitif, together with a grilled fish.","og_url":"https:\/\/www.ivinio.com\/en\/product\/domaine-gavoty-la-cigale-rose\/","og_site_name":"IVINIO Wine Shop","article_publisher":"https:\/\/www.facebook.com\/groups\/165217837022391\/?ref=bookmarks","article_modified_time":"2022-03-13T10:51:24+00:00","og_image":[{"width":500,"height":500,"url":"https:\/\/www.ivinio.com\/wp-content\/uploads\/nc\/public\/modules\/file\/pictures\/4720.gavotycigaleros-500x500.jpg","type":"image\/jpeg"}],"twitter_card":"summary_large_image","schema":{"@context":"https:\/\/schema.org","@graph":[{"@type":"WebPage","@id":"https:\/\/www.ivinio.com\/en\/product\/domaine-gavoty-la-cigale-rose\/","url":"https:\/\/www.ivinio.com\/en\/product\/domaine-gavoty-la-cigale-rose\/","name":"Buy Domaine Gavoty - La Cigale - Ros\u00e9 wine - IVINIO Wine Shop","isPartOf":{"@id":"https:\/\/www.ivinio.com\/en\/#website"},"primaryImageOfPage":{"@id":"https:\/\/www.ivinio.com\/en\/product\/domaine-gavoty-la-cigale-rose\/#primaryimage"},"image":{"@id":"https:\/\/www.ivinio.com\/en\/product\/domaine-gavoty-la-cigale-rose\/#primaryimage"},"thumbnailUrl":"https:\/\/www.ivinio.com\/wp-content\/uploads\/2014\/07\/domaine-gavoty-la-cigale-rose.jpg","datePublished":"2014-07-22T17:29:52+00:00","dateModified":"2022-03-13T10:51:24+00:00","description":"Buy Domaine Gavoty - La Cigale - Ros\u00e9 wine. It's the name of the Proven\u00e7al locust. TTo serve as an aperitif, together with a grilled fish.","breadcrumb":{"@id":"https:\/\/www.ivinio.com\/en\/product\/domaine-gavoty-la-cigale-rose\/#breadcrumb"},"inLanguage":"en-US","potentialAction":[{"@type":"ReadAction","target":["https:\/\/www.ivinio.com\/en\/product\/domaine-gavoty-la-cigale-rose\/"]}]},{"@type":"ImageObject","inLanguage":"en-US","@id":"https:\/\/www.ivinio.com\/en\/product\/domaine-gavoty-la-cigale-rose\/#primaryimage","url":"https:\/\/www.ivinio.com\/wp-content\/uploads\/2014\/07\/domaine-gavoty-la-cigale-rose.jpg","contentUrl":"https:\/\/www.ivinio.com\/wp-content\/uploads\/2014\/07\/domaine-gavoty-la-cigale-rose.jpg","width":500,"height":500},{"@type":"BreadcrumbList","@id":"https:\/\/www.ivinio.com\/en\/product\/domaine-gavoty-la-cigale-rose\/#breadcrumb","itemListElement":[{"@type":"ListItem","position":1,"name":"Home","item":"https:\/\/www.ivinio.com\/en\/"},{"@type":"ListItem","position":2,"name":"Wine-shop","item":"https:\/\/www.ivinio.com\/en\/wine-shop\/"},{"@type":"ListItem","position":3,"name":"Domaine Gavoty &#8211; La Cigale &#8211; Ros\u00e9"}]},{"@type":"WebSite","@id":"https:\/\/www.ivinio.com\/en\/#website","url":"https:\/\/www.ivinio.com\/en\/","name":"IVINIO Wine Shop","description":"French and Italian wines with delivery to your door","publisher":{"@id":"https:\/\/www.ivinio.com\/en\/#organization"},"potentialAction":[{"@type":"SearchAction","target":{"@type":"EntryPoint","urlTemplate":"https:\/\/www.ivinio.com\/en\/?s={search_term_string}"},"query-input":{"@type":"PropertyValueSpecification","valueRequired":true,"valueName":"search_term_string"}}],"inLanguage":"en-US"},{"@type":"Organization","@id":"https:\/\/www.ivinio.com\/en\/#organization","name":"IVINIO","url":"https:\/\/www.ivinio.com\/en\/","logo":{"@type":"ImageObject","inLanguage":"en-US","@id":"https:\/\/www.ivinio.com\/en\/#\/schema\/logo\/image\/","url":"https:\/\/www.ivinio.com\/wp-content\/uploads\/2021\/01\/Logo-Ivinio-v2.jpg","contentUrl":"https:\/\/www.ivinio.com\/wp-content\/uploads\/2021\/01\/Logo-Ivinio-v2.jpg","width":1194,"height":1194,"caption":"IVINIO"},"image":{"@id":"https:\/\/www.ivinio.com\/en\/#\/schema\/logo\/image\/"},"sameAs":["https:\/\/www.facebook.com\/groups\/165217837022391\/?ref=bookmarks","https:\/\/www.instagram.com\/_ivinio_\/?hl=fr"]}]}},"jetpack_sharing_enabled":true,"_links":{"self":[{"href":"https:\/\/www.ivinio.com\/en\/wp-json\/wp\/v2\/product\/118223","targetHints":{"allow":["GET"]}}],"collection":[{"href":"https:\/\/www.ivinio.com\/en\/wp-json\/wp\/v2\/product"}],"about":[{"href":"https:\/\/www.ivinio.com\/en\/wp-json\/wp\/v2\/types\/product"}],"replies":[{"embeddable":true,"href":"https:\/\/www.ivinio.com\/en\/wp-json\/wp\/v2\/comments?post=118223"}],"wp:featuredmedia":[{"embeddable":true,"href":"https:\/\/www.ivinio.com\/en\/wp-json\/wp\/v2\/media\/138645"}],"wp:attachment":[{"href":"https:\/\/www.ivinio.com\/en\/wp-json\/wp\/v2\/media?parent=118223"}],"wp:term":[{"taxonomy":"product_brand","embeddable":true,"href":"https:\/\/www.ivinio.com\/en\/wp-json\/wp\/v2\/product_brand?post=118223"},{"taxonomy":"product_cat","embeddable":true,"href":"https:\/\/www.ivinio.com\/en\/wp-json\/wp\/v2\/product_cat?post=118223"},{"taxonomy":"product_tag","embeddable":true,"href":"https:\/\/www.ivinio.com\/en\/wp-json\/wp\/v2\/product_tag?post=118223"}],"curies":[{"name":"wp","href":"https:\/\/api.w.org\/{rel}","templated":true}]}}