{"id":118177,"date":"2014-07-05T16:12:23","date_gmt":"2014-07-05T16:12:23","guid":{"rendered":"https:\/\/henrik.www.ivinio.com\/?product=cave-saint-desirat-st-joseph-cuvee-septentrio-2017-red"},"modified":"2026-04-25T19:29:07","modified_gmt":"2026-04-25T17:29:07","slug":"cave-saint-desirat-st-joseph-cuvee-septentrio-2017-red","status":"publish","type":"product","link":"https:\/\/www.ivinio.com\/en\/product\/cave-saint-desirat-st-joseph-cuvee-septentrio-2017-red\/","title":{"rendered":"Cave Saint D\u00e9sirat &#8211; St Joseph Cuv\u00e9e Septentrio &#8211; Red"},"content":{"rendered":"<p>St. Joseph Cuv\u00e9e Septentrio is made from 100% Syrah grapes, harvested manually at controlled perfect ripeness. The grapes are\u00a0put in baskets and are\u00a0then immediately transferred to the wine cellar. The grapes are let to\u00a0macerate for 3-4 weeks before the fermentation starts at 30\/32 \u00b0C temperature. The malolactic fermentation then follows and the finished wine is transferred into\u00a0stealcovered concrete tanks and is stored there over the winter. The wine clarifies naturally during this time. After a few months, the wine is passed over into oak barrels for further storage.<\/p>\n","protected":false},"excerpt":{"rendered":"<p>Cuv\u00e9e &#8220;Septentrio&#8221; from the appellation Saint Joseph is a red wine made from 100% Syrah grapes with aromas of black currant and blackberry with hints of vanilla.<\/p>\n","protected":false},"featured_media":118179,"comment_status":"open","ping_status":"closed","template":"","meta":{"_monsterinsights_skip_tracking":false,"_monsterinsights_sitenote_active":false,"_monsterinsights_sitenote_note":"","_monsterinsights_sitenote_category":0,"_uf_show_specific_survey":0,"_uf_disable_surveys":false},"product_brand":[],"product_cat":[36587,36620],"product_tag":[],"class_list":{"0":"post-118177","1":"product","2":"type-product","3":"status-publish","4":"has-post-thumbnail","6":"product_cat-french-wines","7":"product_cat-en-rhone-valley","8":"pa_awards-concours-international-des-vins-a-lyon-en","9":"pa_awards-gilbert-et-gaillard-en","10":"pa_awards-guide-hachette-en","11":"pa_classification-aop-saint-joseph-en","12":"pa_grape-variety-syrah","13":"pa_vintage-2023-en","14":"pa_volume-75-cl-en","16":"first","17":"instock","18":"taxable","19":"shipping-taxable","20":"purchasable","21":"product-type-simple"},"bundled_by":[],"bundle_stock_status":"instock","bundle_stock_quantity":null,"bundle_virtual":false,"bundle_layout":"","bundle_add_to_cart_form_location":"","bundle_editable_in_cart":false,"bundle_sold_individually_context":"","bundle_item_grouping":"","bundle_min_size":"","bundle_max_size":"","bundle_price":[],"bundled_items":[],"bundle_sell_ids":[],"yoast_head":"<!-- This site is optimized with the Yoast SEO plugin v27.6 - https:\/\/yoast.com\/product\/yoast-seo-wordpress\/ -->\n<title>Buy Cave Saint D\u00e9sirat - St Joseph Cuv\u00e9e Septentrio - Red - IVINIO Wine Shop<\/title>\n<meta name=\"description\" content=\"Buy Cave Saint D\u00e9sirat - St Joseph Cuv\u00e9e Septentrio - Red wine 100% Syrah. Blackcurrant, blackberry, vanilla and undergrowth.\" \/>\n<meta name=\"robots\" content=\"index, follow, max-snippet:-1, max-image-preview:large, max-video-preview:-1\" \/>\n<link rel=\"canonical\" href=\"https:\/\/www.ivinio.com\/en\/product\/cave-saint-desirat-st-joseph-cuvee-septentrio-2017-red\/\" \/>\n<meta property=\"og:locale\" content=\"en_US\" \/>\n<meta property=\"og:type\" content=\"article\" \/>\n<meta property=\"og:title\" content=\"Buy Cave Saint D\u00e9sirat - St Joseph Cuv\u00e9e Septentrio - Red - IVINIO Wine Shop\" \/>\n<meta property=\"og:description\" content=\"Buy Cave Saint D\u00e9sirat - St Joseph Cuv\u00e9e Septentrio - Red wine 100% Syrah. Blackcurrant, blackberry, vanilla and undergrowth.\" \/>\n<meta property=\"og:url\" content=\"https:\/\/www.ivinio.com\/en\/product\/cave-saint-desirat-st-joseph-cuvee-septentrio-2017-red\/\" \/>\n<meta property=\"og:site_name\" content=\"IVINIO Wine Shop\" \/>\n<meta property=\"article:publisher\" content=\"https:\/\/www.facebook.com\/groups\/165217837022391\/?ref=bookmarks\" \/>\n<meta property=\"article:modified_time\" content=\"2026-04-25T17:29:07+00:00\" \/>\n<meta property=\"og:image\" content=\"https:\/\/www.ivinio.com\/wp-content\/uploads\/nc\/public\/modules\/file\/pictures\/4685.saintdesiratseptentrio500x5.jpg\" \/>\n\t<meta property=\"og:image:width\" content=\"500\" \/>\n\t<meta property=\"og:image:height\" content=\"500\" \/>\n\t<meta property=\"og:image:type\" content=\"image\/jpeg\" \/>\n<meta name=\"twitter:card\" content=\"summary_large_image\" \/>\n<meta name=\"twitter:label1\" content=\"Est. reading time\" \/>\n\t<meta name=\"twitter:data1\" content=\"1 minute\" \/>\n<script type=\"application\/ld+json\" class=\"yoast-schema-graph\">{\"@context\":\"https:\\\/\\\/schema.org\",\"@graph\":[{\"@type\":\"WebPage\",\"@id\":\"https:\\\/\\\/www.ivinio.com\\\/en\\\/product\\\/cave-saint-desirat-st-joseph-cuvee-septentrio-2017-red\\\/\",\"url\":\"https:\\\/\\\/www.ivinio.com\\\/en\\\/product\\\/cave-saint-desirat-st-joseph-cuvee-septentrio-2017-red\\\/\",\"name\":\"Buy Cave Saint D\u00e9sirat - St Joseph Cuv\u00e9e Septentrio - Red - IVINIO Wine Shop\",\"isPartOf\":{\"@id\":\"https:\\\/\\\/www.ivinio.com\\\/en\\\/#website\"},\"primaryImageOfPage\":{\"@id\":\"https:\\\/\\\/www.ivinio.com\\\/en\\\/product\\\/cave-saint-desirat-st-joseph-cuvee-septentrio-2017-red\\\/#primaryimage\"},\"image\":{\"@id\":\"https:\\\/\\\/www.ivinio.com\\\/en\\\/product\\\/cave-saint-desirat-st-joseph-cuvee-septentrio-2017-red\\\/#primaryimage\"},\"thumbnailUrl\":\"https:\\\/\\\/www.ivinio.com\\\/wp-content\\\/uploads\\\/nc\\\/public\\\/modules\\\/file\\\/pictures\\\/4685.saintdesiratseptentrio500x5.jpg\",\"datePublished\":\"2014-07-05T16:12:23+00:00\",\"dateModified\":\"2026-04-25T17:29:07+00:00\",\"description\":\"Buy Cave Saint D\u00e9sirat - St Joseph Cuv\u00e9e Septentrio - Red wine 100% Syrah. Blackcurrant, blackberry, vanilla and undergrowth.\",\"breadcrumb\":{\"@id\":\"https:\\\/\\\/www.ivinio.com\\\/en\\\/product\\\/cave-saint-desirat-st-joseph-cuvee-septentrio-2017-red\\\/#breadcrumb\"},\"inLanguage\":\"en-US\",\"potentialAction\":[{\"@type\":\"ReadAction\",\"target\":[\"https:\\\/\\\/www.ivinio.com\\\/en\\\/product\\\/cave-saint-desirat-st-joseph-cuvee-septentrio-2017-red\\\/\"]}]},{\"@type\":\"ImageObject\",\"inLanguage\":\"en-US\",\"@id\":\"https:\\\/\\\/www.ivinio.com\\\/en\\\/product\\\/cave-saint-desirat-st-joseph-cuvee-septentrio-2017-red\\\/#primaryimage\",\"url\":\"https:\\\/\\\/www.ivinio.com\\\/wp-content\\\/uploads\\\/nc\\\/public\\\/modules\\\/file\\\/pictures\\\/4685.saintdesiratseptentrio500x5.jpg\",\"contentUrl\":\"https:\\\/\\\/www.ivinio.com\\\/wp-content\\\/uploads\\\/nc\\\/public\\\/modules\\\/file\\\/pictures\\\/4685.saintdesiratseptentrio500x5.jpg\",\"width\":500,\"height\":500},{\"@type\":\"BreadcrumbList\",\"@id\":\"https:\\\/\\\/www.ivinio.com\\\/en\\\/product\\\/cave-saint-desirat-st-joseph-cuvee-septentrio-2017-red\\\/#breadcrumb\",\"itemListElement\":[{\"@type\":\"ListItem\",\"position\":1,\"name\":\"Home\",\"item\":\"https:\\\/\\\/www.ivinio.com\\\/en\\\/\"},{\"@type\":\"ListItem\",\"position\":2,\"name\":\"Wine-shop\",\"item\":\"https:\\\/\\\/www.ivinio.com\\\/en\\\/wine-shop\\\/\"},{\"@type\":\"ListItem\",\"position\":3,\"name\":\"Cave Saint D\u00e9sirat &#8211; St Joseph Cuv\u00e9e Septentrio &#8211; Red\"}]},{\"@type\":\"WebSite\",\"@id\":\"https:\\\/\\\/www.ivinio.com\\\/en\\\/#website\",\"url\":\"https:\\\/\\\/www.ivinio.com\\\/en\\\/\",\"name\":\"IVINIO Wine Shop\",\"description\":\"French and Italian wines with delivery to your door\",\"publisher\":{\"@id\":\"https:\\\/\\\/www.ivinio.com\\\/en\\\/#organization\"},\"potentialAction\":[{\"@type\":\"SearchAction\",\"target\":{\"@type\":\"EntryPoint\",\"urlTemplate\":\"https:\\\/\\\/www.ivinio.com\\\/en\\\/?s={search_term_string}\"},\"query-input\":{\"@type\":\"PropertyValueSpecification\",\"valueRequired\":true,\"valueName\":\"search_term_string\"}}],\"inLanguage\":\"en-US\"},{\"@type\":\"Organization\",\"@id\":\"https:\\\/\\\/www.ivinio.com\\\/en\\\/#organization\",\"name\":\"IVINIO\",\"url\":\"https:\\\/\\\/www.ivinio.com\\\/en\\\/\",\"logo\":{\"@type\":\"ImageObject\",\"inLanguage\":\"en-US\",\"@id\":\"https:\\\/\\\/www.ivinio.com\\\/en\\\/#\\\/schema\\\/logo\\\/image\\\/\",\"url\":\"https:\\\/\\\/www.ivinio.com\\\/wp-content\\\/uploads\\\/2021\\\/01\\\/Logo-Ivinio-v2.jpg\",\"contentUrl\":\"https:\\\/\\\/www.ivinio.com\\\/wp-content\\\/uploads\\\/2021\\\/01\\\/Logo-Ivinio-v2.jpg\",\"width\":1194,\"height\":1194,\"caption\":\"IVINIO\"},\"image\":{\"@id\":\"https:\\\/\\\/www.ivinio.com\\\/en\\\/#\\\/schema\\\/logo\\\/image\\\/\"},\"sameAs\":[\"https:\\\/\\\/www.facebook.com\\\/groups\\\/165217837022391\\\/?ref=bookmarks\",\"https:\\\/\\\/www.instagram.com\\\/_ivinio_\\\/?hl=fr\"]}]}<\/script>\n<!-- \/ Yoast SEO plugin. -->","yoast_head_json":{"title":"Buy Cave Saint D\u00e9sirat - St Joseph Cuv\u00e9e Septentrio - Red - IVINIO Wine Shop","description":"Buy Cave Saint D\u00e9sirat - St Joseph Cuv\u00e9e Septentrio - Red wine 100% Syrah. Blackcurrant, blackberry, vanilla and undergrowth.","robots":{"index":"index","follow":"follow","max-snippet":"max-snippet:-1","max-image-preview":"max-image-preview:large","max-video-preview":"max-video-preview:-1"},"canonical":"https:\/\/www.ivinio.com\/en\/product\/cave-saint-desirat-st-joseph-cuvee-septentrio-2017-red\/","og_locale":"en_US","og_type":"article","og_title":"Buy Cave Saint D\u00e9sirat - St Joseph Cuv\u00e9e Septentrio - Red - IVINIO Wine Shop","og_description":"Buy Cave Saint D\u00e9sirat - St Joseph Cuv\u00e9e Septentrio - Red wine 100% Syrah. Blackcurrant, blackberry, vanilla and undergrowth.","og_url":"https:\/\/www.ivinio.com\/en\/product\/cave-saint-desirat-st-joseph-cuvee-septentrio-2017-red\/","og_site_name":"IVINIO Wine Shop","article_publisher":"https:\/\/www.facebook.com\/groups\/165217837022391\/?ref=bookmarks","article_modified_time":"2026-04-25T17:29:07+00:00","og_image":[{"width":500,"height":500,"url":"https:\/\/www.ivinio.com\/wp-content\/uploads\/nc\/public\/modules\/file\/pictures\/4685.saintdesiratseptentrio500x5.jpg","type":"image\/jpeg"}],"twitter_card":"summary_large_image","twitter_misc":{"Est. reading time":"1 minute"},"schema":{"@context":"https:\/\/schema.org","@graph":[{"@type":"WebPage","@id":"https:\/\/www.ivinio.com\/en\/product\/cave-saint-desirat-st-joseph-cuvee-septentrio-2017-red\/","url":"https:\/\/www.ivinio.com\/en\/product\/cave-saint-desirat-st-joseph-cuvee-septentrio-2017-red\/","name":"Buy Cave Saint D\u00e9sirat - St Joseph Cuv\u00e9e Septentrio - Red - IVINIO Wine Shop","isPartOf":{"@id":"https:\/\/www.ivinio.com\/en\/#website"},"primaryImageOfPage":{"@id":"https:\/\/www.ivinio.com\/en\/product\/cave-saint-desirat-st-joseph-cuvee-septentrio-2017-red\/#primaryimage"},"image":{"@id":"https:\/\/www.ivinio.com\/en\/product\/cave-saint-desirat-st-joseph-cuvee-septentrio-2017-red\/#primaryimage"},"thumbnailUrl":"https:\/\/www.ivinio.com\/wp-content\/uploads\/nc\/public\/modules\/file\/pictures\/4685.saintdesiratseptentrio500x5.jpg","datePublished":"2014-07-05T16:12:23+00:00","dateModified":"2026-04-25T17:29:07+00:00","description":"Buy Cave Saint D\u00e9sirat - St Joseph Cuv\u00e9e Septentrio - Red wine 100% Syrah. Blackcurrant, blackberry, vanilla and undergrowth.","breadcrumb":{"@id":"https:\/\/www.ivinio.com\/en\/product\/cave-saint-desirat-st-joseph-cuvee-septentrio-2017-red\/#breadcrumb"},"inLanguage":"en-US","potentialAction":[{"@type":"ReadAction","target":["https:\/\/www.ivinio.com\/en\/product\/cave-saint-desirat-st-joseph-cuvee-septentrio-2017-red\/"]}]},{"@type":"ImageObject","inLanguage":"en-US","@id":"https:\/\/www.ivinio.com\/en\/product\/cave-saint-desirat-st-joseph-cuvee-septentrio-2017-red\/#primaryimage","url":"https:\/\/www.ivinio.com\/wp-content\/uploads\/nc\/public\/modules\/file\/pictures\/4685.saintdesiratseptentrio500x5.jpg","contentUrl":"https:\/\/www.ivinio.com\/wp-content\/uploads\/nc\/public\/modules\/file\/pictures\/4685.saintdesiratseptentrio500x5.jpg","width":500,"height":500},{"@type":"BreadcrumbList","@id":"https:\/\/www.ivinio.com\/en\/product\/cave-saint-desirat-st-joseph-cuvee-septentrio-2017-red\/#breadcrumb","itemListElement":[{"@type":"ListItem","position":1,"name":"Home","item":"https:\/\/www.ivinio.com\/en\/"},{"@type":"ListItem","position":2,"name":"Wine-shop","item":"https:\/\/www.ivinio.com\/en\/wine-shop\/"},{"@type":"ListItem","position":3,"name":"Cave Saint D\u00e9sirat &#8211; St Joseph Cuv\u00e9e Septentrio &#8211; Red"}]},{"@type":"WebSite","@id":"https:\/\/www.ivinio.com\/en\/#website","url":"https:\/\/www.ivinio.com\/en\/","name":"IVINIO Wine Shop","description":"French and Italian wines with delivery to your door","publisher":{"@id":"https:\/\/www.ivinio.com\/en\/#organization"},"potentialAction":[{"@type":"SearchAction","target":{"@type":"EntryPoint","urlTemplate":"https:\/\/www.ivinio.com\/en\/?s={search_term_string}"},"query-input":{"@type":"PropertyValueSpecification","valueRequired":true,"valueName":"search_term_string"}}],"inLanguage":"en-US"},{"@type":"Organization","@id":"https:\/\/www.ivinio.com\/en\/#organization","name":"IVINIO","url":"https:\/\/www.ivinio.com\/en\/","logo":{"@type":"ImageObject","inLanguage":"en-US","@id":"https:\/\/www.ivinio.com\/en\/#\/schema\/logo\/image\/","url":"https:\/\/www.ivinio.com\/wp-content\/uploads\/2021\/01\/Logo-Ivinio-v2.jpg","contentUrl":"https:\/\/www.ivinio.com\/wp-content\/uploads\/2021\/01\/Logo-Ivinio-v2.jpg","width":1194,"height":1194,"caption":"IVINIO"},"image":{"@id":"https:\/\/www.ivinio.com\/en\/#\/schema\/logo\/image\/"},"sameAs":["https:\/\/www.facebook.com\/groups\/165217837022391\/?ref=bookmarks","https:\/\/www.instagram.com\/_ivinio_\/?hl=fr"]}]}},"jetpack_sharing_enabled":true,"_links":{"self":[{"href":"https:\/\/www.ivinio.com\/en\/wp-json\/wp\/v2\/product\/118177","targetHints":{"allow":["GET"]}}],"collection":[{"href":"https:\/\/www.ivinio.com\/en\/wp-json\/wp\/v2\/product"}],"about":[{"href":"https:\/\/www.ivinio.com\/en\/wp-json\/wp\/v2\/types\/product"}],"replies":[{"embeddable":true,"href":"https:\/\/www.ivinio.com\/en\/wp-json\/wp\/v2\/comments?post=118177"}],"wp:featuredmedia":[{"embeddable":true,"href":"https:\/\/www.ivinio.com\/en\/wp-json\/wp\/v2\/media\/118179"}],"wp:attachment":[{"href":"https:\/\/www.ivinio.com\/en\/wp-json\/wp\/v2\/media?parent=118177"}],"wp:term":[{"taxonomy":"product_brand","embeddable":true,"href":"https:\/\/www.ivinio.com\/en\/wp-json\/wp\/v2\/product_brand?post=118177"},{"taxonomy":"product_cat","embeddable":true,"href":"https:\/\/www.ivinio.com\/en\/wp-json\/wp\/v2\/product_cat?post=118177"},{"taxonomy":"product_tag","embeddable":true,"href":"https:\/\/www.ivinio.com\/en\/wp-json\/wp\/v2\/product_tag?post=118177"}],"curies":[{"name":"wp","href":"https:\/\/api.w.org\/{rel}","templated":true}]}}