{"id":118166,"date":"2014-07-04T17:31:31","date_gmt":"2014-07-04T17:31:31","guid":{"rendered":"https:\/\/henrik.www.ivinio.com\/?product=chateau-de-belleverne-le-bois-de-chat-julienas-vieilles-vignes-2017-red"},"modified":"2022-05-14T12:32:42","modified_gmt":"2022-05-14T10:32:42","slug":"chateau-de-belleverne-le-bois-de-chat-julienas-vieilles-vignes-red","status":"publish","type":"product","link":"https:\/\/www.ivinio.com\/en\/product\/chateau-de-belleverne-le-bois-de-chat-julienas-vieilles-vignes-red\/","title":{"rendered":"Ch\u00e2teau de Belleverne &#8211; Le bois de chat &#8211; Juli\u00e9nas Vieilles Vignes &#8211; Red"},"content":{"rendered":"<p>Juli\u00e9nas &#8220;Vieilles Vignes&#8221; is made of 100% Gamaygrapes from older vines which contributes to raise the\u00a0concentration to the wine. The grapes are handpicked and\u00a0the vinification is done the classic way. The wine is then stored\u00a0in steel tanks to emphasize the fruity aromas of red berries. The agriculture is managed\u00a0without chemical pesticides.<\/p>\n","protected":false},"excerpt":{"rendered":"<p>Juli\u00e9nas &#8220;Vieilles vignes&#8221; from\u00a0Chateau de Belleverne is a red &#8220;Cru&#8221; from Beaujolais. A typical Juli\u00e9nas with lots of fruit with floral and spicy notes. Suitable for all types of\u00a0&#8220;charcuteries&#8221;\u00a0and lighter cold meals.<\/p>\n","protected":false},"featured_media":118168,"comment_status":"open","ping_status":"closed","template":"","meta":{"_monsterinsights_skip_tracking":false,"_monsterinsights_sitenote_active":false,"_monsterinsights_sitenote_note":"","_monsterinsights_sitenote_category":0,"_uf_show_specific_survey":0,"_uf_disable_surveys":false},"product_brand":[],"product_cat":[36617,36587],"product_tag":[],"class_list":{"0":"post-118166","1":"product","2":"type-product","3":"status-publish","4":"has-post-thumbnail","6":"product_cat-en-beaujolais","7":"product_cat-french-wines","8":"pa_alcohol-degree-13-en","9":"pa_awards-concours-de-grands-vins-de-france-macon-en","10":"pa_classification-aop-julienas-en","11":"pa_color-red","12":"pa_country-france-en","13":"pa_grape-variety-gamay-en","14":"pa_region-beaujolais-en","15":"pa_storage-potential-7-years-en","16":"pa_vintage-2020-en","17":"pa_volume-75-cl-en","19":"first","20":"instock","21":"taxable","22":"shipping-taxable","23":"purchasable","24":"product-type-simple"},"bundled_by":["119309"],"bundle_stock_status":"instock","bundle_stock_quantity":null,"bundle_virtual":false,"bundle_layout":"","bundle_add_to_cart_form_location":"","bundle_editable_in_cart":false,"bundle_sold_individually_context":"","bundle_item_grouping":"","bundle_min_size":"","bundle_max_size":"","bundle_price":[],"bundled_items":[],"bundle_sell_ids":[],"yoast_head":"<!-- This site is optimized with the Yoast SEO plugin v27.5 - https:\/\/yoast.com\/product\/yoast-seo-wordpress\/ -->\n<title>Ch\u00e2teau de Belleverne - Le bois de chat - Julienas - Red wine - IVINIO Wine Shop<\/title>\n<meta name=\"description\" content=\"Ch\u00e2teau de Belleverne - Le bois de chat - Juli\u00e9nas Vieilles Vignes - Red wine. A typical Juli\u00e9nas with lots of fruit with floral and spicy notes.\" \/>\n<meta name=\"robots\" content=\"index, follow, max-snippet:-1, max-image-preview:large, max-video-preview:-1\" \/>\n<link rel=\"canonical\" href=\"https:\/\/www.ivinio.com\/en\/product\/chateau-de-belleverne-le-bois-de-chat-julienas-vieilles-vignes-red\/\" \/>\n<meta property=\"og:locale\" content=\"en_US\" \/>\n<meta property=\"og:type\" content=\"article\" \/>\n<meta property=\"og:title\" content=\"Ch\u00e2teau de Belleverne - Le bois de chat - Julienas - Red wine - IVINIO Wine Shop\" \/>\n<meta property=\"og:description\" content=\"Ch\u00e2teau de Belleverne - Le bois de chat - Juli\u00e9nas Vieilles Vignes - Red wine. A typical Juli\u00e9nas with lots of fruit with floral and spicy notes.\" \/>\n<meta property=\"og:url\" content=\"https:\/\/www.ivinio.com\/en\/product\/chateau-de-belleverne-le-bois-de-chat-julienas-vieilles-vignes-red\/\" \/>\n<meta property=\"og:site_name\" content=\"IVINIO Wine Shop\" \/>\n<meta property=\"article:publisher\" content=\"https:\/\/www.facebook.com\/groups\/165217837022391\/?ref=bookmarks\" \/>\n<meta property=\"article:modified_time\" content=\"2022-05-14T10:32:42+00:00\" \/>\n<meta property=\"og:image\" content=\"https:\/\/www.ivinio.com\/wp-content\/uploads\/nc\/public\/modules\/file\/pictures\/5477.chateau-belleverne-Juli-nas-ivinio.jpg\" \/>\n\t<meta property=\"og:image:width\" content=\"500\" \/>\n\t<meta property=\"og:image:height\" content=\"500\" \/>\n\t<meta property=\"og:image:type\" content=\"image\/jpeg\" \/>\n<meta name=\"twitter:card\" content=\"summary_large_image\" \/>\n<script type=\"application\/ld+json\" class=\"yoast-schema-graph\">{\"@context\":\"https:\\\/\\\/schema.org\",\"@graph\":[{\"@type\":\"WebPage\",\"@id\":\"https:\\\/\\\/www.ivinio.com\\\/en\\\/product\\\/chateau-de-belleverne-le-bois-de-chat-julienas-vieilles-vignes-red\\\/\",\"url\":\"https:\\\/\\\/www.ivinio.com\\\/en\\\/product\\\/chateau-de-belleverne-le-bois-de-chat-julienas-vieilles-vignes-red\\\/\",\"name\":\"Ch\u00e2teau de Belleverne - Le bois de chat - Julienas - Red wine - IVINIO Wine Shop\",\"isPartOf\":{\"@id\":\"https:\\\/\\\/www.ivinio.com\\\/en\\\/#website\"},\"primaryImageOfPage\":{\"@id\":\"https:\\\/\\\/www.ivinio.com\\\/en\\\/product\\\/chateau-de-belleverne-le-bois-de-chat-julienas-vieilles-vignes-red\\\/#primaryimage\"},\"image\":{\"@id\":\"https:\\\/\\\/www.ivinio.com\\\/en\\\/product\\\/chateau-de-belleverne-le-bois-de-chat-julienas-vieilles-vignes-red\\\/#primaryimage\"},\"thumbnailUrl\":\"https:\\\/\\\/www.ivinio.com\\\/wp-content\\\/uploads\\\/nc\\\/public\\\/modules\\\/file\\\/pictures\\\/5477.chateau-belleverne-Juli-nas-ivinio.jpg\",\"datePublished\":\"2014-07-04T17:31:31+00:00\",\"dateModified\":\"2022-05-14T10:32:42+00:00\",\"description\":\"Ch\u00e2teau de Belleverne - Le bois de chat - Juli\u00e9nas Vieilles Vignes - Red wine. A typical Juli\u00e9nas with lots of fruit with floral and spicy notes.\",\"breadcrumb\":{\"@id\":\"https:\\\/\\\/www.ivinio.com\\\/en\\\/product\\\/chateau-de-belleverne-le-bois-de-chat-julienas-vieilles-vignes-red\\\/#breadcrumb\"},\"inLanguage\":\"en-US\",\"potentialAction\":[{\"@type\":\"ReadAction\",\"target\":[\"https:\\\/\\\/www.ivinio.com\\\/en\\\/product\\\/chateau-de-belleverne-le-bois-de-chat-julienas-vieilles-vignes-red\\\/\"]}]},{\"@type\":\"ImageObject\",\"inLanguage\":\"en-US\",\"@id\":\"https:\\\/\\\/www.ivinio.com\\\/en\\\/product\\\/chateau-de-belleverne-le-bois-de-chat-julienas-vieilles-vignes-red\\\/#primaryimage\",\"url\":\"https:\\\/\\\/www.ivinio.com\\\/wp-content\\\/uploads\\\/nc\\\/public\\\/modules\\\/file\\\/pictures\\\/5477.chateau-belleverne-Juli-nas-ivinio.jpg\",\"contentUrl\":\"https:\\\/\\\/www.ivinio.com\\\/wp-content\\\/uploads\\\/nc\\\/public\\\/modules\\\/file\\\/pictures\\\/5477.chateau-belleverne-Juli-nas-ivinio.jpg\",\"width\":500,\"height\":500,\"caption\":\"Ch\u00e2teau de Belleverne - Le bois de chat - Juli\u00e9nas Vieilles Vignes\"},{\"@type\":\"BreadcrumbList\",\"@id\":\"https:\\\/\\\/www.ivinio.com\\\/en\\\/product\\\/chateau-de-belleverne-le-bois-de-chat-julienas-vieilles-vignes-red\\\/#breadcrumb\",\"itemListElement\":[{\"@type\":\"ListItem\",\"position\":1,\"name\":\"Home\",\"item\":\"https:\\\/\\\/www.ivinio.com\\\/en\\\/\"},{\"@type\":\"ListItem\",\"position\":2,\"name\":\"Wine-shop\",\"item\":\"https:\\\/\\\/www.ivinio.com\\\/en\\\/wine-shop\\\/\"},{\"@type\":\"ListItem\",\"position\":3,\"name\":\"Ch\u00e2teau de Belleverne &#8211; Le bois de chat &#8211; Juli\u00e9nas Vieilles Vignes &#8211; Red\"}]},{\"@type\":\"WebSite\",\"@id\":\"https:\\\/\\\/www.ivinio.com\\\/en\\\/#website\",\"url\":\"https:\\\/\\\/www.ivinio.com\\\/en\\\/\",\"name\":\"IVINIO Wine Shop\",\"description\":\"French and Italian wines with delivery to your door\",\"publisher\":{\"@id\":\"https:\\\/\\\/www.ivinio.com\\\/en\\\/#organization\"},\"potentialAction\":[{\"@type\":\"SearchAction\",\"target\":{\"@type\":\"EntryPoint\",\"urlTemplate\":\"https:\\\/\\\/www.ivinio.com\\\/en\\\/?s={search_term_string}\"},\"query-input\":{\"@type\":\"PropertyValueSpecification\",\"valueRequired\":true,\"valueName\":\"search_term_string\"}}],\"inLanguage\":\"en-US\"},{\"@type\":\"Organization\",\"@id\":\"https:\\\/\\\/www.ivinio.com\\\/en\\\/#organization\",\"name\":\"IVINIO\",\"url\":\"https:\\\/\\\/www.ivinio.com\\\/en\\\/\",\"logo\":{\"@type\":\"ImageObject\",\"inLanguage\":\"en-US\",\"@id\":\"https:\\\/\\\/www.ivinio.com\\\/en\\\/#\\\/schema\\\/logo\\\/image\\\/\",\"url\":\"https:\\\/\\\/www.ivinio.com\\\/wp-content\\\/uploads\\\/2021\\\/01\\\/Logo-Ivinio-v2.jpg\",\"contentUrl\":\"https:\\\/\\\/www.ivinio.com\\\/wp-content\\\/uploads\\\/2021\\\/01\\\/Logo-Ivinio-v2.jpg\",\"width\":1194,\"height\":1194,\"caption\":\"IVINIO\"},\"image\":{\"@id\":\"https:\\\/\\\/www.ivinio.com\\\/en\\\/#\\\/schema\\\/logo\\\/image\\\/\"},\"sameAs\":[\"https:\\\/\\\/www.facebook.com\\\/groups\\\/165217837022391\\\/?ref=bookmarks\",\"https:\\\/\\\/www.instagram.com\\\/_ivinio_\\\/?hl=fr\"]}]}<\/script>\n<!-- \/ Yoast SEO plugin. -->","yoast_head_json":{"title":"Ch\u00e2teau de Belleverne - Le bois de chat - Julienas - Red wine - IVINIO Wine Shop","description":"Ch\u00e2teau de Belleverne - Le bois de chat - Juli\u00e9nas Vieilles Vignes - Red wine. A typical Juli\u00e9nas with lots of fruit with floral and spicy notes.","robots":{"index":"index","follow":"follow","max-snippet":"max-snippet:-1","max-image-preview":"max-image-preview:large","max-video-preview":"max-video-preview:-1"},"canonical":"https:\/\/www.ivinio.com\/en\/product\/chateau-de-belleverne-le-bois-de-chat-julienas-vieilles-vignes-red\/","og_locale":"en_US","og_type":"article","og_title":"Ch\u00e2teau de Belleverne - Le bois de chat - Julienas - Red wine - IVINIO Wine Shop","og_description":"Ch\u00e2teau de Belleverne - Le bois de chat - Juli\u00e9nas Vieilles Vignes - Red wine. A typical Juli\u00e9nas with lots of fruit with floral and spicy notes.","og_url":"https:\/\/www.ivinio.com\/en\/product\/chateau-de-belleverne-le-bois-de-chat-julienas-vieilles-vignes-red\/","og_site_name":"IVINIO Wine Shop","article_publisher":"https:\/\/www.facebook.com\/groups\/165217837022391\/?ref=bookmarks","article_modified_time":"2022-05-14T10:32:42+00:00","og_image":[{"width":500,"height":500,"url":"https:\/\/www.ivinio.com\/wp-content\/uploads\/nc\/public\/modules\/file\/pictures\/5477.chateau-belleverne-Juli-nas-ivinio.jpg","type":"image\/jpeg"}],"twitter_card":"summary_large_image","schema":{"@context":"https:\/\/schema.org","@graph":[{"@type":"WebPage","@id":"https:\/\/www.ivinio.com\/en\/product\/chateau-de-belleverne-le-bois-de-chat-julienas-vieilles-vignes-red\/","url":"https:\/\/www.ivinio.com\/en\/product\/chateau-de-belleverne-le-bois-de-chat-julienas-vieilles-vignes-red\/","name":"Ch\u00e2teau de Belleverne - Le bois de chat - Julienas - Red wine - IVINIO Wine Shop","isPartOf":{"@id":"https:\/\/www.ivinio.com\/en\/#website"},"primaryImageOfPage":{"@id":"https:\/\/www.ivinio.com\/en\/product\/chateau-de-belleverne-le-bois-de-chat-julienas-vieilles-vignes-red\/#primaryimage"},"image":{"@id":"https:\/\/www.ivinio.com\/en\/product\/chateau-de-belleverne-le-bois-de-chat-julienas-vieilles-vignes-red\/#primaryimage"},"thumbnailUrl":"https:\/\/www.ivinio.com\/wp-content\/uploads\/nc\/public\/modules\/file\/pictures\/5477.chateau-belleverne-Juli-nas-ivinio.jpg","datePublished":"2014-07-04T17:31:31+00:00","dateModified":"2022-05-14T10:32:42+00:00","description":"Ch\u00e2teau de Belleverne - Le bois de chat - Juli\u00e9nas Vieilles Vignes - Red wine. A typical Juli\u00e9nas with lots of fruit with floral and spicy notes.","breadcrumb":{"@id":"https:\/\/www.ivinio.com\/en\/product\/chateau-de-belleverne-le-bois-de-chat-julienas-vieilles-vignes-red\/#breadcrumb"},"inLanguage":"en-US","potentialAction":[{"@type":"ReadAction","target":["https:\/\/www.ivinio.com\/en\/product\/chateau-de-belleverne-le-bois-de-chat-julienas-vieilles-vignes-red\/"]}]},{"@type":"ImageObject","inLanguage":"en-US","@id":"https:\/\/www.ivinio.com\/en\/product\/chateau-de-belleverne-le-bois-de-chat-julienas-vieilles-vignes-red\/#primaryimage","url":"https:\/\/www.ivinio.com\/wp-content\/uploads\/nc\/public\/modules\/file\/pictures\/5477.chateau-belleverne-Juli-nas-ivinio.jpg","contentUrl":"https:\/\/www.ivinio.com\/wp-content\/uploads\/nc\/public\/modules\/file\/pictures\/5477.chateau-belleverne-Juli-nas-ivinio.jpg","width":500,"height":500,"caption":"Ch\u00e2teau de Belleverne - Le bois de chat - Juli\u00e9nas Vieilles Vignes"},{"@type":"BreadcrumbList","@id":"https:\/\/www.ivinio.com\/en\/product\/chateau-de-belleverne-le-bois-de-chat-julienas-vieilles-vignes-red\/#breadcrumb","itemListElement":[{"@type":"ListItem","position":1,"name":"Home","item":"https:\/\/www.ivinio.com\/en\/"},{"@type":"ListItem","position":2,"name":"Wine-shop","item":"https:\/\/www.ivinio.com\/en\/wine-shop\/"},{"@type":"ListItem","position":3,"name":"Ch\u00e2teau de Belleverne &#8211; Le bois de chat &#8211; Juli\u00e9nas Vieilles Vignes &#8211; Red"}]},{"@type":"WebSite","@id":"https:\/\/www.ivinio.com\/en\/#website","url":"https:\/\/www.ivinio.com\/en\/","name":"IVINIO Wine Shop","description":"French and Italian wines with delivery to your door","publisher":{"@id":"https:\/\/www.ivinio.com\/en\/#organization"},"potentialAction":[{"@type":"SearchAction","target":{"@type":"EntryPoint","urlTemplate":"https:\/\/www.ivinio.com\/en\/?s={search_term_string}"},"query-input":{"@type":"PropertyValueSpecification","valueRequired":true,"valueName":"search_term_string"}}],"inLanguage":"en-US"},{"@type":"Organization","@id":"https:\/\/www.ivinio.com\/en\/#organization","name":"IVINIO","url":"https:\/\/www.ivinio.com\/en\/","logo":{"@type":"ImageObject","inLanguage":"en-US","@id":"https:\/\/www.ivinio.com\/en\/#\/schema\/logo\/image\/","url":"https:\/\/www.ivinio.com\/wp-content\/uploads\/2021\/01\/Logo-Ivinio-v2.jpg","contentUrl":"https:\/\/www.ivinio.com\/wp-content\/uploads\/2021\/01\/Logo-Ivinio-v2.jpg","width":1194,"height":1194,"caption":"IVINIO"},"image":{"@id":"https:\/\/www.ivinio.com\/en\/#\/schema\/logo\/image\/"},"sameAs":["https:\/\/www.facebook.com\/groups\/165217837022391\/?ref=bookmarks","https:\/\/www.instagram.com\/_ivinio_\/?hl=fr"]}]}},"jetpack_sharing_enabled":true,"_links":{"self":[{"href":"https:\/\/www.ivinio.com\/en\/wp-json\/wp\/v2\/product\/118166","targetHints":{"allow":["GET"]}}],"collection":[{"href":"https:\/\/www.ivinio.com\/en\/wp-json\/wp\/v2\/product"}],"about":[{"href":"https:\/\/www.ivinio.com\/en\/wp-json\/wp\/v2\/types\/product"}],"replies":[{"embeddable":true,"href":"https:\/\/www.ivinio.com\/en\/wp-json\/wp\/v2\/comments?post=118166"}],"wp:featuredmedia":[{"embeddable":true,"href":"https:\/\/www.ivinio.com\/en\/wp-json\/wp\/v2\/media\/118168"}],"wp:attachment":[{"href":"https:\/\/www.ivinio.com\/en\/wp-json\/wp\/v2\/media?parent=118166"}],"wp:term":[{"taxonomy":"product_brand","embeddable":true,"href":"https:\/\/www.ivinio.com\/en\/wp-json\/wp\/v2\/product_brand?post=118166"},{"taxonomy":"product_cat","embeddable":true,"href":"https:\/\/www.ivinio.com\/en\/wp-json\/wp\/v2\/product_cat?post=118166"},{"taxonomy":"product_tag","embeddable":true,"href":"https:\/\/www.ivinio.com\/en\/wp-json\/wp\/v2\/product_tag?post=118166"}],"curies":[{"name":"wp","href":"https:\/\/api.w.org\/{rel}","templated":true}]}}