{"id":118117,"date":"2014-07-03T18:19:03","date_gmt":"2014-07-03T16:19:03","guid":{"rendered":"https:\/\/henrik.www.ivinio.com\/?product=chateau-haut-selve-blanc-2015-white"},"modified":"2025-05-05T18:44:16","modified_gmt":"2025-05-05T16:44:16","slug":"chateau-haut-selve-blanc-white","status":"publish","type":"product","link":"https:\/\/www.ivinio.com\/en\/product\/chateau-haut-selve-blanc-white\/","title":{"rendered":"Ch\u00e2teau Haut Selve blanc &#8211; White"},"content":{"rendered":"<p>The white Ch\u00e2teau Haut Selve is made from 60% Sauvignon Blanc, 10% Sauvignon gris and 30% S\u00e9millon grapes. The grapes are harvested by hand and then coolmacerated for 12 to 18 hours. The grape juice is the coolclarified (d\u00e9bourbage) before the fermentation process begins. The finished wine is aged for six months in oak barrels, only half in new barrels, to obtain a round and smooth taste.<\/p>\n","protected":false},"excerpt":{"rendered":"<p>Chateau Haut Selve is a white wine\u00a0from the Graves appellationen which has been stored in oak barrels. It has been\u00a0made of Sauvignon Blanc, Sauvignon gris and S\u00e9millon grapes. The wine\u00a0has aromatic hints of cirtus fruit and exotic fruit with dominance of mango &#8211; good balance between acidity and fruitiness. Suitable for aperitif or with grilled fish.<\/p>\n","protected":false},"featured_media":118119,"comment_status":"open","ping_status":"closed","template":"","meta":{"_monsterinsights_skip_tracking":false,"_monsterinsights_sitenote_active":false,"_monsterinsights_sitenote_note":"","_monsterinsights_sitenote_category":0,"_uf_show_specific_survey":0,"_uf_disable_surveys":false},"product_brand":[],"product_cat":[36632,36587],"product_tag":[],"class_list":{"0":"post-118117","1":"product","2":"type-product","3":"status-publish","4":"has-post-thumbnail","6":"product_cat-en-bordeaux","7":"product_cat-french-wines","8":"pa_alcohol-degree-12-5-en","9":"pa_classification-aop-graves-en","10":"pa_color-white-en","11":"pa_country-france-en","12":"pa_grape-variety-sauvignon-en","13":"pa_grape-variety-semillon-en","14":"pa_region-bordeaux","15":"pa_storage-potential-2-years-en","16":"pa_vintage-2024-en","18":"first","19":"instock","20":"taxable","21":"shipping-taxable","22":"purchasable","23":"product-type-simple"},"bundled_by":[],"bundle_stock_status":"instock","bundle_stock_quantity":null,"bundle_virtual":false,"bundle_layout":"","bundle_add_to_cart_form_location":"","bundle_editable_in_cart":false,"bundle_sold_individually_context":"","bundle_item_grouping":"","bundle_min_size":"","bundle_max_size":"","bundle_price":[],"bundled_items":[],"bundle_sell_ids":[],"yoast_head":"<!-- This site is optimized with the Yoast SEO plugin v27.4 - https:\/\/yoast.com\/product\/yoast-seo-wordpress\/ -->\n<title>Buy Ch\u00e2teau Haut Selve blanc - White wine - IVINIO Wine Shop<\/title>\n<meta name=\"description\" content=\"Buy Ch\u00e2teau Haut Selve blanc - White wine. Stored in oak barrels. Made of Sauvignon Blanc, Sauvignon gris and S\u00e9millon. Notes of cirtus and exotic fruit.\" \/>\n<meta name=\"robots\" content=\"index, follow, max-snippet:-1, max-image-preview:large, max-video-preview:-1\" \/>\n<link rel=\"canonical\" href=\"https:\/\/www.ivinio.com\/en\/product\/chateau-haut-selve-blanc-white\/\" \/>\n<meta property=\"og:locale\" content=\"en_US\" \/>\n<meta property=\"og:type\" content=\"article\" \/>\n<meta property=\"og:title\" content=\"Buy Ch\u00e2teau Haut Selve blanc - White wine - IVINIO Wine Shop\" \/>\n<meta property=\"og:description\" content=\"Buy Ch\u00e2teau Haut Selve blanc - White wine. Stored in oak barrels. Made of Sauvignon Blanc, Sauvignon gris and S\u00e9millon. Notes of cirtus and exotic fruit.\" \/>\n<meta property=\"og:url\" content=\"https:\/\/www.ivinio.com\/en\/product\/chateau-haut-selve-blanc-white\/\" \/>\n<meta property=\"og:site_name\" content=\"IVINIO Wine Shop\" \/>\n<meta property=\"article:publisher\" content=\"https:\/\/www.facebook.com\/groups\/165217837022391\/?ref=bookmarks\" \/>\n<meta property=\"article:modified_time\" content=\"2025-05-05T16:44:16+00:00\" \/>\n<meta property=\"og:image\" content=\"https:\/\/www.ivinio.com\/wp-content\/uploads\/nc\/public\/modules\/file\/pictures\/4641.chateauhautselvevit500x500.jpg\" \/>\n\t<meta property=\"og:image:width\" content=\"500\" \/>\n\t<meta property=\"og:image:height\" content=\"500\" \/>\n\t<meta property=\"og:image:type\" content=\"image\/jpeg\" \/>\n<meta name=\"twitter:card\" content=\"summary_large_image\" \/>\n<meta name=\"twitter:label1\" content=\"Est. reading time\" \/>\n\t<meta name=\"twitter:data1\" content=\"1 minute\" \/>\n<script type=\"application\/ld+json\" class=\"yoast-schema-graph\">{\"@context\":\"https:\\\/\\\/schema.org\",\"@graph\":[{\"@type\":\"WebPage\",\"@id\":\"https:\\\/\\\/www.ivinio.com\\\/en\\\/product\\\/chateau-haut-selve-blanc-white\\\/\",\"url\":\"https:\\\/\\\/www.ivinio.com\\\/en\\\/product\\\/chateau-haut-selve-blanc-white\\\/\",\"name\":\"Buy Ch\u00e2teau Haut Selve blanc - White wine - IVINIO Wine Shop\",\"isPartOf\":{\"@id\":\"https:\\\/\\\/www.ivinio.com\\\/en\\\/#website\"},\"primaryImageOfPage\":{\"@id\":\"https:\\\/\\\/www.ivinio.com\\\/en\\\/product\\\/chateau-haut-selve-blanc-white\\\/#primaryimage\"},\"image\":{\"@id\":\"https:\\\/\\\/www.ivinio.com\\\/en\\\/product\\\/chateau-haut-selve-blanc-white\\\/#primaryimage\"},\"thumbnailUrl\":\"https:\\\/\\\/www.ivinio.com\\\/wp-content\\\/uploads\\\/nc\\\/public\\\/modules\\\/file\\\/pictures\\\/4641.chateauhautselvevit500x500.jpg\",\"datePublished\":\"2014-07-03T16:19:03+00:00\",\"dateModified\":\"2025-05-05T16:44:16+00:00\",\"description\":\"Buy Ch\u00e2teau Haut Selve blanc - White wine. Stored in oak barrels. Made of Sauvignon Blanc, Sauvignon gris and S\u00e9millon. Notes of cirtus and exotic fruit.\",\"breadcrumb\":{\"@id\":\"https:\\\/\\\/www.ivinio.com\\\/en\\\/product\\\/chateau-haut-selve-blanc-white\\\/#breadcrumb\"},\"inLanguage\":\"en-US\",\"potentialAction\":[{\"@type\":\"ReadAction\",\"target\":[\"https:\\\/\\\/www.ivinio.com\\\/en\\\/product\\\/chateau-haut-selve-blanc-white\\\/\"]}]},{\"@type\":\"ImageObject\",\"inLanguage\":\"en-US\",\"@id\":\"https:\\\/\\\/www.ivinio.com\\\/en\\\/product\\\/chateau-haut-selve-blanc-white\\\/#primaryimage\",\"url\":\"https:\\\/\\\/www.ivinio.com\\\/wp-content\\\/uploads\\\/nc\\\/public\\\/modules\\\/file\\\/pictures\\\/4641.chateauhautselvevit500x500.jpg\",\"contentUrl\":\"https:\\\/\\\/www.ivinio.com\\\/wp-content\\\/uploads\\\/nc\\\/public\\\/modules\\\/file\\\/pictures\\\/4641.chateauhautselvevit500x500.jpg\",\"width\":500,\"height\":500,\"caption\":\"Ch\u00e2teau Haut Selve\"},{\"@type\":\"BreadcrumbList\",\"@id\":\"https:\\\/\\\/www.ivinio.com\\\/en\\\/product\\\/chateau-haut-selve-blanc-white\\\/#breadcrumb\",\"itemListElement\":[{\"@type\":\"ListItem\",\"position\":1,\"name\":\"Home\",\"item\":\"https:\\\/\\\/www.ivinio.com\\\/en\\\/\"},{\"@type\":\"ListItem\",\"position\":2,\"name\":\"Wine-shop\",\"item\":\"https:\\\/\\\/www.ivinio.com\\\/en\\\/wine-shop\\\/\"},{\"@type\":\"ListItem\",\"position\":3,\"name\":\"Ch\u00e2teau Haut Selve blanc &#8211; White\"}]},{\"@type\":\"WebSite\",\"@id\":\"https:\\\/\\\/www.ivinio.com\\\/en\\\/#website\",\"url\":\"https:\\\/\\\/www.ivinio.com\\\/en\\\/\",\"name\":\"IVINIO Wine Shop\",\"description\":\"French and Italian wines with delivery to your door\",\"publisher\":{\"@id\":\"https:\\\/\\\/www.ivinio.com\\\/en\\\/#organization\"},\"potentialAction\":[{\"@type\":\"SearchAction\",\"target\":{\"@type\":\"EntryPoint\",\"urlTemplate\":\"https:\\\/\\\/www.ivinio.com\\\/en\\\/?s={search_term_string}\"},\"query-input\":{\"@type\":\"PropertyValueSpecification\",\"valueRequired\":true,\"valueName\":\"search_term_string\"}}],\"inLanguage\":\"en-US\"},{\"@type\":\"Organization\",\"@id\":\"https:\\\/\\\/www.ivinio.com\\\/en\\\/#organization\",\"name\":\"IVINIO\",\"url\":\"https:\\\/\\\/www.ivinio.com\\\/en\\\/\",\"logo\":{\"@type\":\"ImageObject\",\"inLanguage\":\"en-US\",\"@id\":\"https:\\\/\\\/www.ivinio.com\\\/en\\\/#\\\/schema\\\/logo\\\/image\\\/\",\"url\":\"https:\\\/\\\/www.ivinio.com\\\/wp-content\\\/uploads\\\/2021\\\/01\\\/Logo-Ivinio-v2.jpg\",\"contentUrl\":\"https:\\\/\\\/www.ivinio.com\\\/wp-content\\\/uploads\\\/2021\\\/01\\\/Logo-Ivinio-v2.jpg\",\"width\":1194,\"height\":1194,\"caption\":\"IVINIO\"},\"image\":{\"@id\":\"https:\\\/\\\/www.ivinio.com\\\/en\\\/#\\\/schema\\\/logo\\\/image\\\/\"},\"sameAs\":[\"https:\\\/\\\/www.facebook.com\\\/groups\\\/165217837022391\\\/?ref=bookmarks\",\"https:\\\/\\\/www.instagram.com\\\/_ivinio_\\\/?hl=fr\"]}]}<\/script>\n<!-- \/ Yoast SEO plugin. -->","yoast_head_json":{"title":"Buy Ch\u00e2teau Haut Selve blanc - White wine - IVINIO Wine Shop","description":"Buy Ch\u00e2teau Haut Selve blanc - White wine. Stored in oak barrels. Made of Sauvignon Blanc, Sauvignon gris and S\u00e9millon. Notes of cirtus and exotic fruit.","robots":{"index":"index","follow":"follow","max-snippet":"max-snippet:-1","max-image-preview":"max-image-preview:large","max-video-preview":"max-video-preview:-1"},"canonical":"https:\/\/www.ivinio.com\/en\/product\/chateau-haut-selve-blanc-white\/","og_locale":"en_US","og_type":"article","og_title":"Buy Ch\u00e2teau Haut Selve blanc - White wine - IVINIO Wine Shop","og_description":"Buy Ch\u00e2teau Haut Selve blanc - White wine. Stored in oak barrels. Made of Sauvignon Blanc, Sauvignon gris and S\u00e9millon. Notes of cirtus and exotic fruit.","og_url":"https:\/\/www.ivinio.com\/en\/product\/chateau-haut-selve-blanc-white\/","og_site_name":"IVINIO Wine Shop","article_publisher":"https:\/\/www.facebook.com\/groups\/165217837022391\/?ref=bookmarks","article_modified_time":"2025-05-05T16:44:16+00:00","og_image":[{"width":500,"height":500,"url":"https:\/\/www.ivinio.com\/wp-content\/uploads\/nc\/public\/modules\/file\/pictures\/4641.chateauhautselvevit500x500.jpg","type":"image\/jpeg"}],"twitter_card":"summary_large_image","twitter_misc":{"Est. reading time":"1 minute"},"schema":{"@context":"https:\/\/schema.org","@graph":[{"@type":"WebPage","@id":"https:\/\/www.ivinio.com\/en\/product\/chateau-haut-selve-blanc-white\/","url":"https:\/\/www.ivinio.com\/en\/product\/chateau-haut-selve-blanc-white\/","name":"Buy Ch\u00e2teau Haut Selve blanc - White wine - IVINIO Wine Shop","isPartOf":{"@id":"https:\/\/www.ivinio.com\/en\/#website"},"primaryImageOfPage":{"@id":"https:\/\/www.ivinio.com\/en\/product\/chateau-haut-selve-blanc-white\/#primaryimage"},"image":{"@id":"https:\/\/www.ivinio.com\/en\/product\/chateau-haut-selve-blanc-white\/#primaryimage"},"thumbnailUrl":"https:\/\/www.ivinio.com\/wp-content\/uploads\/nc\/public\/modules\/file\/pictures\/4641.chateauhautselvevit500x500.jpg","datePublished":"2014-07-03T16:19:03+00:00","dateModified":"2025-05-05T16:44:16+00:00","description":"Buy Ch\u00e2teau Haut Selve blanc - White wine. Stored in oak barrels. Made of Sauvignon Blanc, Sauvignon gris and S\u00e9millon. Notes of cirtus and exotic fruit.","breadcrumb":{"@id":"https:\/\/www.ivinio.com\/en\/product\/chateau-haut-selve-blanc-white\/#breadcrumb"},"inLanguage":"en-US","potentialAction":[{"@type":"ReadAction","target":["https:\/\/www.ivinio.com\/en\/product\/chateau-haut-selve-blanc-white\/"]}]},{"@type":"ImageObject","inLanguage":"en-US","@id":"https:\/\/www.ivinio.com\/en\/product\/chateau-haut-selve-blanc-white\/#primaryimage","url":"https:\/\/www.ivinio.com\/wp-content\/uploads\/nc\/public\/modules\/file\/pictures\/4641.chateauhautselvevit500x500.jpg","contentUrl":"https:\/\/www.ivinio.com\/wp-content\/uploads\/nc\/public\/modules\/file\/pictures\/4641.chateauhautselvevit500x500.jpg","width":500,"height":500,"caption":"Ch\u00e2teau Haut Selve"},{"@type":"BreadcrumbList","@id":"https:\/\/www.ivinio.com\/en\/product\/chateau-haut-selve-blanc-white\/#breadcrumb","itemListElement":[{"@type":"ListItem","position":1,"name":"Home","item":"https:\/\/www.ivinio.com\/en\/"},{"@type":"ListItem","position":2,"name":"Wine-shop","item":"https:\/\/www.ivinio.com\/en\/wine-shop\/"},{"@type":"ListItem","position":3,"name":"Ch\u00e2teau Haut Selve blanc &#8211; White"}]},{"@type":"WebSite","@id":"https:\/\/www.ivinio.com\/en\/#website","url":"https:\/\/www.ivinio.com\/en\/","name":"IVINIO Wine Shop","description":"French and Italian wines with delivery to your door","publisher":{"@id":"https:\/\/www.ivinio.com\/en\/#organization"},"potentialAction":[{"@type":"SearchAction","target":{"@type":"EntryPoint","urlTemplate":"https:\/\/www.ivinio.com\/en\/?s={search_term_string}"},"query-input":{"@type":"PropertyValueSpecification","valueRequired":true,"valueName":"search_term_string"}}],"inLanguage":"en-US"},{"@type":"Organization","@id":"https:\/\/www.ivinio.com\/en\/#organization","name":"IVINIO","url":"https:\/\/www.ivinio.com\/en\/","logo":{"@type":"ImageObject","inLanguage":"en-US","@id":"https:\/\/www.ivinio.com\/en\/#\/schema\/logo\/image\/","url":"https:\/\/www.ivinio.com\/wp-content\/uploads\/2021\/01\/Logo-Ivinio-v2.jpg","contentUrl":"https:\/\/www.ivinio.com\/wp-content\/uploads\/2021\/01\/Logo-Ivinio-v2.jpg","width":1194,"height":1194,"caption":"IVINIO"},"image":{"@id":"https:\/\/www.ivinio.com\/en\/#\/schema\/logo\/image\/"},"sameAs":["https:\/\/www.facebook.com\/groups\/165217837022391\/?ref=bookmarks","https:\/\/www.instagram.com\/_ivinio_\/?hl=fr"]}]}},"jetpack_sharing_enabled":true,"_links":{"self":[{"href":"https:\/\/www.ivinio.com\/en\/wp-json\/wp\/v2\/product\/118117","targetHints":{"allow":["GET"]}}],"collection":[{"href":"https:\/\/www.ivinio.com\/en\/wp-json\/wp\/v2\/product"}],"about":[{"href":"https:\/\/www.ivinio.com\/en\/wp-json\/wp\/v2\/types\/product"}],"replies":[{"embeddable":true,"href":"https:\/\/www.ivinio.com\/en\/wp-json\/wp\/v2\/comments?post=118117"}],"wp:featuredmedia":[{"embeddable":true,"href":"https:\/\/www.ivinio.com\/en\/wp-json\/wp\/v2\/media\/118119"}],"wp:attachment":[{"href":"https:\/\/www.ivinio.com\/en\/wp-json\/wp\/v2\/media?parent=118117"}],"wp:term":[{"taxonomy":"product_brand","embeddable":true,"href":"https:\/\/www.ivinio.com\/en\/wp-json\/wp\/v2\/product_brand?post=118117"},{"taxonomy":"product_cat","embeddable":true,"href":"https:\/\/www.ivinio.com\/en\/wp-json\/wp\/v2\/product_cat?post=118117"},{"taxonomy":"product_tag","embeddable":true,"href":"https:\/\/www.ivinio.com\/en\/wp-json\/wp\/v2\/product_tag?post=118117"}],"curies":[{"name":"wp","href":"https:\/\/api.w.org\/{rel}","templated":true}]}}