{"id":117568,"date":"2014-05-21T10:20:32","date_gmt":"2014-05-21T10:20:32","guid":{"rendered":"https:\/\/henrik.www.ivinio.com\/?product=domaine-des-hautes-collines-de-la-cote-dazur-mixed-discovery-case-3x2-bottles"},"modified":"2021-11-26T14:33:50","modified_gmt":"2021-11-26T13:33:50","slug":"domaine-des-hautes-collines-de-la-cote-dazur-mixed-discovery-case-3x2-bottles","status":"publish","type":"product","link":"https:\/\/www.ivinio.com\/en\/product\/domaine-des-hautes-collines-de-la-cote-dazur-mixed-discovery-case-3x2-bottles\/","title":{"rendered":"Domaine des hautes Collines de la C\u00f4te d&#8217;Azur &#8211; Mixed discovery case 3&#215;2 bottles"},"content":{"rendered":"<p>Domaine des hautes Collines de la C\u00f4te d&#8217;Azur is not only a winery where good wine has been made for thousands of years , it is also an equally adorable as unique place near the village of St Jeannet , located on the hills above Nice in southern France. The winemaking in St Jeannet was initiated by the Romans already 2000 years ago and even until the 1960s , you could enjoy the magnificent postcard view from St Jeannet , with view over the wineyards and the azure blue sea in the background . Today, Domaine des Hautes Collines de la C\u00f4te d&#8217;Azur , is the only remaining vineyard in St. Jeannet , but for the nostalgic , it is still today possible to relive the image of St. Jeannet &#8216;s vineyards in the Hitchcock movie &#8221; To Catch a Thief : In the beginning of the film , Cary Grant stands as front man in front of the beautiful vineyards . Today it&#8217;s Georges Rasse who has taken over from his father Ren\u00e9 ( who, by the way, was the one who refused to sell his land in the 60&#8217;s ) that proudly represent what is left of the more ancient vineyards of St Jeannet. The wine is made in an ancient and unique way. The fermented wine is poured into transparent glass urns placed outdoors completely at the mercy of the weather. Neither light, cold or heat affect the age-old process to allow the wine to mature outdoor. Not only that it is a delight for the eyes to see all the winefilled urns lined up outside , it all has a function since staying outdoors helps to stabilize the wine and create the typical aromas in wine from St Jeannet . The stabilization and clarification process is then all natural and the wine has absolutely no additives. The bottle labels are unique for each vintage and it&#8217;s Georges brother Denis who is the artist. The big vintages are represented by very colorful and detailed labels , smaller vintages have less colorful labels. The vineyard has only 4-5 hectares of land and the wine is produced almost manually. An amazing winery that has its evident place in the wine cellar.<\/p>\n<p>&nbsp;<\/p>\n","protected":false},"excerpt":{"rendered":"<p>For real wine lovers, we here\u00a0introduce you to the wines (white and red) of the\u00a0last remaining\u00a0Saint Jeannet winery, just above Nice &#8230; Their power will not leave you indifferent !<\/p>\n<p>&nbsp;<\/p>\n","protected":false},"featured_media":117570,"comment_status":"open","ping_status":"closed","template":"","meta":{"_monsterinsights_skip_tracking":false,"_monsterinsights_sitenote_active":false,"_monsterinsights_sitenote_note":"","_monsterinsights_sitenote_category":0,"_uf_show_specific_survey":0,"_uf_disable_surveys":false},"product_brand":[],"product_cat":[36644],"product_tag":[],"class_list":{"0":"post-117568","1":"product","2":"type-product","3":"status-publish","4":"has-post-thumbnail","6":"product_cat-mixed-wine-cases","7":"pa_alcohol-degree-13-5-en","8":"pa_awards-guide-hachette-en","9":"pa_classification-igp-alpes-maritimes-en","10":"pa_color-red","11":"pa_color-white-en","12":"pa_country-france-en","13":"pa_package-1x1-en","14":"pa_package-1x6-en","15":"pa_region-cote-dazur-en","16":"pa_storage-potential-10-years-en","17":"pa_volume-75-cl-en","19":"first","20":"instock","21":"taxable","22":"shipping-taxable","23":"purchasable","24":"product-type-bundle"},"bundled_by":[],"bundle_stock_status":"instock","bundle_stock_quantity":"","bundle_virtual":false,"bundle_layout":"grid","bundle_add_to_cart_form_location":"after_summary","bundle_editable_in_cart":false,"bundle_sold_individually_context":"product","bundle_item_grouping":"noindent","bundle_min_size":"","bundle_max_size":"","bundle_price":{"price":{"min":{"incl_tax":"110","excl_tax":"110"},"max":{"incl_tax":"110","excl_tax":"110"}},"regular_price":{"min":{"incl_tax":"110","excl_tax":"110"},"max":{"incl_tax":"110","excl_tax":"110"}}},"bundled_items":[{"bundled_item_id":8122,"product_id":117558,"menu_order":0,"quantity_min":1,"quantity_max":1,"quantity_default":1,"priced_individually":false,"shipped_individually":false,"override_title":false,"title":"Domaine des hautes Collines de la C\u00f4te d&#8217;Azur &#8211; Cuv\u00e9e du pressoir Romain &#8211; White","override_description":false,"description":"Domaine des hautes Collines de la C\u00f4te d&#8217;Azur &#8211; Cuv\u00e9e du pressoir Romain &#8211; White","optional":false,"hide_thumbnail":false,"discount":"","override_variations":true,"allowed_variations":[""],"override_default_variation_attributes":true,"default_variation_attributes":[],"single_product_visibility":"visible","cart_visibility":"hidden","order_visibility":"visible","single_product_price_visibility":"visible","cart_price_visibility":"visible","order_price_visibility":"visible","stock_status":"in_stock"},{"bundled_item_id":8121,"product_id":117563,"menu_order":1,"quantity_min":1,"quantity_max":1,"quantity_default":1,"priced_individually":false,"shipped_individually":false,"override_title":false,"title":"Domaine des hautes Collines de la C\u00f4te d&#8217;Azur, Cuv\u00e9e du Pressoir Romain &#8211; Red","override_description":false,"description":"Domaine des hautes Collines de la C\u00f4te d&#8217;Azur, Cuv\u00e9e du Pressoir Romain &#8211; Red","optional":false,"hide_thumbnail":false,"discount":"","override_variations":true,"allowed_variations":[""],"override_default_variation_attributes":true,"default_variation_attributes":[],"single_product_visibility":"visible","cart_visibility":"hidden","order_visibility":"visible","single_product_price_visibility":"visible","cart_price_visibility":"visible","order_price_visibility":"visible","stock_status":"in_stock"}],"bundle_sell_ids":[],"yoast_head":"<!-- This site is optimized with the Yoast SEO plugin v27.4 - https:\/\/yoast.com\/product\/yoast-seo-wordpress\/ -->\n<title>Domaine des hautes Collines de la C\u00f4te d&#039;Azur - Mixed wine case - IVINIO Wine Shop<\/title>\n<meta name=\"description\" content=\"Buy Domaine des hautes Collines de la C\u00f4te d&#039;Azur - Mixed wine case. We here propose the wines (white and red) of Saint Jeannet winery\" \/>\n<meta name=\"robots\" content=\"index, follow, max-snippet:-1, max-image-preview:large, max-video-preview:-1\" \/>\n<link rel=\"canonical\" href=\"https:\/\/www.ivinio.com\/en\/product\/domaine-des-hautes-collines-de-la-cote-dazur-mixed-discovery-case-3x2-bottles\/\" \/>\n<meta property=\"og:locale\" content=\"en_US\" \/>\n<meta property=\"og:type\" content=\"article\" \/>\n<meta property=\"og:title\" content=\"Domaine des hautes Collines de la C\u00f4te d&#039;Azur - Mixed wine case - IVINIO Wine Shop\" \/>\n<meta property=\"og:description\" content=\"Buy Domaine des hautes Collines de la C\u00f4te d&#039;Azur - Mixed wine case. We here propose the wines (white and red) of Saint Jeannet winery\" \/>\n<meta property=\"og:url\" content=\"https:\/\/www.ivinio.com\/en\/product\/domaine-des-hautes-collines-de-la-cote-dazur-mixed-discovery-case-3x2-bottles\/\" \/>\n<meta property=\"og:site_name\" content=\"IVINIO Wine Shop\" \/>\n<meta property=\"article:publisher\" content=\"https:\/\/www.facebook.com\/groups\/165217837022391\/?ref=bookmarks\" \/>\n<meta property=\"article:modified_time\" content=\"2021-11-26T13:33:50+00:00\" \/>\n<meta property=\"og:image\" content=\"https:\/\/www.ivinio.com\/wp-content\/uploads\/nc\/public\/modules\/file\/pictures\/6521.domaine-des-hautes-collines-cuv-e-du-pressoir-romain-pack-ivinio.jpg\" \/>\n\t<meta property=\"og:image:width\" content=\"500\" \/>\n\t<meta property=\"og:image:height\" content=\"500\" \/>\n\t<meta property=\"og:image:type\" content=\"image\/jpeg\" \/>\n<meta name=\"twitter:card\" content=\"summary_large_image\" \/>\n<meta name=\"twitter:label1\" content=\"Est. reading time\" \/>\n\t<meta name=\"twitter:data1\" content=\"2 minutes\" \/>\n<script type=\"application\/ld+json\" class=\"yoast-schema-graph\">{\"@context\":\"https:\\\/\\\/schema.org\",\"@graph\":[{\"@type\":\"WebPage\",\"@id\":\"https:\\\/\\\/www.ivinio.com\\\/en\\\/product\\\/domaine-des-hautes-collines-de-la-cote-dazur-mixed-discovery-case-3x2-bottles\\\/\",\"url\":\"https:\\\/\\\/www.ivinio.com\\\/en\\\/product\\\/domaine-des-hautes-collines-de-la-cote-dazur-mixed-discovery-case-3x2-bottles\\\/\",\"name\":\"Domaine des hautes Collines de la C\u00f4te d'Azur - Mixed wine case - IVINIO Wine Shop\",\"isPartOf\":{\"@id\":\"https:\\\/\\\/www.ivinio.com\\\/en\\\/#website\"},\"primaryImageOfPage\":{\"@id\":\"https:\\\/\\\/www.ivinio.com\\\/en\\\/product\\\/domaine-des-hautes-collines-de-la-cote-dazur-mixed-discovery-case-3x2-bottles\\\/#primaryimage\"},\"image\":{\"@id\":\"https:\\\/\\\/www.ivinio.com\\\/en\\\/product\\\/domaine-des-hautes-collines-de-la-cote-dazur-mixed-discovery-case-3x2-bottles\\\/#primaryimage\"},\"thumbnailUrl\":\"https:\\\/\\\/www.ivinio.com\\\/wp-content\\\/uploads\\\/nc\\\/public\\\/modules\\\/file\\\/pictures\\\/6521.domaine-des-hautes-collines-cuv-e-du-pressoir-romain-pack-ivinio.jpg\",\"datePublished\":\"2014-05-21T10:20:32+00:00\",\"dateModified\":\"2021-11-26T13:33:50+00:00\",\"description\":\"Buy Domaine des hautes Collines de la C\u00f4te d'Azur - Mixed wine case. We here propose the wines (white and red) of Saint Jeannet winery\",\"breadcrumb\":{\"@id\":\"https:\\\/\\\/www.ivinio.com\\\/en\\\/product\\\/domaine-des-hautes-collines-de-la-cote-dazur-mixed-discovery-case-3x2-bottles\\\/#breadcrumb\"},\"inLanguage\":\"en-US\",\"potentialAction\":[{\"@type\":\"ReadAction\",\"target\":[\"https:\\\/\\\/www.ivinio.com\\\/en\\\/product\\\/domaine-des-hautes-collines-de-la-cote-dazur-mixed-discovery-case-3x2-bottles\\\/\"]}]},{\"@type\":\"ImageObject\",\"inLanguage\":\"en-US\",\"@id\":\"https:\\\/\\\/www.ivinio.com\\\/en\\\/product\\\/domaine-des-hautes-collines-de-la-cote-dazur-mixed-discovery-case-3x2-bottles\\\/#primaryimage\",\"url\":\"https:\\\/\\\/www.ivinio.com\\\/wp-content\\\/uploads\\\/nc\\\/public\\\/modules\\\/file\\\/pictures\\\/6521.domaine-des-hautes-collines-cuv-e-du-pressoir-romain-pack-ivinio.jpg\",\"contentUrl\":\"https:\\\/\\\/www.ivinio.com\\\/wp-content\\\/uploads\\\/nc\\\/public\\\/modules\\\/file\\\/pictures\\\/6521.domaine-des-hautes-collines-cuv-e-du-pressoir-romain-pack-ivinio.jpg\",\"width\":500,\"height\":500,\"caption\":\"Domaine-des-hautes-collines-de-la-cote-dazur\"},{\"@type\":\"BreadcrumbList\",\"@id\":\"https:\\\/\\\/www.ivinio.com\\\/en\\\/product\\\/domaine-des-hautes-collines-de-la-cote-dazur-mixed-discovery-case-3x2-bottles\\\/#breadcrumb\",\"itemListElement\":[{\"@type\":\"ListItem\",\"position\":1,\"name\":\"Home\",\"item\":\"https:\\\/\\\/www.ivinio.com\\\/en\\\/\"},{\"@type\":\"ListItem\",\"position\":2,\"name\":\"Wine-shop\",\"item\":\"https:\\\/\\\/www.ivinio.com\\\/en\\\/wine-shop\\\/\"},{\"@type\":\"ListItem\",\"position\":3,\"name\":\"Domaine des hautes Collines de la C\u00f4te d&#8217;Azur &#8211; Mixed discovery case 3&#215;2 bottles\"}]},{\"@type\":\"WebSite\",\"@id\":\"https:\\\/\\\/www.ivinio.com\\\/en\\\/#website\",\"url\":\"https:\\\/\\\/www.ivinio.com\\\/en\\\/\",\"name\":\"IVINIO Wine Shop\",\"description\":\"French and Italian wines with delivery to your door\",\"publisher\":{\"@id\":\"https:\\\/\\\/www.ivinio.com\\\/en\\\/#organization\"},\"potentialAction\":[{\"@type\":\"SearchAction\",\"target\":{\"@type\":\"EntryPoint\",\"urlTemplate\":\"https:\\\/\\\/www.ivinio.com\\\/en\\\/?s={search_term_string}\"},\"query-input\":{\"@type\":\"PropertyValueSpecification\",\"valueRequired\":true,\"valueName\":\"search_term_string\"}}],\"inLanguage\":\"en-US\"},{\"@type\":\"Organization\",\"@id\":\"https:\\\/\\\/www.ivinio.com\\\/en\\\/#organization\",\"name\":\"IVINIO\",\"url\":\"https:\\\/\\\/www.ivinio.com\\\/en\\\/\",\"logo\":{\"@type\":\"ImageObject\",\"inLanguage\":\"en-US\",\"@id\":\"https:\\\/\\\/www.ivinio.com\\\/en\\\/#\\\/schema\\\/logo\\\/image\\\/\",\"url\":\"https:\\\/\\\/www.ivinio.com\\\/wp-content\\\/uploads\\\/2021\\\/01\\\/Logo-Ivinio-v2.jpg\",\"contentUrl\":\"https:\\\/\\\/www.ivinio.com\\\/wp-content\\\/uploads\\\/2021\\\/01\\\/Logo-Ivinio-v2.jpg\",\"width\":1194,\"height\":1194,\"caption\":\"IVINIO\"},\"image\":{\"@id\":\"https:\\\/\\\/www.ivinio.com\\\/en\\\/#\\\/schema\\\/logo\\\/image\\\/\"},\"sameAs\":[\"https:\\\/\\\/www.facebook.com\\\/groups\\\/165217837022391\\\/?ref=bookmarks\",\"https:\\\/\\\/www.instagram.com\\\/_ivinio_\\\/?hl=fr\"]}]}<\/script>\n<!-- \/ Yoast SEO plugin. -->","yoast_head_json":{"title":"Domaine des hautes Collines de la C\u00f4te d'Azur - Mixed wine case - IVINIO Wine Shop","description":"Buy Domaine des hautes Collines de la C\u00f4te d'Azur - Mixed wine case. We here propose the wines (white and red) of Saint Jeannet winery","robots":{"index":"index","follow":"follow","max-snippet":"max-snippet:-1","max-image-preview":"max-image-preview:large","max-video-preview":"max-video-preview:-1"},"canonical":"https:\/\/www.ivinio.com\/en\/product\/domaine-des-hautes-collines-de-la-cote-dazur-mixed-discovery-case-3x2-bottles\/","og_locale":"en_US","og_type":"article","og_title":"Domaine des hautes Collines de la C\u00f4te d'Azur - Mixed wine case - IVINIO Wine Shop","og_description":"Buy Domaine des hautes Collines de la C\u00f4te d'Azur - Mixed wine case. We here propose the wines (white and red) of Saint Jeannet winery","og_url":"https:\/\/www.ivinio.com\/en\/product\/domaine-des-hautes-collines-de-la-cote-dazur-mixed-discovery-case-3x2-bottles\/","og_site_name":"IVINIO Wine Shop","article_publisher":"https:\/\/www.facebook.com\/groups\/165217837022391\/?ref=bookmarks","article_modified_time":"2021-11-26T13:33:50+00:00","og_image":[{"width":500,"height":500,"url":"https:\/\/www.ivinio.com\/wp-content\/uploads\/nc\/public\/modules\/file\/pictures\/6521.domaine-des-hautes-collines-cuv-e-du-pressoir-romain-pack-ivinio.jpg","type":"image\/jpeg"}],"twitter_card":"summary_large_image","twitter_misc":{"Est. reading time":"2 minutes"},"schema":{"@context":"https:\/\/schema.org","@graph":[{"@type":"WebPage","@id":"https:\/\/www.ivinio.com\/en\/product\/domaine-des-hautes-collines-de-la-cote-dazur-mixed-discovery-case-3x2-bottles\/","url":"https:\/\/www.ivinio.com\/en\/product\/domaine-des-hautes-collines-de-la-cote-dazur-mixed-discovery-case-3x2-bottles\/","name":"Domaine des hautes Collines de la C\u00f4te d'Azur - Mixed wine case - IVINIO Wine Shop","isPartOf":{"@id":"https:\/\/www.ivinio.com\/en\/#website"},"primaryImageOfPage":{"@id":"https:\/\/www.ivinio.com\/en\/product\/domaine-des-hautes-collines-de-la-cote-dazur-mixed-discovery-case-3x2-bottles\/#primaryimage"},"image":{"@id":"https:\/\/www.ivinio.com\/en\/product\/domaine-des-hautes-collines-de-la-cote-dazur-mixed-discovery-case-3x2-bottles\/#primaryimage"},"thumbnailUrl":"https:\/\/www.ivinio.com\/wp-content\/uploads\/nc\/public\/modules\/file\/pictures\/6521.domaine-des-hautes-collines-cuv-e-du-pressoir-romain-pack-ivinio.jpg","datePublished":"2014-05-21T10:20:32+00:00","dateModified":"2021-11-26T13:33:50+00:00","description":"Buy Domaine des hautes Collines de la C\u00f4te d'Azur - Mixed wine case. We here propose the wines (white and red) of Saint Jeannet winery","breadcrumb":{"@id":"https:\/\/www.ivinio.com\/en\/product\/domaine-des-hautes-collines-de-la-cote-dazur-mixed-discovery-case-3x2-bottles\/#breadcrumb"},"inLanguage":"en-US","potentialAction":[{"@type":"ReadAction","target":["https:\/\/www.ivinio.com\/en\/product\/domaine-des-hautes-collines-de-la-cote-dazur-mixed-discovery-case-3x2-bottles\/"]}]},{"@type":"ImageObject","inLanguage":"en-US","@id":"https:\/\/www.ivinio.com\/en\/product\/domaine-des-hautes-collines-de-la-cote-dazur-mixed-discovery-case-3x2-bottles\/#primaryimage","url":"https:\/\/www.ivinio.com\/wp-content\/uploads\/nc\/public\/modules\/file\/pictures\/6521.domaine-des-hautes-collines-cuv-e-du-pressoir-romain-pack-ivinio.jpg","contentUrl":"https:\/\/www.ivinio.com\/wp-content\/uploads\/nc\/public\/modules\/file\/pictures\/6521.domaine-des-hautes-collines-cuv-e-du-pressoir-romain-pack-ivinio.jpg","width":500,"height":500,"caption":"Domaine-des-hautes-collines-de-la-cote-dazur"},{"@type":"BreadcrumbList","@id":"https:\/\/www.ivinio.com\/en\/product\/domaine-des-hautes-collines-de-la-cote-dazur-mixed-discovery-case-3x2-bottles\/#breadcrumb","itemListElement":[{"@type":"ListItem","position":1,"name":"Home","item":"https:\/\/www.ivinio.com\/en\/"},{"@type":"ListItem","position":2,"name":"Wine-shop","item":"https:\/\/www.ivinio.com\/en\/wine-shop\/"},{"@type":"ListItem","position":3,"name":"Domaine des hautes Collines de la C\u00f4te d&#8217;Azur &#8211; Mixed discovery case 3&#215;2 bottles"}]},{"@type":"WebSite","@id":"https:\/\/www.ivinio.com\/en\/#website","url":"https:\/\/www.ivinio.com\/en\/","name":"IVINIO Wine Shop","description":"French and Italian wines with delivery to your door","publisher":{"@id":"https:\/\/www.ivinio.com\/en\/#organization"},"potentialAction":[{"@type":"SearchAction","target":{"@type":"EntryPoint","urlTemplate":"https:\/\/www.ivinio.com\/en\/?s={search_term_string}"},"query-input":{"@type":"PropertyValueSpecification","valueRequired":true,"valueName":"search_term_string"}}],"inLanguage":"en-US"},{"@type":"Organization","@id":"https:\/\/www.ivinio.com\/en\/#organization","name":"IVINIO","url":"https:\/\/www.ivinio.com\/en\/","logo":{"@type":"ImageObject","inLanguage":"en-US","@id":"https:\/\/www.ivinio.com\/en\/#\/schema\/logo\/image\/","url":"https:\/\/www.ivinio.com\/wp-content\/uploads\/2021\/01\/Logo-Ivinio-v2.jpg","contentUrl":"https:\/\/www.ivinio.com\/wp-content\/uploads\/2021\/01\/Logo-Ivinio-v2.jpg","width":1194,"height":1194,"caption":"IVINIO"},"image":{"@id":"https:\/\/www.ivinio.com\/en\/#\/schema\/logo\/image\/"},"sameAs":["https:\/\/www.facebook.com\/groups\/165217837022391\/?ref=bookmarks","https:\/\/www.instagram.com\/_ivinio_\/?hl=fr"]}]}},"jetpack_sharing_enabled":true,"_links":{"self":[{"href":"https:\/\/www.ivinio.com\/en\/wp-json\/wp\/v2\/product\/117568","targetHints":{"allow":["GET"]}}],"collection":[{"href":"https:\/\/www.ivinio.com\/en\/wp-json\/wp\/v2\/product"}],"about":[{"href":"https:\/\/www.ivinio.com\/en\/wp-json\/wp\/v2\/types\/product"}],"replies":[{"embeddable":true,"href":"https:\/\/www.ivinio.com\/en\/wp-json\/wp\/v2\/comments?post=117568"}],"wp:featuredmedia":[{"embeddable":true,"href":"https:\/\/www.ivinio.com\/en\/wp-json\/wp\/v2\/media\/117570"}],"wp:attachment":[{"href":"https:\/\/www.ivinio.com\/en\/wp-json\/wp\/v2\/media?parent=117568"}],"wp:term":[{"taxonomy":"product_brand","embeddable":true,"href":"https:\/\/www.ivinio.com\/en\/wp-json\/wp\/v2\/product_brand?post=117568"},{"taxonomy":"product_cat","embeddable":true,"href":"https:\/\/www.ivinio.com\/en\/wp-json\/wp\/v2\/product_cat?post=117568"},{"taxonomy":"product_tag","embeddable":true,"href":"https:\/\/www.ivinio.com\/en\/wp-json\/wp\/v2\/product_tag?post=117568"}],"curies":[{"name":"wp","href":"https:\/\/api.w.org\/{rel}","templated":true}]}}