{"id":117379,"date":"2014-05-21T10:20:31","date_gmt":"2014-05-21T10:20:31","guid":{"rendered":"https:\/\/henrik.www.ivinio.com\/?product=nicolas-feuillatte-brut-rose"},"modified":"2022-12-31T16:03:53","modified_gmt":"2022-12-31T15:03:53","slug":"nicolas-feuillatte-brut-rose","status":"publish","type":"product","link":"https:\/\/www.ivinio.com\/en\/product\/nicolas-feuillatte-brut-rose\/","title":{"rendered":"Nicolas Feuillatte &#8211; Grande R\u00e9serve Ros\u00e9"},"content":{"rendered":"<p>Nicolas Feuillatte Grande R\u00e9serve Ros\u00e9 is a quality champagne which has been stored for 3 years. The wine is made of 10 % Chardonnay, 45 % Pinot Meunier and foremost, 45 % Pinot Noir grapes. 100 different wines are included in the wine composition to ensure the unique taste year after year. The special feature of the ros\u00e9 champagne is that it contains 1\/5th fifth of Pinot noir red wine. This contributes to the beautiful pink color of the wine.<\/p>\n","protected":false},"excerpt":{"rendered":"<p>Nicolas Feuillate Grande R\u00e9serve Ros\u00e9 is a well-balanced and fruity ros\u00e9 Champagne with aromas of blueberry, blackcurrant and raspberry. The palate is soft and elegant.<\/p>\n","protected":false},"featured_media":122782,"comment_status":"open","ping_status":"closed","template":"","meta":{"_monsterinsights_skip_tracking":false,"_monsterinsights_sitenote_active":false,"_monsterinsights_sitenote_note":"","_monsterinsights_sitenote_category":0,"_uf_show_specific_survey":0,"_uf_disable_surveys":false},"product_brand":[],"product_cat":[36614,36587],"product_tag":[],"class_list":{"0":"post-117379","1":"product","2":"type-product","3":"status-publish","4":"has-post-thumbnail","6":"product_cat-en-champagne","7":"product_cat-french-wines","8":"pa_awards-decanter-en","9":"pa_awards-wine-enthusiast-en","10":"pa_awards-wine-spectator-en","11":"pa_classification-aop-champagne-en","12":"pa_color-sparkling-en","13":"pa_country-france-en","14":"pa_grape-variety-chardonnay-en","15":"pa_grape-variety-pinot-meunier-en","16":"pa_grape-variety-pinot-noir","17":"pa_package-1x1-en","18":"pa_package-1x6-en","19":"pa_region-champagne","20":"pa_storage-potential-3-years-en","21":"pa_volume-75-cl-en","23":"first","24":"instock","25":"taxable","26":"shipping-taxable","27":"purchasable","28":"product-type-variable"},"bundled_by":[],"bundle_stock_status":"instock","bundle_stock_quantity":null,"bundle_virtual":false,"bundle_layout":"","bundle_add_to_cart_form_location":"","bundle_editable_in_cart":false,"bundle_sold_individually_context":"","bundle_item_grouping":"","bundle_min_size":"","bundle_max_size":"","bundle_price":[],"bundled_items":[],"bundle_sell_ids":[],"yoast_head":"<!-- This site is optimized with the Yoast SEO plugin v27.6 - https:\/\/yoast.com\/product\/yoast-seo-wordpress\/ -->\n<title>Buy Nicolas Feuillatte - Grande R\u00e9serve Ros\u00e9 - IVINIO Wine Shop<\/title>\n<meta name=\"description\" content=\"Buy Nicolas Feuillatte - Grande R\u00e9serve Ros\u00e9. Well-balanced and fruity ros\u00e9 Champagne with aromas of blueberry, blackcurrant and raspberry.\" \/>\n<meta name=\"robots\" content=\"index, follow, max-snippet:-1, max-image-preview:large, max-video-preview:-1\" \/>\n<link rel=\"canonical\" href=\"https:\/\/www.ivinio.com\/en\/product\/nicolas-feuillatte-brut-rose\/\" \/>\n<meta property=\"og:locale\" content=\"en_US\" \/>\n<meta property=\"og:type\" content=\"article\" \/>\n<meta property=\"og:title\" content=\"Buy Nicolas Feuillatte - Grande R\u00e9serve Ros\u00e9 - IVINIO Wine Shop\" \/>\n<meta property=\"og:description\" content=\"Buy Nicolas Feuillatte - Grande R\u00e9serve Ros\u00e9. Well-balanced and fruity ros\u00e9 Champagne with aromas of blueberry, blackcurrant and raspberry.\" \/>\n<meta property=\"og:url\" content=\"https:\/\/www.ivinio.com\/en\/product\/nicolas-feuillatte-brut-rose\/\" \/>\n<meta property=\"og:site_name\" content=\"IVINIO Wine Shop\" \/>\n<meta property=\"article:publisher\" content=\"https:\/\/www.facebook.com\/groups\/165217837022391\/?ref=bookmarks\" \/>\n<meta property=\"article:modified_time\" content=\"2022-12-31T15:03:53+00:00\" \/>\n<meta property=\"og:image\" content=\"https:\/\/www.ivinio.com\/wp-content\/uploads\/2014\/05\/Nicolas-Feuillatte-Grande-Reserve-Brut-rose-IVINIO.jpg\" \/>\n\t<meta property=\"og:image:width\" content=\"600\" \/>\n\t<meta property=\"og:image:height\" content=\"600\" \/>\n\t<meta property=\"og:image:type\" content=\"image\/jpeg\" \/>\n<meta name=\"twitter:card\" content=\"summary_large_image\" \/>\n<script type=\"application\/ld+json\" class=\"yoast-schema-graph\">{\"@context\":\"https:\\\/\\\/schema.org\",\"@graph\":[{\"@type\":\"WebPage\",\"@id\":\"https:\\\/\\\/www.ivinio.com\\\/en\\\/product\\\/nicolas-feuillatte-brut-rose\\\/\",\"url\":\"https:\\\/\\\/www.ivinio.com\\\/en\\\/product\\\/nicolas-feuillatte-brut-rose\\\/\",\"name\":\"Buy Nicolas Feuillatte - Grande R\u00e9serve Ros\u00e9 - IVINIO Wine Shop\",\"isPartOf\":{\"@id\":\"https:\\\/\\\/www.ivinio.com\\\/en\\\/#website\"},\"primaryImageOfPage\":{\"@id\":\"https:\\\/\\\/www.ivinio.com\\\/en\\\/product\\\/nicolas-feuillatte-brut-rose\\\/#primaryimage\"},\"image\":{\"@id\":\"https:\\\/\\\/www.ivinio.com\\\/en\\\/product\\\/nicolas-feuillatte-brut-rose\\\/#primaryimage\"},\"thumbnailUrl\":\"https:\\\/\\\/www.ivinio.com\\\/wp-content\\\/uploads\\\/2014\\\/05\\\/Nicolas-Feuillatte-Grande-Reserve-Brut-rose-IVINIO.jpg\",\"datePublished\":\"2014-05-21T10:20:31+00:00\",\"dateModified\":\"2022-12-31T15:03:53+00:00\",\"description\":\"Buy Nicolas Feuillatte - Grande R\u00e9serve Ros\u00e9. Well-balanced and fruity ros\u00e9 Champagne with aromas of blueberry, blackcurrant and raspberry.\",\"breadcrumb\":{\"@id\":\"https:\\\/\\\/www.ivinio.com\\\/en\\\/product\\\/nicolas-feuillatte-brut-rose\\\/#breadcrumb\"},\"inLanguage\":\"en-US\",\"potentialAction\":[{\"@type\":\"ReadAction\",\"target\":[\"https:\\\/\\\/www.ivinio.com\\\/en\\\/product\\\/nicolas-feuillatte-brut-rose\\\/\"]}]},{\"@type\":\"ImageObject\",\"inLanguage\":\"en-US\",\"@id\":\"https:\\\/\\\/www.ivinio.com\\\/en\\\/product\\\/nicolas-feuillatte-brut-rose\\\/#primaryimage\",\"url\":\"https:\\\/\\\/www.ivinio.com\\\/wp-content\\\/uploads\\\/2014\\\/05\\\/Nicolas-Feuillatte-Grande-Reserve-Brut-rose-IVINIO.jpg\",\"contentUrl\":\"https:\\\/\\\/www.ivinio.com\\\/wp-content\\\/uploads\\\/2014\\\/05\\\/Nicolas-Feuillatte-Grande-Reserve-Brut-rose-IVINIO.jpg\",\"width\":600,\"height\":600},{\"@type\":\"BreadcrumbList\",\"@id\":\"https:\\\/\\\/www.ivinio.com\\\/en\\\/product\\\/nicolas-feuillatte-brut-rose\\\/#breadcrumb\",\"itemListElement\":[{\"@type\":\"ListItem\",\"position\":1,\"name\":\"Home\",\"item\":\"https:\\\/\\\/www.ivinio.com\\\/en\\\/\"},{\"@type\":\"ListItem\",\"position\":2,\"name\":\"Wine-shop\",\"item\":\"https:\\\/\\\/www.ivinio.com\\\/en\\\/wine-shop\\\/\"},{\"@type\":\"ListItem\",\"position\":3,\"name\":\"Nicolas Feuillatte &#8211; Grande R\u00e9serve Ros\u00e9\"}]},{\"@type\":\"WebSite\",\"@id\":\"https:\\\/\\\/www.ivinio.com\\\/en\\\/#website\",\"url\":\"https:\\\/\\\/www.ivinio.com\\\/en\\\/\",\"name\":\"IVINIO Wine Shop\",\"description\":\"French and Italian wines with delivery to your door\",\"publisher\":{\"@id\":\"https:\\\/\\\/www.ivinio.com\\\/en\\\/#organization\"},\"potentialAction\":[{\"@type\":\"SearchAction\",\"target\":{\"@type\":\"EntryPoint\",\"urlTemplate\":\"https:\\\/\\\/www.ivinio.com\\\/en\\\/?s={search_term_string}\"},\"query-input\":{\"@type\":\"PropertyValueSpecification\",\"valueRequired\":true,\"valueName\":\"search_term_string\"}}],\"inLanguage\":\"en-US\"},{\"@type\":\"Organization\",\"@id\":\"https:\\\/\\\/www.ivinio.com\\\/en\\\/#organization\",\"name\":\"IVINIO\",\"url\":\"https:\\\/\\\/www.ivinio.com\\\/en\\\/\",\"logo\":{\"@type\":\"ImageObject\",\"inLanguage\":\"en-US\",\"@id\":\"https:\\\/\\\/www.ivinio.com\\\/en\\\/#\\\/schema\\\/logo\\\/image\\\/\",\"url\":\"https:\\\/\\\/www.ivinio.com\\\/wp-content\\\/uploads\\\/2021\\\/01\\\/Logo-Ivinio-v2.jpg\",\"contentUrl\":\"https:\\\/\\\/www.ivinio.com\\\/wp-content\\\/uploads\\\/2021\\\/01\\\/Logo-Ivinio-v2.jpg\",\"width\":1194,\"height\":1194,\"caption\":\"IVINIO\"},\"image\":{\"@id\":\"https:\\\/\\\/www.ivinio.com\\\/en\\\/#\\\/schema\\\/logo\\\/image\\\/\"},\"sameAs\":[\"https:\\\/\\\/www.facebook.com\\\/groups\\\/165217837022391\\\/?ref=bookmarks\",\"https:\\\/\\\/www.instagram.com\\\/_ivinio_\\\/?hl=fr\"]}]}<\/script>\n<!-- \/ Yoast SEO plugin. -->","yoast_head_json":{"title":"Buy Nicolas Feuillatte - Grande R\u00e9serve Ros\u00e9 - IVINIO Wine Shop","description":"Buy Nicolas Feuillatte - Grande R\u00e9serve Ros\u00e9. Well-balanced and fruity ros\u00e9 Champagne with aromas of blueberry, blackcurrant and raspberry.","robots":{"index":"index","follow":"follow","max-snippet":"max-snippet:-1","max-image-preview":"max-image-preview:large","max-video-preview":"max-video-preview:-1"},"canonical":"https:\/\/www.ivinio.com\/en\/product\/nicolas-feuillatte-brut-rose\/","og_locale":"en_US","og_type":"article","og_title":"Buy Nicolas Feuillatte - Grande R\u00e9serve Ros\u00e9 - IVINIO Wine Shop","og_description":"Buy Nicolas Feuillatte - Grande R\u00e9serve Ros\u00e9. Well-balanced and fruity ros\u00e9 Champagne with aromas of blueberry, blackcurrant and raspberry.","og_url":"https:\/\/www.ivinio.com\/en\/product\/nicolas-feuillatte-brut-rose\/","og_site_name":"IVINIO Wine Shop","article_publisher":"https:\/\/www.facebook.com\/groups\/165217837022391\/?ref=bookmarks","article_modified_time":"2022-12-31T15:03:53+00:00","og_image":[{"width":600,"height":600,"url":"https:\/\/www.ivinio.com\/wp-content\/uploads\/2014\/05\/Nicolas-Feuillatte-Grande-Reserve-Brut-rose-IVINIO.jpg","type":"image\/jpeg"}],"twitter_card":"summary_large_image","schema":{"@context":"https:\/\/schema.org","@graph":[{"@type":"WebPage","@id":"https:\/\/www.ivinio.com\/en\/product\/nicolas-feuillatte-brut-rose\/","url":"https:\/\/www.ivinio.com\/en\/product\/nicolas-feuillatte-brut-rose\/","name":"Buy Nicolas Feuillatte - Grande R\u00e9serve Ros\u00e9 - IVINIO Wine Shop","isPartOf":{"@id":"https:\/\/www.ivinio.com\/en\/#website"},"primaryImageOfPage":{"@id":"https:\/\/www.ivinio.com\/en\/product\/nicolas-feuillatte-brut-rose\/#primaryimage"},"image":{"@id":"https:\/\/www.ivinio.com\/en\/product\/nicolas-feuillatte-brut-rose\/#primaryimage"},"thumbnailUrl":"https:\/\/www.ivinio.com\/wp-content\/uploads\/2014\/05\/Nicolas-Feuillatte-Grande-Reserve-Brut-rose-IVINIO.jpg","datePublished":"2014-05-21T10:20:31+00:00","dateModified":"2022-12-31T15:03:53+00:00","description":"Buy Nicolas Feuillatte - Grande R\u00e9serve Ros\u00e9. Well-balanced and fruity ros\u00e9 Champagne with aromas of blueberry, blackcurrant and raspberry.","breadcrumb":{"@id":"https:\/\/www.ivinio.com\/en\/product\/nicolas-feuillatte-brut-rose\/#breadcrumb"},"inLanguage":"en-US","potentialAction":[{"@type":"ReadAction","target":["https:\/\/www.ivinio.com\/en\/product\/nicolas-feuillatte-brut-rose\/"]}]},{"@type":"ImageObject","inLanguage":"en-US","@id":"https:\/\/www.ivinio.com\/en\/product\/nicolas-feuillatte-brut-rose\/#primaryimage","url":"https:\/\/www.ivinio.com\/wp-content\/uploads\/2014\/05\/Nicolas-Feuillatte-Grande-Reserve-Brut-rose-IVINIO.jpg","contentUrl":"https:\/\/www.ivinio.com\/wp-content\/uploads\/2014\/05\/Nicolas-Feuillatte-Grande-Reserve-Brut-rose-IVINIO.jpg","width":600,"height":600},{"@type":"BreadcrumbList","@id":"https:\/\/www.ivinio.com\/en\/product\/nicolas-feuillatte-brut-rose\/#breadcrumb","itemListElement":[{"@type":"ListItem","position":1,"name":"Home","item":"https:\/\/www.ivinio.com\/en\/"},{"@type":"ListItem","position":2,"name":"Wine-shop","item":"https:\/\/www.ivinio.com\/en\/wine-shop\/"},{"@type":"ListItem","position":3,"name":"Nicolas Feuillatte &#8211; Grande R\u00e9serve Ros\u00e9"}]},{"@type":"WebSite","@id":"https:\/\/www.ivinio.com\/en\/#website","url":"https:\/\/www.ivinio.com\/en\/","name":"IVINIO Wine Shop","description":"French and Italian wines with delivery to your door","publisher":{"@id":"https:\/\/www.ivinio.com\/en\/#organization"},"potentialAction":[{"@type":"SearchAction","target":{"@type":"EntryPoint","urlTemplate":"https:\/\/www.ivinio.com\/en\/?s={search_term_string}"},"query-input":{"@type":"PropertyValueSpecification","valueRequired":true,"valueName":"search_term_string"}}],"inLanguage":"en-US"},{"@type":"Organization","@id":"https:\/\/www.ivinio.com\/en\/#organization","name":"IVINIO","url":"https:\/\/www.ivinio.com\/en\/","logo":{"@type":"ImageObject","inLanguage":"en-US","@id":"https:\/\/www.ivinio.com\/en\/#\/schema\/logo\/image\/","url":"https:\/\/www.ivinio.com\/wp-content\/uploads\/2021\/01\/Logo-Ivinio-v2.jpg","contentUrl":"https:\/\/www.ivinio.com\/wp-content\/uploads\/2021\/01\/Logo-Ivinio-v2.jpg","width":1194,"height":1194,"caption":"IVINIO"},"image":{"@id":"https:\/\/www.ivinio.com\/en\/#\/schema\/logo\/image\/"},"sameAs":["https:\/\/www.facebook.com\/groups\/165217837022391\/?ref=bookmarks","https:\/\/www.instagram.com\/_ivinio_\/?hl=fr"]}]}},"jetpack_sharing_enabled":true,"_links":{"self":[{"href":"https:\/\/www.ivinio.com\/en\/wp-json\/wp\/v2\/product\/117379","targetHints":{"allow":["GET"]}}],"collection":[{"href":"https:\/\/www.ivinio.com\/en\/wp-json\/wp\/v2\/product"}],"about":[{"href":"https:\/\/www.ivinio.com\/en\/wp-json\/wp\/v2\/types\/product"}],"replies":[{"embeddable":true,"href":"https:\/\/www.ivinio.com\/en\/wp-json\/wp\/v2\/comments?post=117379"}],"wp:featuredmedia":[{"embeddable":true,"href":"https:\/\/www.ivinio.com\/en\/wp-json\/wp\/v2\/media\/122782"}],"wp:attachment":[{"href":"https:\/\/www.ivinio.com\/en\/wp-json\/wp\/v2\/media?parent=117379"}],"wp:term":[{"taxonomy":"product_brand","embeddable":true,"href":"https:\/\/www.ivinio.com\/en\/wp-json\/wp\/v2\/product_brand?post=117379"},{"taxonomy":"product_cat","embeddable":true,"href":"https:\/\/www.ivinio.com\/en\/wp-json\/wp\/v2\/product_cat?post=117379"},{"taxonomy":"product_tag","embeddable":true,"href":"https:\/\/www.ivinio.com\/en\/wp-json\/wp\/v2\/product_tag?post=117379"}],"curies":[{"name":"wp","href":"https:\/\/api.w.org\/{rel}","templated":true}]}}