{"id":117309,"date":"2014-05-21T10:20:30","date_gmt":"2014-05-21T10:20:30","guid":{"rendered":"https:\/\/henrik.www.ivinio.com\/?product=domaine-durieu-cotes-du-rhone-2017-red"},"modified":"2024-03-06T17:25:33","modified_gmt":"2024-03-06T16:25:33","slug":"domaine-durieu-cotes-du-rhone-red","status":"publish","type":"product","link":"https:\/\/www.ivinio.com\/en\/product\/domaine-durieu-cotes-du-rhone-red\/","title":{"rendered":"Domaine Durieu &#8211; C\u00f4tes du Rh\u00f4ne &#8211; Pont de Pierres &#8211; Red"},"content":{"rendered":"<p>Domaine Durieu &#8211; C\u00f4tes du Rh\u00f4ne &#8211; Pont de Pierres &#8211; Red wine is a powerful yet soft wine with a slightly pronounced but pleasant sweetness. It is a typical wine from the&#8221; South &#8220;with a lot of personality that goes well with many different kinds of dishes. Unlike some other C\u00f4tes -du-Rh\u00f4ne wines, Durieu has\u00a0 used a relatively large proportion of Carignan grapes. The wine is made of 50% Carignan, 20% Grenache, 15% Syrah and 15% Cinsault. The grapes ferment for 20 days with daily stirring (remontage). The wine is then stored for 9 months in concrete tanks before being lightly filtered and bottled.<\/p>\n","protected":false},"excerpt":{"rendered":"<p>C\u00f4tes du Rh\u00f4ne from\u00a0Domaine\u00a0Durieu is a\u00a0powerful but also soft Cotes-du-Rh\u00f4newine of high quality. An affordable wine produced in upscale Chateauneuf-du-Pape.<\/p>\n","protected":false},"featured_media":134710,"comment_status":"open","ping_status":"closed","template":"","meta":{"_monsterinsights_skip_tracking":false,"_monsterinsights_sitenote_active":false,"_monsterinsights_sitenote_note":"","_monsterinsights_sitenote_category":0,"_uf_show_specific_survey":0,"_uf_disable_surveys":false},"product_brand":[],"product_cat":[36587,36620],"product_tag":[],"class_list":{"0":"post-117309","1":"product","2":"type-product","3":"status-publish","4":"has-post-thumbnail","6":"product_cat-french-wines","7":"product_cat-en-rhone-valley","8":"pa_alcohol-degree-14-5-en","9":"pa_classification-aop-cotes-du-rhone-en","10":"pa_color-red","11":"pa_country-france-en","12":"pa_grape-variety-carignan-en","13":"pa_grape-variety-cinsault-en","14":"pa_grape-variety-grenache-en","15":"pa_grape-variety-syrah","16":"pa_region-rhone-valley","17":"pa_storage-potential-10-years-en","18":"pa_vintage-2022-en","19":"pa_volume-75-cl-en","21":"first","22":"instock","23":"taxable","24":"shipping-taxable","25":"purchasable","26":"product-type-simple"},"bundled_by":["119480","117331"],"bundle_stock_status":"instock","bundle_stock_quantity":null,"bundle_virtual":false,"bundle_layout":"","bundle_add_to_cart_form_location":"","bundle_editable_in_cart":false,"bundle_sold_individually_context":"","bundle_item_grouping":"","bundle_min_size":"","bundle_max_size":"","bundle_price":[],"bundled_items":[],"bundle_sell_ids":[],"yoast_head":"<!-- This site is optimized with the Yoast SEO plugin v27.4 - https:\/\/yoast.com\/product\/yoast-seo-wordpress\/ -->\n<title>Buy Domaine Durieu - C\u00f4tes du Rh\u00f4ne - Pont de Pierres - Red wine - IVINIO Wine Shop<\/title>\n<meta name=\"description\" content=\"Buy Domaine Durieu - C\u00f4tes du Rh\u00f4ne - Pont de Pierres - Red wine. A powerful but refined wine. Produced in Ch\u00e2teauneuf-du-Pape. Good value for money wine.\" \/>\n<meta name=\"robots\" content=\"index, follow, max-snippet:-1, max-image-preview:large, max-video-preview:-1\" \/>\n<link rel=\"canonical\" href=\"https:\/\/www.ivinio.com\/en\/product\/domaine-durieu-cotes-du-rhone-red\/\" \/>\n<meta property=\"og:locale\" content=\"en_US\" \/>\n<meta property=\"og:type\" content=\"article\" \/>\n<meta property=\"og:title\" content=\"Buy Domaine Durieu - C\u00f4tes du Rh\u00f4ne - Pont de Pierres - Red wine - IVINIO Wine Shop\" \/>\n<meta property=\"og:description\" content=\"Buy Domaine Durieu - C\u00f4tes du Rh\u00f4ne - Pont de Pierres - Red wine. A powerful but refined wine. Produced in Ch\u00e2teauneuf-du-Pape. Good value for money wine.\" \/>\n<meta property=\"og:url\" content=\"https:\/\/www.ivinio.com\/en\/product\/domaine-durieu-cotes-du-rhone-red\/\" \/>\n<meta property=\"og:site_name\" content=\"IVINIO Wine Shop\" \/>\n<meta property=\"article:publisher\" content=\"https:\/\/www.facebook.com\/groups\/165217837022391\/?ref=bookmarks\" \/>\n<meta property=\"article:modified_time\" content=\"2024-03-06T16:25:33+00:00\" \/>\n<meta property=\"og:image\" content=\"https:\/\/www.ivinio.com\/wp-content\/uploads\/2014\/05\/Domaine-Durieu-Cotes-du-Rhone-Pont-de-Pierres-IVINIO.jpg\" \/>\n\t<meta property=\"og:image:width\" content=\"500\" \/>\n\t<meta property=\"og:image:height\" content=\"500\" \/>\n\t<meta property=\"og:image:type\" content=\"image\/jpeg\" \/>\n<meta name=\"twitter:card\" content=\"summary_large_image\" \/>\n<meta name=\"twitter:label1\" content=\"Est. reading time\" \/>\n\t<meta name=\"twitter:data1\" content=\"1 minute\" \/>\n<script type=\"application\/ld+json\" class=\"yoast-schema-graph\">{\"@context\":\"https:\\\/\\\/schema.org\",\"@graph\":[{\"@type\":\"WebPage\",\"@id\":\"https:\\\/\\\/www.ivinio.com\\\/en\\\/product\\\/domaine-durieu-cotes-du-rhone-red\\\/\",\"url\":\"https:\\\/\\\/www.ivinio.com\\\/en\\\/product\\\/domaine-durieu-cotes-du-rhone-red\\\/\",\"name\":\"Buy Domaine Durieu - C\u00f4tes du Rh\u00f4ne - Pont de Pierres - Red wine - IVINIO Wine Shop\",\"isPartOf\":{\"@id\":\"https:\\\/\\\/www.ivinio.com\\\/en\\\/#website\"},\"primaryImageOfPage\":{\"@id\":\"https:\\\/\\\/www.ivinio.com\\\/en\\\/product\\\/domaine-durieu-cotes-du-rhone-red\\\/#primaryimage\"},\"image\":{\"@id\":\"https:\\\/\\\/www.ivinio.com\\\/en\\\/product\\\/domaine-durieu-cotes-du-rhone-red\\\/#primaryimage\"},\"thumbnailUrl\":\"https:\\\/\\\/www.ivinio.com\\\/wp-content\\\/uploads\\\/2014\\\/05\\\/Domaine-Durieu-Cotes-du-Rhone-Pont-de-Pierres-IVINIO.jpg\",\"datePublished\":\"2014-05-21T10:20:30+00:00\",\"dateModified\":\"2024-03-06T16:25:33+00:00\",\"description\":\"Buy Domaine Durieu - C\u00f4tes du Rh\u00f4ne - Pont de Pierres - Red wine. A powerful but refined wine. Produced in Ch\u00e2teauneuf-du-Pape. Good value for money wine.\",\"breadcrumb\":{\"@id\":\"https:\\\/\\\/www.ivinio.com\\\/en\\\/product\\\/domaine-durieu-cotes-du-rhone-red\\\/#breadcrumb\"},\"inLanguage\":\"en-US\",\"potentialAction\":[{\"@type\":\"ReadAction\",\"target\":[\"https:\\\/\\\/www.ivinio.com\\\/en\\\/product\\\/domaine-durieu-cotes-du-rhone-red\\\/\"]}]},{\"@type\":\"ImageObject\",\"inLanguage\":\"en-US\",\"@id\":\"https:\\\/\\\/www.ivinio.com\\\/en\\\/product\\\/domaine-durieu-cotes-du-rhone-red\\\/#primaryimage\",\"url\":\"https:\\\/\\\/www.ivinio.com\\\/wp-content\\\/uploads\\\/2014\\\/05\\\/Domaine-Durieu-Cotes-du-Rhone-Pont-de-Pierres-IVINIO.jpg\",\"contentUrl\":\"https:\\\/\\\/www.ivinio.com\\\/wp-content\\\/uploads\\\/2014\\\/05\\\/Domaine-Durieu-Cotes-du-Rhone-Pont-de-Pierres-IVINIO.jpg\",\"width\":500,\"height\":500,\"caption\":\"Domaine Durieu - C\u00f4tes du Rh\u00f4ne - Pont de Pierres\"},{\"@type\":\"BreadcrumbList\",\"@id\":\"https:\\\/\\\/www.ivinio.com\\\/en\\\/product\\\/domaine-durieu-cotes-du-rhone-red\\\/#breadcrumb\",\"itemListElement\":[{\"@type\":\"ListItem\",\"position\":1,\"name\":\"Home\",\"item\":\"https:\\\/\\\/www.ivinio.com\\\/en\\\/\"},{\"@type\":\"ListItem\",\"position\":2,\"name\":\"Wine-shop\",\"item\":\"https:\\\/\\\/www.ivinio.com\\\/en\\\/wine-shop\\\/\"},{\"@type\":\"ListItem\",\"position\":3,\"name\":\"Domaine Durieu &#8211; C\u00f4tes du Rh\u00f4ne &#8211; Pont de Pierres &#8211; Red\"}]},{\"@type\":\"WebSite\",\"@id\":\"https:\\\/\\\/www.ivinio.com\\\/en\\\/#website\",\"url\":\"https:\\\/\\\/www.ivinio.com\\\/en\\\/\",\"name\":\"IVINIO Wine Shop\",\"description\":\"French and Italian wines with delivery to your door\",\"publisher\":{\"@id\":\"https:\\\/\\\/www.ivinio.com\\\/en\\\/#organization\"},\"potentialAction\":[{\"@type\":\"SearchAction\",\"target\":{\"@type\":\"EntryPoint\",\"urlTemplate\":\"https:\\\/\\\/www.ivinio.com\\\/en\\\/?s={search_term_string}\"},\"query-input\":{\"@type\":\"PropertyValueSpecification\",\"valueRequired\":true,\"valueName\":\"search_term_string\"}}],\"inLanguage\":\"en-US\"},{\"@type\":\"Organization\",\"@id\":\"https:\\\/\\\/www.ivinio.com\\\/en\\\/#organization\",\"name\":\"IVINIO\",\"url\":\"https:\\\/\\\/www.ivinio.com\\\/en\\\/\",\"logo\":{\"@type\":\"ImageObject\",\"inLanguage\":\"en-US\",\"@id\":\"https:\\\/\\\/www.ivinio.com\\\/en\\\/#\\\/schema\\\/logo\\\/image\\\/\",\"url\":\"https:\\\/\\\/www.ivinio.com\\\/wp-content\\\/uploads\\\/2021\\\/01\\\/Logo-Ivinio-v2.jpg\",\"contentUrl\":\"https:\\\/\\\/www.ivinio.com\\\/wp-content\\\/uploads\\\/2021\\\/01\\\/Logo-Ivinio-v2.jpg\",\"width\":1194,\"height\":1194,\"caption\":\"IVINIO\"},\"image\":{\"@id\":\"https:\\\/\\\/www.ivinio.com\\\/en\\\/#\\\/schema\\\/logo\\\/image\\\/\"},\"sameAs\":[\"https:\\\/\\\/www.facebook.com\\\/groups\\\/165217837022391\\\/?ref=bookmarks\",\"https:\\\/\\\/www.instagram.com\\\/_ivinio_\\\/?hl=fr\"]}]}<\/script>\n<!-- \/ Yoast SEO plugin. -->","yoast_head_json":{"title":"Buy Domaine Durieu - C\u00f4tes du Rh\u00f4ne - Pont de Pierres - Red wine - IVINIO Wine Shop","description":"Buy Domaine Durieu - C\u00f4tes du Rh\u00f4ne - Pont de Pierres - Red wine. A powerful but refined wine. Produced in Ch\u00e2teauneuf-du-Pape. Good value for money wine.","robots":{"index":"index","follow":"follow","max-snippet":"max-snippet:-1","max-image-preview":"max-image-preview:large","max-video-preview":"max-video-preview:-1"},"canonical":"https:\/\/www.ivinio.com\/en\/product\/domaine-durieu-cotes-du-rhone-red\/","og_locale":"en_US","og_type":"article","og_title":"Buy Domaine Durieu - C\u00f4tes du Rh\u00f4ne - Pont de Pierres - Red wine - IVINIO Wine Shop","og_description":"Buy Domaine Durieu - C\u00f4tes du Rh\u00f4ne - Pont de Pierres - Red wine. A powerful but refined wine. Produced in Ch\u00e2teauneuf-du-Pape. Good value for money wine.","og_url":"https:\/\/www.ivinio.com\/en\/product\/domaine-durieu-cotes-du-rhone-red\/","og_site_name":"IVINIO Wine Shop","article_publisher":"https:\/\/www.facebook.com\/groups\/165217837022391\/?ref=bookmarks","article_modified_time":"2024-03-06T16:25:33+00:00","og_image":[{"width":500,"height":500,"url":"https:\/\/www.ivinio.com\/wp-content\/uploads\/2014\/05\/Domaine-Durieu-Cotes-du-Rhone-Pont-de-Pierres-IVINIO.jpg","type":"image\/jpeg"}],"twitter_card":"summary_large_image","twitter_misc":{"Est. reading time":"1 minute"},"schema":{"@context":"https:\/\/schema.org","@graph":[{"@type":"WebPage","@id":"https:\/\/www.ivinio.com\/en\/product\/domaine-durieu-cotes-du-rhone-red\/","url":"https:\/\/www.ivinio.com\/en\/product\/domaine-durieu-cotes-du-rhone-red\/","name":"Buy Domaine Durieu - C\u00f4tes du Rh\u00f4ne - Pont de Pierres - Red wine - IVINIO Wine Shop","isPartOf":{"@id":"https:\/\/www.ivinio.com\/en\/#website"},"primaryImageOfPage":{"@id":"https:\/\/www.ivinio.com\/en\/product\/domaine-durieu-cotes-du-rhone-red\/#primaryimage"},"image":{"@id":"https:\/\/www.ivinio.com\/en\/product\/domaine-durieu-cotes-du-rhone-red\/#primaryimage"},"thumbnailUrl":"https:\/\/www.ivinio.com\/wp-content\/uploads\/2014\/05\/Domaine-Durieu-Cotes-du-Rhone-Pont-de-Pierres-IVINIO.jpg","datePublished":"2014-05-21T10:20:30+00:00","dateModified":"2024-03-06T16:25:33+00:00","description":"Buy Domaine Durieu - C\u00f4tes du Rh\u00f4ne - Pont de Pierres - Red wine. A powerful but refined wine. Produced in Ch\u00e2teauneuf-du-Pape. Good value for money wine.","breadcrumb":{"@id":"https:\/\/www.ivinio.com\/en\/product\/domaine-durieu-cotes-du-rhone-red\/#breadcrumb"},"inLanguage":"en-US","potentialAction":[{"@type":"ReadAction","target":["https:\/\/www.ivinio.com\/en\/product\/domaine-durieu-cotes-du-rhone-red\/"]}]},{"@type":"ImageObject","inLanguage":"en-US","@id":"https:\/\/www.ivinio.com\/en\/product\/domaine-durieu-cotes-du-rhone-red\/#primaryimage","url":"https:\/\/www.ivinio.com\/wp-content\/uploads\/2014\/05\/Domaine-Durieu-Cotes-du-Rhone-Pont-de-Pierres-IVINIO.jpg","contentUrl":"https:\/\/www.ivinio.com\/wp-content\/uploads\/2014\/05\/Domaine-Durieu-Cotes-du-Rhone-Pont-de-Pierres-IVINIO.jpg","width":500,"height":500,"caption":"Domaine Durieu - C\u00f4tes du Rh\u00f4ne - Pont de Pierres"},{"@type":"BreadcrumbList","@id":"https:\/\/www.ivinio.com\/en\/product\/domaine-durieu-cotes-du-rhone-red\/#breadcrumb","itemListElement":[{"@type":"ListItem","position":1,"name":"Home","item":"https:\/\/www.ivinio.com\/en\/"},{"@type":"ListItem","position":2,"name":"Wine-shop","item":"https:\/\/www.ivinio.com\/en\/wine-shop\/"},{"@type":"ListItem","position":3,"name":"Domaine Durieu &#8211; C\u00f4tes du Rh\u00f4ne &#8211; Pont de Pierres &#8211; Red"}]},{"@type":"WebSite","@id":"https:\/\/www.ivinio.com\/en\/#website","url":"https:\/\/www.ivinio.com\/en\/","name":"IVINIO Wine Shop","description":"French and Italian wines with delivery to your door","publisher":{"@id":"https:\/\/www.ivinio.com\/en\/#organization"},"potentialAction":[{"@type":"SearchAction","target":{"@type":"EntryPoint","urlTemplate":"https:\/\/www.ivinio.com\/en\/?s={search_term_string}"},"query-input":{"@type":"PropertyValueSpecification","valueRequired":true,"valueName":"search_term_string"}}],"inLanguage":"en-US"},{"@type":"Organization","@id":"https:\/\/www.ivinio.com\/en\/#organization","name":"IVINIO","url":"https:\/\/www.ivinio.com\/en\/","logo":{"@type":"ImageObject","inLanguage":"en-US","@id":"https:\/\/www.ivinio.com\/en\/#\/schema\/logo\/image\/","url":"https:\/\/www.ivinio.com\/wp-content\/uploads\/2021\/01\/Logo-Ivinio-v2.jpg","contentUrl":"https:\/\/www.ivinio.com\/wp-content\/uploads\/2021\/01\/Logo-Ivinio-v2.jpg","width":1194,"height":1194,"caption":"IVINIO"},"image":{"@id":"https:\/\/www.ivinio.com\/en\/#\/schema\/logo\/image\/"},"sameAs":["https:\/\/www.facebook.com\/groups\/165217837022391\/?ref=bookmarks","https:\/\/www.instagram.com\/_ivinio_\/?hl=fr"]}]}},"jetpack_sharing_enabled":true,"_links":{"self":[{"href":"https:\/\/www.ivinio.com\/en\/wp-json\/wp\/v2\/product\/117309","targetHints":{"allow":["GET"]}}],"collection":[{"href":"https:\/\/www.ivinio.com\/en\/wp-json\/wp\/v2\/product"}],"about":[{"href":"https:\/\/www.ivinio.com\/en\/wp-json\/wp\/v2\/types\/product"}],"replies":[{"embeddable":true,"href":"https:\/\/www.ivinio.com\/en\/wp-json\/wp\/v2\/comments?post=117309"}],"wp:featuredmedia":[{"embeddable":true,"href":"https:\/\/www.ivinio.com\/en\/wp-json\/wp\/v2\/media\/134710"}],"wp:attachment":[{"href":"https:\/\/www.ivinio.com\/en\/wp-json\/wp\/v2\/media?parent=117309"}],"wp:term":[{"taxonomy":"product_brand","embeddable":true,"href":"https:\/\/www.ivinio.com\/en\/wp-json\/wp\/v2\/product_brand?post=117309"},{"taxonomy":"product_cat","embeddable":true,"href":"https:\/\/www.ivinio.com\/en\/wp-json\/wp\/v2\/product_cat?post=117309"},{"taxonomy":"product_tag","embeddable":true,"href":"https:\/\/www.ivinio.com\/en\/wp-json\/wp\/v2\/product_tag?post=117309"}],"curies":[{"name":"wp","href":"https:\/\/api.w.org\/{rel}","templated":true}]}}