{"id":117227,"date":"2014-05-21T10:20:29","date_gmt":"2014-05-21T10:20:29","guid":{"rendered":"https:\/\/henrik.www.ivinio.com\/?product=domaine-rosier-mixed-discovery-case-3x2-bottles"},"modified":"2021-12-16T12:29:58","modified_gmt":"2021-12-16T11:29:58","slug":"domaine-rosier-mixed-discovery-case-3x2-bottles","status":"publish","type":"product","link":"https:\/\/www.ivinio.com\/en\/product\/domaine-rosier-mixed-discovery-case-3x2-bottles\/","title":{"rendered":"Domaine Rosier &#8211; Mixed discovery case 3&#215;2 bottles"},"content":{"rendered":"<p>Michel Rosier is originally from Champagne which is not a disadvantage when you produce sparkling wine. In a sense you could say that Michel made it back to its origin since the wines of Limoux are namely the world&#8217;s oldest sparkling wine and the legend says that it was here that Dom Perignon, at his time discovered the sparkling wine. He then brought the technology for the production up to Champagne. The rest of the story we know &#8230; Michel Rosiers wines are probably the highest quality wines of the appellation and they are\u00a0 regularly awarded in several wineguides. The agriculture is conducted without chemical pesticides.<\/p>\n","protected":false},"excerpt":{"rendered":"<p>For sparkling wine enthustiasts, this is a mixed discovery case from Domaine Rosier with 2 bottles of &#8220;Cuv\u00e9e Domaine du Rosier&#8221;, 2 bottles of &#8220;Cuv\u00e9e Ch\u00e2teau de Villelongue&#8221; and 2 bottles of &#8220;Cuv\u00e9e Ma Maison.&#8221;<\/p>\n","protected":false},"featured_media":117229,"comment_status":"open","ping_status":"closed","template":"","meta":{"_monsterinsights_skip_tracking":false,"_monsterinsights_sitenote_active":false,"_monsterinsights_sitenote_note":"","_monsterinsights_sitenote_category":0,"_uf_show_specific_survey":0,"_uf_disable_surveys":false},"product_brand":[],"product_cat":[36644],"product_tag":[],"class_list":{"0":"post-117227","1":"product","2":"type-product","3":"status-publish","4":"has-post-thumbnail","6":"product_cat-mixed-wine-cases","7":"pa_alcohol-degree-12-en","8":"pa_classification-aop-blanquette-de-limoux-en","9":"pa_classification-aop-cremant-de-limoux-en","10":"pa_color-sparkling-en","11":"pa_country-france-en","12":"pa_grape-variety-chenin","13":"pa_grape-variety-pinot-noir","14":"pa_package-1x1-en","15":"pa_package-1x6-en","16":"pa_region-languedoc-en","17":"pa_storage-potential-2-years-en","18":"pa_volume-75-cl-en","20":"first","21":"outofstock","22":"taxable","23":"shipping-taxable","24":"purchasable","25":"product-type-bundle"},"bundled_by":[],"bundle_stock_status":"outofstock","bundle_stock_quantity":0,"bundle_virtual":false,"bundle_layout":"grid","bundle_add_to_cart_form_location":"after_summary","bundle_editable_in_cart":false,"bundle_sold_individually_context":"product","bundle_item_grouping":"noindent","bundle_min_size":"","bundle_max_size":"","bundle_price":{"price":{"min":{"incl_tax":"52.4","excl_tax":"52.4166667"},"max":{"incl_tax":"52.4","excl_tax":"52.4166667"}},"regular_price":{"min":{"incl_tax":"52.4","excl_tax":"52.4166667"},"max":{"incl_tax":"52.4","excl_tax":"52.4166667"}}},"bundled_items":[{"bundled_item_id":8677,"product_id":117217,"menu_order":0,"quantity_min":1,"quantity_max":1,"quantity_default":1,"priced_individually":false,"shipped_individually":false,"override_title":false,"title":"Domaine Rosier &#8211; Cuv\u00e9e Chateau de Villelongue","override_description":false,"description":"Domaine Rosier &#8211; Cuv\u00e9e Chateau de Villelongue","optional":false,"hide_thumbnail":false,"discount":"","override_variations":true,"allowed_variations":[""],"override_default_variation_attributes":true,"default_variation_attributes":[],"single_product_visibility":"visible","cart_visibility":"hidden","order_visibility":"visible","single_product_price_visibility":"visible","cart_price_visibility":"visible","order_price_visibility":"visible","stock_status":"out_of_stock"},{"bundled_item_id":8678,"product_id":117211,"menu_order":1,"quantity_min":1,"quantity_max":1,"quantity_default":1,"priced_individually":false,"shipped_individually":false,"override_title":false,"title":"Domaine Rosier &#8211; Cuv\u00e9e Maison Rosier","override_description":false,"description":"Domaine Rosier &#8211; Cuv\u00e9e Maison Rosier","optional":false,"hide_thumbnail":false,"discount":"","override_variations":true,"allowed_variations":[""],"override_default_variation_attributes":true,"default_variation_attributes":[],"single_product_visibility":"visible","cart_visibility":"hidden","order_visibility":"visible","single_product_price_visibility":"visible","cart_price_visibility":"visible","order_price_visibility":"visible","stock_status":"out_of_stock"},{"bundled_item_id":8679,"product_id":117222,"menu_order":2,"quantity_min":1,"quantity_max":1,"quantity_default":1,"priced_individually":false,"shipped_individually":false,"override_title":false,"title":"Domaine Rosier &#8211; Cuv\u00e9e Ma maison","override_description":false,"description":"Domaine Rosier &#8211; Cuv\u00e9e Ma maison","optional":false,"hide_thumbnail":false,"discount":"","override_variations":true,"allowed_variations":[""],"override_default_variation_attributes":true,"default_variation_attributes":[],"single_product_visibility":"visible","cart_visibility":"hidden","order_visibility":"visible","single_product_price_visibility":"visible","cart_price_visibility":"visible","order_price_visibility":"visible","stock_status":"out_of_stock"}],"bundle_sell_ids":[],"yoast_head":"<!-- This site is optimized with the Yoast SEO plugin v27.4 - https:\/\/yoast.com\/product\/yoast-seo-wordpress\/ -->\n<title>Buy Domaine Rosier - Mixed sparkling wine case - IVINIO Wine Shop<\/title>\n<meta name=\"description\" content=\"Buy Domaine Rosier - Mixed sparkling wine case. For sparkling wine enthustiasts - 2 bottles of each variety from Limoux.\" \/>\n<meta name=\"robots\" content=\"index, follow, max-snippet:-1, max-image-preview:large, max-video-preview:-1\" \/>\n<link rel=\"canonical\" href=\"https:\/\/www.ivinio.com\/en\/product\/domaine-rosier-mixed-discovery-case-3x2-bottles\/\" \/>\n<meta property=\"og:locale\" content=\"en_US\" \/>\n<meta property=\"og:type\" content=\"article\" \/>\n<meta property=\"og:title\" content=\"Buy Domaine Rosier - Mixed sparkling wine case - IVINIO Wine Shop\" \/>\n<meta property=\"og:description\" content=\"Buy Domaine Rosier - Mixed sparkling wine case. For sparkling wine enthustiasts - 2 bottles of each variety from Limoux.\" \/>\n<meta property=\"og:url\" content=\"https:\/\/www.ivinio.com\/en\/product\/domaine-rosier-mixed-discovery-case-3x2-bottles\/\" \/>\n<meta property=\"og:site_name\" content=\"IVINIO Wine Shop\" \/>\n<meta property=\"article:publisher\" content=\"https:\/\/www.facebook.com\/groups\/165217837022391\/?ref=bookmarks\" \/>\n<meta property=\"article:modified_time\" content=\"2021-12-16T11:29:58+00:00\" \/>\n<meta property=\"og:image\" content=\"https:\/\/www.ivinio.com\/wp-content\/uploads\/nc\/public\/modules\/file\/pictures\/7149.Domaine-de-Rosier-mix-IVINIO.jpg\" \/>\n\t<meta property=\"og:image:width\" content=\"500\" \/>\n\t<meta property=\"og:image:height\" content=\"500\" \/>\n\t<meta property=\"og:image:type\" content=\"image\/jpeg\" \/>\n<meta name=\"twitter:card\" content=\"summary_large_image\" \/>\n<meta name=\"twitter:label1\" content=\"Est. reading time\" \/>\n\t<meta name=\"twitter:data1\" content=\"1 minute\" \/>\n<script type=\"application\/ld+json\" class=\"yoast-schema-graph\">{\"@context\":\"https:\\\/\\\/schema.org\",\"@graph\":[{\"@type\":\"WebPage\",\"@id\":\"https:\\\/\\\/www.ivinio.com\\\/en\\\/product\\\/domaine-rosier-mixed-discovery-case-3x2-bottles\\\/\",\"url\":\"https:\\\/\\\/www.ivinio.com\\\/en\\\/product\\\/domaine-rosier-mixed-discovery-case-3x2-bottles\\\/\",\"name\":\"Buy Domaine Rosier - Mixed sparkling wine case - IVINIO Wine Shop\",\"isPartOf\":{\"@id\":\"https:\\\/\\\/www.ivinio.com\\\/en\\\/#website\"},\"primaryImageOfPage\":{\"@id\":\"https:\\\/\\\/www.ivinio.com\\\/en\\\/product\\\/domaine-rosier-mixed-discovery-case-3x2-bottles\\\/#primaryimage\"},\"image\":{\"@id\":\"https:\\\/\\\/www.ivinio.com\\\/en\\\/product\\\/domaine-rosier-mixed-discovery-case-3x2-bottles\\\/#primaryimage\"},\"thumbnailUrl\":\"https:\\\/\\\/www.ivinio.com\\\/wp-content\\\/uploads\\\/nc\\\/public\\\/modules\\\/file\\\/pictures\\\/7149.Domaine-de-Rosier-mix-IVINIO.jpg\",\"datePublished\":\"2014-05-21T10:20:29+00:00\",\"dateModified\":\"2021-12-16T11:29:58+00:00\",\"description\":\"Buy Domaine Rosier - Mixed sparkling wine case. For sparkling wine enthustiasts - 2 bottles of each variety from Limoux.\",\"breadcrumb\":{\"@id\":\"https:\\\/\\\/www.ivinio.com\\\/en\\\/product\\\/domaine-rosier-mixed-discovery-case-3x2-bottles\\\/#breadcrumb\"},\"inLanguage\":\"en-US\",\"potentialAction\":[{\"@type\":\"ReadAction\",\"target\":[\"https:\\\/\\\/www.ivinio.com\\\/en\\\/product\\\/domaine-rosier-mixed-discovery-case-3x2-bottles\\\/\"]}]},{\"@type\":\"ImageObject\",\"inLanguage\":\"en-US\",\"@id\":\"https:\\\/\\\/www.ivinio.com\\\/en\\\/product\\\/domaine-rosier-mixed-discovery-case-3x2-bottles\\\/#primaryimage\",\"url\":\"https:\\\/\\\/www.ivinio.com\\\/wp-content\\\/uploads\\\/nc\\\/public\\\/modules\\\/file\\\/pictures\\\/7149.Domaine-de-Rosier-mix-IVINIO.jpg\",\"contentUrl\":\"https:\\\/\\\/www.ivinio.com\\\/wp-content\\\/uploads\\\/nc\\\/public\\\/modules\\\/file\\\/pictures\\\/7149.Domaine-de-Rosier-mix-IVINIO.jpg\",\"width\":500,\"height\":500,\"caption\":\"Domaine Rosier - Cr\u00e9mant\"},{\"@type\":\"BreadcrumbList\",\"@id\":\"https:\\\/\\\/www.ivinio.com\\\/en\\\/product\\\/domaine-rosier-mixed-discovery-case-3x2-bottles\\\/#breadcrumb\",\"itemListElement\":[{\"@type\":\"ListItem\",\"position\":1,\"name\":\"Home\",\"item\":\"https:\\\/\\\/www.ivinio.com\\\/en\\\/\"},{\"@type\":\"ListItem\",\"position\":2,\"name\":\"Wine-shop\",\"item\":\"https:\\\/\\\/www.ivinio.com\\\/en\\\/wine-shop\\\/\"},{\"@type\":\"ListItem\",\"position\":3,\"name\":\"Domaine Rosier &#8211; Mixed discovery case 3&#215;2 bottles\"}]},{\"@type\":\"WebSite\",\"@id\":\"https:\\\/\\\/www.ivinio.com\\\/en\\\/#website\",\"url\":\"https:\\\/\\\/www.ivinio.com\\\/en\\\/\",\"name\":\"IVINIO Wine Shop\",\"description\":\"French and Italian wines with delivery to your door\",\"publisher\":{\"@id\":\"https:\\\/\\\/www.ivinio.com\\\/en\\\/#organization\"},\"potentialAction\":[{\"@type\":\"SearchAction\",\"target\":{\"@type\":\"EntryPoint\",\"urlTemplate\":\"https:\\\/\\\/www.ivinio.com\\\/en\\\/?s={search_term_string}\"},\"query-input\":{\"@type\":\"PropertyValueSpecification\",\"valueRequired\":true,\"valueName\":\"search_term_string\"}}],\"inLanguage\":\"en-US\"},{\"@type\":\"Organization\",\"@id\":\"https:\\\/\\\/www.ivinio.com\\\/en\\\/#organization\",\"name\":\"IVINIO\",\"url\":\"https:\\\/\\\/www.ivinio.com\\\/en\\\/\",\"logo\":{\"@type\":\"ImageObject\",\"inLanguage\":\"en-US\",\"@id\":\"https:\\\/\\\/www.ivinio.com\\\/en\\\/#\\\/schema\\\/logo\\\/image\\\/\",\"url\":\"https:\\\/\\\/www.ivinio.com\\\/wp-content\\\/uploads\\\/2021\\\/01\\\/Logo-Ivinio-v2.jpg\",\"contentUrl\":\"https:\\\/\\\/www.ivinio.com\\\/wp-content\\\/uploads\\\/2021\\\/01\\\/Logo-Ivinio-v2.jpg\",\"width\":1194,\"height\":1194,\"caption\":\"IVINIO\"},\"image\":{\"@id\":\"https:\\\/\\\/www.ivinio.com\\\/en\\\/#\\\/schema\\\/logo\\\/image\\\/\"},\"sameAs\":[\"https:\\\/\\\/www.facebook.com\\\/groups\\\/165217837022391\\\/?ref=bookmarks\",\"https:\\\/\\\/www.instagram.com\\\/_ivinio_\\\/?hl=fr\"]}]}<\/script>\n<!-- \/ Yoast SEO plugin. -->","yoast_head_json":{"title":"Buy Domaine Rosier - Mixed sparkling wine case - IVINIO Wine Shop","description":"Buy Domaine Rosier - Mixed sparkling wine case. For sparkling wine enthustiasts - 2 bottles of each variety from Limoux.","robots":{"index":"index","follow":"follow","max-snippet":"max-snippet:-1","max-image-preview":"max-image-preview:large","max-video-preview":"max-video-preview:-1"},"canonical":"https:\/\/www.ivinio.com\/en\/product\/domaine-rosier-mixed-discovery-case-3x2-bottles\/","og_locale":"en_US","og_type":"article","og_title":"Buy Domaine Rosier - Mixed sparkling wine case - IVINIO Wine Shop","og_description":"Buy Domaine Rosier - Mixed sparkling wine case. For sparkling wine enthustiasts - 2 bottles of each variety from Limoux.","og_url":"https:\/\/www.ivinio.com\/en\/product\/domaine-rosier-mixed-discovery-case-3x2-bottles\/","og_site_name":"IVINIO Wine Shop","article_publisher":"https:\/\/www.facebook.com\/groups\/165217837022391\/?ref=bookmarks","article_modified_time":"2021-12-16T11:29:58+00:00","og_image":[{"width":500,"height":500,"url":"https:\/\/www.ivinio.com\/wp-content\/uploads\/nc\/public\/modules\/file\/pictures\/7149.Domaine-de-Rosier-mix-IVINIO.jpg","type":"image\/jpeg"}],"twitter_card":"summary_large_image","twitter_misc":{"Est. reading time":"1 minute"},"schema":{"@context":"https:\/\/schema.org","@graph":[{"@type":"WebPage","@id":"https:\/\/www.ivinio.com\/en\/product\/domaine-rosier-mixed-discovery-case-3x2-bottles\/","url":"https:\/\/www.ivinio.com\/en\/product\/domaine-rosier-mixed-discovery-case-3x2-bottles\/","name":"Buy Domaine Rosier - Mixed sparkling wine case - IVINIO Wine Shop","isPartOf":{"@id":"https:\/\/www.ivinio.com\/en\/#website"},"primaryImageOfPage":{"@id":"https:\/\/www.ivinio.com\/en\/product\/domaine-rosier-mixed-discovery-case-3x2-bottles\/#primaryimage"},"image":{"@id":"https:\/\/www.ivinio.com\/en\/product\/domaine-rosier-mixed-discovery-case-3x2-bottles\/#primaryimage"},"thumbnailUrl":"https:\/\/www.ivinio.com\/wp-content\/uploads\/nc\/public\/modules\/file\/pictures\/7149.Domaine-de-Rosier-mix-IVINIO.jpg","datePublished":"2014-05-21T10:20:29+00:00","dateModified":"2021-12-16T11:29:58+00:00","description":"Buy Domaine Rosier - Mixed sparkling wine case. For sparkling wine enthustiasts - 2 bottles of each variety from Limoux.","breadcrumb":{"@id":"https:\/\/www.ivinio.com\/en\/product\/domaine-rosier-mixed-discovery-case-3x2-bottles\/#breadcrumb"},"inLanguage":"en-US","potentialAction":[{"@type":"ReadAction","target":["https:\/\/www.ivinio.com\/en\/product\/domaine-rosier-mixed-discovery-case-3x2-bottles\/"]}]},{"@type":"ImageObject","inLanguage":"en-US","@id":"https:\/\/www.ivinio.com\/en\/product\/domaine-rosier-mixed-discovery-case-3x2-bottles\/#primaryimage","url":"https:\/\/www.ivinio.com\/wp-content\/uploads\/nc\/public\/modules\/file\/pictures\/7149.Domaine-de-Rosier-mix-IVINIO.jpg","contentUrl":"https:\/\/www.ivinio.com\/wp-content\/uploads\/nc\/public\/modules\/file\/pictures\/7149.Domaine-de-Rosier-mix-IVINIO.jpg","width":500,"height":500,"caption":"Domaine Rosier - Cr\u00e9mant"},{"@type":"BreadcrumbList","@id":"https:\/\/www.ivinio.com\/en\/product\/domaine-rosier-mixed-discovery-case-3x2-bottles\/#breadcrumb","itemListElement":[{"@type":"ListItem","position":1,"name":"Home","item":"https:\/\/www.ivinio.com\/en\/"},{"@type":"ListItem","position":2,"name":"Wine-shop","item":"https:\/\/www.ivinio.com\/en\/wine-shop\/"},{"@type":"ListItem","position":3,"name":"Domaine Rosier &#8211; Mixed discovery case 3&#215;2 bottles"}]},{"@type":"WebSite","@id":"https:\/\/www.ivinio.com\/en\/#website","url":"https:\/\/www.ivinio.com\/en\/","name":"IVINIO Wine Shop","description":"French and Italian wines with delivery to your door","publisher":{"@id":"https:\/\/www.ivinio.com\/en\/#organization"},"potentialAction":[{"@type":"SearchAction","target":{"@type":"EntryPoint","urlTemplate":"https:\/\/www.ivinio.com\/en\/?s={search_term_string}"},"query-input":{"@type":"PropertyValueSpecification","valueRequired":true,"valueName":"search_term_string"}}],"inLanguage":"en-US"},{"@type":"Organization","@id":"https:\/\/www.ivinio.com\/en\/#organization","name":"IVINIO","url":"https:\/\/www.ivinio.com\/en\/","logo":{"@type":"ImageObject","inLanguage":"en-US","@id":"https:\/\/www.ivinio.com\/en\/#\/schema\/logo\/image\/","url":"https:\/\/www.ivinio.com\/wp-content\/uploads\/2021\/01\/Logo-Ivinio-v2.jpg","contentUrl":"https:\/\/www.ivinio.com\/wp-content\/uploads\/2021\/01\/Logo-Ivinio-v2.jpg","width":1194,"height":1194,"caption":"IVINIO"},"image":{"@id":"https:\/\/www.ivinio.com\/en\/#\/schema\/logo\/image\/"},"sameAs":["https:\/\/www.facebook.com\/groups\/165217837022391\/?ref=bookmarks","https:\/\/www.instagram.com\/_ivinio_\/?hl=fr"]}]}},"jetpack_sharing_enabled":true,"_links":{"self":[{"href":"https:\/\/www.ivinio.com\/en\/wp-json\/wp\/v2\/product\/117227","targetHints":{"allow":["GET"]}}],"collection":[{"href":"https:\/\/www.ivinio.com\/en\/wp-json\/wp\/v2\/product"}],"about":[{"href":"https:\/\/www.ivinio.com\/en\/wp-json\/wp\/v2\/types\/product"}],"replies":[{"embeddable":true,"href":"https:\/\/www.ivinio.com\/en\/wp-json\/wp\/v2\/comments?post=117227"}],"wp:featuredmedia":[{"embeddable":true,"href":"https:\/\/www.ivinio.com\/en\/wp-json\/wp\/v2\/media\/117229"}],"wp:attachment":[{"href":"https:\/\/www.ivinio.com\/en\/wp-json\/wp\/v2\/media?parent=117227"}],"wp:term":[{"taxonomy":"product_brand","embeddable":true,"href":"https:\/\/www.ivinio.com\/en\/wp-json\/wp\/v2\/product_brand?post=117227"},{"taxonomy":"product_cat","embeddable":true,"href":"https:\/\/www.ivinio.com\/en\/wp-json\/wp\/v2\/product_cat?post=117227"},{"taxonomy":"product_tag","embeddable":true,"href":"https:\/\/www.ivinio.com\/en\/wp-json\/wp\/v2\/product_tag?post=117227"}],"curies":[{"name":"wp","href":"https:\/\/api.w.org\/{rel}","templated":true}]}}