{"id":68124,"date":"2014-05-30T17:07:54","date_gmt":"2014-05-30T15:07:54","guid":{"rendered":"https:\/\/henrik.www.ivinio.com\/?p=68124"},"modified":"2021-09-16T19:27:00","modified_gmt":"2021-09-16T17:27:00","slug":"en-languedoc","status":"publish","type":"page","link":"https:\/\/www.ivinio.com\/en\/en-languedoc\/","title":{"rendered":"Languedoc"},"content":{"rendered":"<div class=\"wpb-content-wrapper\"><p>[vc_row][vc_column][vc_column_text]<img decoding=\"async\" class=\"alignright wp-image-127451 lazyload\" data-src=\"https:\/\/www.ivinio.com\/wp-content\/uploads\/2021\/07\/languedoc.jpg\" alt=\"\" width=\"346\" height=\"161\" data-srcset=\"https:\/\/www.ivinio.com\/wp-content\/uploads\/2021\/07\/languedoc.jpg 329w, https:\/\/www.ivinio.com\/wp-content\/uploads\/2021\/07\/languedoc-300x140.jpg 300w\" data-sizes=\"(max-width: 346px) 100vw, 346px\" src=\"data:image\/gif;base64,R0lGODlhAQABAAAAACH5BAEKAAEALAAAAAABAAEAAAICTAEAOw==\" style=\"--smush-placeholder-width: 346px; --smush-placeholder-aspect-ratio: 346\/161;\" \/><\/p>\n<p>Languedoc is part of what is often called the Languedoc-Roussillon wine region. <strong>But it is only natural to dissociate them both<\/strong>as they represent different wine styles, grape varieties and terroir types in general.<\/p>\n<p>Languedoc spans 3 different French departments, namely L\u2019Aude, le Gard and l\u2019H\u00e9rault. In more &#8220;wine terms&#8221;, this means that the region stretches from Sommi\u00e8res (Languedoc-Sommi\u00e8res) in the east, located near the city of N\u00eemes, to the Fitou and Corbi\u00e8res appellations in the southwest, near the town of Fitou, where the Roussillon region takes over. <strong>Wine grew here as early as 600 BC.<\/strong> The conditions for winemaking are very favorable in Languedoc with the Mediterranean climate that covers larger parts of the region. But Languedoc also proposes very different types of landscape and terroir, so therefore there&#8217;s also very different types of wine.<\/p>\n<p>As usual, it was the Greeks who created the vineyard during antiquity and the Romans who developed it and the monks who improved it during the Middle Ages. <strong>The expansion of le Canal du Midi in the 17th century<\/strong>, linked the Mediterranean with the Atlantic and gave the wine trade from the Languedoc new opportunities and new markets.<\/p>\n<p>In 1863, the Languedoc was hit hard by the Phylloxera crisis. The vines had to be replaced with hybrid varieties and mass production of low quality wines was privileged. This was the situation until the 1980s, when quality thinking took over, despite the fact that the region still today produces <strong>1\/3 of French AOP and IGP wine.<\/strong><\/p>\n<p>Today, Languedoc comprises 246,000 hectares of cultivated land and 12.7 million hectoliters of wine are produced in Languedoc. 76% of the production is red wine, 14% ros\u00e9 and 10% white wine. A large number of grape varieties are used, but the most common are <strong>Grenache, Syrah, Carignan, Mourv\u00e8dre and Cinsault among the red grape varieties<\/strong> and <strong>Grenache blanc, Macabeu, Clairette, Picpoul, Vermentino, Bourbelenc, Muscat \u00e0 petit grains, Muscat d&#8217;Alexandrie, Mauzac, Chenin and Ugni blanc, Marsanne, Roussanne and Chardonnay among the white grape varieties.<\/strong><\/p>\n<p>Languedoc has undergone a major transformation in recent decades where new prestige appellations have been created such as <strong>Terasses de Larzac, La Clape, Pic-saint-Loup, Corbi\u00e8res-Boutenac\u2026<\/strong> The taste palette is very wide with mainly red wines covering the range of full-bodied, spicy and oaky wines to lighter fruity wines. As mentioned, the white wines are made from a large number of different grape varieties and give both aromatic dry wines as well as variant wines with their own style and personality. The dessert wines Muscat de Frontignan, Muscat-de-Mireval, Muscat-de-Saint-Jean-de-Minervois and Muscat de Lunel are not to be forgotten and represent their part of the Langedoc region&#8217;s invaluable wine production.[\/vc_column_text][\/vc_column][\/vc_row]<\/p>\n<\/div>","protected":false},"excerpt":{"rendered":"<p>[vc_row][vc_column][vc_column_text] Languedoc is part of what is often called the Languedoc-Roussillon wine region. But it is only natural to dissociate them bothas they represent different wine styles, grape varieties and terroir types in general. Languedoc spans 3 different French departments, namely L\u2019Aude, le Gard and l\u2019H\u00e9rault. In more &#8220;wine terms&#8221;, this means that the region [&hellip;]<\/p>\n","protected":false},"author":1746,"featured_media":0,"parent":0,"menu_order":0,"comment_status":"open","ping_status":"closed","template":"","meta":{"_monsterinsights_skip_tracking":false,"_monsterinsights_sitenote_active":false,"_monsterinsights_sitenote_note":"","_monsterinsights_sitenote_category":0,"_uf_show_specific_survey":0,"_uf_disable_surveys":false,"footnotes":""},"class_list":["post-68124","page","type-page","status-publish","hentry"],"yoast_head":"<!-- This site is optimized with the Yoast SEO plugin v27.5 - https:\/\/yoast.com\/product\/yoast-seo-wordpress\/ -->\n<title>Languedoc - IVINIO Wine Shop<\/title>\n<meta name=\"description\" content=\"Languedoc is part of what is often called the Languedoc-Roussillon wine region. But it is only natural to dissociate them both as they represent different wine styles, grape varieties and terroir types in general.\" \/>\n<meta name=\"robots\" content=\"index, follow, max-snippet:-1, max-image-preview:large, max-video-preview:-1\" \/>\n<link rel=\"canonical\" href=\"https:\/\/www.ivinio.com\/en\/en-languedoc\/\" \/>\n<meta property=\"og:locale\" content=\"en_US\" \/>\n<meta property=\"og:type\" content=\"article\" \/>\n<meta property=\"og:title\" content=\"Languedoc - IVINIO Wine Shop\" \/>\n<meta property=\"og:description\" content=\"Languedoc is part of what is often called the Languedoc-Roussillon wine region. But it is only natural to dissociate them both as they represent different wine styles, grape varieties and terroir types in general.\" \/>\n<meta property=\"og:url\" content=\"https:\/\/www.ivinio.com\/en\/en-languedoc\/\" \/>\n<meta property=\"og:site_name\" content=\"IVINIO Wine Shop\" \/>\n<meta property=\"article:publisher\" content=\"https:\/\/www.facebook.com\/groups\/165217837022391\/?ref=bookmarks\" \/>\n<meta property=\"article:modified_time\" content=\"2021-09-16T17:27:00+00:00\" \/>\n<meta property=\"og:image\" content=\"https:\/\/www.ivinio.com\/wp-content\/uploads\/2021\/07\/languedoc.jpg\" \/>\n<meta name=\"twitter:card\" content=\"summary_large_image\" \/>\n<meta name=\"twitter:label1\" content=\"Est. reading time\" \/>\n\t<meta name=\"twitter:data1\" content=\"2 minutes\" \/>\n<script type=\"application\/ld+json\" class=\"yoast-schema-graph\">{\"@context\":\"https:\\\/\\\/schema.org\",\"@graph\":[{\"@type\":\"WebPage\",\"@id\":\"https:\\\/\\\/www.ivinio.com\\\/en\\\/en-languedoc\\\/\",\"url\":\"https:\\\/\\\/www.ivinio.com\\\/en\\\/en-languedoc\\\/\",\"name\":\"Languedoc - IVINIO Wine Shop\",\"isPartOf\":{\"@id\":\"https:\\\/\\\/www.ivinio.com\\\/en\\\/#website\"},\"primaryImageOfPage\":{\"@id\":\"https:\\\/\\\/www.ivinio.com\\\/en\\\/en-languedoc\\\/#primaryimage\"},\"image\":{\"@id\":\"https:\\\/\\\/www.ivinio.com\\\/en\\\/en-languedoc\\\/#primaryimage\"},\"thumbnailUrl\":\"https:\\\/\\\/www.ivinio.com\\\/wp-content\\\/uploads\\\/2021\\\/07\\\/languedoc.jpg\",\"datePublished\":\"2014-05-30T15:07:54+00:00\",\"dateModified\":\"2021-09-16T17:27:00+00:00\",\"description\":\"Languedoc is part of what is often called the Languedoc-Roussillon wine region. But it is only natural to dissociate them both as they represent different wine styles, grape varieties and terroir types in general.\",\"breadcrumb\":{\"@id\":\"https:\\\/\\\/www.ivinio.com\\\/en\\\/en-languedoc\\\/#breadcrumb\"},\"inLanguage\":\"en-US\",\"potentialAction\":[{\"@type\":\"ReadAction\",\"target\":[\"https:\\\/\\\/www.ivinio.com\\\/en\\\/en-languedoc\\\/\"]}]},{\"@type\":\"ImageObject\",\"inLanguage\":\"en-US\",\"@id\":\"https:\\\/\\\/www.ivinio.com\\\/en\\\/en-languedoc\\\/#primaryimage\",\"url\":\"https:\\\/\\\/www.ivinio.com\\\/wp-content\\\/uploads\\\/2021\\\/07\\\/languedoc.jpg\",\"contentUrl\":\"https:\\\/\\\/www.ivinio.com\\\/wp-content\\\/uploads\\\/2021\\\/07\\\/languedoc.jpg\"},{\"@type\":\"BreadcrumbList\",\"@id\":\"https:\\\/\\\/www.ivinio.com\\\/en\\\/en-languedoc\\\/#breadcrumb\",\"itemListElement\":[{\"@type\":\"ListItem\",\"position\":1,\"name\":\"Home\",\"item\":\"https:\\\/\\\/www.ivinio.com\\\/en\\\/\"},{\"@type\":\"ListItem\",\"position\":2,\"name\":\"Languedoc\"}]},{\"@type\":\"WebSite\",\"@id\":\"https:\\\/\\\/www.ivinio.com\\\/en\\\/#website\",\"url\":\"https:\\\/\\\/www.ivinio.com\\\/en\\\/\",\"name\":\"IVINIO Wine Shop\",\"description\":\"French and Italian wines with delivery to your door\",\"publisher\":{\"@id\":\"https:\\\/\\\/www.ivinio.com\\\/en\\\/#organization\"},\"potentialAction\":[{\"@type\":\"SearchAction\",\"target\":{\"@type\":\"EntryPoint\",\"urlTemplate\":\"https:\\\/\\\/www.ivinio.com\\\/en\\\/?s={search_term_string}\"},\"query-input\":{\"@type\":\"PropertyValueSpecification\",\"valueRequired\":true,\"valueName\":\"search_term_string\"}}],\"inLanguage\":\"en-US\"},{\"@type\":\"Organization\",\"@id\":\"https:\\\/\\\/www.ivinio.com\\\/en\\\/#organization\",\"name\":\"IVINIO\",\"url\":\"https:\\\/\\\/www.ivinio.com\\\/en\\\/\",\"logo\":{\"@type\":\"ImageObject\",\"inLanguage\":\"en-US\",\"@id\":\"https:\\\/\\\/www.ivinio.com\\\/en\\\/#\\\/schema\\\/logo\\\/image\\\/\",\"url\":\"https:\\\/\\\/www.ivinio.com\\\/wp-content\\\/uploads\\\/2021\\\/01\\\/Logo-Ivinio-v2.jpg\",\"contentUrl\":\"https:\\\/\\\/www.ivinio.com\\\/wp-content\\\/uploads\\\/2021\\\/01\\\/Logo-Ivinio-v2.jpg\",\"width\":1194,\"height\":1194,\"caption\":\"IVINIO\"},\"image\":{\"@id\":\"https:\\\/\\\/www.ivinio.com\\\/en\\\/#\\\/schema\\\/logo\\\/image\\\/\"},\"sameAs\":[\"https:\\\/\\\/www.facebook.com\\\/groups\\\/165217837022391\\\/?ref=bookmarks\",\"https:\\\/\\\/www.instagram.com\\\/_ivinio_\\\/?hl=fr\"]}]}<\/script>\n<!-- \/ Yoast SEO plugin. -->","yoast_head_json":{"title":"Languedoc - IVINIO Wine Shop","description":"Languedoc is part of what is often called the Languedoc-Roussillon wine region. But it is only natural to dissociate them both as they represent different wine styles, grape varieties and terroir types in general.","robots":{"index":"index","follow":"follow","max-snippet":"max-snippet:-1","max-image-preview":"max-image-preview:large","max-video-preview":"max-video-preview:-1"},"canonical":"https:\/\/www.ivinio.com\/en\/en-languedoc\/","og_locale":"en_US","og_type":"article","og_title":"Languedoc - IVINIO Wine Shop","og_description":"Languedoc is part of what is often called the Languedoc-Roussillon wine region. But it is only natural to dissociate them both as they represent different wine styles, grape varieties and terroir types in general.","og_url":"https:\/\/www.ivinio.com\/en\/en-languedoc\/","og_site_name":"IVINIO Wine Shop","article_publisher":"https:\/\/www.facebook.com\/groups\/165217837022391\/?ref=bookmarks","article_modified_time":"2021-09-16T17:27:00+00:00","og_image":[{"url":"https:\/\/www.ivinio.com\/wp-content\/uploads\/2021\/07\/languedoc.jpg","type":"","width":"","height":""}],"twitter_card":"summary_large_image","twitter_misc":{"Est. reading time":"2 minutes"},"schema":{"@context":"https:\/\/schema.org","@graph":[{"@type":"WebPage","@id":"https:\/\/www.ivinio.com\/en\/en-languedoc\/","url":"https:\/\/www.ivinio.com\/en\/en-languedoc\/","name":"Languedoc - IVINIO Wine Shop","isPartOf":{"@id":"https:\/\/www.ivinio.com\/en\/#website"},"primaryImageOfPage":{"@id":"https:\/\/www.ivinio.com\/en\/en-languedoc\/#primaryimage"},"image":{"@id":"https:\/\/www.ivinio.com\/en\/en-languedoc\/#primaryimage"},"thumbnailUrl":"https:\/\/www.ivinio.com\/wp-content\/uploads\/2021\/07\/languedoc.jpg","datePublished":"2014-05-30T15:07:54+00:00","dateModified":"2021-09-16T17:27:00+00:00","description":"Languedoc is part of what is often called the Languedoc-Roussillon wine region. But it is only natural to dissociate them both as they represent different wine styles, grape varieties and terroir types in general.","breadcrumb":{"@id":"https:\/\/www.ivinio.com\/en\/en-languedoc\/#breadcrumb"},"inLanguage":"en-US","potentialAction":[{"@type":"ReadAction","target":["https:\/\/www.ivinio.com\/en\/en-languedoc\/"]}]},{"@type":"ImageObject","inLanguage":"en-US","@id":"https:\/\/www.ivinio.com\/en\/en-languedoc\/#primaryimage","url":"https:\/\/www.ivinio.com\/wp-content\/uploads\/2021\/07\/languedoc.jpg","contentUrl":"https:\/\/www.ivinio.com\/wp-content\/uploads\/2021\/07\/languedoc.jpg"},{"@type":"BreadcrumbList","@id":"https:\/\/www.ivinio.com\/en\/en-languedoc\/#breadcrumb","itemListElement":[{"@type":"ListItem","position":1,"name":"Home","item":"https:\/\/www.ivinio.com\/en\/"},{"@type":"ListItem","position":2,"name":"Languedoc"}]},{"@type":"WebSite","@id":"https:\/\/www.ivinio.com\/en\/#website","url":"https:\/\/www.ivinio.com\/en\/","name":"IVINIO Wine Shop","description":"French and Italian wines with delivery to your door","publisher":{"@id":"https:\/\/www.ivinio.com\/en\/#organization"},"potentialAction":[{"@type":"SearchAction","target":{"@type":"EntryPoint","urlTemplate":"https:\/\/www.ivinio.com\/en\/?s={search_term_string}"},"query-input":{"@type":"PropertyValueSpecification","valueRequired":true,"valueName":"search_term_string"}}],"inLanguage":"en-US"},{"@type":"Organization","@id":"https:\/\/www.ivinio.com\/en\/#organization","name":"IVINIO","url":"https:\/\/www.ivinio.com\/en\/","logo":{"@type":"ImageObject","inLanguage":"en-US","@id":"https:\/\/www.ivinio.com\/en\/#\/schema\/logo\/image\/","url":"https:\/\/www.ivinio.com\/wp-content\/uploads\/2021\/01\/Logo-Ivinio-v2.jpg","contentUrl":"https:\/\/www.ivinio.com\/wp-content\/uploads\/2021\/01\/Logo-Ivinio-v2.jpg","width":1194,"height":1194,"caption":"IVINIO"},"image":{"@id":"https:\/\/www.ivinio.com\/en\/#\/schema\/logo\/image\/"},"sameAs":["https:\/\/www.facebook.com\/groups\/165217837022391\/?ref=bookmarks","https:\/\/www.instagram.com\/_ivinio_\/?hl=fr"]}]}},"jetpack_shortlink":"https:\/\/wp.me\/PcK36q-hIM","jetpack_sharing_enabled":true,"_links":{"self":[{"href":"https:\/\/www.ivinio.com\/en\/wp-json\/wp\/v2\/pages\/68124","targetHints":{"allow":["GET"]}}],"collection":[{"href":"https:\/\/www.ivinio.com\/en\/wp-json\/wp\/v2\/pages"}],"about":[{"href":"https:\/\/www.ivinio.com\/en\/wp-json\/wp\/v2\/types\/page"}],"author":[{"embeddable":true,"href":"https:\/\/www.ivinio.com\/en\/wp-json\/wp\/v2\/users\/1746"}],"replies":[{"embeddable":true,"href":"https:\/\/www.ivinio.com\/en\/wp-json\/wp\/v2\/comments?post=68124"}],"version-history":[{"count":0,"href":"https:\/\/www.ivinio.com\/en\/wp-json\/wp\/v2\/pages\/68124\/revisions"}],"wp:attachment":[{"href":"https:\/\/www.ivinio.com\/en\/wp-json\/wp\/v2\/media?parent=68124"}],"curies":[{"name":"wp","href":"https:\/\/api.w.org\/{rel}","templated":true}]}}