{"id":68121,"date":"2014-05-30T17:05:11","date_gmt":"2014-05-30T15:05:11","guid":{"rendered":"https:\/\/henrik.www.ivinio.com\/?p=68121"},"modified":"2021-08-25T19:42:50","modified_gmt":"2021-08-25T17:42:50","slug":"en-rhone-valley","status":"publish","type":"page","link":"https:\/\/www.ivinio.com\/en\/en-rhone-valley\/","title":{"rendered":"Rh\u00f4ne valley"},"content":{"rendered":"<p>C\u00f4tes-du-Rh\u00f4ne and the Rh\u00f4ne Valley is the wine district which follows along the Rh\u00f4ne river. This is the second largest French wine region after Bordeaux. From Lyon direction south towards the Mediterranean, the solar radiation effects on grapes spring to mind when tasting these wines. Spice, power and alcohol strength tend to be characteristic for the C\u00f4tes-du-Rh\u00f4ne wines. Historically, the C\u00f4tes-du-Rh\u00f4ne had a relatively simple reputation. In recent decades, however, the rumor has evolved and today this region produces wines which according to many guides, not least in the United States, are considered the best wines in the world.<\/p>\n<p><img decoding=\"async\" class=\"size-full wp-image-127455 alignleft lazyload\" data-src=\"https:\/\/www.ivinio.com\/wp-content\/uploads\/2021\/07\/Cotes-du-rhone.jpg\" alt=\"\" width=\"258\" height=\"195\" src=\"data:image\/gif;base64,R0lGODlhAQABAAAAACH5BAEKAAEALAAAAAABAAEAAAICTAEAOw==\" style=\"--smush-placeholder-width: 258px; --smush-placeholder-aspect-ratio: 258\/195;\" \/>C\u00f4tes-du-Rh\u00f4ne wines should not be lumped together, the difference is great between the different appellations. To get a better idea, the C\u00f4tes-du-Rh\u00f4ne should be divided into three different geographical districts. First, the district north of Valence, where the climate is continental with a soil composed of granite and slate. The vineyards are conducted on steep hills that make it extremely difficult to harvest the grapes. This area produces wonderful red wines out of Syrah grapes. Marsanne and Roussanne and Viognier are used for the whites. In the middle of C\u00f4tes-du-Rh\u00f4ne, the climate is inspired by the mountain hills and the soil is calcareous. Clairette and Muscat are varieties used here. The south of Montelimar, is the sun&#8217;s kingdom and also the warmest part of the C\u00f4tes-du-Rh\u00f4ne. The soil here vary, but is generally calcareous. The most widely used grape variety is Grenache, but since the climate can be harsh and whimsical,both when comes to heat and cold, other grape varieties are also cultivated as a kind of &#8220;insurance&#8221;. If the Grenache grape one year would suffer from the climate, other grape varieties are used to produce well-balanced wines: Syrah, Mourd\u00e8vre, Cinsault, Clairette, Bourboulenc and Roussanne are all authorized varieties for wines from this part of the C\u00f4tes-du-Rh\u00f4ne. Chateau-neuf-du-Pape can contain up to 13 different grape varieties.<\/p>\n<h3>There are 2 regional C\u00f4tes-du-Rh\u00f4ne appellations:<\/h3>\n<ol>\n<li><strong>C\u00f4tes du Rh\u00f4ne<\/strong>: wines that are included in this appellation cover the entire wine district. At least 40% Grenache should be used and Grenache, Syrah and Mourd\u00e8vre should represent at least 70% of the final wine.<\/li>\n<li><strong>C\u00f4tes du Rh\u00f4ne Villages<\/strong>: some municipalities within the C\u00f4tes-du-Rh\u00f4ne region has achieved a status in order to differentiate themselves from other C\u00f4tes-du-Rh\u00f4ne wines, claiming their municipality&#8217;s name on the label. The rules that the winegrower must respect in order to reach this level, is somewhat higher than for a standard C\u00f4tes-du-Rh\u00f4ne, mainly regarding the grape\u2019s geographical origin, the harvest yields per square meter and the alcohol strength.<\/li>\n<\/ol>\n<p>18 villages have been given the opportunity to, besides C\u00f4tes-du-Rh\u00f4ne, also claim their names on the label. The best known are: Rasteau Cairanne, Valr\u00e9as and Visan. These villages are well worth remembering as they often produce superb wines. Beside these two regional appellations, there are also the communal appellations which are part of the C\u00f4tes du Rh\u00f4ne wine region. These communal appellations claim the municipal name on the label without mentioning C\u00f4tes-du-Rh\u00f4ne. These municipal appellations are divided into two categories depending on whether they are from the northern C\u00f4tes-du-Rh\u00f4ne or the south.<\/p>\n<p><img decoding=\"async\" data-src=\"https:\/\/www.ivinio.com\/wp-content\/uploads\/modules\/file\/pictures\/4810.hermitage_rhone.jpg\" src=\"data:image\/gif;base64,R0lGODlhAQABAAAAACH5BAEKAAEALAAAAAABAAEAAAICTAEAOw==\" class=\"lazyload\" style=\"--smush-placeholder-width: 512px; --smush-placeholder-aspect-ratio: 512\/341;\" \/><\/p>\n<p>These communal appellations are often called &#8220;crus&#8221; and considered by many international wine specialists to represent some of the world&#8217;s best wines:<\/p>\n<ol>\n<li><strong>The northern communal appellations (between Vienne and Valence)<\/strong>: C\u00f4tes-R\u00f4tie, Condrieu, Saint-Joseph, Crozes-Hermitage, Hermitage, Cornas, Saint-P\u00e9ray, Clairette-they-die, Cr\u00e9mant-de-die, Ch\u00e2tillon-en -diois.<\/li>\n<li><strong>The southern communal appellations (from Valence and down)<\/strong>: Vinsobres, Gigondas, Beaumes-de-Venise, Vacqueyras, Chateauneuf-du-Pape, Lirac, Picture, Costi\u00e8res-de-Nimes, Coteaux-de-Tricastin, Ventoux, the Luberon, pierrevert, C\u00f4tes-du-Vivarais.<\/li>\n<\/ol>\n","protected":false},"excerpt":{"rendered":"<p>C\u00f4tes-du-Rh\u00f4ne and the Rh\u00f4ne Valley is the wine district which follows along the Rh\u00f4ne river. This is the second largest French wine region after Bordeaux. From Lyon direction south towards the Mediterranean, the solar radiation effects on grapes spring to mind when tasting these wines. Spice, power and alcohol strength tend to be characteristic for [&hellip;]<\/p>\n","protected":false},"author":1746,"featured_media":0,"parent":0,"menu_order":0,"comment_status":"open","ping_status":"closed","template":"","meta":{"_monsterinsights_skip_tracking":false,"_monsterinsights_sitenote_active":false,"_monsterinsights_sitenote_note":"","_monsterinsights_sitenote_category":0,"_uf_show_specific_survey":0,"_uf_disable_surveys":false,"footnotes":""},"class_list":["post-68121","page","type-page","status-publish","hentry"],"yoast_head":"<!-- This site is optimized with the Yoast SEO plugin v27.5 - https:\/\/yoast.com\/product\/yoast-seo-wordpress\/ -->\n<title>Rh\u00f4ne valley - IVINIO Wine Shop<\/title>\n<meta name=\"description\" content=\"C\u00f4tes-du-Rh\u00f4ne and the Rh\u00f4ne Valley is the wine district which follows along the Rh\u00f4ne river. This is the second largest French wine region after Bordeaux.\" \/>\n<meta name=\"robots\" content=\"index, follow, max-snippet:-1, max-image-preview:large, max-video-preview:-1\" \/>\n<link rel=\"canonical\" href=\"https:\/\/www.ivinio.com\/en\/en-rhone-valley\/\" \/>\n<meta property=\"og:locale\" content=\"en_US\" \/>\n<meta property=\"og:type\" content=\"article\" \/>\n<meta property=\"og:title\" content=\"Rh\u00f4ne valley - IVINIO Wine Shop\" \/>\n<meta property=\"og:description\" content=\"C\u00f4tes-du-Rh\u00f4ne and the Rh\u00f4ne Valley is the wine district which follows along the Rh\u00f4ne river. This is the second largest French wine region after Bordeaux.\" \/>\n<meta property=\"og:url\" content=\"https:\/\/www.ivinio.com\/en\/en-rhone-valley\/\" \/>\n<meta property=\"og:site_name\" content=\"IVINIO Wine Shop\" \/>\n<meta property=\"article:publisher\" content=\"https:\/\/www.facebook.com\/groups\/165217837022391\/?ref=bookmarks\" \/>\n<meta property=\"article:modified_time\" content=\"2021-08-25T17:42:50+00:00\" \/>\n<meta property=\"og:image\" content=\"https:\/\/www.ivinio.com\/wp-content\/uploads\/2021\/07\/Cotes-du-rhone.jpg\" \/>\n<meta name=\"twitter:card\" content=\"summary_large_image\" \/>\n<meta name=\"twitter:label1\" content=\"Est. reading time\" \/>\n\t<meta name=\"twitter:data1\" content=\"3 minutes\" \/>\n<script type=\"application\/ld+json\" class=\"yoast-schema-graph\">{\"@context\":\"https:\\\/\\\/schema.org\",\"@graph\":[{\"@type\":\"WebPage\",\"@id\":\"https:\\\/\\\/www.ivinio.com\\\/en\\\/en-rhone-valley\\\/\",\"url\":\"https:\\\/\\\/www.ivinio.com\\\/en\\\/en-rhone-valley\\\/\",\"name\":\"Rh\u00f4ne valley - IVINIO Wine Shop\",\"isPartOf\":{\"@id\":\"https:\\\/\\\/www.ivinio.com\\\/en\\\/#website\"},\"primaryImageOfPage\":{\"@id\":\"https:\\\/\\\/www.ivinio.com\\\/en\\\/en-rhone-valley\\\/#primaryimage\"},\"image\":{\"@id\":\"https:\\\/\\\/www.ivinio.com\\\/en\\\/en-rhone-valley\\\/#primaryimage\"},\"thumbnailUrl\":\"https:\\\/\\\/www.ivinio.com\\\/wp-content\\\/uploads\\\/2021\\\/07\\\/Cotes-du-rhone.jpg\",\"datePublished\":\"2014-05-30T15:05:11+00:00\",\"dateModified\":\"2021-08-25T17:42:50+00:00\",\"description\":\"C\u00f4tes-du-Rh\u00f4ne and the Rh\u00f4ne Valley is the wine district which follows along the Rh\u00f4ne river. This is the second largest French wine region after Bordeaux.\",\"breadcrumb\":{\"@id\":\"https:\\\/\\\/www.ivinio.com\\\/en\\\/en-rhone-valley\\\/#breadcrumb\"},\"inLanguage\":\"en-US\",\"potentialAction\":[{\"@type\":\"ReadAction\",\"target\":[\"https:\\\/\\\/www.ivinio.com\\\/en\\\/en-rhone-valley\\\/\"]}]},{\"@type\":\"ImageObject\",\"inLanguage\":\"en-US\",\"@id\":\"https:\\\/\\\/www.ivinio.com\\\/en\\\/en-rhone-valley\\\/#primaryimage\",\"url\":\"https:\\\/\\\/www.ivinio.com\\\/wp-content\\\/uploads\\\/2021\\\/07\\\/Cotes-du-rhone.jpg\",\"contentUrl\":\"https:\\\/\\\/www.ivinio.com\\\/wp-content\\\/uploads\\\/2021\\\/07\\\/Cotes-du-rhone.jpg\"},{\"@type\":\"BreadcrumbList\",\"@id\":\"https:\\\/\\\/www.ivinio.com\\\/en\\\/en-rhone-valley\\\/#breadcrumb\",\"itemListElement\":[{\"@type\":\"ListItem\",\"position\":1,\"name\":\"Home\",\"item\":\"https:\\\/\\\/www.ivinio.com\\\/en\\\/\"},{\"@type\":\"ListItem\",\"position\":2,\"name\":\"Rh\u00f4ne valley\"}]},{\"@type\":\"WebSite\",\"@id\":\"https:\\\/\\\/www.ivinio.com\\\/en\\\/#website\",\"url\":\"https:\\\/\\\/www.ivinio.com\\\/en\\\/\",\"name\":\"IVINIO Wine Shop\",\"description\":\"French and Italian wines with delivery to your door\",\"publisher\":{\"@id\":\"https:\\\/\\\/www.ivinio.com\\\/en\\\/#organization\"},\"potentialAction\":[{\"@type\":\"SearchAction\",\"target\":{\"@type\":\"EntryPoint\",\"urlTemplate\":\"https:\\\/\\\/www.ivinio.com\\\/en\\\/?s={search_term_string}\"},\"query-input\":{\"@type\":\"PropertyValueSpecification\",\"valueRequired\":true,\"valueName\":\"search_term_string\"}}],\"inLanguage\":\"en-US\"},{\"@type\":\"Organization\",\"@id\":\"https:\\\/\\\/www.ivinio.com\\\/en\\\/#organization\",\"name\":\"IVINIO\",\"url\":\"https:\\\/\\\/www.ivinio.com\\\/en\\\/\",\"logo\":{\"@type\":\"ImageObject\",\"inLanguage\":\"en-US\",\"@id\":\"https:\\\/\\\/www.ivinio.com\\\/en\\\/#\\\/schema\\\/logo\\\/image\\\/\",\"url\":\"https:\\\/\\\/www.ivinio.com\\\/wp-content\\\/uploads\\\/2021\\\/01\\\/Logo-Ivinio-v2.jpg\",\"contentUrl\":\"https:\\\/\\\/www.ivinio.com\\\/wp-content\\\/uploads\\\/2021\\\/01\\\/Logo-Ivinio-v2.jpg\",\"width\":1194,\"height\":1194,\"caption\":\"IVINIO\"},\"image\":{\"@id\":\"https:\\\/\\\/www.ivinio.com\\\/en\\\/#\\\/schema\\\/logo\\\/image\\\/\"},\"sameAs\":[\"https:\\\/\\\/www.facebook.com\\\/groups\\\/165217837022391\\\/?ref=bookmarks\",\"https:\\\/\\\/www.instagram.com\\\/_ivinio_\\\/?hl=fr\"]}]}<\/script>\n<!-- \/ Yoast SEO plugin. -->","yoast_head_json":{"title":"Rh\u00f4ne valley - IVINIO Wine Shop","description":"C\u00f4tes-du-Rh\u00f4ne and the Rh\u00f4ne Valley is the wine district which follows along the Rh\u00f4ne river. This is the second largest French wine region after Bordeaux.","robots":{"index":"index","follow":"follow","max-snippet":"max-snippet:-1","max-image-preview":"max-image-preview:large","max-video-preview":"max-video-preview:-1"},"canonical":"https:\/\/www.ivinio.com\/en\/en-rhone-valley\/","og_locale":"en_US","og_type":"article","og_title":"Rh\u00f4ne valley - IVINIO Wine Shop","og_description":"C\u00f4tes-du-Rh\u00f4ne and the Rh\u00f4ne Valley is the wine district which follows along the Rh\u00f4ne river. This is the second largest French wine region after Bordeaux.","og_url":"https:\/\/www.ivinio.com\/en\/en-rhone-valley\/","og_site_name":"IVINIO Wine Shop","article_publisher":"https:\/\/www.facebook.com\/groups\/165217837022391\/?ref=bookmarks","article_modified_time":"2021-08-25T17:42:50+00:00","og_image":[{"url":"https:\/\/www.ivinio.com\/wp-content\/uploads\/2021\/07\/Cotes-du-rhone.jpg","type":"","width":"","height":""}],"twitter_card":"summary_large_image","twitter_misc":{"Est. reading time":"3 minutes"},"schema":{"@context":"https:\/\/schema.org","@graph":[{"@type":"WebPage","@id":"https:\/\/www.ivinio.com\/en\/en-rhone-valley\/","url":"https:\/\/www.ivinio.com\/en\/en-rhone-valley\/","name":"Rh\u00f4ne valley - IVINIO Wine Shop","isPartOf":{"@id":"https:\/\/www.ivinio.com\/en\/#website"},"primaryImageOfPage":{"@id":"https:\/\/www.ivinio.com\/en\/en-rhone-valley\/#primaryimage"},"image":{"@id":"https:\/\/www.ivinio.com\/en\/en-rhone-valley\/#primaryimage"},"thumbnailUrl":"https:\/\/www.ivinio.com\/wp-content\/uploads\/2021\/07\/Cotes-du-rhone.jpg","datePublished":"2014-05-30T15:05:11+00:00","dateModified":"2021-08-25T17:42:50+00:00","description":"C\u00f4tes-du-Rh\u00f4ne and the Rh\u00f4ne Valley is the wine district which follows along the Rh\u00f4ne river. This is the second largest French wine region after Bordeaux.","breadcrumb":{"@id":"https:\/\/www.ivinio.com\/en\/en-rhone-valley\/#breadcrumb"},"inLanguage":"en-US","potentialAction":[{"@type":"ReadAction","target":["https:\/\/www.ivinio.com\/en\/en-rhone-valley\/"]}]},{"@type":"ImageObject","inLanguage":"en-US","@id":"https:\/\/www.ivinio.com\/en\/en-rhone-valley\/#primaryimage","url":"https:\/\/www.ivinio.com\/wp-content\/uploads\/2021\/07\/Cotes-du-rhone.jpg","contentUrl":"https:\/\/www.ivinio.com\/wp-content\/uploads\/2021\/07\/Cotes-du-rhone.jpg"},{"@type":"BreadcrumbList","@id":"https:\/\/www.ivinio.com\/en\/en-rhone-valley\/#breadcrumb","itemListElement":[{"@type":"ListItem","position":1,"name":"Home","item":"https:\/\/www.ivinio.com\/en\/"},{"@type":"ListItem","position":2,"name":"Rh\u00f4ne valley"}]},{"@type":"WebSite","@id":"https:\/\/www.ivinio.com\/en\/#website","url":"https:\/\/www.ivinio.com\/en\/","name":"IVINIO Wine Shop","description":"French and Italian wines with delivery to your door","publisher":{"@id":"https:\/\/www.ivinio.com\/en\/#organization"},"potentialAction":[{"@type":"SearchAction","target":{"@type":"EntryPoint","urlTemplate":"https:\/\/www.ivinio.com\/en\/?s={search_term_string}"},"query-input":{"@type":"PropertyValueSpecification","valueRequired":true,"valueName":"search_term_string"}}],"inLanguage":"en-US"},{"@type":"Organization","@id":"https:\/\/www.ivinio.com\/en\/#organization","name":"IVINIO","url":"https:\/\/www.ivinio.com\/en\/","logo":{"@type":"ImageObject","inLanguage":"en-US","@id":"https:\/\/www.ivinio.com\/en\/#\/schema\/logo\/image\/","url":"https:\/\/www.ivinio.com\/wp-content\/uploads\/2021\/01\/Logo-Ivinio-v2.jpg","contentUrl":"https:\/\/www.ivinio.com\/wp-content\/uploads\/2021\/01\/Logo-Ivinio-v2.jpg","width":1194,"height":1194,"caption":"IVINIO"},"image":{"@id":"https:\/\/www.ivinio.com\/en\/#\/schema\/logo\/image\/"},"sameAs":["https:\/\/www.facebook.com\/groups\/165217837022391\/?ref=bookmarks","https:\/\/www.instagram.com\/_ivinio_\/?hl=fr"]}]}},"jetpack_shortlink":"https:\/\/wp.me\/PcK36q-hIJ","jetpack_sharing_enabled":true,"_links":{"self":[{"href":"https:\/\/www.ivinio.com\/en\/wp-json\/wp\/v2\/pages\/68121","targetHints":{"allow":["GET"]}}],"collection":[{"href":"https:\/\/www.ivinio.com\/en\/wp-json\/wp\/v2\/pages"}],"about":[{"href":"https:\/\/www.ivinio.com\/en\/wp-json\/wp\/v2\/types\/page"}],"author":[{"embeddable":true,"href":"https:\/\/www.ivinio.com\/en\/wp-json\/wp\/v2\/users\/1746"}],"replies":[{"embeddable":true,"href":"https:\/\/www.ivinio.com\/en\/wp-json\/wp\/v2\/comments?post=68121"}],"version-history":[{"count":0,"href":"https:\/\/www.ivinio.com\/en\/wp-json\/wp\/v2\/pages\/68121\/revisions"}],"wp:attachment":[{"href":"https:\/\/www.ivinio.com\/en\/wp-json\/wp\/v2\/media?parent=68121"}],"curies":[{"name":"wp","href":"https:\/\/api.w.org\/{rel}","templated":true}]}}